{"id":999,"date":"2023-07-09T01:41:02","date_gmt":"2023-07-09T01:41:02","guid":{"rendered":"https:\/\/www.optimiseconsulting.eu\/index.php\/korchan-password\/"},"modified":"2023-07-09T01:41:02","modified_gmt":"2023-07-09T01:41:02","slug":"korchan-password","status":"publish","type":"page","link":"https:\/\/www.optimiseconsulting.eu\/index.php\/korchan-password\/","title":{"rendered":"Korchan password"},"content":{"rendered":"<p><!doctype html> \u0440\u0443\u0441\u0441\u043a\u043e\u0435 \u0434\u043e\u043c\u0430\u0448\u043d\u0435\u0435 \u0434\u043f KakiqAwihe963 <a href=\"https:\/\/pixhost.to\/show\/91\/365548154_page1.jpg\"><img decoding=\"async\" src=\"https:\/\/t88.pixhost.to\/thumbs\/91\/365548154_page1.jpg\" alt=\"\u043f\u0435\u0440\u0432\u044b\u0439 \u0442\u0440\u0430\u0445 \u043c\u0430\u043b\u043e\u043b\u0435\u0442\u043e\u043a\" class=\"\"\/><\/a> <a href=\"https:\/\/pixhost.to\/show\/91\/365548165_page2.jpg\"><img decoding=\"async\" src=\"https:\/\/t88.pixhost.to\/thumbs\/91\/365548165_page2.jpg\" alt=\"\u0440\u0443\u0441\u0441\u043a\u043e\u0435 \u043b\u043e\u043b\u0438\u0442\u0430 \u0444\u0438\u043b\u044c\u043c\" class=\"\"\/><\/a> <\/p>\n<h1>Saignent de la pornographie apr\u00e8s avoir perdu leur virginit\u00e9. webcam adolescente Contenido de violaci\u00f3n yo8 yo9 yo10 yo12. forum webcam adolescent AMATEUR GIRL PHOTO ADULTE ART MODELING STUDIO. foro webcam adolescente SEXO VIDEO COMPARTIR ENLACES PRIVADO. \u0420\u0443\u0441\u0441\u043a\u043e\u0435 \u043f\u043e\u0440\u043d\u043e \u043c\u0430\u043c\u044b \u0438 \u043f\u0430\u043f\u044b, 16 teen ru page rustle. forum webcam MAGNET LINKS CP HEBE OMEGLE VIDS forum. k\u00fclotlu bir k\u0131z\u0131n pisliklerinin kaliteli foto\u011fraf\u0131. . VIDEOS Female Masturbation Hidden Cam Beautiful Teenagers JAPAN VIRGIN DOLLS \u0440\u0443\u0441\u0441\u043a\u043e\u0435 \u043f\u043e\u0440\u043d\u043e \u0441 \u043f\u0435\u0440\u0438\u0441\u043a\u043e\u043f\u0430k, \u0446\u043f \u0434\u043f \u0442\u0435\u043b\u0435\u0433\u0440\u0430\u043c\u043ckk DepaEzi98.<\/h1>\n<p>Monat wurde das Video \u201eKleiner Junge\u201c abgerissen, nachdem der Kleine Junge abgeschnitten hatte. webcam vid\u00e9os pour adolescents SEX CHAT ROULETTE avec. webcam teen videos PRIVATS FORBIDDEN VIDEO STUDIO avec. forum webcam teen videos YOUNG TEEN SEX VIDEOS RUSSIAN TEENS. Forum Webcam-Teen-Porno FAMILIE SEX KOSTENLOS PTHC GIRL MP4. forum webcam adolescent ENFANTS CULPABILIT\u00c9 PEDOS VIDEO forum webcam adolescent ENFANTS TOILETTE. forum webcam teen I2P MAGNET LINKS INCEST TELEGRAM I2P. forum webcam vid\u00e9os pour adolescents BABY HEART CHAT ROOMS DARK WEB SITES. forum webcam BABY HEART CHAT CHAMBRES DARK WEB SITES. forum webcam vid\u00e9os teen AMATEUR GIRL PHOTO ADULT ART MODELING STUDIO. foro webcam porno adolescente JAILBAIT VIDEOS Foro JB. Forum Webcam Teen Porno AMATEUR M\u00c4DCHEN FOTO ERWACHSENE ART MODELING STUDIO. 2.4TB NUEVOS VIDEOS Y FOTOS LINKS, cp onionk FULL COLLECTION ARCHIVOS ARCHIVEN, \u043f\u043e\u0440\u043d\u043e \u043c\u0430\u043b\u043e\u043b\u0435\u0442\u043a\u0438 \u0430\u043d\u0430\u043b \u0444\u043e\u0442\u043ekk get hold of a record<\/><\/p>\n<p>foro webcam adolescente TORRENT DESCARGAR JAILBAIT foro webcam adolescente TORRENT DESCARGAR ADOLESCENTES SEXO foro. sur webcam teen videos TEENS SEX TORRENTS YOUNG TEENAGE. foto webcam teen videos WEB CAMS SEX PERSONALS VIDEO. \u0444\u043e\u0440\u0443\u043c webcam teen VIDEOS WEBCAM ANAL ANIMAL ABUS ADULT. forum webcam teen videos MOVING TORRENT 409GB CHILD NUDE. \u0444\u043e\u0440\u0443\u043c web kameras\u0131 \u00e7ocuk pornosu EYAN 945 WANZ WANZ. forum webcam teen videos BABY HEART CHAT ROOMS DARK WEB SITES. \u0444\u043e\u0440\u0443\u043c v\u00eddeos de webcam para adolescentes PUSSY YOUNG BIG TITS YOUNG BLOWJOB. foro webcam adolescente FAMILIA SEXO GRATIS PTHC CHICA MP4. \u0446\u043f \u0434\u043f \u0432 \u043b\u0441kk childlover daddy s little girl jm onion<\/><\/p>\n<h2>2.4TB PRIVATE VIDEO LINK FOR TORRENT CLIENT<\/h2>\n<p> magnet:?xt=urn:btih:38D66BF77DBF45A173FF6009C3ED0895C403AFDA <\/p>\n<h3>WEBSITE: OPEN IN AN ANONYMOUS BROWSER (the link does not work in other browsers!) <a href=\"https:\/\/www.torproject.org\/download\/\">TOR BROWSER<\/a><\/h3>\n<p> <a href=\"http:\/\/dvhdl7akyhos236m76re43nbggcvu5bkxcmfomxsa32ugz6gg2vzdfid.onion\">Www. dvhdl7akyhos236m76re43nbggcvu5bkxcmfomxsa32ugz6gg2vzdfid. onion<\/a><\/p>\n","protected":false},"excerpt":{"rendered":"<p>\u0440\u0443\u0441\u0441\u043a\u043e\u0435 \u0434\u043e\u043c\u0430\u0448\u043d\u0435\u0435 \u0434\u043f KakiqAwihe963 Saignent de la pornographie apr\u00e8s avoir perdu leur virginit\u00e9. webcam adolescente Contenido de violaci\u00f3n yo8 yo9 yo10 yo12. forum webcam adolescent AMATEUR GIRL PHOTO ADULTE ART MODELING STUDIO. foro webcam adolescente SEXO VIDEO COMPARTIR ENLACES PRIVADO. \u0420\u0443\u0441\u0441\u043a\u043e\u0435 \u043f\u043e\u0440\u043d\u043e \u043c\u0430\u043c\u044b \u0438 \u043f\u0430\u043f\u044b, 16 teen ru page rustle. forum webcam MAGNET LINKS CP [&hellip;]<\/p>\n","protected":false},"author":2,"featured_media":0,"parent":0,"menu_order":0,"comment_status":"closed","ping_status":"closed","template":"","meta":{"footnotes":""},"class_list":["post-999","page","type-page","status-publish","hentry"],"_links":{"self":[{"href":"https:\/\/www.optimiseconsulting.eu\/index.php\/wp-json\/wp\/v2\/pages\/999","targetHints":{"allow":["GET"]}}],"collection":[{"href":"https:\/\/www.optimiseconsulting.eu\/index.php\/wp-json\/wp\/v2\/pages"}],"about":[{"href":"https:\/\/www.optimiseconsulting.eu\/index.php\/wp-json\/wp\/v2\/types\/page"}],"author":[{"embeddable":true,"href":"https:\/\/www.optimiseconsulting.eu\/index.php\/wp-json\/wp\/v2\/users\/2"}],"replies":[{"embeddable":true,"href":"https:\/\/www.optimiseconsulting.eu\/index.php\/wp-json\/wp\/v2\/comments?post=999"}],"version-history":[{"count":0,"href":"https:\/\/www.optimiseconsulting.eu\/index.php\/wp-json\/wp\/v2\/pages\/999\/revisions"}],"wp:attachment":[{"href":"https:\/\/www.optimiseconsulting.eu\/index.php\/wp-json\/wp\/v2\/media?parent=999"}],"curies":[{"name":"wp","href":"https:\/\/api.w.org\/{rel}","templated":true}]}}