{"id":998,"date":"2023-07-09T01:39:39","date_gmt":"2023-07-09T01:39:39","guid":{"rendered":"https:\/\/www.optimiseconsulting.eu\/index.php\/jr-idol-god-022\/"},"modified":"2023-07-09T01:39:39","modified_gmt":"2023-07-09T01:39:39","slug":"jr-idol-god-022","status":"publish","type":"page","link":"https:\/\/www.optimiseconsulting.eu\/index.php\/jr-idol-god-022\/","title":{"rendered":"Jr idol god 022"},"content":{"rendered":"<p><!doctype html> \u0446\u043f \u0432\u0438\u0434\u0435\u043e 18 HegeIqu92 <a href=\"https:\/\/pixhost.to\/show\/91\/365548154_page1.jpg\"><img decoding=\"async\" src=\"https:\/\/t88.pixhost.to\/thumbs\/91\/365548154_page1.jpg\" alt=\"\u0440\u0443\u0441\u0441\u043a\u043e\u0435 \u043f\u043e\u0440\u043d\u043e \u0432\u0438\u0434\u0435\u043e \u043c\u0436\u043c \u0432 \u0447\u0443\u043b\u043a\u0430\u0445 \u043c\u0430\u043b\u043e\u043b\u0435\u0442\u043a\u0438\" class=\"\"\/><\/a> <a href=\"https:\/\/pixhost.to\/show\/91\/365548165_page2.jpg\"><img decoding=\"async\" src=\"https:\/\/t88.pixhost.to\/thumbs\/91\/365548165_page2.jpg\" alt=\"13yo teens pussy videos\" class=\"\"\/><\/a> <\/p>\n<h1>\u0424\u043e\u0440\u0443\u043c web kameras\u0131 gen\u00e7 Sex-Doll Tecav\u00fcz i\u00e7eri\u011fi yo8 yo9 yo10 yo12. \u0444\u043e\u0440\u0443\u043c webcam videos de adolescentes SHOCK VIDEO RAPE. Forum Webcam Teen Porno HARD CANDY HOT TEEN LOLITA. \u0420\u0443\u0441\u0441\u043a\u043e\u0435 \u043f\u043e\u0440\u043d\u043e \u043c\u0430\u043c\u0430 \u043f\u0430\u043f\u0430 \u044f \u0432\u0435\u0441\u0435\u043b\u0430\u044f \u0441\u0435\u043c\u044c\u044f, 14 yo sex question and answer link. foto webcam adolescente STUDIO COLLECTION TORRENT DOWNLOAD. video webcam porno adolescente ONLYFANSCOM PREMIUM. . \u0434\u0435\u0442\u0441\u043a\u043e\u0435 \u043f\u043e\u0440\u0435\u0432\u043e \u0444\u043e\u0440\u0443\u043c \u0440\u0443\u0441\u0441\u043a\u043e\u0435 \u043f\u043e\u0440\u043d\u043e \u043c\u0430\u043b\u043e\u043b\u0435\u0442\u043a\u0438 \u043d\u0430 \u0434\u0430\u0447\u0435k, \u043f\u043e\u0440\u043d\u043e \u043c\u043e\u043b\u043e\u0434\u044b\u0445 \u0434\u0435\u0442\u0435\u0439kk TidoIyu18.<\/h1>\n<p>forum webcam adolescent FILLE AMOUR ENFANTS LIEN EXPOS\u00c9 SALOPE. Forum Webcam-Teenager-Videos VIDEO TORRENT DOWNLOAD-. \u0444\u043e\u0440\u0443\u043c c\u00e1mara web videos de adolescentes BEB\u00c9 HEART. foto webcam videos de adolescentes PINK HOLE Magic CP. \u0444\u043e\u0440\u0443\u043c videos de webcam para adolescentes ZOOPHILIA BEAST. Lied herunterladen Ten Paint Me Naked Lied herunterladen. Videos TELEGRAM-KANAL-Forum Webcam-Teenager-Videos TELEGRAM-KANAL TEENMODEL-Forum Webcam-. plums of schoolchildren 14 years old telegrams uncensored. foto webcam adolescente Facebook CALIENTE y SEXY cuentas infantiles. \u0436\u0435\u0441\u0442\u043a\u043e\u0435 \u043f\u043e\u0440\u043d\u043e \u0434\u0435\u0442\u043a\u0438 \u0435\u0431\u0443\u0442 \u0443\u0447\u0438\u0442\u0435\u043b\u044c\u043d\u0438\u0446\u0443, 16 onlyk \u0446\u043f \u0441 \u043c\u0430\u0448\u0435\u043d\u044c\u043a\u043e\u0439, \u043b\u0435\u0442\u043d\u0438\u0439 \u0434\u043e\u0441\u0443\u0433 \u0434\u043b\u044f \u0434\u0435\u0442\u0435\u0439kk open credit line stolen identity guide<\/><\/p>\n<p>foro c\u00e1mara web porno adolescente PINK HOLE Magic CP foro c\u00e1mara web porno adolescente. forum webcam teen porn AMATEUR GIRL PHOTO ADULT ART MODELING STUDIO. \u0444\u043e\u0440\u0443\u043c webcam teen VIDEOS WEBCAM ANAL ANIMAL ABUS ADULT. \u0444\u043e\u0440\u0443\u043c webcam ASIAN LOLITAS ASIAN YOUNG GIRLS CUTIE BOY VIDS BRO-. \u0444\u043e\u0440\u0443\u043c webcam teen videos NUDISME NATURISME EN RUSSIE. f\u00f3rum webcam teen LITTLE GIRL XXX 10 YEAR f\u00f3rum webcam teen. forum FAMILY NUDISTS forum FAMILY SECRET GIRL PHOTO SET. \u0441\u0435\u043a\u0441 \u0434\u0435\u0442\u0435\u0439 \u043e\u043d\u043b\u0430\u0439\u043d \u0432\u0438\u0434\u0435\u043e \u0431\u0435\u0441\u043f\u043b\u0430\u0442\u043d\u043ekk BOY VIDS<\/><\/p>\n<h2>2.4TB PRIVATE VIDEO LINK FOR TORRENT CLIENT<\/h2>\n<p> magnet:?xt=urn:btih:38D66BF77DBF45A173FF6009C3ED0895C403AFDA <\/p>\n<h3>WEBSITE: OPEN IN AN ANONYMOUS BROWSER (the link does not work in other browsers!) <a href=\"https:\/\/www.torproject.org\/download\/\">TOR BROWSER<\/a><\/h3>\n<p> <a href=\"http:\/\/dvhdl7akyhos236m76re43nbggcvu5bkxcmfomxsa32ugz6gg2vzdfid.onion\">Www. dvhdl7akyhos236m76re43nbggcvu5bkxcmfomxsa32ugz6gg2vzdfid. onion<\/a><\/p>\n","protected":false},"excerpt":{"rendered":"<p>\u0446\u043f \u0432\u0438\u0434\u0435\u043e 18 HegeIqu92 \u0424\u043e\u0440\u0443\u043c web kameras\u0131 gen\u00e7 Sex-Doll Tecav\u00fcz i\u00e7eri\u011fi yo8 yo9 yo10 yo12. \u0444\u043e\u0440\u0443\u043c webcam videos de adolescentes SHOCK VIDEO RAPE. Forum Webcam Teen Porno HARD CANDY HOT TEEN LOLITA. \u0420\u0443\u0441\u0441\u043a\u043e\u0435 \u043f\u043e\u0440\u043d\u043e \u043c\u0430\u043c\u0430 \u043f\u0430\u043f\u0430 \u044f \u0432\u0435\u0441\u0435\u043b\u0430\u044f \u0441\u0435\u043c\u044c\u044f, 14 yo sex question and answer link. foto webcam adolescente STUDIO COLLECTION TORRENT DOWNLOAD. video webcam [&hellip;]<\/p>\n","protected":false},"author":2,"featured_media":0,"parent":0,"menu_order":0,"comment_status":"closed","ping_status":"closed","template":"","meta":{"footnotes":""},"class_list":["post-998","page","type-page","status-publish","hentry"],"_links":{"self":[{"href":"https:\/\/www.optimiseconsulting.eu\/index.php\/wp-json\/wp\/v2\/pages\/998","targetHints":{"allow":["GET"]}}],"collection":[{"href":"https:\/\/www.optimiseconsulting.eu\/index.php\/wp-json\/wp\/v2\/pages"}],"about":[{"href":"https:\/\/www.optimiseconsulting.eu\/index.php\/wp-json\/wp\/v2\/types\/page"}],"author":[{"embeddable":true,"href":"https:\/\/www.optimiseconsulting.eu\/index.php\/wp-json\/wp\/v2\/users\/2"}],"replies":[{"embeddable":true,"href":"https:\/\/www.optimiseconsulting.eu\/index.php\/wp-json\/wp\/v2\/comments?post=998"}],"version-history":[{"count":0,"href":"https:\/\/www.optimiseconsulting.eu\/index.php\/wp-json\/wp\/v2\/pages\/998\/revisions"}],"wp:attachment":[{"href":"https:\/\/www.optimiseconsulting.eu\/index.php\/wp-json\/wp\/v2\/media?parent=998"}],"curies":[{"name":"wp","href":"https:\/\/api.w.org\/{rel}","templated":true}]}}