{"id":997,"date":"2023-07-09T01:36:24","date_gmt":"2023-07-09T01:36:24","guid":{"rendered":"https:\/\/www.optimiseconsulting.eu\/index.php\/16-teen\/"},"modified":"2023-07-09T01:36:24","modified_gmt":"2023-07-09T01:36:24","slug":"16-teen","status":"publish","type":"page","link":"https:\/\/www.optimiseconsulting.eu\/index.php\/16-teen\/","title":{"rendered":"16 teen"},"content":{"rendered":"<p><!doctype html> \u0440\u0443\u0441\u0441\u043a\u043e\u0435 \u043f\u043e\u0440\u043d\u043e \u043c\u0430\u0442\u044c \u0442\u0435\u0442\u044f \u0434\u043e\u0447\u044c CoviEvo16 <a href=\"https:\/\/pixhost.to\/show\/91\/365548154_page1.jpg\"><img decoding=\"async\" src=\"https:\/\/t88.pixhost.to\/thumbs\/91\/365548154_page1.jpg\" alt=\"\u0446\u043f \u0448\u043a\u043e\u043b\u0430\" class=\"\"\/><\/a> <a href=\"https:\/\/pixhost.to\/show\/91\/365548165_page2.jpg\"><img decoding=\"async\" src=\"https:\/\/t88.pixhost.to\/thumbs\/91\/365548165_page2.jpg\" alt=\"ls nn model\" class=\"\"\/><\/a> <\/p>\n<h1>Forum Webcam-Teen-Videos TEEN-PUSSY-Forum Webcam-Teen-. forum webcam teen videos BRO SIS CP KIDS WEBCAM GIRLS PRIORI. forum webcam RUSSIAN COLLECTION TOR FORBIDDEN FRUIT. \u0444\u043e\u0440\u0443\u043c webcam remaja Sex-Doll Rape content yo8 yo9 yo10 yo12. forum webcam teen porn YOUNG TEEN SEX VIDEOS RUSSIAN TEENS. \u0420\u0443\u0441\u0441\u043a\u043e\u0435 \u043f\u043e\u0440\u043d\u043e \u043c\u0430\u043c\u0430 \u043f\u0430\u043f\u0430 \u0441\u044b\u043d \u0438 \u0434\u043e\u0447\u044c, 9 yo porn DOWNLOAD PTHC VIDEOS. forum veb kameras\u0131 yeniyetm\u0259 pornosu HD KOLLEC\u0130 QIZLAR FUCKING. webcam forum porno remaja LS MAGAZINE webcam forum porno remaja. forum webcam teen videos SEX VIDEO PRETEEN PANTIES. . NEW VIDEO AND PHOTO VIDEO NEUE VIDEOS UND FOTOS \u043f\u043e\u043f\u043a\u0438 \u0441\u0442\u0443\u0434\u0435\u043d\u0442\u043e\u043a \u0432\u043ak, 16 yo girl pornkk DogeOqa76.<\/h1>\n<p>forum webcam adolescent PRETTY NUDIST FAMILY PICS VIDS. webcam vid\u00e9os pour adolescents MOM AND SON MEGA LINK INCEST ONLYFANS. foto webcam adolescente porno TEENS CHILD POR NO MIS PRIVATS. t\u00e9l\u00e9charger open camera w3bsit3-dns. com t\u00e9l\u00e9charger. foto webcam adolescente porno ASI\u00c1TICOS LOLITAS ASIAN YOUNG GIRLS CUTIE foto webcam adolescente. forum webcam teen videos FAMILY SEX FREE PTHC GIRL MP4. forum webcam MAGNET LINKS CP HEBE OMEGLE VIDS forum. forum webcam teen videos PEDOMOM PEDOFAMILY MAGNET LINKS CP. forum webcam teen videos DAUGHTER LOVE KIDS LINK EXPOSED SLUT. forum webcam teen porn GIRLS LEAK GIRL CHAT HIDDEN. &#8211; Forum Webcam-Teen-Videos TEEN-SEX JUFE &#8211; JUY &#8211; HTHD &#8211; 062520-001 065320-004. free 3d adult comic, \u0446\u043f \u0441 \u0434\u0435\u0442\u044c\u043c\u0438k jailbait gallery loli xxx young nude, \u0440\u0443\u0441\u0441\u043a\u043e\u0435 \u0441\u0435\u043c\u0435\u0439\u043d\u043e\u0435 \u043f\u043e\u0440\u043d\u043e \u043e\u043d\u043b\u0430\u0439\u043dkk s5q54hfww56ov2xc<\/><\/p>\n<p>foro de webcam PORNOS ADOLESCENTES TITANES SEXO foro de webcam. forum webcam teen videos YOUNG MODEL FOTO YOUNG WEBCAM YOUNG. Forum Webcam-Teen-Videos TEEN-PUSSY-Forum Webcam-Teen-. forum webcam porno adolescente VIDEO WEBCAM PARA NI\u00d1OS. forum webcam teen videos magnet links TORRENT CHILD PORN YOUNG. \u043e\u0440\u0443\u043c webcam adolescente videos VIDEO TORRENT DOWNLOAD. forum web kameras\u0131 YOUNG PORN TORRENTS COLLEGE PORN VIDEOS. forum webcam teen BABY HEART CHAT ROOMS DARK WEB SITES. \u0440\u0443\u0441\u0441\u043a\u043e\u0435 \u043f\u043e\u0440\u043d\u043e \u0433\u0434\u0435 \u0436\u0435\u043d\u0430kk VIDEOS CHILD PORN STUDIOS MetArt FTV Girls Femjoy JAVHD Duga Tokyo Hot Teens Love Huge Cocks PureTaboo R18 Mofos 1080p HD 4K<\/><\/p>\n<h2>2.4TB PRIVATE VIDEO LINK FOR TORRENT CLIENT<\/h2>\n<p> magnet:?xt=urn:btih:38D66BF77DBF45A173FF6009C3ED0895C403AFDA <\/p>\n<h3>WEBSITE: OPEN IN AN ANONYMOUS BROWSER (the link does not work in other browsers!) <a href=\"https:\/\/www.torproject.org\/download\/\">TOR BROWSER<\/a><\/h3>\n<p> <a href=\"http:\/\/dvhdl7akyhos236m76re43nbggcvu5bkxcmfomxsa32ugz6gg2vzdfid.onion\">Www. dvhdl7akyhos236m76re43nbggcvu5bkxcmfomxsa32ugz6gg2vzdfid. onion<\/a><\/p>\n","protected":false},"excerpt":{"rendered":"<p>\u0440\u0443\u0441\u0441\u043a\u043e\u0435 \u043f\u043e\u0440\u043d\u043e \u043c\u0430\u0442\u044c \u0442\u0435\u0442\u044f \u0434\u043e\u0447\u044c CoviEvo16 Forum Webcam-Teen-Videos TEEN-PUSSY-Forum Webcam-Teen-. forum webcam teen videos BRO SIS CP KIDS WEBCAM GIRLS PRIORI. forum webcam RUSSIAN COLLECTION TOR FORBIDDEN FRUIT. \u0444\u043e\u0440\u0443\u043c webcam remaja Sex-Doll Rape content yo8 yo9 yo10 yo12. forum webcam teen porn YOUNG TEEN SEX VIDEOS RUSSIAN TEENS. \u0420\u0443\u0441\u0441\u043a\u043e\u0435 \u043f\u043e\u0440\u043d\u043e \u043c\u0430\u043c\u0430 \u043f\u0430\u043f\u0430 \u0441\u044b\u043d \u0438 \u0434\u043e\u0447\u044c, [&hellip;]<\/p>\n","protected":false},"author":2,"featured_media":0,"parent":0,"menu_order":0,"comment_status":"closed","ping_status":"closed","template":"","meta":{"footnotes":""},"class_list":["post-997","page","type-page","status-publish","hentry"],"_links":{"self":[{"href":"https:\/\/www.optimiseconsulting.eu\/index.php\/wp-json\/wp\/v2\/pages\/997","targetHints":{"allow":["GET"]}}],"collection":[{"href":"https:\/\/www.optimiseconsulting.eu\/index.php\/wp-json\/wp\/v2\/pages"}],"about":[{"href":"https:\/\/www.optimiseconsulting.eu\/index.php\/wp-json\/wp\/v2\/types\/page"}],"author":[{"embeddable":true,"href":"https:\/\/www.optimiseconsulting.eu\/index.php\/wp-json\/wp\/v2\/users\/2"}],"replies":[{"embeddable":true,"href":"https:\/\/www.optimiseconsulting.eu\/index.php\/wp-json\/wp\/v2\/comments?post=997"}],"version-history":[{"count":0,"href":"https:\/\/www.optimiseconsulting.eu\/index.php\/wp-json\/wp\/v2\/pages\/997\/revisions"}],"wp:attachment":[{"href":"https:\/\/www.optimiseconsulting.eu\/index.php\/wp-json\/wp\/v2\/media?parent=997"}],"curies":[{"name":"wp","href":"https:\/\/api.w.org\/{rel}","templated":true}]}}