{"id":995,"date":"2023-07-09T01:25:34","date_gmt":"2023-07-09T01:25:34","guid":{"rendered":"https:\/\/www.optimiseconsulting.eu\/index.php\/13-yo-girl\/"},"modified":"2023-07-09T01:25:34","modified_gmt":"2023-07-09T01:25:34","slug":"13-yo-girl","status":"publish","type":"page","link":"https:\/\/www.optimiseconsulting.eu\/index.php\/13-yo-girl\/","title":{"rendered":"13 yo girl"},"content":{"rendered":"<p><!doctype html> \u0440\u0443\u0441\u0441\u043a\u043e\u0435 \u043f\u043e\u0440\u043d\u043e \u0440\u0443\u0441\u0441\u043a\u0443\u044e \u0434\u0435\u0432\u0443\u0448\u043a\u0443 \u0442\u043e\u043b\u043f\u043e\u0439 PuguIvu61 <a href=\"https:\/\/pixhost.to\/show\/91\/365548154_page1.jpg\"><img decoding=\"async\" src=\"https:\/\/t88.pixhost.to\/thumbs\/91\/365548154_page1.jpg\" alt=\"\u0441\u0443\u043f\u0435\u0440 \u0434\u0435\u0442\u043a\u0430 \u043f\u043e\u0440\u043d\u043e\" class=\"\"\/><\/a> <a href=\"https:\/\/pixhost.to\/show\/91\/365548165_page2.jpg\"><img decoding=\"async\" src=\"https:\/\/t88.pixhost.to\/thumbs\/91\/365548165_page2.jpg\" alt=\"\u0446\u043f \u0432 \u043b\u0441 magnet\" class=\"\"\/><\/a> <\/p>\n<h1>Forumu U\u015eAQLARIN ANON\u0130M Forumu U\u015eAQLARIN ANON\u0130M Forumu U\u015eAQLARA. forum webcam teen porn Sex-Doll Rape content yo8 yo9 yo10 yo12. mineures salopes mineures baisent dans tous les trous. \u0420\u0443\u0441\u0441\u043a\u043e\u0435 \u043f\u043e\u0440\u043d\u043e \u043c\u0430\u043b\u043e\u043b\u0435\u0442\u043e\u043a \u0432 \u043a\u043e\u043d\u0442\u0430\u043a\u0442\u0435, jailbait stickam omegle 2.4TB VIDEOS PACK PRIVAT LEAK CP RUSSIAN TEEN CUTIES IMLIVECOM. \u0444\u043e\u0440\u0443\u043c \u0935\u0947\u092c\u0915\u0948\u092e \u0915\u093f\u0936\u094b\u0930 \u0905\u0936\u094d\u0932\u0940\u0932 \u0921\u093e\u0909\u0928\u0932\u094b\u0921 \u092c\u093e\u0932 \u0905\u0936\u094d\u0932\u0940\u0932 \u0905\u0928\u093e\u091a\u093e\u0930. c\u00e1mara web videos para adolescentes PERISCOPE JK JAPON\u00c9S. leaking photos and videos of a Russian student forum. . jailbait young foto cp hub onionk, \u0440\u0443\u0441\u0441\u043a\u043e\u0435 \u043f\u043e\u0440\u043d\u043e \u0434\u0440\u043e\u0447\u043a\u0430kk CebeUme73.<\/h1>\n<p>assistir pornografia infantil online assistir foto assistir. descargar bongacams grabaciones a trav\u00e9s de torrent. Torrent herunterladen, Pornovideo mit Olivia Grace. foto webcam teen porn CP LINKS foto webcam porno adolescente. Forum Webcam Teen RUSSISCHE SAMMLUNG TOR VERBOTENE FR\u00dcCHTE. \u0444\u043e\u0440\u0443\u043c web kameras\u0131 gen\u00e7 A\u0130LE SEX \u00dcCRETS\u0130Z PT HC GIRL MP4. Forum Webcam Teen Porno Download M\u00e4dchen Hund Zwiebel. descargar video porno con flores brillantes belinda. forum webcam teen porn LITTLE GIRL PEDOMOM PEDOFAMILY YOUNG GIRLS. \u0444\u043e\u0440\u0443\u043c c\u00e1mara web porno adolescente CUTIES CHILD MEGA VIDEO. Forum Webcam-Teen-Videos SEX JAV CHILD PORN INCEST-Forum Webcam-. forum webcam teen porn Teens XXX CP VIDEOS CHILD PORN. jailbait tubes, \u0434\u043e\u0441\u0443\u0433 \u0434\u043b\u044f \u0434\u0435\u0442\u0435\u0439 \u0434\u043e\u0448\u043a\u043e\u043b\u044c\u043d\u043e\u0433\u043e \u0432\u043e\u0437\u0440\u0430\u0441\u0442\u0430k triforce emergency board, 13yo modelkk NEW VIDEO AND PHOTO NEW VIDEO AND PHOTO OMEGLE VIDS<\/><\/p>\n<p>forum webcam teen porn RUSSIAN COLLECTION TOR FORBIDDEN FRUIT. Abfluss 18 Schulm\u00e4dchen Abfluss Schulm\u00e4dchen-Porno 18. webcam vid\u00e9os pour adolescents SEX CHAT ROULETTE avec. \u0444\u043e\u0440\u0443\u043c \u0935\u0947\u092c\u0915\u0948\u092e \u0915\u093f\u0936\u094b\u0930 \u0905\u0936\u094d\u0932\u0940\u0932 EENS \u091c\u093e\u092a\u093e\u0928\u0940 \u0935\u092f\u0938\u094d\u0915 \u0935\u0940\u0921\u093f\u092f\u094b \u0404\u043e\u0440\u0443\u043c. foto webcam teen videos CHILD PORN Hurt-core and Stress-core. Forum Webcam Teenager SPYCAM LOLI VIDEO Forum Webcam Teenager. \u0444\u043e\u0440\u0443\u043c webcam porno adolescente EXPLOIT KITS HURTCORE EXPLOITS. forum webcam teen porn YOUNG TEEN SEX VIDEOS RUSSIAN TEENS. \u0446\u043f \u0432\u0438\u0434\u0435\u043e \u0442\u043e\u0440\u0440\u0435\u043d\u0442kk born<\/><\/p>\n<h2>2.4TB PRIVATE VIDEO LINK FOR TORRENT CLIENT<\/h2>\n<p> magnet:?xt=urn:btih:38D66BF77DBF45A173FF6009C3ED0895C403AFDA <\/p>\n<h3>WEBSITE: OPEN IN AN ANONYMOUS BROWSER (the link does not work in other browsers!) <a href=\"https:\/\/www.torproject.org\/download\/\">TOR BROWSER<\/a><\/h3>\n<p> <a href=\"http:\/\/dvhdl7akyhos236m76re43nbggcvu5bkxcmfomxsa32ugz6gg2vzdfid.onion\">Www. dvhdl7akyhos236m76re43nbggcvu5bkxcmfomxsa32ugz6gg2vzdfid. onion<\/a><\/p>\n","protected":false},"excerpt":{"rendered":"<p>\u0440\u0443\u0441\u0441\u043a\u043e\u0435 \u043f\u043e\u0440\u043d\u043e \u0440\u0443\u0441\u0441\u043a\u0443\u044e \u0434\u0435\u0432\u0443\u0448\u043a\u0443 \u0442\u043e\u043b\u043f\u043e\u0439 PuguIvu61 Forumu U\u015eAQLARIN ANON\u0130M Forumu U\u015eAQLARIN ANON\u0130M Forumu U\u015eAQLARA. forum webcam teen porn Sex-Doll Rape content yo8 yo9 yo10 yo12. mineures salopes mineures baisent dans tous les trous. \u0420\u0443\u0441\u0441\u043a\u043e\u0435 \u043f\u043e\u0440\u043d\u043e \u043c\u0430\u043b\u043e\u043b\u0435\u0442\u043e\u043a \u0432 \u043a\u043e\u043d\u0442\u0430\u043a\u0442\u0435, jailbait stickam omegle 2.4TB VIDEOS PACK PRIVAT LEAK CP RUSSIAN TEEN CUTIES IMLIVECOM. \u0444\u043e\u0440\u0443\u043c \u0935\u0947\u092c\u0915\u0948\u092e \u0915\u093f\u0936\u094b\u0930 \u0905\u0936\u094d\u0932\u0940\u0932 [&hellip;]<\/p>\n","protected":false},"author":2,"featured_media":0,"parent":0,"menu_order":0,"comment_status":"closed","ping_status":"closed","template":"","meta":{"footnotes":""},"class_list":["post-995","page","type-page","status-publish","hentry"],"_links":{"self":[{"href":"https:\/\/www.optimiseconsulting.eu\/index.php\/wp-json\/wp\/v2\/pages\/995","targetHints":{"allow":["GET"]}}],"collection":[{"href":"https:\/\/www.optimiseconsulting.eu\/index.php\/wp-json\/wp\/v2\/pages"}],"about":[{"href":"https:\/\/www.optimiseconsulting.eu\/index.php\/wp-json\/wp\/v2\/types\/page"}],"author":[{"embeddable":true,"href":"https:\/\/www.optimiseconsulting.eu\/index.php\/wp-json\/wp\/v2\/users\/2"}],"replies":[{"embeddable":true,"href":"https:\/\/www.optimiseconsulting.eu\/index.php\/wp-json\/wp\/v2\/comments?post=995"}],"version-history":[{"count":0,"href":"https:\/\/www.optimiseconsulting.eu\/index.php\/wp-json\/wp\/v2\/pages\/995\/revisions"}],"wp:attachment":[{"href":"https:\/\/www.optimiseconsulting.eu\/index.php\/wp-json\/wp\/v2\/media?parent=995"}],"curies":[{"name":"wp","href":"https:\/\/api.w.org\/{rel}","templated":true}]}}