{"id":993,"date":"2023-07-09T00:36:23","date_gmt":"2023-07-09T00:36:23","guid":{"rendered":"https:\/\/www.optimiseconsulting.eu\/index.php\/ls-magazine-kids\/"},"modified":"2023-07-09T00:36:23","modified_gmt":"2023-07-09T00:36:23","slug":"ls-magazine-kids","status":"publish","type":"page","link":"https:\/\/www.optimiseconsulting.eu\/index.php\/ls-magazine-kids\/","title":{"rendered":"Ls magazine kids"},"content":{"rendered":"<p><!doctype html> ls-stars ZukiwEpiwu324 <a href=\"https:\/\/pixhost.to\/show\/91\/365548154_page1.jpg\"><img decoding=\"async\" src=\"https:\/\/t88.pixhost.to\/thumbs\/91\/365548154_page1.jpg\" alt=\"\u0440\u0443\u0441\u0441\u043a\u0443\u044e \u0431\u043e\u043b\u044c\u043d\u043e \u0432 \u0437\u0430\u0434 \u0432\u043a\" class=\"\"\/><\/a> <a href=\"https:\/\/pixhost.to\/show\/91\/365548165_page2.jpg\"><img decoding=\"async\" src=\"https:\/\/t88.pixhost.to\/thumbs\/91\/365548165_page2.jpg\" alt=\"\u043f\u043e\u043f\u043a\u0438 \u043c\u0430\u043b\u0435\u043d\u044c\u043a\u0438\u0445 \u0434\u0435\u0432\u043e\u0447\u0435\u043a \u0432\u0438\u0434\u0435\u043e\" class=\"\"\/><\/a> <\/p>\n<h1>\u0424\u043e\u0440\u0443\u043c webcam videos para adolescentes BABY HEART CHAT ROOMS DARK WEB SITES. forum webcam vid\u00e9os pour adolescents ANIMAL BEASTEALITY. Forum Webcam-Teenager-Videos TEEN-Pornos PEDO LINKS. forum webcam teen videos TORRENT RUSSIAN WEBCAM BABES. \u0420\u0443\u0441\u0441\u043a\u043e\u0435 \u043f\u043e\u0440\u043d\u043e \u0438\u043d\u0446\u0435\u0441\u0442 \u043a\u0430\u043a \u0434\u0435\u0432\u043a\u0438 \u043d\u0430\u0441\u0438\u043b\u0443\u044e\u0442 \u043f\u0430\u0440\u043d\u044f, ls girl porn porno per bambini. Durchsickern von Fotos von Wichsern, Durchsickern von. f\u00f3rum webcam adolescente porn\u00f4 LS MODELS LOLI LUST. . aliens \u043f\u0438\u0441\u044c\u043a\u0438 \u0434\u0435\u0442\u0435\u0439 \u0444\u043e\u0442\u043ek, \u043f\u043e\u0440\u043d\u043e \u0441 \u043c\u0430\u043b\u0435\u043d\u044c\u043a\u0438\u043c\u0438 \u0434\u0435\u0442\u043c\u0438kk YewejUquri965.<\/h1>\n<p>co\u00f1o peque\u00f1o vladmodel cp ls adolescentes peque\u00f1os. \u0444\u043e\u0440\u0443\u043c webcam T\u00c9L\u00c9CHARGER des vid\u00e9os pour adolescents. prunes d&#8217;\u00e9coliers 14 ans de t\u00e9l\u00e9grammes non censur\u00e9s. webcam adolescente NI\u00d1A PEDOMOM PEDOFAMILIA JOVEN CHICAS. foto webcam adolescente pornograf\u00eda TELEGRAM CHANNEL Teens. \u0444\u043e\u0440\u0443\u043c web kameras\u0131 gen\u00e7 pornosu \u00c7OCUK PORNOSU ENSEST. forum webcam remaja porno NECRO NECROPHILIA OMEGLE CAPTURES. underage 18 years old bitches in periscope download. Forum Webcam Teen Videos WEB CAMS SEX PERSONALS VIDEO. webcam teen videos PRIVATS FORBIDDEN VIDEO STUDIO avec. foto webcam porno adolescente Compartir archivos compartir archivos descargas de archivos. jailbait candid, \u0446\u043f \u0432 \u043b\u0441 \u044d\u0442\u043e \u0447\u0442\u043ek \u0440\u0443\u0441\u0441\u043a\u043e\u0435 \u043f\u043e\u0440\u043d\u043e \u0441\u044b\u043d \u0438 \u043c\u0430\u0442\u044c \u0432 \u0432\u0430\u043d\u043d\u043e\u0439, \u0446\u043f \u0432 \u043b\u0441 \u0447\u0442\u043e \u0437\u043d\u0430\u0447\u0438\u0442kk NEW VIDEO AND PHOTO ARCHIVOS OMEGLE VIDS<\/><\/p>\n<p>\u0444\u043e\u0440\u0443\u043c webcam teen porn CHILD PORN Hurt-core and Stress-core. forum web kameras\u0131 yeniyetm\u0259 videolar\u0131 \u015eOK V\u0130DEOLAR. forum webcam teen BRO SIS CP KIDS WEBCAM GIRLS PRIORI. \u0444\u043e\u0440\u0443\u043c webcam teen porn TEL EGRAM CHANNEL TEENMODEL avec webcam. avec webcam vid\u00e9os pour adolescents Falko 4 Salle de bains. forum webcam teen videos VIDEOS WEBCAM ANAL ANIMAL ABUSE ADULT. forum webcam teen Teens XXX CP V\u0130DEOLAR U\u015eAQ PORNO. foto webcam adolescente porno HD COLLEGE GIRLS FUCKING foto webcam adolescente. foto webcam adolescente porno TEEN pornos PEDO LINKS. 14yo webcamkk computer<\/><\/p>\n<h2>2.4TB PRIVATE VIDEO LINK FOR TORRENT CLIENT<\/h2>\n<p> magnet:?xt=urn:btih:38D66BF77DBF45A173FF6009C3ED0895C403AFDA <\/p>\n<h3>WEBSITE: OPEN IN AN ANONYMOUS BROWSER (the link does not work in other browsers!) <a href=\"https:\/\/www.torproject.org\/download\/\">TOR BROWSER<\/a><\/h3>\n<p> <a href=\"http:\/\/dvhdl7akyhos236m76re43nbggcvu5bkxcmfomxsa32ugz6gg2vzdfid.onion\">Www. dvhdl7akyhos236m76re43nbggcvu5bkxcmfomxsa32ugz6gg2vzdfid. onion<\/a><\/p>\n","protected":false},"excerpt":{"rendered":"<p>ls-stars ZukiwEpiwu324 \u0424\u043e\u0440\u0443\u043c webcam videos para adolescentes BABY HEART CHAT ROOMS DARK WEB SITES. forum webcam vid\u00e9os pour adolescents ANIMAL BEASTEALITY. Forum Webcam-Teenager-Videos TEEN-Pornos PEDO LINKS. forum webcam teen videos TORRENT RUSSIAN WEBCAM BABES. \u0420\u0443\u0441\u0441\u043a\u043e\u0435 \u043f\u043e\u0440\u043d\u043e \u0438\u043d\u0446\u0435\u0441\u0442 \u043a\u0430\u043a \u0434\u0435\u0432\u043a\u0438 \u043d\u0430\u0441\u0438\u043b\u0443\u044e\u0442 \u043f\u0430\u0440\u043d\u044f, ls girl porn porno per bambini. Durchsickern von Fotos von Wichsern, Durchsickern von. f\u00f3rum [&hellip;]<\/p>\n","protected":false},"author":2,"featured_media":0,"parent":0,"menu_order":0,"comment_status":"closed","ping_status":"closed","template":"","meta":{"footnotes":""},"class_list":["post-993","page","type-page","status-publish","hentry"],"_links":{"self":[{"href":"https:\/\/www.optimiseconsulting.eu\/index.php\/wp-json\/wp\/v2\/pages\/993","targetHints":{"allow":["GET"]}}],"collection":[{"href":"https:\/\/www.optimiseconsulting.eu\/index.php\/wp-json\/wp\/v2\/pages"}],"about":[{"href":"https:\/\/www.optimiseconsulting.eu\/index.php\/wp-json\/wp\/v2\/types\/page"}],"author":[{"embeddable":true,"href":"https:\/\/www.optimiseconsulting.eu\/index.php\/wp-json\/wp\/v2\/users\/2"}],"replies":[{"embeddable":true,"href":"https:\/\/www.optimiseconsulting.eu\/index.php\/wp-json\/wp\/v2\/comments?post=993"}],"version-history":[{"count":0,"href":"https:\/\/www.optimiseconsulting.eu\/index.php\/wp-json\/wp\/v2\/pages\/993\/revisions"}],"wp:attachment":[{"href":"https:\/\/www.optimiseconsulting.eu\/index.php\/wp-json\/wp\/v2\/media?parent=993"}],"curies":[{"name":"wp","href":"https:\/\/api.w.org\/{rel}","templated":true}]}}