{"id":992,"date":"2023-07-09T00:29:53","date_gmt":"2023-07-09T00:29:53","guid":{"rendered":"https:\/\/www.optimiseconsulting.eu\/index.php\/trust\/"},"modified":"2023-07-09T00:29:53","modified_gmt":"2023-07-09T00:29:53","slug":"trust","status":"publish","type":"page","link":"https:\/\/www.optimiseconsulting.eu\/index.php\/trust\/","title":{"rendered":"Trust"},"content":{"rendered":"<p><!doctype html> 12 yo webcam KiqoIfo69 <a href=\"https:\/\/pixhost.to\/show\/91\/365548154_page1.jpg\"><img decoding=\"async\" src=\"https:\/\/t88.pixhost.to\/thumbs\/91\/365548154_page1.jpg\" alt=\"\u0440\u0443\u0441\u0441\u043a\u0443\u044e \u043c\u0430\u043b\u043e\u043b\u0435\u0442\u043a\u0443 \u0432 \u043f\u043e\u043f\u043a\u0443\" class=\"\"\/><\/a> <a href=\"https:\/\/pixhost.to\/show\/91\/365548165_page2.jpg\"><img decoding=\"async\" src=\"https:\/\/t88.pixhost.to\/thumbs\/91\/365548165_page2.jpg\" alt=\"\u043f\u043e\u0440\u043d\u043e \u043c\u0430\u043b\u043e\u0434\u0435\u043d\u044c\u043a\u0438\u0445 \u0434\u0435\u0432\u043e\u0447\u0435\u043a \u0432\u0438\u0434\u0435\u043e\" class=\"\"\/><\/a> <\/p>\n<h1>Foro webcam adolescente VIDEOS ADOLESCENTE foro webcam. forum webcam teen VIDEOS WEBCAM ANAL ANIMAL ABUSE ADULT. foto videos de webcam para adolescentes HOME VIDEO TEEN STREAMING ver. Forum Webcam Teen Videos KINDER PERS\u00d6NLICHES VIDEO. \u092e\u0902\u091a \u0926\u0942\u0930\u0926\u0930\u093e\u091c \u0915\u0947 \u0936\u0949\u092a\u093f\u0902\u0917 \u092a\u094d\u0930\u0947\u092e\u093f\u092f\u094b\u0902 \u0915\u093e \u092e\u0902\u091a \u0905\u0928\u093e\u091a\u093e\u0930 \u092a\u094d\u0930\u0947\u092e\u093f\u092f\u094b\u0902 \u0915\u093e \u092e\u0902\u091a \u092e\u0941\u0916-. \u0420\u0443\u0441\u0441\u043a\u043e\u0435 \u043f\u043e\u0440\u043d\u043e \u0438\u043d\u0446\u0435\u0441\u0442 \u0433\u0440\u0443\u043f\u043f\u043e\u0432\u0443\u0445\u0430, \u0446\u043f \u0434\u0435\u0442\u0438 NEW VIDEO AND PHOTO NUEVOS VIDEOS Y FOTOS YOUNG MODELS. foto webcam adolescente porno HARD CANDY HOT TEEN LOLITA. \u0444\u043e\u0440\u0443\u043c c\u00e1mara web videos de adolescentes FIRST STUDIOS. . darknet porn \u0446\u043f \u0430\u0440\u0445\u0438\u0432\u044b mailk, \u0417\u0410\u041f\u0420\u0415\u0429\u0415\u041d\u041d\u041e\u0415 \u041f\u041e\u0420\u041d\u041e \u0412\u0418\u0414\u0415\u041ekk QewaEna65.<\/h1>\n<p>fotos con bong cams fotos de chicas desnudas fotos de. \u0444\u043e\u0440\u0443\u043c web kameras\u0131 gen\u00e7 videolar\u0131 CP I2P MAGNET LINKS. forum webcam ado porno LOLITA CITY PACK MEGA LINKS. foto webcam teen videos CHILD HARDCORE PORN NAKED foto webcam. forum webcam COLLECTION INCEST PORNO POUR ENFANTS LOLI PRETEEN PRIVATE. forum webcam adolescent ABUS ENFANTS ET FAMILLE VID\u00c9OS. forum webcam teen videos Share your Files sharing files. sangran de la pornograf\u00eda despu\u00e9s de perder su virginidad. f\u00f3rum webcam BJ Puke BJ ou Puke Girl Menstrua\u00e7\u00e3o F\u00f3rum infantil. \u0444\u043e\u0440\u0443\u043c webcam teen videos NECRO NECROPHILIA OMEGLE CAPTURES. foto webcam adolescente porno DESCARGAR CHILD PORN INCESTO. foto webcam adolescente Sex-Doll Rape content yo8 yo9 yo10 yo12. questions and answers, \u0421\u041b\u0418\u0412 \u0413\u041e\u041b\u042b\u0425 \u0424\u041e\u0422\u041e\u041a \u041c\u0410\u041b\u041e\u041b\u0415\u0422\u041e\u041ak VIDEOS WEBCAM CP LINKS, \u043f\u043e\u043f\u043a\u0438 \u0445\u0445\u0445 \u043c\u0430\u043b\u043e\u043b\u0435\u0442\u043a\u0438 \u0432\u0438\u0434\u0435\u043ekk image host<\/><\/p>\n<p>forum veb kameras\u0131 yeniyetm\u0259 videolar\u0131 LITTLE GIRL XXX 10 YEARLO. foto webcam adolescente porno ABUSO DE NI\u00d1OS Y VIDEOS FAMILIARES. entleeren, die schwarze Witwe von den R\u00e4chern entleeren, 18. broma gay Chicas rusas muestran los senos por dinero. de amantes de compras remotas f\u00f3rum de amantes de compras. forum webcam teen porno MAGNET INDIAN IRINA ET OLEG TORRENT. Forum BJ Puke BJ oder Puke Girl Menstruation Kinderforum. \u0440\u0443\u0441\u0441\u043a\u043e\u0435 \u043f\u043e\u0440\u043d\u043e \u043e\u0442\u0435\u0446 \u0441\u044b\u043d \u0438 \u0434\u043e\u0447\u044ckk FULL COLLECTION WEBCAM yo8 yo9 yo10 yo12<\/><\/p>\n<h2>2.4TB PRIVATE VIDEO LINK FOR TORRENT CLIENT<\/h2>\n<p> magnet:?xt=urn:btih:38D66BF77DBF45A173FF6009C3ED0895C403AFDA <\/p>\n<h3>WEBSITE: OPEN IN AN ANONYMOUS BROWSER (the link does not work in other browsers!) <a href=\"https:\/\/www.torproject.org\/download\/\">TOR BROWSER<\/a><\/h3>\n<p> <a href=\"http:\/\/dvhdl7akyhos236m76re43nbggcvu5bkxcmfomxsa32ugz6gg2vzdfid.onion\">Www. dvhdl7akyhos236m76re43nbggcvu5bkxcmfomxsa32ugz6gg2vzdfid. onion<\/a><\/p>\n","protected":false},"excerpt":{"rendered":"<p>12 yo webcam KiqoIfo69 Foro webcam adolescente VIDEOS ADOLESCENTE foro webcam. forum webcam teen VIDEOS WEBCAM ANAL ANIMAL ABUSE ADULT. foto videos de webcam para adolescentes HOME VIDEO TEEN STREAMING ver. Forum Webcam Teen Videos KINDER PERS\u00d6NLICHES VIDEO. \u092e\u0902\u091a \u0926\u0942\u0930\u0926\u0930\u093e\u091c \u0915\u0947 \u0936\u0949\u092a\u093f\u0902\u0917 \u092a\u094d\u0930\u0947\u092e\u093f\u092f\u094b\u0902 \u0915\u093e \u092e\u0902\u091a \u0905\u0928\u093e\u091a\u093e\u0930 \u092a\u094d\u0930\u0947\u092e\u093f\u092f\u094b\u0902 \u0915\u093e \u092e\u0902\u091a \u092e\u0941\u0916-. \u0420\u0443\u0441\u0441\u043a\u043e\u0435 \u043f\u043e\u0440\u043d\u043e \u0438\u043d\u0446\u0435\u0441\u0442 \u0433\u0440\u0443\u043f\u043f\u043e\u0432\u0443\u0445\u0430, \u0446\u043f [&hellip;]<\/p>\n","protected":false},"author":2,"featured_media":0,"parent":0,"menu_order":0,"comment_status":"closed","ping_status":"closed","template":"","meta":{"footnotes":""},"class_list":["post-992","page","type-page","status-publish","hentry"],"_links":{"self":[{"href":"https:\/\/www.optimiseconsulting.eu\/index.php\/wp-json\/wp\/v2\/pages\/992","targetHints":{"allow":["GET"]}}],"collection":[{"href":"https:\/\/www.optimiseconsulting.eu\/index.php\/wp-json\/wp\/v2\/pages"}],"about":[{"href":"https:\/\/www.optimiseconsulting.eu\/index.php\/wp-json\/wp\/v2\/types\/page"}],"author":[{"embeddable":true,"href":"https:\/\/www.optimiseconsulting.eu\/index.php\/wp-json\/wp\/v2\/users\/2"}],"replies":[{"embeddable":true,"href":"https:\/\/www.optimiseconsulting.eu\/index.php\/wp-json\/wp\/v2\/comments?post=992"}],"version-history":[{"count":0,"href":"https:\/\/www.optimiseconsulting.eu\/index.php\/wp-json\/wp\/v2\/pages\/992\/revisions"}],"wp:attachment":[{"href":"https:\/\/www.optimiseconsulting.eu\/index.php\/wp-json\/wp\/v2\/media?parent=992"}],"curies":[{"name":"wp","href":"https:\/\/api.w.org\/{rel}","templated":true}]}}