{"id":991,"date":"2023-07-09T00:27:28","date_gmt":"2023-07-09T00:27:28","guid":{"rendered":"https:\/\/www.optimiseconsulting.eu\/index.php\/own-copy\/"},"modified":"2023-07-09T00:27:28","modified_gmt":"2023-07-09T00:27:28","slug":"own-copy","status":"publish","type":"page","link":"https:\/\/www.optimiseconsulting.eu\/index.php\/own-copy\/","title":{"rendered":"Own copy"},"content":{"rendered":"<p><!doctype html> \u0446\u043f \u0440\u0430\u0441\u0441\u043a\u0430\u0437\u044b BajoOfa98 <a href=\"https:\/\/pixhost.to\/show\/91\/365548154_page1.jpg\"><img decoding=\"async\" src=\"https:\/\/t88.pixhost.to\/thumbs\/91\/365548154_page1.jpg\" alt=\"\u043f\u043e\u043f\u043a\u0438 \u043c\u0430\u043b\u043e\u043b\u0435\u0442\u043e\u043a \u0432\u043a\" class=\"\"\/><\/a> <a href=\"https:\/\/pixhost.to\/show\/91\/365548165_page2.jpg\"><img decoding=\"async\" src=\"https:\/\/t88.pixhost.to\/thumbs\/91\/365548165_page2.jpg\" alt=\"\u0446\u043f \u0441\u043c\u043e\u0442\u0440\u0435\u0442\u044c \u0432\u043a\" class=\"\"\/><\/a> <\/p>\n<h1>Forum Webcam Teenager ANIMAL MISSBRAUCH JUNGE VIDS BRO-SIS. foto webcam adolescente porno MEGA LINKS VIDEOS PRIVADOS TORRENT DESCARGAR. forum webcam teen I2P MAGNET LINKS INCEST TELEGRAM I2P. foto webcam teen videos WEB CAMS SEX PERSONALS VIDEO. \u0444\u043e\u0440\u0443\u043c videos de webcam para adolescentes descargar chica perro cebolla. \u0420\u0443\u0441\u0441\u043a\u043e\u0435 \u043f\u043e\u0440\u043d\u043e \u0438\u043d\u0446\u0435\u043d\u0442, \u0440\u0443\u0441\u0441\u043a\u043e\u0435 \u043f\u043e\u0440\u043d\u043e \u0432\u0438\u0434\u0435\u043e \u0434\u0435\u0432\u043e\u0447\u043a\u0438 \u043c\u0430\u043b\u043e\u043b\u0435\u0442\u043a\u0438 \u0446\u043e\u043f\u044d \u0432\u043a. foto webcam adolescente porno PRETTY NUDIST FAMILY PICS VIDS foto \u043c. foto webcam videos de adolescentes NUDE LIVE WEB CAMS foto webcam videos de adolescentes NUDI. Foto von sexy Schulm\u00e4dchen Foto von Familie Naturalismus. . Pedos We Love \u0446\u043f \u0444\u043e\u0442\u043e \u0442\u043e\u0440\u0440\u0435\u043d\u0442k, \u0440\u0443\u0441\u0441\u043a\u043e\u0435 \u043f\u043e\u0440\u043d\u043e \u0438\u043d\u0446\u0435\u0441\u0442 \u043c\u0430\u043c\u0430 \u0438 \u0434\u043e\u0447\u043a\u0430kk HoyoIbe98.<\/h1>\n<p>forum webcam adolescent T\u00c9L\u00c9CHARGER forum webcam adolescent T\u00c9L\u00c9CHARGER. los adolescentes muestran sus encantos los adolescentes muestran. \u0444\u043e\u0440\u0443\u043c webcam teen porn CHILD PORN Hurt-core and Stress-core. Forum-Webcam-Videos f\u00fcr Teenager FUCKING VIRGIN PUSSY VIDEOS. foto webcam adolescente porno CHILD PORN MAGNET foto webcam adolescente porno. \u0444\u043e\u0440\u0443\u043c webcam remaja film remaja \u0444\u043e\u0440\u0443\u043c webcam remaja XXX CP VIDEO. foro webcam adolescente BRO SIS CP KIDS WEBCAM GIRLS PRIORI. \u0444\u043e\u0440\u0443\u043c webcam teen porn VID\u00c9OS WEBCAM ANAL ANIMAL ABUS ADULT. entleerende Streamer unzensiert entleerende Streamer. nude teens forum, 10yo kids pedo analk 409 GIGABYT WEBCAM yo8 yo9 yo10 yo12, \u043b\u0438\u0448\u0435\u043d\u0438\u0435 \u0434\u0435\u0442\u0441\u0442\u0432\u0438\u043d\u043e\u0441\u0442\u0438 \u043f\u043e\u0440\u043d\u043e \u043e\u043d\u043b\u0430\u0439\u043dkk EROTIC DVD CHILD IN PANTIES CUTIES KIDS KIDS SUCK KIDS RAPE<\/><\/p>\n<p>foto webcam videos para adolescentes PRETEEN PRIVATS. foro c\u00e1mara web adolescente HARD CANDY HOT TEEN LOLITA. foto webcam porno adolescente VIDEOS WEBCAM ANAL ABUSO ANIMAL ADULTO. avec webcam vid\u00e9os pour adolescents MOM SON REAL INCEST. \u0444\u043e\u0440\u0443\u043c webcam remaja film remaja \u0444\u043e\u0440\u0443\u043c webcam remaja XXX CP VIDEO. \u0444\u043e\u0440\u0443\u043c webcam porno adolescente MAGNET TORRENT DESCARGAR. forum webcam adolescent ENFANT PORNO Hurt-core and Stress &#8211; c\u0153ur. k\u00fclotlu bir k\u0131z\u0131n pisliklerinin kaliteli foto\u011fraf\u0131. forum webcam adolescent Menstruation Hurtcore Stresscore. \u0432\u043e\u043f\u0440\u043e\u0441\u044b \u043e \u0441\u0435\u043a\u0441\u0435 \u0434\u0435\u0442\u0435\u0439kk \u043f\u043e\u043f\u043a\u0438 \u0448\u043a\u043e\u043b\u044c\u043d\u0438\u0446 \u0442\u0435\u043b\u0435\u0433\u0440\u0430\u043c\u043c<\/><\/p>\n<h2>2.4TB PRIVATE VIDEO LINK FOR TORRENT CLIENT<\/h2>\n<p> magnet:?xt=urn:btih:38D66BF77DBF45A173FF6009C3ED0895C403AFDA <\/p>\n<h3>WEBSITE: OPEN IN AN ANONYMOUS BROWSER (the link does not work in other browsers!) <a href=\"https:\/\/www.torproject.org\/download\/\">TOR BROWSER<\/a><\/h3>\n<p> <a href=\"http:\/\/dvhdl7akyhos236m76re43nbggcvu5bkxcmfomxsa32ugz6gg2vzdfid.onion\">Www. dvhdl7akyhos236m76re43nbggcvu5bkxcmfomxsa32ugz6gg2vzdfid. onion<\/a><\/p>\n","protected":false},"excerpt":{"rendered":"<p>\u0446\u043f \u0440\u0430\u0441\u0441\u043a\u0430\u0437\u044b BajoOfa98 Forum Webcam Teenager ANIMAL MISSBRAUCH JUNGE VIDS BRO-SIS. foto webcam adolescente porno MEGA LINKS VIDEOS PRIVADOS TORRENT DESCARGAR. forum webcam teen I2P MAGNET LINKS INCEST TELEGRAM I2P. foto webcam teen videos WEB CAMS SEX PERSONALS VIDEO. \u0444\u043e\u0440\u0443\u043c videos de webcam para adolescentes descargar chica perro cebolla. \u0420\u0443\u0441\u0441\u043a\u043e\u0435 \u043f\u043e\u0440\u043d\u043e \u0438\u043d\u0446\u0435\u043d\u0442, \u0440\u0443\u0441\u0441\u043a\u043e\u0435 \u043f\u043e\u0440\u043d\u043e \u0432\u0438\u0434\u0435\u043e [&hellip;]<\/p>\n","protected":false},"author":2,"featured_media":0,"parent":0,"menu_order":0,"comment_status":"closed","ping_status":"closed","template":"","meta":{"footnotes":""},"class_list":["post-991","page","type-page","status-publish","hentry"],"_links":{"self":[{"href":"https:\/\/www.optimiseconsulting.eu\/index.php\/wp-json\/wp\/v2\/pages\/991","targetHints":{"allow":["GET"]}}],"collection":[{"href":"https:\/\/www.optimiseconsulting.eu\/index.php\/wp-json\/wp\/v2\/pages"}],"about":[{"href":"https:\/\/www.optimiseconsulting.eu\/index.php\/wp-json\/wp\/v2\/types\/page"}],"author":[{"embeddable":true,"href":"https:\/\/www.optimiseconsulting.eu\/index.php\/wp-json\/wp\/v2\/users\/2"}],"replies":[{"embeddable":true,"href":"https:\/\/www.optimiseconsulting.eu\/index.php\/wp-json\/wp\/v2\/comments?post=991"}],"version-history":[{"count":0,"href":"https:\/\/www.optimiseconsulting.eu\/index.php\/wp-json\/wp\/v2\/pages\/991\/revisions"}],"wp:attachment":[{"href":"https:\/\/www.optimiseconsulting.eu\/index.php\/wp-json\/wp\/v2\/media?parent=991"}],"curies":[{"name":"wp","href":"https:\/\/api.w.org\/{rel}","templated":true}]}}