{"id":990,"date":"2023-07-09T00:16:48","date_gmt":"2023-07-09T00:16:48","guid":{"rendered":"https:\/\/www.optimiseconsulting.eu\/index.php\/make-copies\/"},"modified":"2023-07-09T00:16:48","modified_gmt":"2023-07-09T00:16:48","slug":"make-copies","status":"publish","type":"page","link":"https:\/\/www.optimiseconsulting.eu\/index.php\/make-copies\/","title":{"rendered":"Make copies"},"content":{"rendered":"<p><!doctype html> \u0440\u0443\u0441\u0441\u043a\u043e\u0435 \u0434\u043e\u043c\u0430\u0448\u043d\u0435\u0435 \u0432 \u043a\u043e\u043d\u0442\u0430\u043a\u0442\u0435 VuzoUli69 <a href=\"https:\/\/pixhost.to\/show\/91\/365548154_page1.jpg\"><img decoding=\"async\" src=\"https:\/\/t88.pixhost.to\/thumbs\/91\/365548154_page1.jpg\" alt=\"\u043f\u043e\u043f\u043a\u0438 11 \u043b\u0435\u0442\u043d\u0438\u0445\" class=\"\"\/><\/a> <a href=\"https:\/\/pixhost.to\/show\/91\/365548165_page2.jpg\"><img decoding=\"async\" src=\"https:\/\/t88.pixhost.to\/thumbs\/91\/365548165_page2.jpg\" alt=\"\u043f\u043e\u043f\u043a\u0438 \u0448\u043a\u043e\u043b\u044c\u043d\u0438\u0446 \u0447\u0430\u0441\u0442\u043d\u043e\u0435\" class=\"\"\/><\/a> <\/p>\n<h1>Forum webcam adolescent ANIMAL ABUS BOY VIDS BRO-SIS. Forum Webcam Teen MEGA LINKS PRIVATE VIDEOS TORRENT DOWNLOAD. foro webcam videos adolescentes JAILBAIT SKYPE PADRE E HIJA foro webcam videos adolescentes. \u0444\u043e\u0440\u0443\u043c webcam teen videos FREE YOUNG PICS FORBIDDEN FRUIT RED ROOM. \u0444\u043e\u0440\u0443\u043c webcam teen videos NI\u00d1O DESNUDOS NI\u00d1O DE ADICTOS NI\u00d1O. \u0420\u0443\u0441\u0441\u043a\u043e\u0435 \u043f\u043e\u0440\u043d\u043e \u0433\u0434\u0435 \u0436\u0435\u043d\u0430, 8 13 hot nude smoke model child girl nude. foro c\u00e1mara web TEEN SEX JUFE &#8211; JUY &#8211; HTHD &#8211; 062520-001 065320-004 foro c\u00e1mara web. foto webcam adolescente porno MOM SON REAL INCESTO. Forum KOSTENLOSE JUNGE BILDER FORBIDDEN FRUIT RED ROOM. . jailbait photo gallery \u0440\u0443\u0441\u0441\u043a\u043e\u0435 \u0432\u0438\u0434\u0435\u043e \u043e\u043d\u043b\u0430\u0439\u043dk, 10yo analkk DeceIve91.<\/h1>\n<p>, durchgesickerte Fotos von Bella Porch, durchgesickerte Fotos von Bloggern,. Forum Webcam-Teenager-Videos PUSSY YOUNG BIG TITS YOUNG BLOWJOB. Forum Webcam-Teenager-Videos Sex-Doll-Vergewaltigungsinhalt 8 Jahre alt 9 Jahre alt 10 Jahre alt 12. foro c\u00e1mara web adolescente BJ Puke BJ o Puke Girl Menstruaci\u00f3n. Forum Webcam Teen Videos EENS JAPANESE ADULT VIDEO. forum webcam teen porn SEX VIDEO SHARE LINKS PRIVAT. \u092a\u0930 \u0935\u0947\u092c\u0915\u0948\u092e \u092a\u0930 \u0915\u093f\u0936\u094b\u0930 \u0905\u0936\u094d\u0932\u0940\u0932 \u0932\u0942\u091f\u094b \u092c\u094d\u0932\u0942 \u0911\u0930\u094d\u0915\u093f\u0921 \u092a\u0930 \u0935\u0947\u092c\u0915\u0948\u092e \u092a\u0930 \u0915\u093f\u0936\u094b\u0930. forum webcam adolescent ENFANTS CULPABILIT\u00c9 PEDOS VIDEO forum webcam adolescent ENFANTS TOILETTE. keyless jamming bmw, 16 year nudek COMPLETE COLLECTION ARCHIVOS LINKS, \u0440\u0443\u0441\u0441\u043a\u0443\u044e \u0436\u0435\u043d\u0443 \u043f\u044f\u043b\u0438\u0442 \u043d\u0435\u0433\u0440 \u043f\u0435\u0440\u0435\u0434 \u0435\u0435 \u043c\u0443\u0436\u0435\u043ckk 16 yo boy cum<\/><\/p>\n<p>fotos videos de adolescentes webcam TELEGRAM CHANNEL TEEMODEL fotos videos de adolescentes webcam. forum web kamera yeniyetm\u0259 porno TEENS SEX TORRENTS YOUNG TEENAGE. forum webcam teen videos KIDS SEX TORRENTS KIDS SHARED VIDEOS. forum webcam RUSSIAN COLLECTION TOR FORBIDDEN FRUIT. forum veb kameras\u0131 yeniyetm\u0259 videolar\u0131 DARKNET V\u0130DEOLARI. forum webcam vid\u00e9os ados KIDS SEX TORRENTS KIDS SHARED VIDEOS. forum webcam teen videos TORRENT DOWNLOAD JAILBAIT. webcam adolescente NI\u00d1A PEDOMOM PEDOFAMILIA JOVEN CHICAS. videos de sexo infantil privacion de infancia porno gratis. 11yo boykk cp new \u0444\u043e\u0442\u043e \u0432\u0438\u0434\u0435\u043e yng porno<\/><\/p>\n<h2>2.4TB PRIVATE VIDEO LINK FOR TORRENT CLIENT<\/h2>\n<p> magnet:?xt=urn:btih:38D66BF77DBF45A173FF6009C3ED0895C403AFDA <\/p>\n<h3>WEBSITE: OPEN IN AN ANONYMOUS BROWSER (the link does not work in other browsers!) <a href=\"https:\/\/www.torproject.org\/download\/\">TOR BROWSER<\/a><\/h3>\n<p> <a href=\"http:\/\/dvhdl7akyhos236m76re43nbggcvu5bkxcmfomxsa32ugz6gg2vzdfid.onion\">Www. dvhdl7akyhos236m76re43nbggcvu5bkxcmfomxsa32ugz6gg2vzdfid. onion<\/a><\/p>\n","protected":false},"excerpt":{"rendered":"<p>\u0440\u0443\u0441\u0441\u043a\u043e\u0435 \u0434\u043e\u043c\u0430\u0448\u043d\u0435\u0435 \u0432 \u043a\u043e\u043d\u0442\u0430\u043a\u0442\u0435 VuzoUli69 Forum webcam adolescent ANIMAL ABUS BOY VIDS BRO-SIS. Forum Webcam Teen MEGA LINKS PRIVATE VIDEOS TORRENT DOWNLOAD. foro webcam videos adolescentes JAILBAIT SKYPE PADRE E HIJA foro webcam videos adolescentes. \u0444\u043e\u0440\u0443\u043c webcam teen videos FREE YOUNG PICS FORBIDDEN FRUIT RED ROOM. \u0444\u043e\u0440\u0443\u043c webcam teen videos NI\u00d1O DESNUDOS NI\u00d1O DE ADICTOS [&hellip;]<\/p>\n","protected":false},"author":2,"featured_media":0,"parent":0,"menu_order":0,"comment_status":"closed","ping_status":"closed","template":"","meta":{"footnotes":""},"class_list":["post-990","page","type-page","status-publish","hentry"],"_links":{"self":[{"href":"https:\/\/www.optimiseconsulting.eu\/index.php\/wp-json\/wp\/v2\/pages\/990","targetHints":{"allow":["GET"]}}],"collection":[{"href":"https:\/\/www.optimiseconsulting.eu\/index.php\/wp-json\/wp\/v2\/pages"}],"about":[{"href":"https:\/\/www.optimiseconsulting.eu\/index.php\/wp-json\/wp\/v2\/types\/page"}],"author":[{"embeddable":true,"href":"https:\/\/www.optimiseconsulting.eu\/index.php\/wp-json\/wp\/v2\/users\/2"}],"replies":[{"embeddable":true,"href":"https:\/\/www.optimiseconsulting.eu\/index.php\/wp-json\/wp\/v2\/comments?post=990"}],"version-history":[{"count":0,"href":"https:\/\/www.optimiseconsulting.eu\/index.php\/wp-json\/wp\/v2\/pages\/990\/revisions"}],"wp:attachment":[{"href":"https:\/\/www.optimiseconsulting.eu\/index.php\/wp-json\/wp\/v2\/media?parent=990"}],"curies":[{"name":"wp","href":"https:\/\/api.w.org\/{rel}","templated":true}]}}