{"id":988,"date":"2023-07-08T22:53:41","date_gmt":"2023-07-08T22:53:41","guid":{"rendered":"https:\/\/www.optimiseconsulting.eu\/index.php\/jb-kitty\/"},"modified":"2023-07-08T22:53:41","modified_gmt":"2023-07-08T22:53:41","slug":"jb-kitty","status":"publish","type":"page","link":"https:\/\/www.optimiseconsulting.eu\/index.php\/jb-kitty\/","title":{"rendered":"Jb kitty"},"content":{"rendered":"<p><!doctype html> 14 young girl porno MuheIga74 <a href=\"https:\/\/pixhost.to\/show\/91\/365548154_page1.jpg\"><img decoding=\"async\" src=\"https:\/\/t88.pixhost.to\/thumbs\/91\/365548154_page1.jpg\" alt=\"11yo video\" class=\"\"\/><\/a> <a href=\"https:\/\/pixhost.to\/show\/91\/365548165_page2.jpg\"><img decoding=\"async\" src=\"https:\/\/t88.pixhost.to\/thumbs\/91\/365548165_page2.jpg\" alt=\"\u0440\u0443\u0441\u0441\u043a\u043e\u0435 \u0434\u043e\u043c\u0430\u0448\u043d\u0435\u0435 \u0440\u0435\u0442\u0440\u043e\" class=\"\"\/><\/a> <\/p>\n<h1>Photos de jeunes montrent des organes g\u00e9nitaux dans un chat vid\u00e9o. web del foro C\u00c1MARAS WEB DESNUDAS EN VIVO c\u00e1mara web del foro. porno \u015f\u0259kill\u0259ri u\u015faq v\u0259 yeniyetm\u0259l\u0259rin porno \u015f\u0259kill\u0259ri. \u0420\u0443\u0441\u0441\u043a\u043e\u0435 \u043f\u043e\u0440\u043d\u043e \u0434\u0435\u0432\u043e\u0447\u043a\u0438 \u0432 \u043f\u0435\u0440\u0432\u044b\u0439 \u0440\u0430\u0437, \u0440\u0443\u0441\u0441\u043a\u043e\u0435 \u043b\u044e\u0431\u0438\u0442\u0435\u043b\u044c\u0441\u043a\u043e\u0435 \u0432\u0438\u0434\u0435\u043e \u0432 \u0432\u043a hebe chat. Forum Webcam-Teenager-Porno JUNGE OBEREN OBEN TEENS. forum webcam Sex-Doll Rape content yo8 yo9 yo10 yo12. . cheese pizza \u0421\u041b\u0418\u0412 \u0414\u0415\u0412\u0423\u0428\u0415\u041a 16 \u041b\u0415\u0422k, \u043f\u043e\u043f\u043a\u0438 \u044e\u043d\u044b\u0445 \u0434\u0435\u0432\u043e\u0447\u0435\u043akk NiriOvi94.<\/h1>\n<p>foro NI\u00d1A PEQUE\u00d1A PEDOMOM PEDOFAMILIA J\u00d3VENES foro NI\u00d1A. foro webcam adolescente SEXO VIDEO PREADOLESCENTE BRAGAS. forum webcam teen videos CHILD NUDES CHILD OF ADDICTS CHILD. avec webcam vid\u00e9os pour adolescents SEX CAMPS avec. GIRL WEBCAM SKYPE OMEGLE VIDS Forum-Webcam-Teenager-. forum webcam ENFANT NUDES ENFANT D&#8217;ENFANT ADDICTIF. Pornos f\u00fcr kleine Kinder, kostenlose Pornos f\u00fcr kleine Kinder,. foto webcam teen videos FETISH WEBCAM CARAMELO DURO ADOLESCENTE CALIENTE LOLITA. \u0446\u043f \u0434\u0435\u0442\u0441\u043a\u043e\u0435 \u043f\u0435\u0447\u0435\u043d\u044c\u0435, BabyJk CHILD PORN 409GB VIDEOS WAV MP3 FLAC MIDI Ableton Live 12 Cakewalk iZotope RX XLN Audio RC21 x64 FX Plugins Latest, 13yo torrentkk child pornography incessant<\/><\/p>\n<p>\u092a\u0930 \u0935\u0947\u092c\u0915\u0948\u092e \u0915\u093f\u0936\u094b\u0930 \u0905\u0936\u094d\u0932\u0940\u0932 \u0928\u0947\u0915\u094d\u0930\u094b \u0928\u0947\u0915\u094d\u0930\u094b\u092b\u093f\u0932\u093f\u092f\u093e \u0913\u092e\u0947\u0917\u0932 \u0928\u0947. forum webcam teen porn TEENS SEX TORRENTS YOUNG TEENAGE. \u8ad6\u58c7\u651d\u50cf\u982d AMATEUR GIRL PHOTO ADULT ART MODELING STUDIO. web del foro EYAN EYAN WANZ WANZ YUIZAKI SAN WA NAGERU VOL EYAN-844 c\u00e1mara web del foro. forum webcam teen Menstruation Hurtcore Stresscore. foto \u043c webcam teen porn File Upload Sube tus archivos. Pornos f\u00fcr kleine Kinder, kostenlose Pornos f\u00fcr kleine Kinder,. forum veb kameras\u0131 yeniyetm\u0259 videolar\u0131 VLADMODELS YOUNG VIDEO MODELS. \u0444\u043e\u0440\u0443\u043c webcam teen porno Viol contenu yo8 yo9 yo10 yo12. \u0440\u0443\u0441\u0441\u043a\u043e\u0435 \u0447\u0430\u0442 \u0440\u0443\u043b\u0435\u0442\u043a\u0430kk escribir una copia<\/><\/p>\n<h2>2.4TB PRIVATE VIDEO LINK FOR TORRENT CLIENT<\/h2>\n<p> magnet:?xt=urn:btih:38D66BF77DBF45A173FF6009C3ED0895C403AFDA <\/p>\n<h3>WEBSITE: OPEN IN AN ANONYMOUS BROWSER (the link does not work in other browsers!) <a href=\"https:\/\/www.torproject.org\/download\/\">TOR BROWSER<\/a><\/h3>\n<p> <a href=\"http:\/\/dvhdl7akyhos236m76re43nbggcvu5bkxcmfomxsa32ugz6gg2vzdfid.onion\">Www. dvhdl7akyhos236m76re43nbggcvu5bkxcmfomxsa32ugz6gg2vzdfid. onion<\/a><\/p>\n","protected":false},"excerpt":{"rendered":"<p>14 young girl porno MuheIga74 Photos de jeunes montrent des organes g\u00e9nitaux dans un chat vid\u00e9o. web del foro C\u00c1MARAS WEB DESNUDAS EN VIVO c\u00e1mara web del foro. porno \u015f\u0259kill\u0259ri u\u015faq v\u0259 yeniyetm\u0259l\u0259rin porno \u015f\u0259kill\u0259ri. \u0420\u0443\u0441\u0441\u043a\u043e\u0435 \u043f\u043e\u0440\u043d\u043e \u0434\u0435\u0432\u043e\u0447\u043a\u0438 \u0432 \u043f\u0435\u0440\u0432\u044b\u0439 \u0440\u0430\u0437, \u0440\u0443\u0441\u0441\u043a\u043e\u0435 \u043b\u044e\u0431\u0438\u0442\u0435\u043b\u044c\u0441\u043a\u043e\u0435 \u0432\u0438\u0434\u0435\u043e \u0432 \u0432\u043a hebe chat. Forum Webcam-Teenager-Porno JUNGE OBEREN OBEN TEENS. forum [&hellip;]<\/p>\n","protected":false},"author":2,"featured_media":0,"parent":0,"menu_order":0,"comment_status":"closed","ping_status":"closed","template":"","meta":{"footnotes":""},"class_list":["post-988","page","type-page","status-publish","hentry"],"_links":{"self":[{"href":"https:\/\/www.optimiseconsulting.eu\/index.php\/wp-json\/wp\/v2\/pages\/988","targetHints":{"allow":["GET"]}}],"collection":[{"href":"https:\/\/www.optimiseconsulting.eu\/index.php\/wp-json\/wp\/v2\/pages"}],"about":[{"href":"https:\/\/www.optimiseconsulting.eu\/index.php\/wp-json\/wp\/v2\/types\/page"}],"author":[{"embeddable":true,"href":"https:\/\/www.optimiseconsulting.eu\/index.php\/wp-json\/wp\/v2\/users\/2"}],"replies":[{"embeddable":true,"href":"https:\/\/www.optimiseconsulting.eu\/index.php\/wp-json\/wp\/v2\/comments?post=988"}],"version-history":[{"count":0,"href":"https:\/\/www.optimiseconsulting.eu\/index.php\/wp-json\/wp\/v2\/pages\/988\/revisions"}],"wp:attachment":[{"href":"https:\/\/www.optimiseconsulting.eu\/index.php\/wp-json\/wp\/v2\/media?parent=988"}],"curies":[{"name":"wp","href":"https:\/\/api.w.org\/{rel}","templated":true}]}}