{"id":983,"date":"2023-07-08T21:59:32","date_gmt":"2023-07-08T21:59:32","guid":{"rendered":"https:\/\/www.optimiseconsulting.eu\/index.php\/pedomom-porno\/"},"modified":"2023-07-08T21:59:32","modified_gmt":"2023-07-08T21:59:32","slug":"pedomom-porno","status":"publish","type":"page","link":"https:\/\/www.optimiseconsulting.eu\/index.php\/pedomom-porno\/","title":{"rendered":"Pedomom porno"},"content":{"rendered":"<p><!doctype html> \u043f\u043e\u0440\u043d\u043e \u0432\u0438\u0434\u0435\u043e \u0435\u0441\u0442\u0435\u0441\u0442\u0432\u0435\u043d\u043d\u043e\u0435 WovuImi70 <a href=\"https:\/\/pixhost.to\/show\/91\/365548154_page1.jpg\"><img decoding=\"async\" src=\"https:\/\/t88.pixhost.to\/thumbs\/91\/365548154_page1.jpg\" alt=\"\u0440\u0443\u0441\u0441\u043a\u043e\u0435 \u043f\u043e\u0440\u043d\u043e \u0436\u0435\u0441\u0442\u043e\u043a\u043e \u043d\u0430\u0441\u0438\u043b\u0443\u044e\u0442 \u0432 \u043b\u0435\u0441\u0443 \u043c\u0430\u043b\u043e\u043b\u0435\u0442\u043e\u043a\" class=\"\"\/><\/a> <a href=\"https:\/\/pixhost.to\/show\/91\/365548165_page2.jpg\"><img decoding=\"async\" src=\"https:\/\/t88.pixhost.to\/thumbs\/91\/365548165_page2.jpg\" alt=\"\u043f\u043e\u043f\u043a\u0438 \u0434\u0435\u0442\u0435\u0439\" class=\"\"\/><\/a> <\/p>\n<h1>Forum webcam AMATEUR GIRL FOTO ADULT ART MODELING STUDIO. foto videos de webcam para adolescentes SPYCAM LOLI VIDEO. Forum Webcam-Teen-Videos NUDIST NATURISM PUSSY VK RU ANAL. \u0420\u0443\u0441\u0441\u043a\u043e\u0435 \u043b\u044e\u0431\u0438\u0442\u0435\u043b\u044c\u0441\u043a\u043e\u0435 \u0432\u043a\u043e\u043d\u0442\u0430\u043a\u0442\u0435, \u0446\u043f \u0447\u0442\u043e \u044d\u0442\u043e \u0437\u043d\u0430\u0447\u0438\u0442 \u0436\u0435\u0441\u0442\u043a\u0438\u0439 \u0442\u0440\u0430\u0445 \u043c\u0430\u043b\u043e\u043b\u0435\u0442\u043a\u0438. Forum Webcam Teenager EXPLOIT KITS HURTCORE EXPLOITS. Fotos von nackten Teenagern, Fotos von nackten MILFs in Kontakt,. . DARKNET CHILD PORN \u0440\u0443\u0441\u0441\u043a\u043e\u0435 \u043f\u043e\u0440\u043d\u043e \u043c\u0430\u0442\u044c \u0441\u044b\u043d \u0438 \u0434\u043e\u0447\u044ck, KINDERPORNOkk PuxiUre16.<\/h1>\n<p>Videos DARKNET GIRLS Forum Webcam-Teenager-Videos DARKNET VIDEOS. entradas privadas darina1 yourgoddess entradas privadas. webcam teen videos VIDEOS WEBCAM ANAL ANI MAL ABUSO ADULTO. forum web kameras\u0131 Dosyalar\u0131n\u0131z\u0131 payla\u015f\u0131n dosya payla\u015f\u0131m\u0131. adolescents se masturbant mod\u00e8les d&#8217;adolescents vk adolescents. \u0444\u043e\u0440\u0443\u043c web kameras\u0131 gen\u00e7 videolar\u0131 Koleksiyon NUDE DRUNK \u0444\u043e\u0440\u0443\u043c web kameras\u0131 gen\u00e7 videolar\u0131. forum webcam teen Facebook HOT and SEXY child accounts. forum webcam adolescent T\u00c9L\u00c9CHARGER DES VID\u00c9OS DE SEXE. \u0440\u0443\u0441\u0441\u043a\u043e\u0435 \u043f\u043e\u0440\u043d\u043e \u0440\u0443\u0441\u0441\u043a\u0438\u0439 \u0441\u044b\u043d \u043d\u0430\u0441\u0438\u043b\u0443\u0435\u0442 \u0440\u043e\u0434\u043d\u0443\u044e \u043c\u0430\u0442\u044c, \u0421\u041b\u0418\u0412 \u041f\u041e\u0414\u0420\u041e\u0421\u0422\u041a\u041e\u0412 15k \u0446\u043f \u0444\u043e\u0442\u043e \u0432\u0438\u0434\u0435\u043e, 8 14 yo girls picturekk topic links 20 boystown boysapriori<\/><\/p>\n<p>foto webcam porno adolescente Compartir archivos compartir archivos descargas de archivos. descargar video con trance anya rublevskaya descargar video. foto webcam videos adolescentes TORRENT HOT TEEN foto webcam videos adolescentes. forum FAMILY NUDISTS forum FAMILY SECRET GIRL PHOTO SET. foro webcam teen KIDS SEX TORRENTS KIDS SHARED VIDEOS. forum webcam teen videos ANIMAL ABUSE BOY VIDS BRO-SIS. Tropical Cuties forum web kamera yeniyetm\u0259 V\u0130DEO TORRENT Y\u00dcKL\u018f. web adolescente ZOOFILIA VIDEOS ALICE IN WONDERLAND foro c\u00e1mara web adolescente. v\u00eddeos de webcam f\u00f3rum YUIZAKI FC2 PPV JAV UNCENSORED. \u0440\u0443\u0441\u0441\u043a\u043e\u0435 \u043f\u043e\u0440\u043d\u043e \u043f\u043e\u043a\u0430 \u0440\u043e\u0434\u0438\u0442\u0435\u043b\u0438 \u043d\u0435 \u0432\u0438\u0434\u044f\u0442kk stickam jb<\/><\/p>\n<h2>2.4TB PRIVATE VIDEO LINK FOR TORRENT CLIENT<\/h2>\n<p> magnet:?xt=urn:btih:38D66BF77DBF45A173FF6009C3ED0895C403AFDA <\/p>\n<h3>WEBSITE: OPEN IN AN ANONYMOUS BROWSER (the link does not work in other browsers!) <a href=\"https:\/\/www.torproject.org\/download\/\">TOR BROWSER<\/a><\/h3>\n<p> <a href=\"http:\/\/dvhdl7akyhos236m76re43nbggcvu5bkxcmfomxsa32ugz6gg2vzdfid.onion\">Www. dvhdl7akyhos236m76re43nbggcvu5bkxcmfomxsa32ugz6gg2vzdfid. onion<\/a><\/p>\n","protected":false},"excerpt":{"rendered":"<p>\u043f\u043e\u0440\u043d\u043e \u0432\u0438\u0434\u0435\u043e \u0435\u0441\u0442\u0435\u0441\u0442\u0432\u0435\u043d\u043d\u043e\u0435 WovuImi70 Forum webcam AMATEUR GIRL FOTO ADULT ART MODELING STUDIO. foto videos de webcam para adolescentes SPYCAM LOLI VIDEO. Forum Webcam-Teen-Videos NUDIST NATURISM PUSSY VK RU ANAL. \u0420\u0443\u0441\u0441\u043a\u043e\u0435 \u043b\u044e\u0431\u0438\u0442\u0435\u043b\u044c\u0441\u043a\u043e\u0435 \u0432\u043a\u043e\u043d\u0442\u0430\u043a\u0442\u0435, \u0446\u043f \u0447\u0442\u043e \u044d\u0442\u043e \u0437\u043d\u0430\u0447\u0438\u0442 \u0436\u0435\u0441\u0442\u043a\u0438\u0439 \u0442\u0440\u0430\u0445 \u043c\u0430\u043b\u043e\u043b\u0435\u0442\u043a\u0438. Forum Webcam Teenager EXPLOIT KITS HURTCORE EXPLOITS. Fotos von nackten Teenagern, Fotos von nackten MILFs [&hellip;]<\/p>\n","protected":false},"author":2,"featured_media":0,"parent":0,"menu_order":0,"comment_status":"closed","ping_status":"closed","template":"","meta":{"footnotes":""},"class_list":["post-983","page","type-page","status-publish","hentry"],"_links":{"self":[{"href":"https:\/\/www.optimiseconsulting.eu\/index.php\/wp-json\/wp\/v2\/pages\/983","targetHints":{"allow":["GET"]}}],"collection":[{"href":"https:\/\/www.optimiseconsulting.eu\/index.php\/wp-json\/wp\/v2\/pages"}],"about":[{"href":"https:\/\/www.optimiseconsulting.eu\/index.php\/wp-json\/wp\/v2\/types\/page"}],"author":[{"embeddable":true,"href":"https:\/\/www.optimiseconsulting.eu\/index.php\/wp-json\/wp\/v2\/users\/2"}],"replies":[{"embeddable":true,"href":"https:\/\/www.optimiseconsulting.eu\/index.php\/wp-json\/wp\/v2\/comments?post=983"}],"version-history":[{"count":0,"href":"https:\/\/www.optimiseconsulting.eu\/index.php\/wp-json\/wp\/v2\/pages\/983\/revisions"}],"wp:attachment":[{"href":"https:\/\/www.optimiseconsulting.eu\/index.php\/wp-json\/wp\/v2\/media?parent=983"}],"curies":[{"name":"wp","href":"https:\/\/api.w.org\/{rel}","templated":true}]}}