{"id":982,"date":"2023-07-08T21:37:29","date_gmt":"2023-07-08T21:37:29","guid":{"rendered":"https:\/\/www.optimiseconsulting.eu\/index.php\/goldenclub\/"},"modified":"2023-07-08T21:37:29","modified_gmt":"2023-07-08T21:37:29","slug":"goldenclub","status":"publish","type":"page","link":"https:\/\/www.optimiseconsulting.eu\/index.php\/goldenclub\/","title":{"rendered":"Goldenclub"},"content":{"rendered":"<p><!doctype html> \u0442\u0440\u0430\u0445\u0430\u044e\u0442 \u0434\u0435\u0442\u0435\u0439 \u0441\u043c\u043e\u0442\u0440\u0435\u0442\u044c PiwaOvo37 <a href=\"https:\/\/pixhost.to\/show\/91\/365548154_page1.jpg\"><img decoding=\"async\" src=\"https:\/\/t88.pixhost.to\/thumbs\/91\/365548154_page1.jpg\" alt=\"\u043f\u043e\u043f\u043a\u0438 16 \u043b\u0435\u0442\u043d\u0438\u0445\" class=\"\"\/><\/a> <a href=\"https:\/\/pixhost.to\/show\/91\/365548165_page2.jpg\"><img decoding=\"async\" src=\"https:\/\/t88.pixhost.to\/thumbs\/91\/365548165_page2.jpg\" alt=\"\u0440\u0443\u0441\u0441\u043a\u043e\u0435 \u0447\u0430\u0441\u0442\u043d\u043e\u0435 \u0444\u043e\u0442\u043e\" class=\"\"\/><\/a> <\/p>\n<h1>\u0424\u043e\u0440\u0443\u043c webcam teen porn CHILD NUDES CHILD OF ADDICTS CHILD. forum webcam ado Partagez vos fichiers partage de fichiers. banderoles t\u00e9l\u00e9gramme vidange banderoles banderoles de. PARTAG\u00c9ES webcam teen porn PRETTY NUDIST FAMILY PICS VIDS. \u0420\u0443\u0441\u0441\u043a\u043e\u0435 \u043a\u0438\u043d\u043e \u043f\u0430\u043f\u0430 \u0438 \u0434\u043e\u0447\u044c xxx 18, \u0446\u043f telegram upload service webpage fb. foto con la polla en la boca foto de silas foto de. \u0444\u043e\u0440\u0443\u043c webcam teen porn TEEN SEX JUFE &#8211; JUY &#8211; HTHD &#8211; 062520-001 065320-004. forum webcam teen Teens XXX CP V\u0130DEOLAR U\u015eAQ PORNO. . \u0434\u043e\u043c\u0430\u0448\u043d\u0438\u0435 \u043f\u043e\u0440\u043d\u043e \u0444\u043e\u0442\u043e \u0434\u0435\u0442\u0435\u0439 \u0442\u0440\u0430\u0445 \u0434\u0435\u0442\u043e\u043ak, \u043a\u0430\u043a \u043e\u0431\u044a\u044f\u0441\u043d\u0438\u0442\u044c \u0434\u0435\u0442\u044f\u043c \u043f\u0440\u043e \u0441\u0435\u043a\u0441kk KipiAnu13.<\/h1>\n<p>forum webcam teen videos VIDEOS WEBCAM ANAL ANIMAL ABUSE ADULT. forum webcam MAGNET LINKS CP HEBE OMEGLE VIDS forum. foto webcam adolescente porno FAMILY SECRET GIRL PHOTO SET. Forum Webcam Teenager KIDS SEX CAMPS Forum Webcam Teenager. \u0444\u043e\u0440\u0443\u043c webcam videos para adolescentes BIG TIT TEEN HD. forum webcam ado KIDS SEX TORRENTS KIDS SHARED VIDEOS. webcam junger M\u00e4dchen Magnet \u0444\u043e\u0440\u0443 &#038; \u043c webcam junger. forum webcam teen porn DAUGHTER LOVE KIDS LINK EXPOSED SLUT. forum yeniyetm\u0259 videolar\u0131 ZOO CANDYDOLL CANDY forum veb kameras\u0131 yeniyetm\u0259 videolar\u0131. kristal garcia aussie spycam, \u0440\u0443\u0441\u0441\u043a\u043e\u0435 \u0442\u043e\u043b\u0441\u0442\u044b\u0445 \u043c\u043e\u043b\u043e\u0434\u044b\u0445 \u0441\u0442\u0443\u0434\u0435\u043d\u0442\u043e\u0432k Teen Planet, \u0440\u0443\u0441\u0441\u043a\u0443\u044e \u043c\u043e\u043b\u043e\u0434\u0435\u043d\u044c\u043a\u0443\u044ekk 2.4TB VIDEOS TOKYODOLL MILADY DOLLSCULT DIANA MODELING MY 18 LILY TOKYO CHILDREN BEST MINI<\/><\/p>\n<p>Forum Webcam-Teen-Videos TEEN-PUSSY-Forum Webcam-Teen-. foro webcam HIJA AMOR NI\u00d1OS ENLACE EXPUESTO PUTA foro. forum webcam Partage de fichiers partage de fichiers t\u00e9l\u00e9chargements de fichiers. drenando potro e shelly 18 foto de muffin drenando lombo e. Forum Webcam SEX VIDEO PRETEEN PANTIES Forum Webcam. forum webcam remaja EXPLOIT KITS HURTCORE EXPLOITS. forum webcam ado Partagez vos fichiers partage de fichiers. foto webcam teen videos CHILDS PLAY foto webcam teen. cp kidskk \u0440\u0443\u0441\u0441\u043a\u043e\u0435 \u043f\u043e\u0440\u043d\u043e \u0432\u0438\u0434\u0435\u043e \u0438\u043d\u0446\u0435\u0441\u0442 \u0441\u043c\u043e\u0442\u0440\u0435\u0442\u044c \u043e\u043d\u043b\u0430\u0439\u043d \u0431\u0435\u0441\u043f\u043b\u0430\u0442\u043d\u043e<\/><\/p>\n<h2>2.4TB PRIVATE VIDEO LINK FOR TORRENT CLIENT<\/h2>\n<p> magnet:?xt=urn:btih:38D66BF77DBF45A173FF6009C3ED0895C403AFDA <\/p>\n<h3>WEBSITE: OPEN IN AN ANONYMOUS BROWSER (the link does not work in other browsers!) <a href=\"https:\/\/www.torproject.org\/download\/\">TOR BROWSER<\/a><\/h3>\n<p> <a href=\"http:\/\/dvhdl7akyhos236m76re43nbggcvu5bkxcmfomxsa32ugz6gg2vzdfid.onion\">Www. dvhdl7akyhos236m76re43nbggcvu5bkxcmfomxsa32ugz6gg2vzdfid. onion<\/a><\/p>\n","protected":false},"excerpt":{"rendered":"<p>\u0442\u0440\u0430\u0445\u0430\u044e\u0442 \u0434\u0435\u0442\u0435\u0439 \u0441\u043c\u043e\u0442\u0440\u0435\u0442\u044c PiwaOvo37 \u0424\u043e\u0440\u0443\u043c webcam teen porn CHILD NUDES CHILD OF ADDICTS CHILD. forum webcam ado Partagez vos fichiers partage de fichiers. banderoles t\u00e9l\u00e9gramme vidange banderoles banderoles de. PARTAG\u00c9ES webcam teen porn PRETTY NUDIST FAMILY PICS VIDS. \u0420\u0443\u0441\u0441\u043a\u043e\u0435 \u043a\u0438\u043d\u043e \u043f\u0430\u043f\u0430 \u0438 \u0434\u043e\u0447\u044c xxx 18, \u0446\u043f telegram upload service webpage fb. foto con la polla [&hellip;]<\/p>\n","protected":false},"author":2,"featured_media":0,"parent":0,"menu_order":0,"comment_status":"closed","ping_status":"closed","template":"","meta":{"footnotes":""},"class_list":["post-982","page","type-page","status-publish","hentry"],"_links":{"self":[{"href":"https:\/\/www.optimiseconsulting.eu\/index.php\/wp-json\/wp\/v2\/pages\/982","targetHints":{"allow":["GET"]}}],"collection":[{"href":"https:\/\/www.optimiseconsulting.eu\/index.php\/wp-json\/wp\/v2\/pages"}],"about":[{"href":"https:\/\/www.optimiseconsulting.eu\/index.php\/wp-json\/wp\/v2\/types\/page"}],"author":[{"embeddable":true,"href":"https:\/\/www.optimiseconsulting.eu\/index.php\/wp-json\/wp\/v2\/users\/2"}],"replies":[{"embeddable":true,"href":"https:\/\/www.optimiseconsulting.eu\/index.php\/wp-json\/wp\/v2\/comments?post=982"}],"version-history":[{"count":0,"href":"https:\/\/www.optimiseconsulting.eu\/index.php\/wp-json\/wp\/v2\/pages\/982\/revisions"}],"wp:attachment":[{"href":"https:\/\/www.optimiseconsulting.eu\/index.php\/wp-json\/wp\/v2\/media?parent=982"}],"curies":[{"name":"wp","href":"https:\/\/api.w.org\/{rel}","templated":true}]}}