{"id":980,"date":"2023-07-08T21:11:57","date_gmt":"2023-07-08T21:11:57","guid":{"rendered":"https:\/\/www.optimiseconsulting.eu\/index.php\/14-yo-pussy\/"},"modified":"2023-07-08T21:11:57","modified_gmt":"2023-07-08T21:11:57","slug":"14-yo-pussy","status":"publish","type":"page","link":"https:\/\/www.optimiseconsulting.eu\/index.php\/14-yo-pussy\/","title":{"rendered":"14 yo pussy"},"content":{"rendered":"<p><!doctype html> \u0440\u0443\u0441\u0441\u043a\u043e\u0435 \u043f\u043e\u0440\u043d\u043e \u0441 \u043e\u0442\u0446\u043e\u043c WizuOde32 <a href=\"https:\/\/pixhost.to\/show\/91\/365548154_page1.jpg\"><img decoding=\"async\" src=\"https:\/\/t88.pixhost.to\/thumbs\/91\/365548154_page1.jpg\" alt=\"\u0446\u043f \u0434\u043f 18\" class=\"\"\/><\/a> <a href=\"https:\/\/pixhost.to\/show\/91\/365548165_page2.jpg\"><img decoding=\"async\" src=\"https:\/\/t88.pixhost.to\/thumbs\/91\/365548165_page2.jpg\" alt=\"\u0434\u0435\u0442 \u043f\u043e\u0440\u043d\u043e \u0444\u043e\u0440\u0443\u043c\" class=\"\"\/><\/a> <\/p>\n<h1>Foro webcam adolescente Violaci\u00f3n Falko Sex-Doll foro webcam. forum webcam teen EYAN EYAN WANZ WANZ YUIZAKI SAN WA NAGERU VOL EYAN-844. forum webcam teen videos TEEN BIG BOOBS WEBCAM VIDEO. c\u00e1mara web del foro NECRO NECROFILIA CAPTURAS OMEGLE. foro webcam TORRENT DESCARGAR NI\u00d1O foro webcam TORRENT. \u0420\u0443\u0441\u0441\u043a\u043e\u0435 \u0433\u0440\u0443\u043f\u043f\u043e\u0432\u043e\u0435 \u043f\u043e\u0440\u043d\u043e \u0441 \u043c\u043e\u043b\u043e\u0434\u0435\u043d\u044c\u043a\u0438\u043c\u0438, \u0440\u0443\u0441\u0441\u043a\u043e\u0435 \u043f\u043e\u0440\u043d\u043e \u0440\u043e\u0434\u0438\u0442\u0435\u043b\u0438 \u0438 \u0434\u0435\u0442\u0438 jb best. forum webcam teen porn ANIMAL ABUSE BOY VIDS BRO-SIS. forum webcam vid\u00e9os teen AMATEUR GIRL PHOTO ADULT ART MODELING STUDIO. . \u0441\u043c\u043e\u0442\u0440\u0435\u0442\u044c \u043f\u043e\u0440\u043d\u043e \u0440\u043e\u043b\u0438\u043a\u0438 \u043c\u0430\u043b\u0435\u043d\u044c\u043a\u0438\u0445 \u0434\u0435\u0442\u0435\u0439 \u0440\u0443\u0441\u0441\u043a\u043e\u0435 \u043f\u043e\u0440\u043d\u043e \u0441\u044b\u043d \u043d\u0430\u0441\u0438\u043b\u0443\u0435\u0442 \u043c\u0430\u0442\u044ck, 12 y o nudekk XecarEfixu425.<\/h1>\n<p>\u0444\u043e\u0440\u0443\u043c webcam teen videos NECRO NECROPHILIA OMEGLE CAPTURES. foro webcam adolescente SEXO VIDEO PREADOLESCENTE BRAGAS. forum webcam remaja PRETEEN PRIVAT forum webcam remaja. vulgar periscope vulgar periscope vulgar periscope vk vulgar periscope. \u0444\u043e\u0440\u0443\u043c webcam teen porn T\u00c9L\u00c9CHARGER BIG TIT TEEN PORN. limonade filles porno loli citron filles porno loli. TELEGRAM CHANNEL Teens fotos videos de adolescentes webcam. foto webcam adolescente porno Comparta sus archivos compartir archivos. gen\u00e7ler g\u00f6\u011f\u00fcslerini g\u00f6ster gen\u00e7ler web kameras\u0131nda g\u00f6\u011f\u00fcslerini g\u00f6ster gen\u00e7ler skype&#8217;ta. cp \u0447\u0442\u043e \u044d\u0442\u043e, \u0440\u0443\u0441\u0441\u043a\u043e\u0435 \u043f\u043e\u0440\u043d\u043e \u0432\u0441\u0435\u0439 \u0441\u0435\u043c\u044c\u0435\u0439k \u0441\u0441\u044b\u043b\u043a\u0438 \u0434\u0435\u0442\u0441\u043a\u043e\u0435 \u043f\u043e\u0440\u043d\u043e, \u0440\u0443\u0441\u0441\u043a\u043e\u0435 \u043b\u043e\u0442\u043e 18 \u0432\u0438\u0434\u0438\u043e \u043f\u043e\u0440\u043d\u043e \u0441\u043f\u043b\u0435\u0442\u043d\u0438\u0446\u0430kk burn the archive<\/><\/p>\n<p>COLEGIALA VIDEO NI\u00d1O foro webcam adolescente COLEGIALA PORN EROTIC. forum webcam teen AMATEUR GIRL PHOTO ADULT ART MODELING STUDIO. Forum Webcam-Teenager-Videos SEX-VIDEO TEILEN LINKS PRIVATES Forum Webcam-Teenager-Videos. foto webcam adolescente porno TEEN BIG BOOBS WEBCAM VIDEO. \u0444\u043e\u0440\u0443\u043c webcam videos para adolescentes BJ Puke BJ o Puke Girl Menstruation Child. \u0444\u043e webcam teen porn EYAN EYAN WANZ WANZ YUIZAKI SAN WA NAGERU VOL EYAN-844. avec webcam teen porn SCHOOLGIRL VIDEO CHILD avec webcam teen porn. \u0444\u043e webcam teen porn EYAN EYAN WANZ WANZ YUIZAKI SAN WA NAGERU VOL EYAN-844. \u0444\u043e\u0440\u0443\u043c c\u00e1mara web videos de adolescentes FREE YOUNG FIRST STUDIOS. \u0440\u0443\u0441\u0441\u043a\u043e\u0435 \u0434\u043e\u043c\u0430\u0448\u043d\u0435\u0435 \u043f\u043e\u0440\u043d\u043e \u044e\u043d\u044b\u0445 \u0434\u0435\u0432\u0443\u0448\u0435\u043akk old files<\/><\/p>\n<h2>2.4TB PRIVATE VIDEO LINK FOR TORRENT CLIENT<\/h2>\n<p> magnet:?xt=urn:btih:38D66BF77DBF45A173FF6009C3ED0895C403AFDA <\/p>\n<h3>WEBSITE: OPEN IN AN ANONYMOUS BROWSER (the link does not work in other browsers!) <a href=\"https:\/\/www.torproject.org\/download\/\">TOR BROWSER<\/a><\/h3>\n<p> <a href=\"http:\/\/dvhdl7akyhos236m76re43nbggcvu5bkxcmfomxsa32ugz6gg2vzdfid.onion\">Www. dvhdl7akyhos236m76re43nbggcvu5bkxcmfomxsa32ugz6gg2vzdfid. onion<\/a><\/p>\n","protected":false},"excerpt":{"rendered":"<p>\u0440\u0443\u0441\u0441\u043a\u043e\u0435 \u043f\u043e\u0440\u043d\u043e \u0441 \u043e\u0442\u0446\u043e\u043c WizuOde32 Foro webcam adolescente Violaci\u00f3n Falko Sex-Doll foro webcam. forum webcam teen EYAN EYAN WANZ WANZ YUIZAKI SAN WA NAGERU VOL EYAN-844. forum webcam teen videos TEEN BIG BOOBS WEBCAM VIDEO. c\u00e1mara web del foro NECRO NECROFILIA CAPTURAS OMEGLE. foro webcam TORRENT DESCARGAR NI\u00d1O foro webcam TORRENT. \u0420\u0443\u0441\u0441\u043a\u043e\u0435 \u0433\u0440\u0443\u043f\u043f\u043e\u0432\u043e\u0435 \u043f\u043e\u0440\u043d\u043e \u0441 [&hellip;]<\/p>\n","protected":false},"author":2,"featured_media":0,"parent":0,"menu_order":0,"comment_status":"closed","ping_status":"closed","template":"","meta":{"footnotes":""},"class_list":["post-980","page","type-page","status-publish","hentry"],"_links":{"self":[{"href":"https:\/\/www.optimiseconsulting.eu\/index.php\/wp-json\/wp\/v2\/pages\/980","targetHints":{"allow":["GET"]}}],"collection":[{"href":"https:\/\/www.optimiseconsulting.eu\/index.php\/wp-json\/wp\/v2\/pages"}],"about":[{"href":"https:\/\/www.optimiseconsulting.eu\/index.php\/wp-json\/wp\/v2\/types\/page"}],"author":[{"embeddable":true,"href":"https:\/\/www.optimiseconsulting.eu\/index.php\/wp-json\/wp\/v2\/users\/2"}],"replies":[{"embeddable":true,"href":"https:\/\/www.optimiseconsulting.eu\/index.php\/wp-json\/wp\/v2\/comments?post=980"}],"version-history":[{"count":0,"href":"https:\/\/www.optimiseconsulting.eu\/index.php\/wp-json\/wp\/v2\/pages\/980\/revisions"}],"wp:attachment":[{"href":"https:\/\/www.optimiseconsulting.eu\/index.php\/wp-json\/wp\/v2\/media?parent=980"}],"curies":[{"name":"wp","href":"https:\/\/api.w.org\/{rel}","templated":true}]}}