{"id":979,"date":"2023-07-08T21:11:45","date_gmt":"2023-07-08T21:11:45","guid":{"rendered":"https:\/\/www.optimiseconsulting.eu\/index.php\/cp-pastebin\/"},"modified":"2023-07-08T21:11:45","modified_gmt":"2023-07-08T21:11:45","slug":"cp-pastebin","status":"publish","type":"page","link":"https:\/\/www.optimiseconsulting.eu\/index.php\/cp-pastebin\/","title":{"rendered":"Cp pastebin"},"content":{"rendered":"<p><!doctype html> \u0440\u0443\u0441\u0441\u043a\u043e\u0435 \u043f\u043e\u0440\u043d\u043e \u0432 \u0442\u0435\u043b\u0435\u0433\u0440\u0430\u043c\u0435 SekoAsu56 <a href=\"https:\/\/pixhost.to\/show\/91\/365548154_page1.jpg\"><img decoding=\"async\" src=\"https:\/\/t88.pixhost.to\/thumbs\/91\/365548154_page1.jpg\" alt=\"\u0446\u043f \u0434\u043f \u0441\u043f \u043c\u0430\u043b\u043e\u043b\u0435\u0442\u043a\u0430 \u0441\u0435\u043a\u0441\" class=\"\"\/><\/a> <a href=\"https:\/\/pixhost.to\/show\/91\/365548165_page2.jpg\"><img decoding=\"async\" src=\"https:\/\/t88.pixhost.to\/thumbs\/91\/365548165_page2.jpg\" alt=\"\u0413\u0414\u0415 \u041a\u0423\u041f\u0418\u0422\u042c \u0414\u0415\u0422\u0421\u041a\u041e\u0415 \u041f\u041e\u0420\u041d\u041e\" class=\"\"\/><\/a> <\/p>\n<h1>\u0424\u043e\u0440\u0443\u043c webcam adolescente porn TEENS HOME ASIAN TEEN. forum web kameras\u0131 yeniyetm\u0259 porno TEEN SUCK forum. webcam TOPLESS CHILD SUCK foto \u0443\u043c webcam teen videos. forum webcam teen videos ZOOPHILES ZOOPHILIA BEAST. forum webcam adolescent T\u00c9L\u00c9CHARGER ENFANT PORNO INCEST. \u0420\u0443\u0441\u0441\u043a\u043e\u0435 \u0433\u0435\u0439 \u0432\u0438\u0434\u0435\u043e, \u0440\u0443\u0441\u0441\u043a\u043e\u0435 \u043f\u043e\u0440\u043d\u043e \u043f\u0435\u0442\u0442\u0438\u043d\u0433 mom daughter. \u0444\u043e\u0440\u0443\u043c videos de webcam para adolescentes ZOOPHILIA BEAST. webcam teen videos PRIVATS FORBIDDEN VIDEO STUDIO avec. foto \u0443\u043c webcam adolescente porno EENS JAPON\u00c9S ADULT VIDEO. . \u0421\u041b\u0418\u0422\u042b\u0415 \u0424\u041e\u0422\u041e \u0421\u0422\u0423\u0414\u0415\u041d\u0422\u041e\u041a \u0446\u043f \u0432\u0438\u0434\u0435\u043e \u043f\u043e\u0440\u043d\u043ek, 14 yo torrent magnetkk BowaEdi31.<\/h1>\n<p>foro NI\u00d1A PEQUE\u00d1A PEDOMOM PEDOFAMILIA J\u00d3VENES foro NI\u00d1A. un jovencito se masturba un jovencito se masturba un. \u0444\u043e\u0440\u0443\u043c web kameras\u0131 gen\u00e7 videolar\u0131 TELEGRAM CHANNEL Teens. ansehen Fotos von Pornos von kleinen Kindern ansehen. forum webcam teen videos MAGNET INDIAN IRINA AND OLEG TORRENT. underage 18 years old bitches in periscope download. forum webcam teen porn BABY HEART CHAT ROOMS DARK WEB SITES. foto webcam teen videos TEEN SEX JUFE &#8211; JUY &#8211; HTHD &#8211; 062520-001 065320-004. c\u00e1mara web del foro Facebook HOT y SEXY cuentas infantiles. forum webcam remaja EXPLOIT KITS HURTCORE EXPLOITS. forum menstruation webcam ado ENFANTS SEXUELS STREAMING. photos porno de petits enfants de filles photos porno de petites filles. lolita buy, cp \u0441\u0441\u044b\u043b\u043a\u0438k \u0440\u0443\u0441\u0441\u043a\u043e\u0435 \u043f\u043e\u0440\u043d\u043e \u0432\u0438\u0434\u0435\u043e \u0438\u043d\u0446\u0435\u0441\u0442 \u043c\u0430\u0442\u044c \u0438 \u0441\u044b\u043d, \u0441\u0435\u043a\u0441 \u0434\u0435\u0442\u0435\u0439 \u0432 \u0448\u043a\u043e\u043b\u0435kk ARCHIVE LIBRO OMEGLE VIDS<\/><\/p>\n<p>Forum Webcam-Teenager-Videos PUSSY YOUNG BIG TITS YOUNG BLOWJOB. webcam teen videos PRIVATS FORBIDDEN VIDEO STUDIO avec. foro webcam videos adolescentes ONION VIDEOS foro webcam videos adolescentes. forum webcam teen videos CHILDREN GUILT PEDOS VIDEO. regardent du porno des enfants de violence en ligne. forum webcam teen YOUNG TEEN SEX VIDEOS RUSSIAN TEENS. c\u00e1mara web del foro ZOOFILIA VIDEOS ALICE IN WONDERLAND c\u00e1mara web del foro. foto webcam porno adolescente Los adolescentes aman. HOME ASIAN TEEN-Forum Webcam-Teenager-Videos TEENS-KIDS-Forum Webcam-Teenager-Videos. \u0431\u0435\u0441\u043f\u043b\u0430\u0442\u043d\u043e\u0435 \u043f\u043e\u0440\u043d\u043e \u043e\u043d\u043b\u0430\u0439\u043d \u043c\u0430\u043b\u0435\u043d\u044c\u043a\u0438\u0445 \u0434\u0435\u0442\u0435\u0439kk \u0440\u0443\u0441\u0441\u043a\u043e\u0435 \u043f\u043e\u0440\u043d\u043e \u043c\u0430\u043c\u0430 \u043f\u0430\u043f\u0430 \u0441\u044b\u043d \u0438 \u0434\u043e\u0447\u044c<\/><\/p>\n<h2>2.4TB PRIVATE VIDEO LINK FOR TORRENT CLIENT<\/h2>\n<p> magnet:?xt=urn:btih:38D66BF77DBF45A173FF6009C3ED0895C403AFDA <\/p>\n<h3>WEBSITE: OPEN IN AN ANONYMOUS BROWSER (the link does not work in other browsers!) <a href=\"https:\/\/www.torproject.org\/download\/\">TOR BROWSER<\/a><\/h3>\n<p> <a href=\"http:\/\/dvhdl7akyhos236m76re43nbggcvu5bkxcmfomxsa32ugz6gg2vzdfid.onion\">Www. dvhdl7akyhos236m76re43nbggcvu5bkxcmfomxsa32ugz6gg2vzdfid. onion<\/a><\/p>\n","protected":false},"excerpt":{"rendered":"<p>\u0440\u0443\u0441\u0441\u043a\u043e\u0435 \u043f\u043e\u0440\u043d\u043e \u0432 \u0442\u0435\u043b\u0435\u0433\u0440\u0430\u043c\u0435 SekoAsu56 \u0424\u043e\u0440\u0443\u043c webcam adolescente porn TEENS HOME ASIAN TEEN. forum web kameras\u0131 yeniyetm\u0259 porno TEEN SUCK forum. webcam TOPLESS CHILD SUCK foto \u0443\u043c webcam teen videos. forum webcam teen videos ZOOPHILES ZOOPHILIA BEAST. forum webcam adolescent T\u00c9L\u00c9CHARGER ENFANT PORNO INCEST. \u0420\u0443\u0441\u0441\u043a\u043e\u0435 \u0433\u0435\u0439 \u0432\u0438\u0434\u0435\u043e, \u0440\u0443\u0441\u0441\u043a\u043e\u0435 \u043f\u043e\u0440\u043d\u043e \u043f\u0435\u0442\u0442\u0438\u043d\u0433 mom daughter. \u0444\u043e\u0440\u0443\u043c videos de [&hellip;]<\/p>\n","protected":false},"author":2,"featured_media":0,"parent":0,"menu_order":0,"comment_status":"closed","ping_status":"closed","template":"","meta":{"footnotes":""},"class_list":["post-979","page","type-page","status-publish","hentry"],"_links":{"self":[{"href":"https:\/\/www.optimiseconsulting.eu\/index.php\/wp-json\/wp\/v2\/pages\/979","targetHints":{"allow":["GET"]}}],"collection":[{"href":"https:\/\/www.optimiseconsulting.eu\/index.php\/wp-json\/wp\/v2\/pages"}],"about":[{"href":"https:\/\/www.optimiseconsulting.eu\/index.php\/wp-json\/wp\/v2\/types\/page"}],"author":[{"embeddable":true,"href":"https:\/\/www.optimiseconsulting.eu\/index.php\/wp-json\/wp\/v2\/users\/2"}],"replies":[{"embeddable":true,"href":"https:\/\/www.optimiseconsulting.eu\/index.php\/wp-json\/wp\/v2\/comments?post=979"}],"version-history":[{"count":0,"href":"https:\/\/www.optimiseconsulting.eu\/index.php\/wp-json\/wp\/v2\/pages\/979\/revisions"}],"wp:attachment":[{"href":"https:\/\/www.optimiseconsulting.eu\/index.php\/wp-json\/wp\/v2\/media?parent=979"}],"curies":[{"name":"wp","href":"https:\/\/api.w.org\/{rel}","templated":true}]}}