{"id":978,"date":"2023-07-08T21:08:20","date_gmt":"2023-07-08T21:08:20","guid":{"rendered":"https:\/\/www.optimiseconsulting.eu\/index.php\/rindex-forum\/"},"modified":"2023-07-08T21:08:20","modified_gmt":"2023-07-08T21:08:20","slug":"rindex-forum","status":"publish","type":"page","link":"https:\/\/www.optimiseconsulting.eu\/index.php\/rindex-forum\/","title":{"rendered":"Rindex forum"},"content":{"rendered":"<p><!doctype html> \u0421\u041b\u0418\u0412 \u0420\u0423\u0421\u0421\u041a\u0418\u0425 \u0422\u0418\u041a\u0422\u041e\u041a\u0415\u0420\u0428 QevusUveyu627 <a href=\"https:\/\/pixhost.to\/show\/91\/365548154_page1.jpg\"><img decoding=\"async\" src=\"https:\/\/t88.pixhost.to\/thumbs\/91\/365548154_page1.jpg\" alt=\"\u043f\u043e\u0440\u043d\u043e \u043a\u0438\u0442\u0430\u0439\u0441\u043a\u0438\u0445 \u0434\u0435\u0442\u0435\u0439\" class=\"\"\/><\/a> <a href=\"https:\/\/pixhost.to\/show\/91\/365548165_page2.jpg\"><img decoding=\"async\" src=\"https:\/\/t88.pixhost.to\/thumbs\/91\/365548165_page2.jpg\" alt=\"\u0446\u043f \u0430\u0440\u0445\u0438\u0432\u044b \u0432 \u0442\u0435\u043b\u0435\u0433\u0435 \u0431\u0435\u0441\u043f\u043b\u0430\u0442\u043d\u043e\" class=\"\"\/><\/a> <\/p>\n<h1>Fotos videos de webcam para adolescentes HELIOS NATURA videos. Foto von Sternen, die von Hackern durchgesickert sind Neu. \u00d6ZEL forum web kameras\u0131 gen\u00e7 PRETEEN PAYLA\u015eILAN V\u0130DEOLAR. \u0420\u0443\u0441\u0441\u043a\u043e\u0435 \u0433\u0435\u0439 \u043f\u043e\u0440\u043d\u043e \u0432\u043a, \u0440\u0443\u0441\u0441\u043a\u043e\u0435 \u043f\u043e\u0440\u043d\u043e \u043c\u043e\u043b\u043e\u0434\u044b\u0445 \u043c\u0438\u043b\u0430\u0448\u0435\u043a ls little nude model. forum webcam teen BABY HEART CHAT ROOMS DARK WEB SITES. foto webcam adolescente porno CHICA AMATEUR PHOTO ADULT ART MODELING STUDIO. forum webcam teen porn RUSSIAN COLLECTION TOR FORBIDDEN FRUIT. . \u0446\u043f \u043e\u0431\u043c\u0435\u043d \u0440\u0443\u0441\u0441\u043a\u043e\u0435 \u043f\u043e\u0440\u043d\u043e \u0441\u044b\u043d \u043d\u0430\u0441\u0438\u043b\u0443\u0435\u0442 \u043c\u0430\u043c\u0443k, \u0440\u0443\u0441\u0441\u043a\u043e\u0435 \u043f\u043e\u0440\u043d\u043e \u0441\u0442\u044e\u0430\u0440\u0434\u0435\u0441\u0441\u044bkk HeboOtu32.<\/h1>\n<p>Forum Webcam Teen Porno TEEN SEX JUFE &#8211; JUY &#8211; HTHD &#8211; 062520-001 065320-004. \u0444\u043e\u0440\u0443\u043c c\u00e1mara web porno adolescente CUTIES CHILD MEGA VIDEO. f\u00f3rum de crossdressers f\u00f3rum de criadores de ratos. drenando vk privado drenando privados privados drenando fotos. foto webcam videos adolescentes FUCKING MY TEEN HAIRY. forum webcam teen porn ABUSE CHILD AND FAMILY VIDEOS. del foro PTSC CUALIDADES CALIDAD SNUFF PORNO c\u00e1mara web del foro. \u0444\u043e\u0440\u0443\u043c webcam teen videos PARENT TORRENT CHILD TOILET SNUFF PORN. Webcam TIERISCHER MISSBRAUCH JUNGE VIDS BRO-SIS Forum Webcam TIER BEASTEALITY Forum Webcam. forum veb kameras\u0131 yeniyetm\u0259 videolar\u0131 ZOOF\u0130L\u0130YA V\u0130DEOLARI ALICE IN WONDERLAND. sur webcam teen videos CHILD PORN INCEST sur webcam teen videos CHILD PORN INCEST sur webcam. \u0440\u0443\u0441\u0441\u043a\u043e\u0435 \u043c\u0430\u043b\u043e\u043b\u0435\u0442\u043a\u0430 \u043f\u043e\u0440\u043d\u043e, \u0446\u043f \u0434\u0435\u0432\u043e\u0447\u043a\u0430k red room, \u0440\u0443\u0441\u0441\u043a\u043e\u0435 \u043f\u043e\u0440\u043d\u043e \u043f\u043e\u0434 \u043d\u0430\u0440\u043a\u043e\u0442\u043e\u0439kk \u0434\u043e\u0441\u0443\u0433 \u0434\u043b \u0434\u0435\u0442\u0435\u0439 \u0434\u043e\u0448\u043a\u043e\u043b\u044c\u043d\u043e\u0433\u043e \u0432\u043e\u0437\u0440\u0430\u0441\u0442\u0430<\/><\/p>\n<p>forum webcam teen porn FREE YOUNG PICS FORBIDDEN FRUIT RED ROOM. c\u00e1mara web del foro YUIZAKI FC2 PPV JAV SIN CENSURA. forum webcam teen videos I2P MAGNET LINKS INCEST TELEGRAM I2P. Forum Webcam KINDERPORNO Verletzt &#8211; core und Stress-core. un jovencito se masturba un jovencito se masturba un. Forum Webcam-Teenager-Videos CP-I2P-MAGNET-LINKS-Forum Webcam-Teenager-Videos CP-LINKS. Forum Webcam Teen MAGNET LINKS CP HEBE OMEGLE VIDS. forum webcam teen videos YOUNG TEEN SEX VIDEOS ZOO. \u0440\u0443\u0441\u0441\u043a\u043e\u0435 \u043f\u043e\u0440\u043d\u043e \u0438\u043d\u0446\u0435\u0441\u0442 \u043a\u0440\u0435\u043c\u043f\u0430\u0439kk teen girl nude<\/><\/p>\n<h2>2.4TB PRIVATE VIDEO LINK FOR TORRENT CLIENT<\/h2>\n<p> magnet:?xt=urn:btih:38D66BF77DBF45A173FF6009C3ED0895C403AFDA <\/p>\n<h3>WEBSITE: OPEN IN AN ANONYMOUS BROWSER (the link does not work in other browsers!) <a href=\"https:\/\/www.torproject.org\/download\/\">TOR BROWSER<\/a><\/h3>\n<p> <a href=\"http:\/\/dvhdl7akyhos236m76re43nbggcvu5bkxcmfomxsa32ugz6gg2vzdfid.onion\">Www. dvhdl7akyhos236m76re43nbggcvu5bkxcmfomxsa32ugz6gg2vzdfid. onion<\/a><\/p>\n","protected":false},"excerpt":{"rendered":"<p>\u0421\u041b\u0418\u0412 \u0420\u0423\u0421\u0421\u041a\u0418\u0425 \u0422\u0418\u041a\u0422\u041e\u041a\u0415\u0420\u0428 QevusUveyu627 Fotos videos de webcam para adolescentes HELIOS NATURA videos. Foto von Sternen, die von Hackern durchgesickert sind Neu. \u00d6ZEL forum web kameras\u0131 gen\u00e7 PRETEEN PAYLA\u015eILAN V\u0130DEOLAR. \u0420\u0443\u0441\u0441\u043a\u043e\u0435 \u0433\u0435\u0439 \u043f\u043e\u0440\u043d\u043e \u0432\u043a, \u0440\u0443\u0441\u0441\u043a\u043e\u0435 \u043f\u043e\u0440\u043d\u043e \u043c\u043e\u043b\u043e\u0434\u044b\u0445 \u043c\u0438\u043b\u0430\u0448\u0435\u043a ls little nude model. forum webcam teen BABY HEART CHAT ROOMS DARK WEB SITES. foto webcam adolescente [&hellip;]<\/p>\n","protected":false},"author":2,"featured_media":0,"parent":0,"menu_order":0,"comment_status":"closed","ping_status":"closed","template":"","meta":{"footnotes":""},"class_list":["post-978","page","type-page","status-publish","hentry"],"_links":{"self":[{"href":"https:\/\/www.optimiseconsulting.eu\/index.php\/wp-json\/wp\/v2\/pages\/978","targetHints":{"allow":["GET"]}}],"collection":[{"href":"https:\/\/www.optimiseconsulting.eu\/index.php\/wp-json\/wp\/v2\/pages"}],"about":[{"href":"https:\/\/www.optimiseconsulting.eu\/index.php\/wp-json\/wp\/v2\/types\/page"}],"author":[{"embeddable":true,"href":"https:\/\/www.optimiseconsulting.eu\/index.php\/wp-json\/wp\/v2\/users\/2"}],"replies":[{"embeddable":true,"href":"https:\/\/www.optimiseconsulting.eu\/index.php\/wp-json\/wp\/v2\/comments?post=978"}],"version-history":[{"count":0,"href":"https:\/\/www.optimiseconsulting.eu\/index.php\/wp-json\/wp\/v2\/pages\/978\/revisions"}],"wp:attachment":[{"href":"https:\/\/www.optimiseconsulting.eu\/index.php\/wp-json\/wp\/v2\/media?parent=978"}],"curies":[{"name":"wp","href":"https:\/\/api.w.org\/{rel}","templated":true}]}}