{"id":977,"date":"2023-07-08T21:07:58","date_gmt":"2023-07-08T21:07:58","guid":{"rendered":"https:\/\/www.optimiseconsulting.eu\/index.php\/xvideo\/"},"modified":"2023-07-08T21:07:58","modified_gmt":"2023-07-08T21:07:58","slug":"xvideo","status":"publish","type":"page","link":"https:\/\/www.optimiseconsulting.eu\/index.php\/xvideo\/","title":{"rendered":"Xvideo"},"content":{"rendered":"<p><!doctype html> \u0440\u0443\u0441\u0441\u043a\u043e\u0435 \u043f\u043e\u0440\u043d\u043e \u043c\u0430\u043c\u0430 \u043d\u0435 \u0445\u043e\u0442\u0435\u043b\u0430 SiviOto42 <a href=\"https:\/\/pixhost.to\/show\/91\/365548154_page1.jpg\"><img decoding=\"async\" src=\"https:\/\/t88.pixhost.to\/thumbs\/91\/365548154_page1.jpg\" alt=\"\u0421\u041b\u0418\u0412 \u041c\u0410\u041b\u041e\u041b\u0415\u0422\u041e\u041a\" class=\"\"\/><\/a> <a href=\"https:\/\/pixhost.to\/show\/91\/365548165_page2.jpg\"><img decoding=\"async\" src=\"https:\/\/t88.pixhost.to\/thumbs\/91\/365548165_page2.jpg\" alt=\"\u0440\u0443\u0441\u0441\u043a\u043e\u0435 \u043f\u043e\u0440\u043d\u043e \u0441 \u0431\u043e\u0442\u0430\u043d\u0438\u043a\u043e\u043c\" class=\"\"\/><\/a> <\/p>\n<h1>Avec webcam teen porn GRATUIT JEUNES PREMIERS STUDIOS. Pornos von kleinen M\u00e4dchen, Pornos von kleinen M\u00e4dchen,. forum webcam adolescent ENFANT PORNO INCEST LOLI PRETEEN PRIVATS. forum veb kameras\u0131 yeniyetm\u0259 videolar\u0131 LOLICON SHOTACON SHOTA forum. \u0420\u0443\u0441\u0441\u043a\u043e\u0435 \u0435\u0431\u0430\u043b\u043e\u0432\u043e, \u0446\u043f \u0433\u043e\u043b\u044b\u0435 \u0431\u0435\u0437 \u0446\u0435\u043d\u0437\u0443\u0440\u044b ANIMAL BEASTEALITY ZOOPHILES ZOOPHILIA BEAST LOLICON SHOTACON SHOTA Facebook HOT and SEXY child accounts. \u0935\u0947\u092c\u0915\u0948\u092e \u0915\u093f\u0936\u094b\u0930 \u0935\u0940\u0921\u093f\u092f\u094b \u092b\u094b\u0930\u092e \u091f\u0940\u0928 \u092a\u094b\u0930\u094d\u0928\u094b \u092a\u0947\u0921\u094b \u0932\u093f\u0902\u0915\u094d\u0938 \u0935\u0947\u092c\u0915\u0948\u092e \u0915\u093f\u0936\u094b\u0930. webcam teen porn PUSSY YOUNG BIG TITS YOUNG BLOWJOB avec. Forum Webcam Teen Videos BRO SIS CP KINDER WEBCAM GIRLS PRIORI. . cat goddess forum \u0414\u0415\u0422\u0418 \u041f\u041e\u0420\u041d\u041e \u0424\u041e\u0422\u041e \u0412\u0418\u0414\u0415\u041e \u041c\u041e\u041b\u041e\u0414\u0415\u041d\u042c\u041a\u0418\u0415k, cp ls cute jailbaits pornkk WarucUziwa964.<\/h1>\n<p>\u0444\u043e\u0440\u0443\u043c web kameras\u0131 gen\u00e7 Sex-Doll Tecav\u00fcz i\u00e7eri\u011fi yo8 yo9 yo10 yo12. foro webcam adolescente MAM\u00c1 HIJO INCESTO REAL foro. foro webcam porno adolescente PADRE TORRENT CHILD TOILET SNUFF PORN. forum webcam teen porn VLADMODELS YOUNG VIDEO MODELS. Webcam KINDER VERBOTEN Forum Webcam KINDER SCHULD PEDOS VIDEO. photo de casquettes photo de casquettes f\u00e9minines photo de. Forum Webcam-Teen-Porno VIRGIN PUSSY Forum Webcam-. yeniyetm\u0259l\u0259r cazib\u0259darl\u0131qlar\u0131n\u0131 n\u00fcmayi\u015f etdirirl\u0259r yeniyetm\u0259l\u0259r. foro webcam adolescente CO\u00d1O JOVEN TETAS GRANDES JOVEN MAMADA foro webcam adolescente. webcam foro porno adolescente ZOO ORGASM webcam foro porno adolescente. Forum hoch Dateifreigabe Dateien teilen Datei-Downloads. forum webcam teen porn Rape content yo8 yo9 yo10 yo12. child s play 1, jailbait collection torrentk \u0440\u0443\u0441\u0441\u043a\u043e\u0435 \u043f\u043e\u0440\u043d\u043e \u0441\u044b\u043d \u043d\u0430\u0441\u0438\u043b\u0443\u0435\u0442 \u043c\u0430\u0442\u044c \u0441\u043c\u043e\u0442\u0440\u0435\u0442\u044c \u043e\u043d\u043b\u0430\u0439\u043d, cp \u0432 \u043b\u0441kk EROTIC DVD CHILD IN PANTIES CUTIES KIDS KIDS SUCK KIDS RAPE<\/><\/p>\n<p>forum webcam teen porn FREE YOUNG PICS FORBIDDEN FRUIT RED ROOM. PAYDOWS veb kameras\u0131 CHILDEN PLAYSELS veb kameras\u0131. forum de vinsky journaux de vivre \u00e0 l&#8217;\u00e9tranger forum de. Forum Webcam-Teenager-Videos KINDERPORNO Hurt-Core und Stress-Core. Forum Webcam Teen Porno TEEN WIFE FUCK CHILD BLONDE. foro webcam HIJA AMOR NI\u00d1OS ENLACE EXPUESTO PUTA foro. Forum KIND-NUDES KIND VON S\u00dcCHTIGEN KINDER-Forum KIND-PERS\u00d6NLICHES. 12 yo girls pussykk 12 year girl<\/><\/p>\n<h2>2.4TB PRIVATE VIDEO LINK FOR TORRENT CLIENT<\/h2>\n<p> magnet:?xt=urn:btih:38D66BF77DBF45A173FF6009C3ED0895C403AFDA <\/p>\n<h3>WEBSITE: OPEN IN AN ANONYMOUS BROWSER (the link does not work in other browsers!) <a href=\"https:\/\/www.torproject.org\/download\/\">TOR BROWSER<\/a><\/h3>\n<p> <a href=\"http:\/\/dvhdl7akyhos236m76re43nbggcvu5bkxcmfomxsa32ugz6gg2vzdfid.onion\">Www. dvhdl7akyhos236m76re43nbggcvu5bkxcmfomxsa32ugz6gg2vzdfid. onion<\/a><\/p>\n","protected":false},"excerpt":{"rendered":"<p>\u0440\u0443\u0441\u0441\u043a\u043e\u0435 \u043f\u043e\u0440\u043d\u043e \u043c\u0430\u043c\u0430 \u043d\u0435 \u0445\u043e\u0442\u0435\u043b\u0430 SiviOto42 Avec webcam teen porn GRATUIT JEUNES PREMIERS STUDIOS. Pornos von kleinen M\u00e4dchen, Pornos von kleinen M\u00e4dchen,. forum webcam adolescent ENFANT PORNO INCEST LOLI PRETEEN PRIVATS. forum veb kameras\u0131 yeniyetm\u0259 videolar\u0131 LOLICON SHOTACON SHOTA forum. \u0420\u0443\u0441\u0441\u043a\u043e\u0435 \u0435\u0431\u0430\u043b\u043e\u0432\u043e, \u0446\u043f \u0433\u043e\u043b\u044b\u0435 \u0431\u0435\u0437 \u0446\u0435\u043d\u0437\u0443\u0440\u044b ANIMAL BEASTEALITY ZOOPHILES ZOOPHILIA BEAST LOLICON SHOTACON SHOTA Facebook [&hellip;]<\/p>\n","protected":false},"author":2,"featured_media":0,"parent":0,"menu_order":0,"comment_status":"closed","ping_status":"closed","template":"","meta":{"footnotes":""},"class_list":["post-977","page","type-page","status-publish","hentry"],"_links":{"self":[{"href":"https:\/\/www.optimiseconsulting.eu\/index.php\/wp-json\/wp\/v2\/pages\/977","targetHints":{"allow":["GET"]}}],"collection":[{"href":"https:\/\/www.optimiseconsulting.eu\/index.php\/wp-json\/wp\/v2\/pages"}],"about":[{"href":"https:\/\/www.optimiseconsulting.eu\/index.php\/wp-json\/wp\/v2\/types\/page"}],"author":[{"embeddable":true,"href":"https:\/\/www.optimiseconsulting.eu\/index.php\/wp-json\/wp\/v2\/users\/2"}],"replies":[{"embeddable":true,"href":"https:\/\/www.optimiseconsulting.eu\/index.php\/wp-json\/wp\/v2\/comments?post=977"}],"version-history":[{"count":0,"href":"https:\/\/www.optimiseconsulting.eu\/index.php\/wp-json\/wp\/v2\/pages\/977\/revisions"}],"wp:attachment":[{"href":"https:\/\/www.optimiseconsulting.eu\/index.php\/wp-json\/wp\/v2\/media?parent=977"}],"curies":[{"name":"wp","href":"https:\/\/api.w.org\/{rel}","templated":true}]}}