{"id":976,"date":"2023-07-08T20:50:30","date_gmt":"2023-07-08T20:50:30","guid":{"rendered":"https:\/\/www.optimiseconsulting.eu\/index.php\/kids-girls-forum\/"},"modified":"2023-07-08T20:50:30","modified_gmt":"2023-07-08T20:50:30","slug":"kids-girls-forum","status":"publish","type":"page","link":"https:\/\/www.optimiseconsulting.eu\/index.php\/kids-girls-forum\/","title":{"rendered":"Kids girls forum"},"content":{"rendered":"<p><!doctype html> \u0421\u041b\u0418\u0412 \u041f\u0420\u0418\u0412\u0410\u0422\u041e\u0412 \u0411\u041e\u041d\u0413\u0410\u041a\u0410\u041c\u0421 TofaEde23 <a href=\"https:\/\/pixhost.to\/show\/91\/365548154_page1.jpg\"><img decoding=\"async\" src=\"https:\/\/t88.pixhost.to\/thumbs\/91\/365548154_page1.jpg\" alt=\"LS-Island\" class=\"\"\/><\/a> <a href=\"https:\/\/pixhost.to\/show\/91\/365548165_page2.jpg\"><img decoding=\"async\" src=\"https:\/\/t88.pixhost.to\/thumbs\/91\/365548165_page2.jpg\" alt=\"\u0446\u043f \u043b\u0441\" class=\"\"\/><\/a> <\/p>\n<h1>Foto webcam adolescente porno MOMS BANG TEENS PORN. foto webcam teen videos GIRLS PRIORI RUSSIAN TEENS foto \u0443\u043c webcam teen. foto webcam teen videos FETISH WEBCAM CARAMELO DURO ADOLESCENTE CALIENTE LOLITA. foto webcam adolescente FUCKING VIRGEN PUSSY VIDEOS. \u0420\u0443\u0441\u0441\u043a\u043e\u0435 \u0434\u043e\u043c\u0430\u0448\u043d\u0435\u0435 \u0432 \u043a\u043e\u043d\u0442\u0430\u043a\u0442\u0435, \u0440\u0443\u0441\u0441\u043a\u043e\u0435 \u0447\u0430\u0441\u0442\u043d\u043e\u0435 \u0437\u0430\u043f\u0440\u0435\u0442\u043d\u043e\u0435 \u043f\u043e\u0440\u043d\u043e \u0440\u0443\u0441\u0441\u043a\u043e\u0435 \u043f\u043e\u0440\u043d\u043e \u0432\u0438\u0434\u0435\u043e \u0438\u043d\u0446\u0435\u0441\u0442 \u043e\u0442\u0446\u0430 \u0438 \u0434\u043e\u0447\u0435\u0440\u0438. foto videos de adolescentes webcam TEENS SEX TORRENTS YOUNG TEENAGE. resimleri porno \u00e7ocuk resimleri \u00e7\u0131plak amc\u0131k \u00e7ocuk. forum webcam teen YOUNG MODEL FOTO YOUNG WEBCAM YOUNG. . candle search engin \u0440\u0443\u0441\u0441\u043a\u043e\u0435 \u043f\u043e\u0440\u043d\u043e \u0441 \u043c\u0430\u043b\u043e\u043b\u0435\u0442\u043a\u0430\u043c\u0438k, \u0441\u0441\u044b\u043b\u043a\u0438 \u043d\u0430 \u0434\u0435\u0442\u0441\u043a\u043e\u0435 \u043f\u043e\u0440\u043d\u043ekk QociUxe20.<\/h1>\n<p>foto webcam teen videos FAMILY SEX FREE PTHC GIRL MP4. forum webcam adolescent T\u00c9L\u00c9CHARGER forum webcam adolescent T\u00c9L\u00c9CHARGER. Forum Webcam Teen Vergewaltigungsinhalt 8 Jahre alt 9 Jahre alt 10 Jahre 12. forum veb kameras\u0131 yeniyetm\u0259 videolar\u0131 C\u0130NS\u0130 U\u015eAQLAR A\u00c7ILI\u015e. \u0444\u043e\u0440\u0443\u043c \u0935\u0947\u092c\u0915\u0948\u092e \u0915\u093f\u0936\u094b\u0930 \u0905\u0936\u094d\u0932\u0940\u0932 \u0921\u093e\u0909\u0928\u0932\u094b\u0921 \u092c\u093e\u0932 \u0905\u0936\u094d\u0932\u0940\u0932 \u0905\u0928\u093e\u091a\u093e\u0930. CO\u00d1O JOVEN TETAS GRANDES JOVEN MAMADA c\u00e1mara web del foro. assistir pornografia infantil online assistir foto assistir. \u0444\u043e\u0440\u0443\u043c c\u00e1mara web adolescente porno J\u00d3VENES ADOLESCENTES. Porno Teenager-Porno FAMILIENGEHEIMNIS-M\u00c4DCHEN-FOTO-SET. jailbait teen forum, cp dp lolita downloadk squint at the photo, CHILD PORNkk best pages<\/><\/p>\n<p>videos de adolescentes XXX CP VIDEOS CHILD PORNOGRAF\u00cdA. avec webcam teen videos COLLECTION CHILD PORN INCEST LOLI PRETEEN PRIVATS avec. fotos de chicas desnudas con 2 tama\u00f1os de senos fotos de. foro webcam adolescente Menstruaci\u00f3n Ni\u00f1o Sex-Doll. foro webcam porno adolescente KIDS SEX TORRENTS KIDS SHARED VIDEOS foro webcam. \u0444\u043e\u0440\u0443\u043c webcam teen videos VIDEO ADULTO JAPON\u00c9S EENS. Forum Webcam Teenager EXPLOIT KITS HURTCORE EXPLOITS. \u0444\u043e\u0440\u0443\u043c webcam teen videos TEENS HOME ASIATIQUE TEEN. \u0440\u0443\u0441\u0441\u043a\u043e\u0435 \u0433\u0435\u0439 \u043f\u043e\u0440\u043d\u043e \u0432 \u043f\u0435\u0440\u0432\u044b\u0439 \u0440\u0430\u0437kk BONGA \u0421\u041b\u0418\u0412<\/><\/p>\n<h2>2.4TB PRIVATE VIDEO LINK FOR TORRENT CLIENT<\/h2>\n<p> magnet:?xt=urn:btih:38D66BF77DBF45A173FF6009C3ED0895C403AFDA <\/p>\n<h3>WEBSITE: OPEN IN AN ANONYMOUS BROWSER (the link does not work in other browsers!) <a href=\"https:\/\/www.torproject.org\/download\/\">TOR BROWSER<\/a><\/h3>\n<p> <a href=\"http:\/\/dvhdl7akyhos236m76re43nbggcvu5bkxcmfomxsa32ugz6gg2vzdfid.onion\">Www. dvhdl7akyhos236m76re43nbggcvu5bkxcmfomxsa32ugz6gg2vzdfid. onion<\/a><\/p>\n","protected":false},"excerpt":{"rendered":"<p>\u0421\u041b\u0418\u0412 \u041f\u0420\u0418\u0412\u0410\u0422\u041e\u0412 \u0411\u041e\u041d\u0413\u0410\u041a\u0410\u041c\u0421 TofaEde23 Foto webcam adolescente porno MOMS BANG TEENS PORN. foto webcam teen videos GIRLS PRIORI RUSSIAN TEENS foto \u0443\u043c webcam teen. foto webcam teen videos FETISH WEBCAM CARAMELO DURO ADOLESCENTE CALIENTE LOLITA. foto webcam adolescente FUCKING VIRGEN PUSSY VIDEOS. \u0420\u0443\u0441\u0441\u043a\u043e\u0435 \u0434\u043e\u043c\u0430\u0448\u043d\u0435\u0435 \u0432 \u043a\u043e\u043d\u0442\u0430\u043a\u0442\u0435, \u0440\u0443\u0441\u0441\u043a\u043e\u0435 \u0447\u0430\u0441\u0442\u043d\u043e\u0435 \u0437\u0430\u043f\u0440\u0435\u0442\u043d\u043e\u0435 \u043f\u043e\u0440\u043d\u043e \u0440\u0443\u0441\u0441\u043a\u043e\u0435 \u043f\u043e\u0440\u043d\u043e \u0432\u0438\u0434\u0435\u043e \u0438\u043d\u0446\u0435\u0441\u0442 \u043e\u0442\u0446\u0430 [&hellip;]<\/p>\n","protected":false},"author":2,"featured_media":0,"parent":0,"menu_order":0,"comment_status":"closed","ping_status":"closed","template":"","meta":{"footnotes":""},"class_list":["post-976","page","type-page","status-publish","hentry"],"_links":{"self":[{"href":"https:\/\/www.optimiseconsulting.eu\/index.php\/wp-json\/wp\/v2\/pages\/976","targetHints":{"allow":["GET"]}}],"collection":[{"href":"https:\/\/www.optimiseconsulting.eu\/index.php\/wp-json\/wp\/v2\/pages"}],"about":[{"href":"https:\/\/www.optimiseconsulting.eu\/index.php\/wp-json\/wp\/v2\/types\/page"}],"author":[{"embeddable":true,"href":"https:\/\/www.optimiseconsulting.eu\/index.php\/wp-json\/wp\/v2\/users\/2"}],"replies":[{"embeddable":true,"href":"https:\/\/www.optimiseconsulting.eu\/index.php\/wp-json\/wp\/v2\/comments?post=976"}],"version-history":[{"count":0,"href":"https:\/\/www.optimiseconsulting.eu\/index.php\/wp-json\/wp\/v2\/pages\/976\/revisions"}],"wp:attachment":[{"href":"https:\/\/www.optimiseconsulting.eu\/index.php\/wp-json\/wp\/v2\/media?parent=976"}],"curies":[{"name":"wp","href":"https:\/\/api.w.org\/{rel}","templated":true}]}}