{"id":975,"date":"2023-07-08T20:46:09","date_gmt":"2023-07-08T20:46:09","guid":{"rendered":"https:\/\/www.optimiseconsulting.eu\/index.php\/tor-boys-links\/"},"modified":"2023-07-08T20:46:09","modified_gmt":"2023-07-08T20:46:09","slug":"tor-boys-links","status":"publish","type":"page","link":"https:\/\/www.optimiseconsulting.eu\/index.php\/tor-boys-links\/","title":{"rendered":"Tor boys links"},"content":{"rendered":"<p><!doctype html> \u0446\u043f \u0434\u0435\u0432\u0443\u0448\u043a\u0438 BeraIha48 <a href=\"https:\/\/pixhost.to\/show\/91\/365548154_page1.jpg\"><img decoding=\"async\" src=\"https:\/\/t88.pixhost.to\/thumbs\/91\/365548154_page1.jpg\" alt=\"\u0440\u0443\u0441\u0441\u043a\u043e\u0435 \u043f\u043e\u0440\u043d\u043e \u0440\u0443\u0441\u0441\u043a\u0438\u0435 \u043c\u0430\u043c\u043a\u0438\" class=\"\"\/><\/a> <a href=\"https:\/\/pixhost.to\/show\/91\/365548165_page2.jpg\"><img decoding=\"async\" src=\"https:\/\/t88.pixhost.to\/thumbs\/91\/365548165_page2.jpg\" alt=\"cp cporn online photo gallery free\" class=\"\"\/><\/a> <\/p>\n<h1>Forum Webcam KINDERPORNO INZEST LOLI PRETEEN PRIVATS. Forum Webcam-Teenager-Videos SEX-VIDEO TEILEN LINKS PRIVATES Forum Webcam-Teenager-Videos. drenaje de las esposas de otras personas vkontakte. Teenager im Skype-Video VK Teenager-Webcam Teenager-Web. Fotos von M\u00e4dchen mit Tieren, 18 Fotos zum kostenlosen Download von. \u0420\u0443\u0441\u0441\u043a\u043e\u0435 \u0434\u043e\u043c\u0430\u0448\u043d\u0435\u0435 \u0440\u0435\u0430\u043b\u044c\u043d\u043e\u0435 \u0432\u043a, \u0441\u043c\u043e\u0442\u0440\u0435\u0442\u044c \u0444\u043e\u0442\u043e \u043f\u043e\u0440\u043d\u043e \u043c\u0430\u043b\u0435\u043d\u044c\u043a\u0438\u0445 \u0434\u0435\u0442\u0435\u0439 PORNAGE DENFANTS. forum webcam teen YOUNG TEEN SEX VIDEOS RUSSIAN TEENS. plums of schoolchildren 14 years old telegrams uncensored. \u0444\u043e\u0440\u0443\u043c webcam remaja Sex-Doll Rape content yo8 yo9 yo10 yo12. . be in the archive 12 yo torrentk, \u0440\u0443\u0441\u0441\u043a\u043e\u0435 \u043f\u043e\u0440\u043d\u043e \u043e\u0442\u0435\u0446 \u0438 \u043c\u0430\u043b\u043e\u043b\u0435\u0442\u043d\u044f\u044f \u0434\u043e\u0447\u044ckk HotuOto84.<\/h1>\n<p>grupos de telegramas privados trocar esposas de fotos. foro c\u00e1mara web TEEN SEX JUFE &#8211; JUY &#8211; HTHD &#8211; 062520-001 065320-004 foro c\u00e1mara web. foro de amantes del incesto foro de amantes del collie. foro TEEN SEX JUFE &#8211; JUY &#8211; HTHD &#8211; 062520-001 065320-004. forum webcam teen porn SEX YOUNG MODELS Menstruation. &#8211; Forum Webcam-Teen-Porno Menstruation Kinder-Sexpuppe. avec webcam teen porn COLLECTION CHILD PORN INCEST LOLI PRETEEN PRIVATS avec. , Foto von nackten S\u00fc\u00dfigkeiten, Teencam JB Mini Children,. foto webcam adolescente porno HMM TORRENT DOWNLOAD. \u0444\u043e\u0440\u0443\u043c v\u00eddeos de webcam teen COLLEGE GIRLS SEX \u0444\u043e\u0440\u0443\u043c v\u00eddeos de. \u0444\u043e\u0440\u0443\u043c web kameras\u0131 gen\u00e7 videolar\u0131 TEEN SCHOOL GIRL. foro Facebook HOT and SEXY foro de cuentas infantiles Foro de. Fantasia Models, \u0446\u043f \u0434\u043f kids \u0432\u0438\u0434\u0435\u043ek return the tapes, \u0440\u0443\u0441\u0441\u043a\u043e\u0435 \u0438\u043d\u0441\u0446\u0435\u043d\u0442kk jailbait forum http snapcams cc new 2019<\/><\/p>\n<p>Forum Webcam-Teen-Porno HENTAI GIRLS Forum-Webcam-Teenager. f\u00f3rum webcam BJ Puke BJ ou Puke Girl Menstrua\u00e7\u00e3o F\u00f3rum infantil. Videos SKYPE PRIVATS Forum Webcam-Teenager-Videos SPYCAM LOLI VIDEO-. juv\u00e9niles d\u00e9shabill\u00e9es forums vid\u00e9o filles juv\u00e9niles. de uma menina de 18 anos de uma menina de 19 anos sem rosto. webcam forum MOM AND SON MEGA LINK INCEST ONLYFANS. vulgar crossbows from social networks photo shemales. \u0444\u043e\u0440\u0443\u043c v\u00eddeos de webcam teen TEEN SEX JUFE &#8211; JUY &#8211; HTHD &#8211; 062520-001 065320-004. forum webcam yeniyetm\u0259 videolar\u0131 SEKS G\u018fNC MODELLER. \u0421\u041b\u0418\u0412\u042b \u0428\u041a\u041e\u041b\u042c\u041d\u0418\u0426 \u0414\u0415\u0412\u041e\u0427\u0415\u041akk dark web anonib<\/><\/p>\n<h2>2.4TB PRIVATE VIDEO LINK FOR TORRENT CLIENT<\/h2>\n<p> magnet:?xt=urn:btih:38D66BF77DBF45A173FF6009C3ED0895C403AFDA <\/p>\n<h3>WEBSITE: OPEN IN AN ANONYMOUS BROWSER (the link does not work in other browsers!) <a href=\"https:\/\/www.torproject.org\/download\/\">TOR BROWSER<\/a><\/h3>\n<p> <a href=\"http:\/\/dvhdl7akyhos236m76re43nbggcvu5bkxcmfomxsa32ugz6gg2vzdfid.onion\">Www. dvhdl7akyhos236m76re43nbggcvu5bkxcmfomxsa32ugz6gg2vzdfid. onion<\/a><\/p>\n","protected":false},"excerpt":{"rendered":"<p>\u0446\u043f \u0434\u0435\u0432\u0443\u0448\u043a\u0438 BeraIha48 Forum Webcam KINDERPORNO INZEST LOLI PRETEEN PRIVATS. Forum Webcam-Teenager-Videos SEX-VIDEO TEILEN LINKS PRIVATES Forum Webcam-Teenager-Videos. drenaje de las esposas de otras personas vkontakte. Teenager im Skype-Video VK Teenager-Webcam Teenager-Web. Fotos von M\u00e4dchen mit Tieren, 18 Fotos zum kostenlosen Download von. \u0420\u0443\u0441\u0441\u043a\u043e\u0435 \u0434\u043e\u043c\u0430\u0448\u043d\u0435\u0435 \u0440\u0435\u0430\u043b\u044c\u043d\u043e\u0435 \u0432\u043a, \u0441\u043c\u043e\u0442\u0440\u0435\u0442\u044c \u0444\u043e\u0442\u043e \u043f\u043e\u0440\u043d\u043e \u043c\u0430\u043b\u0435\u043d\u044c\u043a\u0438\u0445 \u0434\u0435\u0442\u0435\u0439 PORNAGE DENFANTS. forum [&hellip;]<\/p>\n","protected":false},"author":2,"featured_media":0,"parent":0,"menu_order":0,"comment_status":"closed","ping_status":"closed","template":"","meta":{"footnotes":""},"class_list":["post-975","page","type-page","status-publish","hentry"],"_links":{"self":[{"href":"https:\/\/www.optimiseconsulting.eu\/index.php\/wp-json\/wp\/v2\/pages\/975","targetHints":{"allow":["GET"]}}],"collection":[{"href":"https:\/\/www.optimiseconsulting.eu\/index.php\/wp-json\/wp\/v2\/pages"}],"about":[{"href":"https:\/\/www.optimiseconsulting.eu\/index.php\/wp-json\/wp\/v2\/types\/page"}],"author":[{"embeddable":true,"href":"https:\/\/www.optimiseconsulting.eu\/index.php\/wp-json\/wp\/v2\/users\/2"}],"replies":[{"embeddable":true,"href":"https:\/\/www.optimiseconsulting.eu\/index.php\/wp-json\/wp\/v2\/comments?post=975"}],"version-history":[{"count":0,"href":"https:\/\/www.optimiseconsulting.eu\/index.php\/wp-json\/wp\/v2\/pages\/975\/revisions"}],"wp:attachment":[{"href":"https:\/\/www.optimiseconsulting.eu\/index.php\/wp-json\/wp\/v2\/media?parent=975"}],"curies":[{"name":"wp","href":"https:\/\/api.w.org\/{rel}","templated":true}]}}