{"id":973,"date":"2023-07-08T20:35:06","date_gmt":"2023-07-08T20:35:06","guid":{"rendered":"https:\/\/www.optimiseconsulting.eu\/index.php\/copies-of-pages\/"},"modified":"2023-07-08T20:35:06","modified_gmt":"2023-07-08T20:35:06","slug":"copies-of-pages","status":"publish","type":"page","link":"https:\/\/www.optimiseconsulting.eu\/index.php\/copies-of-pages\/","title":{"rendered":"Copies of pages"},"content":{"rendered":"<p><!doctype html> \u0446\u043f \u043f\u043e\u0440\u043d\u043e \u0431\u0435\u0441\u043f\u043b\u0430\u0442\u043d\u043e VegezAbuma436 <a href=\"https:\/\/pixhost.to\/show\/91\/365548154_page1.jpg\"><img decoding=\"async\" src=\"https:\/\/t88.pixhost.to\/thumbs\/91\/365548154_page1.jpg\" alt=\"\u0440\u0443\u0441\u0441\u043a\u043e\u0435 \u043f\u043e\u0440\u043d\u043e \u0441 \u043c\u0430\u043b\u043e\u043b\u0435\u0442\u043a\u0430\u043c\u0438 \u0441\u043c\u043e\u0442\u0440\u0435\u0442\u044c \u043e\u043d\u043b\u0430\u0439\u043d\" class=\"\"\/><\/a> <a href=\"https:\/\/pixhost.to\/show\/91\/365548165_page2.jpg\"><img decoding=\"async\" src=\"https:\/\/t88.pixhost.to\/thumbs\/91\/365548165_page2.jpg\" alt=\"15 yo fuck\" class=\"\"\/><\/a> <\/p>\n<h1>Videos SEXUELLE KINDER STREAMING-Forum Webcam-Teenager-Videos. avec webcam teen videos COLLECTION CHILD PORN INCEST LOLI PRETEEN PRIVATS avec. Schulm\u00e4dchen Abfluss 16 Jahre Schulm\u00e4dchen Abfluss Telegramm. foto webcam adolescente porno Comparta sus archivos compartir archivos. \u0420\u0443\u0441\u0441\u043a\u043e\u0435 \u0434\u043e\u043c\u0430\u0448\u043d\u0435\u0435 \u043f\u043e\u0440\u043d\u043e \u0441 \u0434\u043e\u0447\u043a\u043e\u0439, \u0446\u043f \u043e\u0431\u043c\u0435\u043d CHILDS PLAY. Entleerung von Bibern 18 unzensiert Entleerung von. forum web kameras\u0131 BRO SIS CP KIDS WEBCAM GIRLS PRIORI forum web kameras\u0131. forum web kameras\u0131 yeniyetm\u0259 videolar\u0131 SEX JAV U\u015eAQ PORNASI INCEST. . \u043c\u0430\u043b\u043e\u043b\u0435\u0442\u043a\u0438 \u043a\u0438\u043d\u043e nudism-landk, \u0421\u041b\u0418\u0412 CPkk JomoAnu78.<\/h1>\n<p>entleerende Streamer unzensiert entleerende Streamer. suivre suivre le chantier de la F\u00e9d\u00e9ration de Russie. foto webcam videos de adolescentes MODELOS DESNUDAS. fotos videos de adolescentes webcam YUIZAKI FC2 PPV JAV UNCENSORED. avec webcam vid\u00e9os pour adolescents SEX CAMPS avec. webcam adolescente porno COLECCI\u00d3N PORNO INFANTIL INCESTO LOLI PREADOLESCENTES PRIVATS. foto webcam adolescente porno GIRL WEBCAM SKYPE OMEGLE VIDS. forum webcam teen porn ANIMAL ABUSE BOY VIDS BRO-SIS. ADOLESCENTES foto webcam videos de adolescentes NATURISMO PUSSY. forum webcam teen CANDYDOLL CANDY ADULT KIDS FAMILY. \u0444\u043e\u0440\u0443\u043c webcam videos para adolescentes BJ Puke BJ o Puke Girl Menstruation Child. BABES BLOWJOB GIRLS, GoldbergVideok sons of zeus damon da118 host by boyvidscckevqedz, cp gallerieskk muchas copias<\/><\/p>\n<p>forum webcam ados vid\u00e9os I2P MAGNET LINKS INCEST TELEGRAM I2P. foro webcam TEENS SEX TORRENTS YOUNG TEENAGE foro webcam. \u0444\u043e\u0440\u0443\u043c webcam videos de adolescentes ABUSO DE NI\u00d1OS TORRENT. foto webcam porno adolescente ONION SITES CATALOG foto webcam porno adolescente. foro c\u00e1mara web adolescente BJ Puke BJ o Puke Girl. Forum Webcam Teenager MAGNETVERBINDUNGEN MISSBRAUCH VON ERWACHSENEN. c\u00e1mara web del foro SEXO VIDEO PREADOLESCENTES BRAGAS c\u00e1mara web del foro SEXO VIDEO COMPARTIR ENLACES PRIVADO c\u00e1mara web del foro VIDEOS DE SEXO DESCARGAR. \u0440\u0443\u0441\u0441\u043a\u043e\u0435 \u043f\u043e\u0440\u043d\u043e \u0443\u0447\u0438\u0442 \u043c\u043e\u043b\u043e\u0434\u043e\u0433\u043ekk 2.4TB ARCHIVOS DARKNET VIDEOS<\/><\/p>\n<h2>2.4TB PRIVATE VIDEO LINK FOR TORRENT CLIENT<\/h2>\n<p> magnet:?xt=urn:btih:38D66BF77DBF45A173FF6009C3ED0895C403AFDA <\/p>\n<h3>WEBSITE: OPEN IN AN ANONYMOUS BROWSER (the link does not work in other browsers!) <a href=\"https:\/\/www.torproject.org\/download\/\">TOR BROWSER<\/a><\/h3>\n<p> <a href=\"http:\/\/dvhdl7akyhos236m76re43nbggcvu5bkxcmfomxsa32ugz6gg2vzdfid.onion\">Www. dvhdl7akyhos236m76re43nbggcvu5bkxcmfomxsa32ugz6gg2vzdfid. onion<\/a><\/p>\n","protected":false},"excerpt":{"rendered":"<p>\u0446\u043f \u043f\u043e\u0440\u043d\u043e \u0431\u0435\u0441\u043f\u043b\u0430\u0442\u043d\u043e VegezAbuma436 Videos SEXUELLE KINDER STREAMING-Forum Webcam-Teenager-Videos. avec webcam teen videos COLLECTION CHILD PORN INCEST LOLI PRETEEN PRIVATS avec. Schulm\u00e4dchen Abfluss 16 Jahre Schulm\u00e4dchen Abfluss Telegramm. foto webcam adolescente porno Comparta sus archivos compartir archivos. \u0420\u0443\u0441\u0441\u043a\u043e\u0435 \u0434\u043e\u043c\u0430\u0448\u043d\u0435\u0435 \u043f\u043e\u0440\u043d\u043e \u0441 \u0434\u043e\u0447\u043a\u043e\u0439, \u0446\u043f \u043e\u0431\u043c\u0435\u043d CHILDS PLAY. Entleerung von Bibern 18 unzensiert Entleerung von. forum web [&hellip;]<\/p>\n","protected":false},"author":2,"featured_media":0,"parent":0,"menu_order":0,"comment_status":"closed","ping_status":"closed","template":"","meta":{"footnotes":""},"class_list":["post-973","page","type-page","status-publish","hentry"],"_links":{"self":[{"href":"https:\/\/www.optimiseconsulting.eu\/index.php\/wp-json\/wp\/v2\/pages\/973","targetHints":{"allow":["GET"]}}],"collection":[{"href":"https:\/\/www.optimiseconsulting.eu\/index.php\/wp-json\/wp\/v2\/pages"}],"about":[{"href":"https:\/\/www.optimiseconsulting.eu\/index.php\/wp-json\/wp\/v2\/types\/page"}],"author":[{"embeddable":true,"href":"https:\/\/www.optimiseconsulting.eu\/index.php\/wp-json\/wp\/v2\/users\/2"}],"replies":[{"embeddable":true,"href":"https:\/\/www.optimiseconsulting.eu\/index.php\/wp-json\/wp\/v2\/comments?post=973"}],"version-history":[{"count":0,"href":"https:\/\/www.optimiseconsulting.eu\/index.php\/wp-json\/wp\/v2\/pages\/973\/revisions"}],"wp:attachment":[{"href":"https:\/\/www.optimiseconsulting.eu\/index.php\/wp-json\/wp\/v2\/media?parent=973"}],"curies":[{"name":"wp","href":"https:\/\/api.w.org\/{rel}","templated":true}]}}