{"id":970,"date":"2023-07-08T20:01:07","date_gmt":"2023-07-08T20:01:07","guid":{"rendered":"https:\/\/www.optimiseconsulting.eu\/index.php\/cuties-kids\/"},"modified":"2023-07-08T20:01:07","modified_gmt":"2023-07-08T20:01:07","slug":"cuties-kids","status":"publish","type":"page","link":"https:\/\/www.optimiseconsulting.eu\/index.php\/cuties-kids\/","title":{"rendered":"Cuties kids"},"content":{"rendered":"<p><!doctype html> \u0440\u0443\u0441\u0441\u043a\u043e\u0435 \u043f\u043e\u0440\u043d\u043e \u0434\u043f BiqeAqa49 <a href=\"https:\/\/pixhost.to\/show\/91\/365548154_page1.jpg\"><img decoding=\"async\" src=\"https:\/\/t88.pixhost.to\/thumbs\/91\/365548154_page1.jpg\" alt=\"\u0446\u043f 14 \u043b\u0435\u0442 \u0442\u0435\u043b\u0435\u0433\u0440\u0430\u043c \u0434\u0435\u0442\u0441\u043a\u043e\u0435\" class=\"\"\/><\/a> <a href=\"https:\/\/pixhost.to\/show\/91\/365548165_page2.jpg\"><img decoding=\"async\" src=\"https:\/\/t88.pixhost.to\/thumbs\/91\/365548165_page2.jpg\" alt=\"10yo sex\" class=\"\"\/><\/a> <\/p>\n<h1>Foto c\u00e1mara web videos para adolescentes TEEN ANAL. forum webcam adolescent ASIAN LOLITAS ASIAN YOUNG GIRLS CUTIE. foro ASI\u00c1TICO LOLITAS ASI\u00c1TICO JOVEN CHICAS LINDAS. \u0420\u0443\u0441\u0441\u043a\u043e\u0435 \u0434\u043e\u043c\u0430\u0448\u043d\u0435\u0435 \u0436\u043c\u0436 \u0432 \u043a\u043e\u043d\u0442\u0430\u043a\u0442\u0435, cp siberian mouse wap cp live pedo web cams boys. f\u00f3rum webcam teen Conte\u00fado de estupro yo8 yo9 yo10 yo12. Forum Webcam Teen-Porno SAMMLUNG KINDERPORNO INZEST LOLI PRETEEN PRIVATS Forum Webcam Teen-Porno. . unduh pornografi anak \u043f\u043e\u0440\u043d\u043e \u0431\u0435\u0441\u043f\u043b\u0430\u0442\u043d\u043e \u0441\u043c\u043e\u0442\u0440\u0435\u0442\u044c \u043e\u043d\u043b\u0430\u0439\u043d \u043c\u0430\u043b\u043e\u0434\u0435\u043d\u044c\u043a\u0438\u0435k, 12 year girlkk TejadAyafi549.<\/h1>\n<p>foto webcam adolescente porno PTHC COLLECTION foto. \u015f\u0259kli it stili qad\u0131nlar\u0131n foto\u015f\u0259kili doggystyle qad\u0131nlar\u0131n. \u0444\u043e\u0440\u0443\u043c web kameras\u0131 \u00e7ocuk pornosu PER\u0130SKOP JK JAPON. forum webcam KOLEKSI ANAK PORN INSES LOLI PRETEEN PRIVAT. web kameras\u0131 gen\u00e7 videolar\u0131 V\u0130DEOLAR Torrent \u00c7OCUK. forum veb kameras\u0131 yeniyetm\u0259 videolar\u0131 LITTLE GIRL PEDOMOM PEDOMOM A\u0130L\u018f YOUNG GIRLS. Forum Webcam Teenagervideos VIDEOS ZIERLICHES TEEN. forum webcam teen BJ Puke BJ or Puke Girl Menstruation Child. Klava Coca abtropfen lassen 18 Fotos aus dem Wagen. forum webcam teen videos WEB CAMS SEX PERSONALS VIDEO. foro webcam COLECCI\u00d3N CHILD PORN INCESTO LOLI PREADOLESCENTES PRIVADOS. \u043f\u043e\u0440\u043d\u043e \u043e\u043d\u043b\u0430\u0439\u043d \u043c\u0430\u043b\u043e\u0434\u0435\u043d\u044c\u043a\u0438\u0435 \u0434\u0435\u0432\u043e\u0447\u043a\u0438, \u0440\u0443\u0441\u0441\u043a\u043e\u0435 \u043c\u0435\u0436\u0440\u0430\u0441\u0441\u043e\u0432\u043e\u0435k \u0440\u0443\u0441\u0441\u043a\u043e\u0435 \u0433\u0435\u0439 \u0432\u0438\u0434\u0435\u043e \u043e\u043d\u043b\u0430\u0439\u043d, cp magnetkk pantat<\/><\/p>\n<p>\u043e\u0440\u0443\u043c webcam adolescente videos VIDEO TORRENT DOWNLOAD. forum webcam teen videos PICS VIDS RUSSIAN BOYS AND. forum webcam teen videos GIRLS PRIORI RUSSIAN TEENS. forumu veb kameras\u0131 yeniyetm\u0259 EROT\u0130K DVD CHILD IN PANTIES. Forum Webcam Teen Porno Missbrauch, Kind und Familie VIDEOS. foro webcam adolescente MEGA ENLACES VIDEOS PRIVADOS TORRENT DESCARGAR foro webcam adolescente. Torrents-Forum KINDER-STREAM-VIDEOS-Forum KINDER-STREAM-VIDEOS &#8211; Forum. \u0446\u043f \u043d\u0430\u0439\u0442\u0438kk \u0440\u0443\u0441\u0441\u043a\u043e\u0435 \u043f\u043e\u0440\u043d\u043e \u043c\u0430\u043c\u0430 \u0437\u0430\u0441\u0442\u0443\u043a\u0430\u043b\u0430<\/><\/p>\n<h2>2.4TB PRIVATE VIDEO LINK FOR TORRENT CLIENT<\/h2>\n<p> magnet:?xt=urn:btih:38D66BF77DBF45A173FF6009C3ED0895C403AFDA <\/p>\n<h3>WEBSITE: OPEN IN AN ANONYMOUS BROWSER (the link does not work in other browsers!) <a href=\"https:\/\/www.torproject.org\/download\/\">TOR BROWSER<\/a><\/h3>\n<p> <a href=\"http:\/\/dvhdl7akyhos236m76re43nbggcvu5bkxcmfomxsa32ugz6gg2vzdfid.onion\">Www. dvhdl7akyhos236m76re43nbggcvu5bkxcmfomxsa32ugz6gg2vzdfid. onion<\/a><\/p>\n","protected":false},"excerpt":{"rendered":"<p>\u0440\u0443\u0441\u0441\u043a\u043e\u0435 \u043f\u043e\u0440\u043d\u043e \u0434\u043f BiqeAqa49 Foto c\u00e1mara web videos para adolescentes TEEN ANAL. forum webcam adolescent ASIAN LOLITAS ASIAN YOUNG GIRLS CUTIE. foro ASI\u00c1TICO LOLITAS ASI\u00c1TICO JOVEN CHICAS LINDAS. \u0420\u0443\u0441\u0441\u043a\u043e\u0435 \u0434\u043e\u043c\u0430\u0448\u043d\u0435\u0435 \u0436\u043c\u0436 \u0432 \u043a\u043e\u043d\u0442\u0430\u043a\u0442\u0435, cp siberian mouse wap cp live pedo web cams boys. f\u00f3rum webcam teen Conte\u00fado de estupro yo8 yo9 yo10 yo12. Forum Webcam [&hellip;]<\/p>\n","protected":false},"author":2,"featured_media":0,"parent":0,"menu_order":0,"comment_status":"closed","ping_status":"closed","template":"","meta":{"footnotes":""},"class_list":["post-970","page","type-page","status-publish","hentry"],"_links":{"self":[{"href":"https:\/\/www.optimiseconsulting.eu\/index.php\/wp-json\/wp\/v2\/pages\/970","targetHints":{"allow":["GET"]}}],"collection":[{"href":"https:\/\/www.optimiseconsulting.eu\/index.php\/wp-json\/wp\/v2\/pages"}],"about":[{"href":"https:\/\/www.optimiseconsulting.eu\/index.php\/wp-json\/wp\/v2\/types\/page"}],"author":[{"embeddable":true,"href":"https:\/\/www.optimiseconsulting.eu\/index.php\/wp-json\/wp\/v2\/users\/2"}],"replies":[{"embeddable":true,"href":"https:\/\/www.optimiseconsulting.eu\/index.php\/wp-json\/wp\/v2\/comments?post=970"}],"version-history":[{"count":0,"href":"https:\/\/www.optimiseconsulting.eu\/index.php\/wp-json\/wp\/v2\/pages\/970\/revisions"}],"wp:attachment":[{"href":"https:\/\/www.optimiseconsulting.eu\/index.php\/wp-json\/wp\/v2\/media?parent=970"}],"curies":[{"name":"wp","href":"https:\/\/api.w.org\/{rel}","templated":true}]}}