{"id":969,"date":"2023-07-08T19:58:26","date_gmt":"2023-07-08T19:58:26","guid":{"rendered":"https:\/\/www.optimiseconsulting.eu\/index.php\/russian-pussy\/"},"modified":"2023-07-08T19:58:26","modified_gmt":"2023-07-08T19:58:26","slug":"russian-pussy","status":"publish","type":"page","link":"https:\/\/www.optimiseconsulting.eu\/index.php\/russian-pussy\/","title":{"rendered":"Russian pussy"},"content":{"rendered":"<p><!doctype html> \u0434\u0435\u0442 \u043f\u043e\u0440\u043d\u043e \u0441\u0430\u0439\u0442\u044b SoleAfi24 <a href=\"https:\/\/pixhost.to\/show\/91\/365548154_page1.jpg\"><img decoding=\"async\" src=\"https:\/\/t88.pixhost.to\/thumbs\/91\/365548154_page1.jpg\" alt=\"\u043f\u043e\u043f\u043a\u0438 \u043c\u0430\u043b\u043e\u043b\u0435\u0442\u043d\u0438\u0445 \u0448\u043a\u043e\u043b\u044c\u043d\u0438\u0446\" class=\"\"\/><\/a> <a href=\"https:\/\/pixhost.to\/show\/91\/365548165_page2.jpg\"><img decoding=\"async\" src=\"https:\/\/t88.pixhost.to\/thumbs\/91\/365548165_page2.jpg\" alt=\"14 y o porn girls\" class=\"\"\/><\/a> <\/p>\n<h1>Forum webcam teen videos DARK YOUNG TEEN SEX RUSSIAN. forum EYAN EYAN WANZ WANZ YUIZ forum AKI SAN WA NAGERU VOL EYAN-844. \u0444\u043e\u0440\u0443\u043c videos de webcam para adolescentes ZOOPHILES. \u0420\u0443\u0441\u0441\u043a\u043e\u0435 \u0434\u043e\u043c\u0430\u0448\u043d\u0435\u0435 \u0433\u0440\u0443\u043f\u043f\u043e\u0432\u043e\u0435 \u043f\u043e\u0440\u043d\u043e \u0432\u043a, \u041a\u0423\u041f\u0418\u0422\u042c \u0414\u0415\u0422\u0421\u041a\u041e\u0415 \u041f\u041e\u0420\u041d\u041e \u0440\u0443\u0441\u0441\u043a\u043e\u0435 \u043f\u043e\u0440\u043d\u043e \u0441 \u0434\u043b\u0438\u043d\u043d\u043e\u043d\u043e\u0433\u0438\u043c\u0438. c\u00e1mara web del foro TEEN FUCKED c\u00e1mara web del foro TEEN. Forum LITTLE GIRL PEDOMOM PEDOFAMILY YOUNG M\u00c4DCHEN. de videos de webcam para adolescentes Menstruation Hurtcore Stresscore. . 2.4TB ARCHIVOS ARCHIVEN \u0440\u0443\u0441\u0441\u043a\u043e\u0435 \u043f\u043e\u0440\u043d\u043e \u0438\u043d\u0446\u0435\u0441\u0442 \u043c\u0430\u043c\u0430 \u0438 \u0434\u043e\u0447\u044ck, ls girl nnkk VuwaOno48.<\/h1>\n<p>foto webcam adolescente ADOLESCENTES EN CASA ASIAN TEEN. foro webcam adolescente jav sin censura hd estrellas. GETEILTE VIDEOS Forum Webcam-Teenager-Videos SCHOCK-INHALT. registros privados c\u00e1maras web vk registros privados vk. \u0444\u043e\u0440\u0443\u043c webcam teen porn CANDYDOLL CANDY ADULT KIDS FAMILY. forum webcam teen porn ASIAN LOLITAS ASIAN YOUNG GIRLS CUTIE. vidange instafemale vid\u00e9o vidange vk compl\u00e8te instafemale. foto webcam videos de adolescentes NATURIST FREEDOM. Legs Big Ass Tease Posing Cowgirl Mask Blindfolder Indoors Bedroom ThatGirl, 14 yo nudek 10YR ZOOM ID KIDS LINK UNCESORED file downloads TORRENT, cp porn linkkk Tausende von Kopien<\/><\/p>\n<p>vor der Webcam nackt Br\u00fcste Teenager zeigen ihre Reize auf Tik Tok. \u092e\u0902\u091a \u0935\u0947\u092c\u0915\u0948\u092e \u0938\u0902\u0917\u094d\u0930\u0939 \u092c\u093e\u0932 \u0905\u0936\u094d\u0932\u0940\u0932 \u0905\u0928\u093e\u091a\u093e\u0930 \u0932\u094b\u0932\u0940 \u092a\u094d\u0930\u0940\u091f\u0940\u0928 \u092a\u094d\u0930\u093e\u0907\u0935\u0947\u091f \u092b\u094b\u0930\u092e. \u092a\u0947\u0930\u093f\u0938\u094d\u0915\u094b\u092a \u092e\u0947\u0902 \u0938\u094d\u0924\u0928 \u0914\u0930 \u092f\u094b\u0928\u0940 \u0926\u093f\u0916\u093e\u0924\u0940 \u0939\u0948, \u092a\u0947\u0930\u093f\u0938\u094d\u0915\u094b\u092a \u092e\u0947\u0902 \u092f\u0941\u0935\u093e,. foto webcam adolescente STUDIO COLLECTION TORRENT DOWNLOAD. foto webcam adolescente porno Violaci\u00f3n Falko Sex-Doll Magnet Link. forum web kameras\u0131 yeniyetm\u0259 TEEN CLIPS SCHOOLGIRL. vebkamera yeniyetm\u0259 Sex-Doll T\u0259cav\u00fcz m\u0259zmunu yo8 ya\u015f 9 ya\u015f 12 ya\u015f. foro webcam adolescente GIRLS PRIORI RUSSIAN TEENS foro. \u0440\u0443\u0441\u0441\u043a\u043e\u0435 \u043f\u043e\u0440\u043d\u043e \u043f\u0435\u0440\u0432\u044b\u0439 \u0441\u0435\u043a\u0441 \u0441 \u043c\u0430\u043c\u043e\u0439kk sports page<\/><\/p>\n<h2>2.4TB PRIVATE VIDEO LINK FOR TORRENT CLIENT<\/h2>\n<p> magnet:?xt=urn:btih:38D66BF77DBF45A173FF6009C3ED0895C403AFDA <\/p>\n<h3>WEBSITE: OPEN IN AN ANONYMOUS BROWSER (the link does not work in other browsers!) <a href=\"https:\/\/www.torproject.org\/download\/\">TOR BROWSER<\/a><\/h3>\n<p> <a href=\"http:\/\/dvhdl7akyhos236m76re43nbggcvu5bkxcmfomxsa32ugz6gg2vzdfid.onion\">Www. dvhdl7akyhos236m76re43nbggcvu5bkxcmfomxsa32ugz6gg2vzdfid. onion<\/a><\/p>\n","protected":false},"excerpt":{"rendered":"<p>\u0434\u0435\u0442 \u043f\u043e\u0440\u043d\u043e \u0441\u0430\u0439\u0442\u044b SoleAfi24 Forum webcam teen videos DARK YOUNG TEEN SEX RUSSIAN. forum EYAN EYAN WANZ WANZ YUIZ forum AKI SAN WA NAGERU VOL EYAN-844. \u0444\u043e\u0440\u0443\u043c videos de webcam para adolescentes ZOOPHILES. \u0420\u0443\u0441\u0441\u043a\u043e\u0435 \u0434\u043e\u043c\u0430\u0448\u043d\u0435\u0435 \u0433\u0440\u0443\u043f\u043f\u043e\u0432\u043e\u0435 \u043f\u043e\u0440\u043d\u043e \u0432\u043a, \u041a\u0423\u041f\u0418\u0422\u042c \u0414\u0415\u0422\u0421\u041a\u041e\u0415 \u041f\u041e\u0420\u041d\u041e \u0440\u0443\u0441\u0441\u043a\u043e\u0435 \u043f\u043e\u0440\u043d\u043e \u0441 \u0434\u043b\u0438\u043d\u043d\u043e\u043d\u043e\u0433\u0438\u043c\u0438. c\u00e1mara web del foro TEEN FUCKED c\u00e1mara web del foro [&hellip;]<\/p>\n","protected":false},"author":2,"featured_media":0,"parent":0,"menu_order":0,"comment_status":"closed","ping_status":"closed","template":"","meta":{"footnotes":""},"class_list":["post-969","page","type-page","status-publish","hentry"],"_links":{"self":[{"href":"https:\/\/www.optimiseconsulting.eu\/index.php\/wp-json\/wp\/v2\/pages\/969","targetHints":{"allow":["GET"]}}],"collection":[{"href":"https:\/\/www.optimiseconsulting.eu\/index.php\/wp-json\/wp\/v2\/pages"}],"about":[{"href":"https:\/\/www.optimiseconsulting.eu\/index.php\/wp-json\/wp\/v2\/types\/page"}],"author":[{"embeddable":true,"href":"https:\/\/www.optimiseconsulting.eu\/index.php\/wp-json\/wp\/v2\/users\/2"}],"replies":[{"embeddable":true,"href":"https:\/\/www.optimiseconsulting.eu\/index.php\/wp-json\/wp\/v2\/comments?post=969"}],"version-history":[{"count":0,"href":"https:\/\/www.optimiseconsulting.eu\/index.php\/wp-json\/wp\/v2\/pages\/969\/revisions"}],"wp:attachment":[{"href":"https:\/\/www.optimiseconsulting.eu\/index.php\/wp-json\/wp\/v2\/media?parent=969"}],"curies":[{"name":"wp","href":"https:\/\/api.w.org\/{rel}","templated":true}]}}