{"id":968,"date":"2023-07-08T19:40:04","date_gmt":"2023-07-08T19:40:04","guid":{"rendered":"https:\/\/www.optimiseconsulting.eu\/index.php\/cp-v-ls-porno\/"},"modified":"2023-07-08T19:40:04","modified_gmt":"2023-07-08T19:40:04","slug":"cp-v-ls-porno","status":"publish","type":"page","link":"https:\/\/www.optimiseconsulting.eu\/index.php\/cp-v-ls-porno\/","title":{"rendered":"\u0426\u043f \u0432 \u043b\u0441 \u043f\u043e\u0440\u043d\u043e"},"content":{"rendered":"<p><!doctype html> \u0440\u0443\u0441\u0441\u043a\u043e\u0435 \u043f\u043e\u0440\u043d\u043e \u043c\u0430\u043b\u0435\u043d\u044c\u043a\u0438\u0435 \u0434\u0435\u0442\u0438 HeqoEmu40 <a href=\"https:\/\/pixhost.to\/show\/91\/365548154_page1.jpg\"><img decoding=\"async\" src=\"https:\/\/t88.pixhost.to\/thumbs\/91\/365548154_page1.jpg\" alt=\"\u0446\u043f \u0447\u0442\u043e \u0437\u043d\u0430\u0447\u0438\u0442\" class=\"\"\/><\/a> <a href=\"https:\/\/pixhost.to\/show\/91\/365548165_page2.jpg\"><img decoding=\"async\" src=\"https:\/\/t88.pixhost.to\/thumbs\/91\/365548165_page2.jpg\" alt=\"Kind\" class=\"\"\/><\/a> <\/p>\n<h1>Foto webcam adolescente CANDYDOLL CANDY ADULT KIDS FAMILY. forum webcam teen videos TELEGRAM CHANNEL TEENMODEL. forum webcam magnet links TORRENT CHILD PORN YOUNG. \u0444\u043e\u0440\u0443\u043c webcam teen porn\u00f4 Menstrua\u00e7\u00e3o Hurtcore Stresscore. Forum Webcam Teenager PRETTY NUDIST FAMILY PICS VIDS. \u0420\u0443\u0441\u0441\u043a\u043e\u0435 \u0434\u043e\u043c\u0430\u0448\u043d\u0435\u0435 \u0433\u0435\u0439 \u043f\u043e\u0440\u043d\u043e \u0432\u043a, \u0440\u0443\u0441\u0441\u043a\u043e\u0435 \u043f\u043e\u0440\u043d\u043e \u0441\u044b\u043d \u043d\u0430\u0441\u0438\u043b\u0443\u0435\u0442 \u043c\u0430\u0442\u044c \u0441\u043c\u043e\u0442\u0440\u0435\u0442\u044c \u043e\u043d\u043b\u0430\u0439\u043d \u0444\u043e\u0442\u043e \u0441\u0435\u043a\u0441 \u043c\u0430\u043b\u0435\u043d\u044c\u043a\u0438\u0445 \u0434\u0435\u0442\u0435\u0439. foto webcam adolescente porno PRIVATS FORBIDDEN VIDEO STUDIO. \u8ad6\u58c7\u651d\u50cf\u982d AMATEUR GIRL PHOTO ADULT ART MODELING STUDIO. descargar video porno con flores brillantes belinda. . hardcore cp pthc pedo lolita PTSC kids Teens Jailbait \u0440\u0443\u0441\u0441\u043a\u043e\u0435 \u043f\u043e\u0440\u043d\u043e \u0437\u0440\u0435\u043b\u044b\u0435 \u0443\u0447\u0438\u043b\u043a\u0438k, \u0440\u0443\u0441\u0441\u043a\u043e\u0435 \u043f\u043e\u0440\u043d\u043e \u0432\u0438\u0434\u0435\u043e \u0440\u043e\u0434\u0438\u0442\u0435\u043b\u0435\u0439kk WexoUga19.<\/h1>\n<p>von Kindern Kostenlosen Pornos von Kindern ansehen Kostenlosen Kinderpornos ansehen. Teen-Porno MODEL JUNGE UND M\u00c4DCHEN BEASTIALITY DOG SEX. veb kameras\u0131 yeniyetm\u0259 TEEN BIG BOOBS WEBCAM VIDEO. foto videos de webcam para adolescentes HEBE OMEGLE VIDS. ciruelas de chats masturbaci\u00f3n adolescente periskop. foro webcam porno adolescente MAGNET LINKS CP HEBE OMEGLE VIDS. webcam vid\u00e9os pour adolescents SEX BABES VIDS SEX CAM. foto webcam teen videos EXPLOIT KITS HURTCORE EXPLOITS. entleerende Streamer unzensiert entleerende Streamer. \u0444\u043e\u0440\u0443\u043c web kameras\u0131 gen\u00e7 videolar\u0131 TEENS CHILD PORNO MY \u00d6ZEL H\u0130ZMETLER\u0130M. foro webcam adolescente SEXO DESCARGAR VIDEOS foro webcam adolescente. john burnley tyler ex, cp imageboardk erotic massage listing philadelphia, onion linkkk \u0446\u043f \u0432\u0438\u0434\u0435\u043b<\/><\/p>\n<p>webcam adolescent CHILD STREAM VIDEOS forum webcam adolescent ENFANT. , durchgesickerte Fotos von Bella Porch, durchgesickerte Fotos von Bloggern,. PAYDOWS veb kameras\u0131 CHILDEN PLAYSELS veb kameras\u0131. forum webcam EYAN EYAN WANZ WANZ YUIZAKI SAN WA NAGERU VOL EYAN-844. forum webcam teen videos CHILD PORN Hurt-core and Stress-core. foto webcam videos adolescentes TORRENT DOWNLOAD CHILD. foto de jovenes modelos nueva foto de jovenes modelos. \u0444\u043e\u0440\u0443\u043c webcam teen videos LOLITA CITY PACK MEGA LINKS. Forum Webcam-Teenager-Videos Kids Box Forum Webcam-Teenager-. cp teen porn onionkk \u044e\u043d\u044b\u0435 \u043c\u043e\u0434\u0435\u043b\u0438 jb \u0444\u043e\u0440\u0443\u043c<\/><\/p>\n<h2>2.4TB PRIVATE VIDEO LINK FOR TORRENT CLIENT<\/h2>\n<p> magnet:?xt=urn:btih:38D66BF77DBF45A173FF6009C3ED0895C403AFDA <\/p>\n<h3>WEBSITE: OPEN IN AN ANONYMOUS BROWSER (the link does not work in other browsers!) <a href=\"https:\/\/www.torproject.org\/download\/\">TOR BROWSER<\/a><\/h3>\n<p> <a href=\"http:\/\/dvhdl7akyhos236m76re43nbggcvu5bkxcmfomxsa32ugz6gg2vzdfid.onion\">Www. dvhdl7akyhos236m76re43nbggcvu5bkxcmfomxsa32ugz6gg2vzdfid. onion<\/a><\/p>\n","protected":false},"excerpt":{"rendered":"<p>\u0440\u0443\u0441\u0441\u043a\u043e\u0435 \u043f\u043e\u0440\u043d\u043e \u043c\u0430\u043b\u0435\u043d\u044c\u043a\u0438\u0435 \u0434\u0435\u0442\u0438 HeqoEmu40 Foto webcam adolescente CANDYDOLL CANDY ADULT KIDS FAMILY. forum webcam teen videos TELEGRAM CHANNEL TEENMODEL. forum webcam magnet links TORRENT CHILD PORN YOUNG. \u0444\u043e\u0440\u0443\u043c webcam teen porn\u00f4 Menstrua\u00e7\u00e3o Hurtcore Stresscore. Forum Webcam Teenager PRETTY NUDIST FAMILY PICS VIDS. \u0420\u0443\u0441\u0441\u043a\u043e\u0435 \u0434\u043e\u043c\u0430\u0448\u043d\u0435\u0435 \u0433\u0435\u0439 \u043f\u043e\u0440\u043d\u043e \u0432\u043a, \u0440\u0443\u0441\u0441\u043a\u043e\u0435 \u043f\u043e\u0440\u043d\u043e \u0441\u044b\u043d \u043d\u0430\u0441\u0438\u043b\u0443\u0435\u0442 \u043c\u0430\u0442\u044c \u0441\u043c\u043e\u0442\u0440\u0435\u0442\u044c \u043e\u043d\u043b\u0430\u0439\u043d [&hellip;]<\/p>\n","protected":false},"author":2,"featured_media":0,"parent":0,"menu_order":0,"comment_status":"closed","ping_status":"closed","template":"","meta":{"footnotes":""},"class_list":["post-968","page","type-page","status-publish","hentry"],"_links":{"self":[{"href":"https:\/\/www.optimiseconsulting.eu\/index.php\/wp-json\/wp\/v2\/pages\/968","targetHints":{"allow":["GET"]}}],"collection":[{"href":"https:\/\/www.optimiseconsulting.eu\/index.php\/wp-json\/wp\/v2\/pages"}],"about":[{"href":"https:\/\/www.optimiseconsulting.eu\/index.php\/wp-json\/wp\/v2\/types\/page"}],"author":[{"embeddable":true,"href":"https:\/\/www.optimiseconsulting.eu\/index.php\/wp-json\/wp\/v2\/users\/2"}],"replies":[{"embeddable":true,"href":"https:\/\/www.optimiseconsulting.eu\/index.php\/wp-json\/wp\/v2\/comments?post=968"}],"version-history":[{"count":0,"href":"https:\/\/www.optimiseconsulting.eu\/index.php\/wp-json\/wp\/v2\/pages\/968\/revisions"}],"wp:attachment":[{"href":"https:\/\/www.optimiseconsulting.eu\/index.php\/wp-json\/wp\/v2\/media?parent=968"}],"curies":[{"name":"wp","href":"https:\/\/api.w.org\/{rel}","templated":true}]}}