{"id":967,"date":"2023-07-08T19:38:37","date_gmt":"2023-07-08T19:38:37","guid":{"rendered":"https:\/\/www.optimiseconsulting.eu\/index.php\/cp-tor-links\/"},"modified":"2023-07-08T19:38:37","modified_gmt":"2023-07-08T19:38:37","slug":"cp-tor-links","status":"publish","type":"page","link":"https:\/\/www.optimiseconsulting.eu\/index.php\/cp-tor-links\/","title":{"rendered":"Cp tor links"},"content":{"rendered":"<p><!doctype html> \u043f\u043e\u0440\u043d\u043e \u0432\u0438\u0434\u0435\u043e \u0434\u0435\u0432\u043e\u0447\u043a\u0438 \u0441 \u0438\u0433\u0440\u0443\u0448\u043a\u0430\u043c\u0438 CigeUra82 <a href=\"https:\/\/pixhost.to\/show\/91\/365548154_page1.jpg\"><img decoding=\"async\" src=\"https:\/\/t88.pixhost.to\/thumbs\/91\/365548154_page1.jpg\" alt=\"16 sxxxx parm\" class=\"\"\/><\/a> <a href=\"https:\/\/pixhost.to\/show\/91\/365548165_page2.jpg\"><img decoding=\"async\" src=\"https:\/\/t88.pixhost.to\/thumbs\/91\/365548165_page2.jpg\" alt=\"pedo cp torrent\" class=\"\"\/><\/a> <\/p>\n<h1>V\u0130DEOLAR SEKS PAYLA\u015eIM V\u0130DEO forum web kameras\u0131 yeniyetm\u0259 V\u0130DEOLAR WEBCAM ANAL HEYVANLARIN SU\u0130-V\u0130DEOLARI forum WEBKAMERASI ANAL HEYVANLARIN SU\u0130-V\u0130DEOLARI WEB kameras\u0131. vor der Webcam nackt Br\u00fcste Teenager zeigen ihre Reize auf Tik Tok. foro webcam adolescente HIJA AMOR NI\u00d1OS ENLACE PUTA EXPUESTA foro. limonade filles porno loli citron filles porno loli. \u0420\u0443\u0441\u0441\u043a\u043e\u0435 \u0447\u0430\u0441\u0442\u043d\u043e\u0435 \u043f\u043e\u0440\u043d\u043e \u0438\u043d\u0446\u0435\u0441\u0442, \u0421\u041b\u0418\u0412 Snapchat \u0431\u0435\u0441\u043f\u043b\u0430\u0442\u043d\u043e\u0435 \u043f\u043e\u0440\u043d\u043e \u0440\u043e\u0434\u0438\u0442\u0435\u043b\u0435\u0439 \u0438 \u0434\u0435\u0442\u0435\u0439. foto de una chica en la naturaleza en verano desnuda foto de. forum web kameras\u0131 teen EROTIC DVD CHILD IN PANTIES. Pflaumen Pflaumen Schauspielerinnen Marvel Pflaumen. . \u0421\u041b\u0418\u0412 \u0422\u0418\u041a\u0422\u041e\u041a\u0415\u0420\u0428 \u0446\u043f \u0441\u043c\u043e\u0442\u0440\u0435\u0442\u044c \u0432\u0438\u0434\u0435\u043ek, \u0440\u0443\u0441\u0441\u043a\u043e\u0435 \u043f\u043e\u0440\u043d\u043e \u043c\u0430\u0442\u044c \u043f\u043e\u043c\u043e\u0433\u043b\u0430 \u0441\u044b\u043d\u0443kk QuzuIgo37.<\/h1>\n<p>\u0444\u043e\u0440\u0443\u043c webcam teen videos Rape Falko Sex-Doll Magnet Link. forum webcam teen porn SEX VIDEO SHARE LINKS PRIVAT. forum web kameras\u0131 Sex-Doll Tecav\u00fcz i\u00e7eri\u011fi yo8 yo9 yo10 yo12. Forum Webcam Teen STUDIO COLLECTION TORRENT DOWNLOAD. foro webcam adolescente BRO SIS CP KIDS WEBCAM GIRLS PRIORI. imagen webcam adolescente porno SEXUAL KIDS STREAMING. fotos videos de adolescentes webcam TELEGRAM CHANNEL TEEMODEL fotos videos de adolescentes webcam. foro webcam videos adolescentes ONION VIDEOS foro webcam videos adolescentes. forum webcam teen videos MOM AND SON MEGA LINK INCEST ONLYFANS. \u0446\u043f porn torrent, \u0440\u0443\u0441\u0441\u043a\u043e\u0435 \u043f\u043e\u0440\u043d\u043e \u0442\u0440\u0430\u043d\u0441\u044b \u0448\u043b\u044e\u0445\u0438 \u043c\u0430\u043b\u043e\u043b\u0435\u0442\u043a\u0438k \u043f\u043e\u0440\u043d\u043e \u0434\u0435\u0442\u0435\u0439 \u0441 \u0440\u043e\u0434\u0438\u0442\u0435\u043b\u043c\u0438 \u0441\u0435\u043a\u0441, \u0446\u043f \u0441\u043a\u0430\u0447\u0430\u0442\u044c \u0441\u043c\u043e\u0442\u0440\u0435\u0442\u044ckk 13 yo<\/><\/p>\n<p>forum webcam vid\u00e9os pour adolescents ANIMAL BEASTEALITY. forumu SCHOOLGIRL VIDEO CHILD forumu SEXKIRL V\u0130DEO CHILD forumu SEXDSKIRL VIDEO CHILD forumu SEXDSKIRL VIDEO CHILD. forum webcam yeniyetm\u0259 porno NECRO NECROPHILIA OMEGLE CAPTURES. Forum Webcam Teen-Pornos TEENS KINDERPORNO MEINE PRIVATEN. avec webcam teen porn SCHOOLGIRL VIDEO CHILD avec webcam teen porn. Forum Webcam-Teen-Porno VIRGIN PUSSY Forum Webcam-. forum webcam teen videos CHILD NUDES CHILD OF ADDICTS CHILD. vidange instafemale vid\u00e9o vidange vk compl\u00e8te instafemale. Forum Webcam-Teen-Porno FREE YOUNG Forum Webcam-Teen. \u0421\u041b\u0418\u0422\u042b\u0415 \u0424\u041e\u0422\u041e \u0428\u041a\u041e\u041b\u042c\u041d\u0418\u0426 \u0422\u0413kk xxx jailbait teen video<\/><\/p>\n<h2>2.4TB PRIVATE VIDEO LINK FOR TORRENT CLIENT<\/h2>\n<p> magnet:?xt=urn:btih:38D66BF77DBF45A173FF6009C3ED0895C403AFDA <\/p>\n<h3>WEBSITE: OPEN IN AN ANONYMOUS BROWSER (the link does not work in other browsers!) <a href=\"https:\/\/www.torproject.org\/download\/\">TOR BROWSER<\/a><\/h3>\n<p> <a href=\"http:\/\/dvhdl7akyhos236m76re43nbggcvu5bkxcmfomxsa32ugz6gg2vzdfid.onion\">Www. dvhdl7akyhos236m76re43nbggcvu5bkxcmfomxsa32ugz6gg2vzdfid. onion<\/a><\/p>\n","protected":false},"excerpt":{"rendered":"<p>\u043f\u043e\u0440\u043d\u043e \u0432\u0438\u0434\u0435\u043e \u0434\u0435\u0432\u043e\u0447\u043a\u0438 \u0441 \u0438\u0433\u0440\u0443\u0448\u043a\u0430\u043c\u0438 CigeUra82 V\u0130DEOLAR SEKS PAYLA\u015eIM V\u0130DEO forum web kameras\u0131 yeniyetm\u0259 V\u0130DEOLAR WEBCAM ANAL HEYVANLARIN SU\u0130-V\u0130DEOLARI forum WEBKAMERASI ANAL HEYVANLARIN SU\u0130-V\u0130DEOLARI WEB kameras\u0131. vor der Webcam nackt Br\u00fcste Teenager zeigen ihre Reize auf Tik Tok. foro webcam adolescente HIJA AMOR NI\u00d1OS ENLACE PUTA EXPUESTA foro. limonade filles porno loli citron filles porno [&hellip;]<\/p>\n","protected":false},"author":2,"featured_media":0,"parent":0,"menu_order":0,"comment_status":"closed","ping_status":"closed","template":"","meta":{"footnotes":""},"class_list":["post-967","page","type-page","status-publish","hentry"],"_links":{"self":[{"href":"https:\/\/www.optimiseconsulting.eu\/index.php\/wp-json\/wp\/v2\/pages\/967","targetHints":{"allow":["GET"]}}],"collection":[{"href":"https:\/\/www.optimiseconsulting.eu\/index.php\/wp-json\/wp\/v2\/pages"}],"about":[{"href":"https:\/\/www.optimiseconsulting.eu\/index.php\/wp-json\/wp\/v2\/types\/page"}],"author":[{"embeddable":true,"href":"https:\/\/www.optimiseconsulting.eu\/index.php\/wp-json\/wp\/v2\/users\/2"}],"replies":[{"embeddable":true,"href":"https:\/\/www.optimiseconsulting.eu\/index.php\/wp-json\/wp\/v2\/comments?post=967"}],"version-history":[{"count":0,"href":"https:\/\/www.optimiseconsulting.eu\/index.php\/wp-json\/wp\/v2\/pages\/967\/revisions"}],"wp:attachment":[{"href":"https:\/\/www.optimiseconsulting.eu\/index.php\/wp-json\/wp\/v2\/media?parent=967"}],"curies":[{"name":"wp","href":"https:\/\/api.w.org\/{rel}","templated":true}]}}