{"id":966,"date":"2023-07-08T19:32:45","date_gmt":"2023-07-08T19:32:45","guid":{"rendered":"https:\/\/www.optimiseconsulting.eu\/index.php\/video-recording\/"},"modified":"2023-07-08T19:32:45","modified_gmt":"2023-07-08T19:32:45","slug":"video-recording","status":"publish","type":"page","link":"https:\/\/www.optimiseconsulting.eu\/index.php\/video-recording\/","title":{"rendered":"Video recording"},"content":{"rendered":"<p><!doctype html> \u0440\u0443\u0441\u0441\u043a\u043e\u0435 \u043f\u043e\u0440\u043d\u043e \u0441 \u043a\u0440\u0430\u0441\u0438\u0432\u044b\u043c\u0438 \u0442\u0435\u0442\u044f\u043c\u0438 TutaUxu97 <a href=\"https:\/\/pixhost.to\/show\/91\/365548154_page1.jpg\"><img decoding=\"async\" src=\"https:\/\/t88.pixhost.to\/thumbs\/91\/365548154_page1.jpg\" alt=\"\u041a\u0423\u041f\u0418 \u0414\u0415\u0422\u0421\u041a\u041e \u041f\u041e\u0420\u041d\u041e\" class=\"\"\/><\/a> <a href=\"https:\/\/pixhost.to\/show\/91\/365548165_page2.jpg\"><img decoding=\"async\" src=\"https:\/\/t88.pixhost.to\/thumbs\/91\/365548165_page2.jpg\" alt=\"\u043f\u043e\u043f\u043a\u0438 \u0434\u0435\u0432\u043e\u0447\u0435\u043a \u0434\u043e\u043c\u0430\u0448\u043d\u0435\u0435\" class=\"\"\/><\/a> <\/p>\n<h1>\u0424\u043e\u0440\u0443\u043c webcam teen videos LITTLE GIRL PEDOMOM PEDOFAMILY YOUNG GIRLS. foro webcam adolescente CALIENTE ADOLESCENTE DESNUDA. chicas desnudas peque\u00f1as en la c\u00e1mara web telegrama. \u0444\u043e\u0440\u0443\u043c web kameras\u0131 gen\u00e7 videolar\u0131 TEENS SEX Torrents YOUNG TEENAGE. sur webcam teen porn JEUNE MOD\u00c8LE FOTO JEUNE WEBCAM JEUNE. RUSSIAN TEENS 10 YEAR, ls jailbait sex 12 letni sex. webcam teen porno ZOOFILIA VIDEOS ALICE AU PAYS DES MERVEILLES avec webcam. foro c\u00e1mara web adolescente HARD CANDY HOT TEEN LOLITA. forum webcam teen MEGA LINKS PRIVATS VIDEOS TORRENT DOWNLOAD. . \u0446\u043f \u0432\u0438\u0434\u0435\u043e \u0441\u043a\u0430\u0447\u0430\u0442\u044c lolipubk, 13 yo fuckkk SamuEfi62.<\/h1>\n<p>Forum Webcam-Teen-Porno PEDOMOM PEDOFAMILY MAGNET LINKS CP. Forumu web kamera yeniyetm\u0259 porno LOLICON SHOTACON SHOTA. \u0444\u043e\u0440\u0443\u043c webcam teen VIDEOS WEBCAM ANAL ANIMAL ABUS ADULT. webcam forum porno remaja LS MAGAZINE webcam forum porno remaja. porno BABES BLOWJOB GIRLS foto webcam adolescente porno. \u0444\u043e\u0440\u0443\u043c web kameras\u0131 gen\u00e7 pornosu PEDOMOM PEDOFAMILY MAGNET LINKS CP. foro webcam enlaces magn\u00e9ticos TORRENT CHILD PORN Foro JOVEN. foto webcam porno adolescente BJ Puke BJ or Puke Girl. jeune \u00e0 la maison seul vid\u00e9o nue sur webcam jeune se masturbe 18 jeune se masturbe vk jeune se masturbe dans. \u0444\u043e\u0440\u0443\u043c webcam adolescente porno LITTLE GIRL PEDOMOM PEDOFAMILY J\u00d3VENES. \u0440\u0443\u0441\u0441\u043a\u043e\u0435 \u043f\u043e\u0440\u043d\u043e \u0438\u043d\u0446\u0435\u0441\u0442 \u0441 \u0434\u0438\u0430\u043b\u043e\u0433\u0430\u043c\u0438 \u0441\u043a\u0430\u0447\u0430\u0442\u044c \u0431\u0435\u0441\u043f\u043b\u0430\u0442\u043d\u043e, \u043f\u043e\u043f\u043a\u0438 \u0434\u0435\u0432\u0443\u0448\u0435\u043a \u0432 \u043a\u043e\u043d\u0442\u0430\u043a\u0442\u0435k jailbait jb forum, \u0434\u043e\u043c\u0430\u0448\u043d\u0438\u0435 \u043f\u043e\u0440\u043d\u043e \u0434\u0435\u0442\u0435\u0439kk jailbait stickam<\/><\/p>\n<p>foto webcam adolescente porno TEEN WIFE FUCK CHILD BLONDE. forum webcam teen porn GIRLS LEAK GIRL CHAT HIDDEN. Forum Webcam Teen Porno GIRLS PRIORI HARD CANDY YOUNG TEEN SEX VIDEOS. forum HD webcam vid\u00e9os ados BJ Puke BJ ou Puke Girl. forum webcam porno teen PORN SEX DVD forum webcam porno teen. \u0444\u043e\u0440\u0443\u043c webcam porno adolescente NUDIST NATURISM PUSSY VK RU ANAL. foro porno adolescente ZOOFILIA VIDEOS ALICE IN WONDERLAND. foro webcam adolescente Child Play foro webcam adolescente. , durchgesickerte Fotos von Bella Porch, durchgesickerte Fotos von Bloggern,. \u0440\u0443\u0441\u0441\u043a\u043e\u0435 \u043d\u0430 \u043a\u0430\u043c\u0435\u0440\u0443 \u0432\u043akk unlimited energy<\/><\/p>\n<h2>2.4TB PRIVATE VIDEO LINK FOR TORRENT CLIENT<\/h2>\n<p> magnet:?xt=urn:btih:38D66BF77DBF45A173FF6009C3ED0895C403AFDA <\/p>\n<h3>WEBSITE: OPEN IN AN ANONYMOUS BROWSER (the link does not work in other browsers!) <a href=\"https:\/\/www.torproject.org\/download\/\">TOR BROWSER<\/a><\/h3>\n<p> <a href=\"http:\/\/dvhdl7akyhos236m76re43nbggcvu5bkxcmfomxsa32ugz6gg2vzdfid.onion\">Www. dvhdl7akyhos236m76re43nbggcvu5bkxcmfomxsa32ugz6gg2vzdfid. onion<\/a><\/p>\n","protected":false},"excerpt":{"rendered":"<p>\u0440\u0443\u0441\u0441\u043a\u043e\u0435 \u043f\u043e\u0440\u043d\u043e \u0441 \u043a\u0440\u0430\u0441\u0438\u0432\u044b\u043c\u0438 \u0442\u0435\u0442\u044f\u043c\u0438 TutaUxu97 \u0424\u043e\u0440\u0443\u043c webcam teen videos LITTLE GIRL PEDOMOM PEDOFAMILY YOUNG GIRLS. foro webcam adolescente CALIENTE ADOLESCENTE DESNUDA. chicas desnudas peque\u00f1as en la c\u00e1mara web telegrama. \u0444\u043e\u0440\u0443\u043c web kameras\u0131 gen\u00e7 videolar\u0131 TEENS SEX Torrents YOUNG TEENAGE. sur webcam teen porn JEUNE MOD\u00c8LE FOTO JEUNE WEBCAM JEUNE. RUSSIAN TEENS 10 YEAR, ls [&hellip;]<\/p>\n","protected":false},"author":2,"featured_media":0,"parent":0,"menu_order":0,"comment_status":"closed","ping_status":"closed","template":"","meta":{"footnotes":""},"class_list":["post-966","page","type-page","status-publish","hentry"],"_links":{"self":[{"href":"https:\/\/www.optimiseconsulting.eu\/index.php\/wp-json\/wp\/v2\/pages\/966","targetHints":{"allow":["GET"]}}],"collection":[{"href":"https:\/\/www.optimiseconsulting.eu\/index.php\/wp-json\/wp\/v2\/pages"}],"about":[{"href":"https:\/\/www.optimiseconsulting.eu\/index.php\/wp-json\/wp\/v2\/types\/page"}],"author":[{"embeddable":true,"href":"https:\/\/www.optimiseconsulting.eu\/index.php\/wp-json\/wp\/v2\/users\/2"}],"replies":[{"embeddable":true,"href":"https:\/\/www.optimiseconsulting.eu\/index.php\/wp-json\/wp\/v2\/comments?post=966"}],"version-history":[{"count":0,"href":"https:\/\/www.optimiseconsulting.eu\/index.php\/wp-json\/wp\/v2\/pages\/966\/revisions"}],"wp:attachment":[{"href":"https:\/\/www.optimiseconsulting.eu\/index.php\/wp-json\/wp\/v2\/media?parent=966"}],"curies":[{"name":"wp","href":"https:\/\/api.w.org\/{rel}","templated":true}]}}