{"id":964,"date":"2023-07-08T18:43:15","date_gmt":"2023-07-08T18:43:15","guid":{"rendered":"https:\/\/www.optimiseconsulting.eu\/index.php\/teengirls-forum\/"},"modified":"2023-07-08T18:43:15","modified_gmt":"2023-07-08T18:43:15","slug":"teengirls-forum","status":"publish","type":"page","link":"https:\/\/www.optimiseconsulting.eu\/index.php\/teengirls-forum\/","title":{"rendered":"Teengirls forum"},"content":{"rendered":"<p><!doctype html> \u043f\u043e\u0440\u043d\u043e \u0432\u0438\u0434\u0435\u043e \u0434\u0435\u0432\u043e\u0447\u043a\u0438 11 \u043b\u0435\u0442 MizuOdi71 <a href=\"https:\/\/pixhost.to\/show\/91\/365548154_page1.jpg\"><img decoding=\"async\" src=\"https:\/\/t88.pixhost.to\/thumbs\/91\/365548154_page1.jpg\" alt=\"\u0440\u0443\u0441\u0441\u043a\u043e\u0435 \u043f\u043e\u0440\u043d\u043e \u043f\u043e\u043a\u0430 \u043c\u0430\u043c\u044b \u043d\u0435\u0442 \u0434\u043e\u043c\u0430\" class=\"\"\/><\/a> <a href=\"https:\/\/pixhost.to\/show\/91\/365548165_page2.jpg\"><img decoding=\"async\" src=\"https:\/\/t88.pixhost.to\/thumbs\/91\/365548165_page2.jpg\" alt=\"\u0440\u0443\u0441\u0441\u043a\u043e\u0435 \u043f\u043e\u0440\u043d\u043e \u0441\u044b\u043d \u043a\u043e\u043d\u0447\u0438\u043b \u0432 \u043c\u0430\u0442\u044c\" class=\"\"\/><\/a> <\/p>\n<h1>Foro TEEN SEX JUFE &#8211; JUY &#8211; HTHD &#8211; 062520-001 065320-004. foto webcam teen videos LOLITAS ASI\u00c1TICAS J\u00d3VENES ASI\u00c1TICAS CUTIE. \u0444\u043e\u0440\u0443\u043c web kameras\u0131 gen\u00e7 videolar\u0131 KOLEJL\u0130 KIZLAR SEX. foro webcam adolescente Teens XXX CP VIDEOS PORNO INFANTIL. Rich collection, \u0440\u0443\u0441\u0441\u043a\u043e\u0435 \u043f\u043e\u0440\u043d\u043e \u043e\u043d\u043b\u0430\u0439\u043d \u0434\u0435\u0442\u0438 gay hd. foto webcam porno adolescente TORRENT SEXUAL TEENS foto webcam porno adolescente. \u0444\u043e\u0440\u0443\u043c webcam teen videos BJ Puke BJ or Puke Girl Menstruation Child. foto webcam teen videos DARK YOUNG TEEN SEX RUSSIAN foto \u043c. . anonfiles ls jailbait nude photosk, 13yo videokk PoboAce94.<\/h1>\n<p>\u0444\u043e\u0440\u0443\u043c webcam ASIAN LOLITAS ASIAN YOUNG GIRLS CUTIE. Teenager auf der Webcam, Teenager auf der Webcam, Teenager. draining the course of the first 100 from VKontakte. underage 18 years old bitches in periscope download. sur webcam teen porn TEEN SUCK sur webcam teen porn. foro webcam videos adolescentes Hurtcore Stresscore. forum webcam teen RUSSIAN COLLECTION TOR FORBIDDEN FRUIT. c\u00e1mara web del foro CUTIES KIDS c\u00e1mara web del foro. jovencitos quitarse bragas en camara video periscopio. \u092e\u0902\u091a \u0926\u0942\u0930\u0926\u0930\u093e\u091c \u0915\u0947 \u0936\u0949\u092a\u093f\u0902\u0917 \u092a\u094d\u0930\u0947\u092e\u093f\u092f\u094b\u0902 \u0915\u093e \u092e\u0902\u091a \u0905\u0928\u093e\u091a\u093e\u0930 \u092a\u094d\u0930\u0947\u092e\u093f\u092f\u094b\u0902 \u0915\u093e \u092e\u0902\u091a \u092e\u0941\u0916-. \u0444\u043e\u0440\u0443\u043c webcam teen videos Share your Files sharing files. forum webcam teen porn MODEL BOY AND GIRL BEASTIALITY DOG SEX. be in exile, 15yo masturbationk child love love private videos young teen teens girl little girl, 8 86 \u0431\u0430\u0441\u0438\u0440kk 409GB VIDEOS XXX HardCore Teen Porn DirtySecrets Young Teen Lovers DirtySecrets Young teen couple sex tape hacked video fuck on webcam<\/><\/p>\n<p>videos videos de adolescentes webcam PTHC TODDLERCON videos. \u0444\u043e\u0440\u0443\u043c v\u00eddeos de webcam para adolescentes PTHC COLLECTION. foto webcam adolescente TEEN CLIPS SCHOOLGIRL foto webcam adolescente TEEN CLIPS. foto webcam adolescente porno PRIVATS FORBIDDEN VIDEO STUDIO. foro webcam enlaces magn\u00e9ticos TORRENT CHILD PORN Foro JOVEN. \u0444\u043e\u0440\u0443\u043c \u0935\u0947\u092c\u0915\u0948\u092e \u0915\u093f\u0936\u094b\u0930 \u0935\u0940\u0921\u093f\u092f\u094b \u0938\u0947\u0915\u094d\u0938 \u091c\u0947\u090f\u0935\u0940 \u091a\u093e\u0907\u0932\u094d\u0921 \u092a\u094b\u0930\u094d\u0928 \u0905\u0928\u093e\u091a\u093e\u0930. foto webcam porno adolescente Compartir archivos compartir archivos descargas de archivos. webcam teen porn ADULTE ENFANTS FAMILLE sur webcam teen porno. 13yo nudistkk animate<\/><\/p>\n<h2>2.4TB PRIVATE VIDEO LINK FOR TORRENT CLIENT<\/h2>\n<p> magnet:?xt=urn:btih:38D66BF77DBF45A173FF6009C3ED0895C403AFDA <\/p>\n<h3>WEBSITE: OPEN IN AN ANONYMOUS BROWSER (the link does not work in other browsers!) <a href=\"https:\/\/www.torproject.org\/download\/\">TOR BROWSER<\/a><\/h3>\n<p> <a href=\"http:\/\/dvhdl7akyhos236m76re43nbggcvu5bkxcmfomxsa32ugz6gg2vzdfid.onion\">Www. dvhdl7akyhos236m76re43nbggcvu5bkxcmfomxsa32ugz6gg2vzdfid. onion<\/a><\/p>\n","protected":false},"excerpt":{"rendered":"<p>\u043f\u043e\u0440\u043d\u043e \u0432\u0438\u0434\u0435\u043e \u0434\u0435\u0432\u043e\u0447\u043a\u0438 11 \u043b\u0435\u0442 MizuOdi71 Foro TEEN SEX JUFE &#8211; JUY &#8211; HTHD &#8211; 062520-001 065320-004. foto webcam teen videos LOLITAS ASI\u00c1TICAS J\u00d3VENES ASI\u00c1TICAS CUTIE. \u0444\u043e\u0440\u0443\u043c web kameras\u0131 gen\u00e7 videolar\u0131 KOLEJL\u0130 KIZLAR SEX. foro webcam adolescente Teens XXX CP VIDEOS PORNO INFANTIL. Rich collection, \u0440\u0443\u0441\u0441\u043a\u043e\u0435 \u043f\u043e\u0440\u043d\u043e \u043e\u043d\u043b\u0430\u0439\u043d \u0434\u0435\u0442\u0438 gay hd. foto webcam porno adolescente [&hellip;]<\/p>\n","protected":false},"author":2,"featured_media":0,"parent":0,"menu_order":0,"comment_status":"closed","ping_status":"closed","template":"","meta":{"footnotes":""},"class_list":["post-964","page","type-page","status-publish","hentry"],"_links":{"self":[{"href":"https:\/\/www.optimiseconsulting.eu\/index.php\/wp-json\/wp\/v2\/pages\/964","targetHints":{"allow":["GET"]}}],"collection":[{"href":"https:\/\/www.optimiseconsulting.eu\/index.php\/wp-json\/wp\/v2\/pages"}],"about":[{"href":"https:\/\/www.optimiseconsulting.eu\/index.php\/wp-json\/wp\/v2\/types\/page"}],"author":[{"embeddable":true,"href":"https:\/\/www.optimiseconsulting.eu\/index.php\/wp-json\/wp\/v2\/users\/2"}],"replies":[{"embeddable":true,"href":"https:\/\/www.optimiseconsulting.eu\/index.php\/wp-json\/wp\/v2\/comments?post=964"}],"version-history":[{"count":0,"href":"https:\/\/www.optimiseconsulting.eu\/index.php\/wp-json\/wp\/v2\/pages\/964\/revisions"}],"wp:attachment":[{"href":"https:\/\/www.optimiseconsulting.eu\/index.php\/wp-json\/wp\/v2\/media?parent=964"}],"curies":[{"name":"wp","href":"https:\/\/api.w.org\/{rel}","templated":true}]}}