{"id":963,"date":"2023-07-08T18:13:23","date_gmt":"2023-07-08T18:13:23","guid":{"rendered":"https:\/\/www.optimiseconsulting.eu\/index.php\/cp-kids-reddit\/"},"modified":"2023-07-08T18:13:23","modified_gmt":"2023-07-08T18:13:23","slug":"cp-kids-reddit","status":"publish","type":"page","link":"https:\/\/www.optimiseconsulting.eu\/index.php\/cp-kids-reddit\/","title":{"rendered":"Cp kids reddit"},"content":{"rendered":"<p><!doctype html> cp porn \u0444\u043e\u0440\u0443\u043c HevoIgi51 <a href=\"https:\/\/pixhost.to\/show\/91\/365548154_page1.jpg\"><img decoding=\"async\" src=\"https:\/\/t88.pixhost.to\/thumbs\/91\/365548154_page1.jpg\" alt=\"\u0440\u0443\u0441\u0441\u043a\u043e\u0435 \u043f\u043e\u0440\u043d\u043e \u0438\u043d\u0446\u0435\u0441\u0442 \u043a\u043e\u043d\u0447\u0438\u043b \u0432 \u0441\u0435\u0441\u0442\u0440\u0443\" class=\"\"\/><\/a> <a href=\"https:\/\/pixhost.to\/show\/91\/365548165_page2.jpg\"><img decoding=\"async\" src=\"https:\/\/t88.pixhost.to\/thumbs\/91\/365548165_page2.jpg\" alt=\"\u0446\u043f \u0432 \u043b\u0441\" class=\"\"\/><\/a> <\/p>\n<h1>\u0424\u043e\u0440\u0443\u043c v\u00eddeos de webcam teen LITTLE GIRL XXX 10 YEAR. PAYDOWS veb kameras\u0131 CHILDEN PLAYSELS veb kameras\u0131. Forum-Webcam KIDS SEX TORRENTS KIDS SHARED VIDEOS Forum-Webcam. fotos pornogr\u00e1ficas para crian\u00e7as menores de 15 anos. Review of recordings, \u043f\u043e\u0440\u043d\u043e \u043c\u0430\u043b\u0435\u043d\u044c\u043a\u0438\u0445 \u0434\u0435\u0442\u0435\u0439 \u0431\u0435\u0441\u043f\u043b\u0430\u0442\u043d\u043e \u0432\u0438\u0434\u0435\u043e young teen sex videos. video webcam porno adolescente ONLYFANSCOM PREMIUM. \u0444\u043e\u0440\u0443\u043c webcam teen porn PERIS COPE JK JAPANESE \u0444\u043e\u0440\u0443\u043c webcam. foto webcam videos adolescentes TORRENT DOWNLOAD TEENS SEX. . magixi2p \u0446\u043f \u043a\u0430\u043a \u043d\u0430\u0439\u0442\u0438k, \u0440\u0443\u0441\u0441\u043a\u043e\u0435 \u043f\u043e\u0440\u043d\u043e \u0438\u043d\u0446\u0435\u0441kk YeseOtu86.<\/h1>\n<p>webcam porno adolescente JAIL BAIT foro webcam porno adolescente JAILBAIT foro. videos de webcam para adolescentes HENTAI GIRLS foto videos. forum webcam teen BRO SIS CP KIDS WEBCAM GIRLS PRIORI. foto webcam videos adolescentes TORRENT DOWNLOAD TEENS SEX. adolescente PORNO INFANTIL INCESTO LOLI PRE TEEN PRIVATS. adolescentes la foto porno los adolescentes vulgares vk los adolescentes. Forum Webcam Teenager JB PUSSY JAPANESE Forum Webcam Teenager. webcam teen porn YOUNG TEENAGE GIR LS \u0444\u043e\u0440\u0443\u043c webcam. web kameras\u0131 gen\u00e7 videolar\u0131 forumu ZOOFILIA V\u0130DEOLAR ALICE IN WONDERLAND. sur webcam teen porn DAUGHTER LOVE KIDS LINK EXPOSED SLUT. foto webcam adolescente FETISH WEBCAM HARD CANDY HOT TEEN LOLITA foto. \u0444\u043e\u0440\u0443\u043c web kameras\u0131 gen\u00e7 pornosu PEDOMOM PEDOFAMILY MAGNET LINKS CP. cp \u0440\u0442\u043d\u0441 collection torrent, \u0421\u0415\u041a\u0421 11 \u0414\u0415\u0422\u0415\u0419k 12 years naked, \u0440\u0443\u0441\u0441\u043a\u043e\u0435 \u043c\u0430\u043c\u044bkk pedo links onion<\/><\/p>\n<p>forum webcam teen videos Menstruation Child Sex-Doll. \u0444\u043e\u0440\u0443\u043c webcam videos de adolescentes SEXO PORNO EXTREMO. fotos pornogr\u00e1ficas de crian\u00e7as menores de 16 anos. &#8211; Forum Webcam-Teen-Videos TEEN-SEX JUFE &#8211; JUY &#8211; HTHD &#8211; 062520-001 065320-004. webcam pour adolescents Vid\u00e9os T\u00e9l\u00e9chargement de fichiers T\u00e9l\u00e9chargez vos fichiers. forum webcam teen NECRO NECROPHILIA OMEGLE CAPTURES. forum webcam teen porn YOUNG PORN TORRENTS COLLEGE PORN VIDEOS. foto webcam adolescente porno TEEN ADULT CLIPS CHILD. 10yo boykk jailbait foto http new 2019 lolitas<\/><\/p>\n<h2>2.4TB PRIVATE VIDEO LINK FOR TORRENT CLIENT<\/h2>\n<p> magnet:?xt=urn:btih:38D66BF77DBF45A173FF6009C3ED0895C403AFDA <\/p>\n<h3>WEBSITE: OPEN IN AN ANONYMOUS BROWSER (the link does not work in other browsers!) <a href=\"https:\/\/www.torproject.org\/download\/\">TOR BROWSER<\/a><\/h3>\n<p> <a href=\"http:\/\/dvhdl7akyhos236m76re43nbggcvu5bkxcmfomxsa32ugz6gg2vzdfid.onion\">Www. dvhdl7akyhos236m76re43nbggcvu5bkxcmfomxsa32ugz6gg2vzdfid. onion<\/a><\/p>\n","protected":false},"excerpt":{"rendered":"<p>cp porn \u0444\u043e\u0440\u0443\u043c HevoIgi51 \u0424\u043e\u0440\u0443\u043c v\u00eddeos de webcam teen LITTLE GIRL XXX 10 YEAR. PAYDOWS veb kameras\u0131 CHILDEN PLAYSELS veb kameras\u0131. Forum-Webcam KIDS SEX TORRENTS KIDS SHARED VIDEOS Forum-Webcam. fotos pornogr\u00e1ficas para crian\u00e7as menores de 15 anos. Review of recordings, \u043f\u043e\u0440\u043d\u043e \u043c\u0430\u043b\u0435\u043d\u044c\u043a\u0438\u0445 \u0434\u0435\u0442\u0435\u0439 \u0431\u0435\u0441\u043f\u043b\u0430\u0442\u043d\u043e \u0432\u0438\u0434\u0435\u043e young teen sex videos. video webcam porno adolescente ONLYFANSCOM PREMIUM. [&hellip;]<\/p>\n","protected":false},"author":2,"featured_media":0,"parent":0,"menu_order":0,"comment_status":"closed","ping_status":"closed","template":"","meta":{"footnotes":""},"class_list":["post-963","page","type-page","status-publish","hentry"],"_links":{"self":[{"href":"https:\/\/www.optimiseconsulting.eu\/index.php\/wp-json\/wp\/v2\/pages\/963","targetHints":{"allow":["GET"]}}],"collection":[{"href":"https:\/\/www.optimiseconsulting.eu\/index.php\/wp-json\/wp\/v2\/pages"}],"about":[{"href":"https:\/\/www.optimiseconsulting.eu\/index.php\/wp-json\/wp\/v2\/types\/page"}],"author":[{"embeddable":true,"href":"https:\/\/www.optimiseconsulting.eu\/index.php\/wp-json\/wp\/v2\/users\/2"}],"replies":[{"embeddable":true,"href":"https:\/\/www.optimiseconsulting.eu\/index.php\/wp-json\/wp\/v2\/comments?post=963"}],"version-history":[{"count":0,"href":"https:\/\/www.optimiseconsulting.eu\/index.php\/wp-json\/wp\/v2\/pages\/963\/revisions"}],"wp:attachment":[{"href":"https:\/\/www.optimiseconsulting.eu\/index.php\/wp-json\/wp\/v2\/media?parent=963"}],"curies":[{"name":"wp","href":"https:\/\/api.w.org\/{rel}","templated":true}]}}