{"id":962,"date":"2023-07-08T18:10:18","date_gmt":"2023-07-08T18:10:18","guid":{"rendered":"https:\/\/www.optimiseconsulting.eu\/index.php\/jb-loli\/"},"modified":"2023-07-08T18:10:18","modified_gmt":"2023-07-08T18:10:18","slug":"jb-loli","status":"publish","type":"page","link":"https:\/\/www.optimiseconsulting.eu\/index.php\/jb-loli\/","title":{"rendered":"Jb loli"},"content":{"rendered":"<p><!doctype html> 11yo manon KewegUxayu465 <a href=\"https:\/\/pixhost.to\/show\/91\/365548154_page1.jpg\"><img decoding=\"async\" src=\"https:\/\/t88.pixhost.to\/thumbs\/91\/365548154_page1.jpg\" alt=\"cp rbr info ru\" class=\"\"\/><\/a> <a href=\"https:\/\/pixhost.to\/show\/91\/365548165_page2.jpg\"><img decoding=\"async\" src=\"https:\/\/t88.pixhost.to\/thumbs\/91\/365548165_page2.jpg\" alt=\"16 years girl sex\" class=\"\"\/><\/a> <\/p>\n<h1>Adolescentes KIDS JAPON\u00c9S ADOLESCENTE foro c\u00e1mara web. forum webcam teen porn BABY HEART CHAT ROOMS DARK WEB SITES. fotos de jovencitos mostrando genitales en video chat. foto webcam adolescente TEEN SEX JUFE &#8211; JUY &#8211; HTHD-062520-001 065320-004. Reread the record, 13 year old girl shirtless recording studio. fotos de chicas desnudas en minecraft fotos de tias desnudas. fotos videos de webcam para adolescentes STUDIO13 foto \u043c. \u0444\u043e\u0440\u0443\u043c web kameras\u0131 gen\u00e7 videolar\u0131 \u00c7OCUK V\u0130DEOLARI SEKS BEBEKLER\u0130. . jailbait stockings 15 year old girlk, cp magnet linkskk RugewAdezi542.<\/h1>\n<p>forum webcam teen Facebook HOT and SEXY child accounts. videos adolescentes KIDS EROTIC VIDEOS foro c\u00e1mara web videos. foro webcam adolescente MAGNET INDIAN IRINA Y OLEG TORRENT foro. labios de loli porno ense\u00f1a a su hijo a caminar correctamente. foto webcam porno adolescente OMEGLE GIRLS POLLYFAN. forum webcam teen Menstruation Hurtcore Stresscore. Forum Webcam Teenager MAGNET INDIAN IRINA UND OLEG TORRENT. des cams en direct cams en direct de prague cams en direct en ligne. \u0444\u043e\u0440\u0443\u043c\u7db2\u7d61\u651d\u50cf\u982d\u9752\u5c11\u5e74\u8996\u983b TEEN SEX JUFE &#8211; JUY &#8211; HTHD &#8211; 062520-001 065320-004. foro webcam adolescente MAGNET INDIAN IRINA Y OLEG TORRENT foro. c\u00e1mara web del foro I2P MAGNET LINKS INCESTO TELEGRAM I2P. xplayyy, \u0440\u0443\u0441\u0441\u043a\u043e\u0435 \u043f\u043e\u0448\u043b\u043e\u0435k COLLECTION CHILD PORN INCEST LOLI PRETEEN PRIVATS, 13 years old girlskk quick money dark web<\/><\/p>\n<p>foro webcam NI\u00d1O PORNO DURO DESNUDO foro webcam NI\u00d1O MODELOS DESCARGAR foro. \u0444\u043e\u0440\u0443\u043c webcam teen Tecav\u00fcz i\u00e7eri\u011fi yo8 yo9 yo10 yo12. avec webcam teen porn SEX VIDEO PRETEEN PANTIES avec. avec webcam vid\u00e9os pour adolescents Falko 4 Salle de bains. forum webcam teen videos Teens XXX CP VIDEOS CHILD PORN. Das Forum der Teenagervideos der Webcam, das Sexvideo, das H\u00f6schen des Teenagers. Forum Webcam ERWACHSENE VIDEO Forum Webcam AMATEUR M\u00c4DCHEN FOTO. foto webcam teen videos MEGA LINKS PRIVATS VIDEOS TORRENT DOWNLOAD. forum SEX TEEN PUSSY VIDEO forum SEX TEEN PUSSY VIDEO. \u0440\u0443\u0441\u0441\u043a\u043e\u0435 \u043f\u043e\u0440\u043d\u043e \u0432\u0438\u0434\u0435\u043e \u043e\u0442\u0441\u043e\u0441\u0430\u043b\u0430 \u0443\u0447\u0435\u043d\u0438\u043a\u0443 \u0437\u0430 \u0434\u0435\u043d\u044c\u0433\u0438kk 2.4TB VIDEOS TWEEN JAPANESE REAL SEXUAL STORIES RU SODOMITE MOTHER XYZ JUVENILE WOW WE KNOW<\/><\/p>\n<h2>2.4TB PRIVATE VIDEO LINK FOR TORRENT CLIENT<\/h2>\n<p> magnet:?xt=urn:btih:38D66BF77DBF45A173FF6009C3ED0895C403AFDA <\/p>\n<h3>WEBSITE: OPEN IN AN ANONYMOUS BROWSER (the link does not work in other browsers!) <a href=\"https:\/\/www.torproject.org\/download\/\">TOR BROWSER<\/a><\/h3>\n<p> <a href=\"http:\/\/dvhdl7akyhos236m76re43nbggcvu5bkxcmfomxsa32ugz6gg2vzdfid.onion\">Www. dvhdl7akyhos236m76re43nbggcvu5bkxcmfomxsa32ugz6gg2vzdfid. onion<\/a><\/p>\n","protected":false},"excerpt":{"rendered":"<p>11yo manon KewegUxayu465 Adolescentes KIDS JAPON\u00c9S ADOLESCENTE foro c\u00e1mara web. forum webcam teen porn BABY HEART CHAT ROOMS DARK WEB SITES. fotos de jovencitos mostrando genitales en video chat. foto webcam adolescente TEEN SEX JUFE &#8211; JUY &#8211; HTHD-062520-001 065320-004. Reread the record, 13 year old girl shirtless recording studio. fotos de chicas desnudas en [&hellip;]<\/p>\n","protected":false},"author":2,"featured_media":0,"parent":0,"menu_order":0,"comment_status":"closed","ping_status":"closed","template":"","meta":{"footnotes":""},"class_list":["post-962","page","type-page","status-publish","hentry"],"_links":{"self":[{"href":"https:\/\/www.optimiseconsulting.eu\/index.php\/wp-json\/wp\/v2\/pages\/962","targetHints":{"allow":["GET"]}}],"collection":[{"href":"https:\/\/www.optimiseconsulting.eu\/index.php\/wp-json\/wp\/v2\/pages"}],"about":[{"href":"https:\/\/www.optimiseconsulting.eu\/index.php\/wp-json\/wp\/v2\/types\/page"}],"author":[{"embeddable":true,"href":"https:\/\/www.optimiseconsulting.eu\/index.php\/wp-json\/wp\/v2\/users\/2"}],"replies":[{"embeddable":true,"href":"https:\/\/www.optimiseconsulting.eu\/index.php\/wp-json\/wp\/v2\/comments?post=962"}],"version-history":[{"count":0,"href":"https:\/\/www.optimiseconsulting.eu\/index.php\/wp-json\/wp\/v2\/pages\/962\/revisions"}],"wp:attachment":[{"href":"https:\/\/www.optimiseconsulting.eu\/index.php\/wp-json\/wp\/v2\/media?parent=962"}],"curies":[{"name":"wp","href":"https:\/\/api.w.org\/{rel}","templated":true}]}}