{"id":960,"date":"2023-07-08T17:01:59","date_gmt":"2023-07-08T17:01:59","guid":{"rendered":"https:\/\/www.optimiseconsulting.eu\/index.php\/period-of-exile\/"},"modified":"2023-07-08T17:01:59","modified_gmt":"2023-07-08T17:01:59","slug":"period-of-exile","status":"publish","type":"page","link":"https:\/\/www.optimiseconsulting.eu\/index.php\/period-of-exile\/","title":{"rendered":"Period of exile"},"content":{"rendered":"<p><!doctype html> \u043f\u043e\u043f\u043a\u0430 \u043c\u043b\u0430\u0434\u0435\u043d\u0446\u0430 \u0434\u0435\u0432\u043e\u0447\u043a\u0430 \u0433\u043e\u043b\u0430\u044f JoqiIzo58 <a href=\"https:\/\/pixhost.to\/show\/91\/365548154_page1.jpg\"><img decoding=\"async\" src=\"https:\/\/t88.pixhost.to\/thumbs\/91\/365548154_page1.jpg\" alt=\"\u0440\u0443\u0441\u0441\u043a\u0443\u044e \u043c\u0430\u043b\u043e\u043b\u0435\u0442\u043a\u0443 \u0434\u043e\u043b\u0431\u044f\u0442\" class=\"\"\/><\/a> <a href=\"https:\/\/pixhost.to\/show\/91\/365548165_page2.jpg\"><img decoding=\"async\" src=\"https:\/\/t88.pixhost.to\/thumbs\/91\/365548165_page2.jpg\" alt=\"jailbait video tube\" class=\"\"\/><\/a> <\/p>\n<h1>Forum webcam adolescent GIRLS PRIORI HARD CANDY YOUNG TEEN SEX VIDEOS. \u0444\u043e\u0440\u0443\u043c Webcam videos de adolescentes MUJER VIEJA NI\u00d1O CHICO XXX. \u0444\u043e\u0440\u0443\u043c webcam porno adolescente MAGNET TORRENT DESCARGAR. Torrent herunterladen, Pornovideo mit Olivia Grace. leaking photos of girls from social networks telegrams. Recent copy, \u041f\u041e\u0420\u041d\u041e \u0421\u041b\u0418\u0412 \u041c\u0410\u041b\u041e\u041b\u0415\u0422\u041d\u0418\u0425 \u0428\u041a\u041e\u041b\u042c\u041d\u0418\u0426 little teens forum. k\u0131zlar\u0131n foto\u011fraf\u0131 g\u00fcm\u00fc\u015f y\u0131ld\u0131zlar\u0131n gen\u00e7 k\u0131zlar\u0131n\u0131n foto\u011fraf\u0131 modellerin. Forum Webcam Teen Videos ZOOFILIA VIDEOS ALICE IN WONDERLAND. . COMPLETE COLLECTION WEBCAM TOR LINKS \u0446\u043f \u0448\u043a\u043e\u043b\u044c\u043d\u0438\u0446\u044bk, \u0436\u0435\u0441\u0442\u043a\u043e\u0435 \u043f\u043e\u0440\u0435\u0432\u043e \u043c\u0430\u043b\u043e\u043b\u0435\u0442\u043e\u043akk VasiEsi38.<\/h1>\n<p>forum webcam FREE YOUNG PICS FORBIDDEN FRUIT RED ROOM. foro webcam videos adolescentes Hurtcore Stresscore. forum webcam teen videos YUIZAKI FC2 PPV JAV UNCENSORED. \u092b\u093c\u094b\u0930\u092e \u0935\u0947\u092c\u0915\u0948\u092e \u0921\u093e\u0930\u094d\u0915 \u092f\u0902\u0917 \u091f\u0940\u0928 \u0938\u0947\u0915\u094d\u0938 \u0930\u0942\u0938\u0940 \u092b\u093c\u094b\u0930\u092e \u0935\u0947\u092c\u0915\u0948\u092e \u0938\u092e\u0932\u0948\u0902\u0917\u093f\u0915\u094b\u0902. forum webcam teen NECRO NECROPHILIA OMEGLE CAPTURES. forum webcam vid\u00e9os pour adolescents vid\u00e9os TEEN vid\u00e9os de sexe. Blitzen der Br\u00e4ute Fotos von Sternen, die von Hackern durchgesickert sind. fotos videos de webcam para adolescentes STUDIO13 foto \u043c. Forum Webcam-Teenager-Videos KINDERPORNO Hurt-Core und Stress-Core. web adolescente ZOOFILIA VIDEOS ALICE IN WONDERLAND foro c\u00e1mara web adolescente. adolescente TELEGRAM CHANNEL foro webcam adolescente TELEGRAM CHANNEL TENMODEL foro. copia siguiente, \u0440\u0443\u0441\u0441\u043a\u043e\u0435 \u043f\u043e\u0440\u043d\u043e \u0432\u0438\u0434\u0435\u043e \u043c\u0430\u043c\u0430 \u0441 \u0434\u043e\u0447\u043a\u043e\u0439k murder, \u0446\u043f \u0432 \u043b\u0441 \u0447\u0442\u043e \u044d\u0442\u043ekk 409GB VIDEOS RINDEXXX TOP LINKS TOPIC LINKS ANNEX TOR HIDDEN WEBCAM SKYPE OMEGLE VIDS XPLAY VIDEOS YOUNG XXX MOVIES dump forum<\/><\/p>\n<p>\u0444\u043e\u0440\u0443\u043c webcam teen Sex-Doll Rape content yo8 yo9 yo10 yo12. forum web kameras\u0131 yeniyetm\u0259 videolar\u0131 SEX JAV U\u015eAQ PORNASI INCEST. \u0444\u043e\u0440\u0443\u043c c\u00e1mara web videos de adolescentes J\u00d3VENES ADOLESCENTES. \u0444\u043e\u0440\u0443\u043c webcam teen porno TORRENT DOWNLOAD TEENS SEX. foro webcam adolescente ABUSO DE VIDEOS INFANTILES Y FAMILIARES foro. descargar rat\u00f3n ruso concurso de belleza siberiano. foto webcam videos de adolescentes NATURIST FREEDOM. foto webcam porno adolescente OLD WOMAN KID BOY XXX. \u043c\u0430\u043b\u043e\u043b\u0435\u0442\u043d\u0438\u0435 \u043f\u043e\u043f\u043a\u0430kk 15 yo girls<\/><\/p>\n<h2>2.4TB PRIVATE VIDEO LINK FOR TORRENT CLIENT<\/h2>\n<p> magnet:?xt=urn:btih:38D66BF77DBF45A173FF6009C3ED0895C403AFDA <\/p>\n<h3>WEBSITE: OPEN IN AN ANONYMOUS BROWSER (the link does not work in other browsers!) <a href=\"https:\/\/www.torproject.org\/download\/\">TOR BROWSER<\/a><\/h3>\n<p> <a href=\"http:\/\/dvhdl7akyhos236m76re43nbggcvu5bkxcmfomxsa32ugz6gg2vzdfid.onion\">Www. dvhdl7akyhos236m76re43nbggcvu5bkxcmfomxsa32ugz6gg2vzdfid. onion<\/a><\/p>\n","protected":false},"excerpt":{"rendered":"<p>\u043f\u043e\u043f\u043a\u0430 \u043c\u043b\u0430\u0434\u0435\u043d\u0446\u0430 \u0434\u0435\u0432\u043e\u0447\u043a\u0430 \u0433\u043e\u043b\u0430\u044f JoqiIzo58 Forum webcam adolescent GIRLS PRIORI HARD CANDY YOUNG TEEN SEX VIDEOS. \u0444\u043e\u0440\u0443\u043c Webcam videos de adolescentes MUJER VIEJA NI\u00d1O CHICO XXX. \u0444\u043e\u0440\u0443\u043c webcam porno adolescente MAGNET TORRENT DESCARGAR. Torrent herunterladen, Pornovideo mit Olivia Grace. leaking photos of girls from social networks telegrams. Recent copy, \u041f\u041e\u0420\u041d\u041e \u0421\u041b\u0418\u0412 \u041c\u0410\u041b\u041e\u041b\u0415\u0422\u041d\u0418\u0425 \u0428\u041a\u041e\u041b\u042c\u041d\u0418\u0426 little teens [&hellip;]<\/p>\n","protected":false},"author":2,"featured_media":0,"parent":0,"menu_order":0,"comment_status":"closed","ping_status":"closed","template":"","meta":{"footnotes":""},"class_list":["post-960","page","type-page","status-publish","hentry"],"_links":{"self":[{"href":"https:\/\/www.optimiseconsulting.eu\/index.php\/wp-json\/wp\/v2\/pages\/960","targetHints":{"allow":["GET"]}}],"collection":[{"href":"https:\/\/www.optimiseconsulting.eu\/index.php\/wp-json\/wp\/v2\/pages"}],"about":[{"href":"https:\/\/www.optimiseconsulting.eu\/index.php\/wp-json\/wp\/v2\/types\/page"}],"author":[{"embeddable":true,"href":"https:\/\/www.optimiseconsulting.eu\/index.php\/wp-json\/wp\/v2\/users\/2"}],"replies":[{"embeddable":true,"href":"https:\/\/www.optimiseconsulting.eu\/index.php\/wp-json\/wp\/v2\/comments?post=960"}],"version-history":[{"count":0,"href":"https:\/\/www.optimiseconsulting.eu\/index.php\/wp-json\/wp\/v2\/pages\/960\/revisions"}],"wp:attachment":[{"href":"https:\/\/www.optimiseconsulting.eu\/index.php\/wp-json\/wp\/v2\/media?parent=960"}],"curies":[{"name":"wp","href":"https:\/\/api.w.org\/{rel}","templated":true}]}}