{"id":959,"date":"2023-07-08T16:29:18","date_gmt":"2023-07-08T16:29:18","guid":{"rendered":"https:\/\/www.optimiseconsulting.eu\/index.php\/tor-mail\/"},"modified":"2023-07-08T16:29:18","modified_gmt":"2023-07-08T16:29:18","slug":"tor-mail","status":"publish","type":"page","link":"https:\/\/www.optimiseconsulting.eu\/index.php\/tor-mail\/","title":{"rendered":"Tor mail"},"content":{"rendered":"<p><!doctype html> cp 8 y o JexaxExaci595 <a href=\"https:\/\/pixhost.to\/show\/91\/365548154_page1.jpg\"><img decoding=\"async\" src=\"https:\/\/t88.pixhost.to\/thumbs\/91\/365548154_page1.jpg\" alt=\"\u043f\u043e\u0440\u043d\u043e \u0432\u0438\u0434\u0435\u043e \u0434\u043e\u043c\u0430\u0448\u043d\u0435\u0435 \u043c\u0430\u043b\u043e\u043b\u0435\u0442\u043e\u043a \u0431\u0440\u0430\u0442\u0430 \u0438 \u0441\u0435\u0441\u0442\u0440\u044b\" class=\"\"\/><\/a> <a href=\"https:\/\/pixhost.to\/show\/91\/365548165_page2.jpg\"><img decoding=\"async\" src=\"https:\/\/t88.pixhost.to\/thumbs\/91\/365548165_page2.jpg\" alt=\"\u0441\u043c\u043e\u0442\u0440\u0435\u0442\u044c \u043f\u043e\u0440\u043d\u043e \u0431\u0435\u0441\u043f\u043b\u0430\u0442\u043d\u043e \u0441\u0435\u043a\u0441 \u0434\u0435\u0442\u0435\u0439\" class=\"\"\/><\/a> <\/p>\n<h1>VIDEOS Forum Webcam-Teenager-Videos KINDER-VIDEOS &#8211; Forum. foro c\u00e1mara web videos para adolescentes PEDOMOM PEDOFAMILY MAGNET LINKS CP foro. foro webcam adolescente SEXO VIDEO COMPARTIR ENLACES PRIVADO. fotos de chicas desnudas con 2 tama\u00f1os de senos fotos de. webcam MODELOS NI\u00d1O Y CHICA BESTIALIDAD SEXO DE PERROS. Real ghost, \u0446\u043f \u0432 \u043b\u0441 \u0442\u043e\u0440\u0440\u0435\u043d\u0442 11 13 y o memorial porno. YUIZAKI FC2 PPV JAV UNCENSORED web kameras\u0131 gen\u00e7 videolar\u0131 forumu. Forum Webcam Teen Porno SEX VIDEO TEILEN LINKS PRIVAT. . capture in video kid flixk, jailbait 2024kk ZayoEso53.<\/h1>\n<p>forum webcam teen MODEL BOY AND GIRL BEASTIALITY DOG SEX. \u8996\u983b\u9752\u5c11\u5e74\u6027\u4ea4 \u0444\u043e\u0440\u0443\u043c \u7db2\u7d61\u651d\u50cf\u982d\u9752\u5c11\u5e74\u8996\u983b \u9752\u5c11\u5e74\u96fb\u5f71 \u0444\u043e\u0440\u0443\u043c \u7db2\u7d61\u651d\u50cf\u982d\u9752\u5c11\u5e74\u8996\u983b \u9752\u5c11\u5e74\u8272\u60c5. Forum Webcam Teen VIDEOS WEBCAM ANAL TIERMISSBRAUCH ERWACHSENE. photo de filles avec des animaux 18 t\u00e9l\u00e9chargement gratuit. forum webcam teen videos 409GB STREAMING ADULT VIDEOS. Forum Webcam Teen Videos YUIZAKI FC2 PPV JAV UNCENSORED. forum web kameras\u0131 yeniyetm\u0259 videolar\u0131 \u015eOK V\u0130DEOLAR. \u015f\u0259kli it stili qad\u0131nlar\u0131n foto\u015f\u0259kili doggystyle qad\u0131nlar\u0131n. forum webcam teen videos GIRLS PRIORI HARD CANDY YOUNG TEEN SEX VIDEOS. photos et vid\u00e9os de la maison photos et vid\u00e9os de sexe. c\u00e1mara web del foro CHICA AMATEUR FOTO ARTE PARA ADULTOS ESTUDIO DE MODELADO. forum webcam teen porn WEB CAMS SEX PERSONALS VIDEO. drug, 14yo nakedk boyvids 60, \u0446\u043f \u043c\u043e\u0434\u0435\u043b\u044c\u043a\u0438 \u043b\u0441kk \u0441\u0435\u043a\u0441 \u0441\u0440\u0435\u0434\u0438 \u0434\u0435\u0442\u0435\u0439<\/><\/p>\n<p>Filtradas por piratas inform\u00e1ticos Fotos desnudas de Olga Vastikova. Forum Webcam Teen MAGNET LINKS CP HEBE OMEGLE VIDS. forum webcam teen porn Teens XXX CP VIDEOS CHILD PORN. forum webcam teen videos TEENS SEX TORRENTS YOUNG TEENAGE. Forum Webcam Teen Videos YUIZAKI FC2 PPV JAV UNCENSORED. \u0444\u043e\u0440\u0443\u043c webcam T\u00c9L\u00c9CHARGER des vid\u00e9os pour adolescents. par webcam vid\u00e9os pour adolescents COLLEGE GIRLS SEX. fotos videos de webcam para adolescentes STUDIO13 foto \u043c. cp ls models picskk CHILDREN ABUSE TORRENT CHILDREN ANONYMOUS CHILDREN AT HOME CHILDREN FAMILY NUDISTS CHILDREN FORBIDDEN CHILDREN GUILT PEDOS VIDEO<\/><\/p>\n<h2>2.4TB PRIVATE VIDEO LINK FOR TORRENT CLIENT<\/h2>\n<p> magnet:?xt=urn:btih:38D66BF77DBF45A173FF6009C3ED0895C403AFDA <\/p>\n<h3>WEBSITE: OPEN IN AN ANONYMOUS BROWSER (the link does not work in other browsers!) <a href=\"https:\/\/www.torproject.org\/download\/\">TOR BROWSER<\/a><\/h3>\n<p> <a href=\"http:\/\/dvhdl7akyhos236m76re43nbggcvu5bkxcmfomxsa32ugz6gg2vzdfid.onion\">Www. dvhdl7akyhos236m76re43nbggcvu5bkxcmfomxsa32ugz6gg2vzdfid. onion<\/a><\/p>\n","protected":false},"excerpt":{"rendered":"<p>cp 8 y o JexaxExaci595 VIDEOS Forum Webcam-Teenager-Videos KINDER-VIDEOS &#8211; Forum. foro c\u00e1mara web videos para adolescentes PEDOMOM PEDOFAMILY MAGNET LINKS CP foro. foro webcam adolescente SEXO VIDEO COMPARTIR ENLACES PRIVADO. fotos de chicas desnudas con 2 tama\u00f1os de senos fotos de. webcam MODELOS NI\u00d1O Y CHICA BESTIALIDAD SEXO DE PERROS. Real ghost, \u0446\u043f \u0432 [&hellip;]<\/p>\n","protected":false},"author":2,"featured_media":0,"parent":0,"menu_order":0,"comment_status":"closed","ping_status":"closed","template":"","meta":{"footnotes":""},"class_list":["post-959","page","type-page","status-publish","hentry"],"_links":{"self":[{"href":"https:\/\/www.optimiseconsulting.eu\/index.php\/wp-json\/wp\/v2\/pages\/959","targetHints":{"allow":["GET"]}}],"collection":[{"href":"https:\/\/www.optimiseconsulting.eu\/index.php\/wp-json\/wp\/v2\/pages"}],"about":[{"href":"https:\/\/www.optimiseconsulting.eu\/index.php\/wp-json\/wp\/v2\/types\/page"}],"author":[{"embeddable":true,"href":"https:\/\/www.optimiseconsulting.eu\/index.php\/wp-json\/wp\/v2\/users\/2"}],"replies":[{"embeddable":true,"href":"https:\/\/www.optimiseconsulting.eu\/index.php\/wp-json\/wp\/v2\/comments?post=959"}],"version-history":[{"count":0,"href":"https:\/\/www.optimiseconsulting.eu\/index.php\/wp-json\/wp\/v2\/pages\/959\/revisions"}],"wp:attachment":[{"href":"https:\/\/www.optimiseconsulting.eu\/index.php\/wp-json\/wp\/v2\/media?parent=959"}],"curies":[{"name":"wp","href":"https:\/\/api.w.org\/{rel}","templated":true}]}}