{"id":958,"date":"2023-07-08T16:26:19","date_gmt":"2023-07-08T16:26:19","guid":{"rendered":"https:\/\/www.optimiseconsulting.eu\/index.php\/popki-maloletok\/"},"modified":"2023-07-08T16:26:19","modified_gmt":"2023-07-08T16:26:19","slug":"popki-maloletok","status":"publish","type":"page","link":"https:\/\/www.optimiseconsulting.eu\/index.php\/popki-maloletok\/","title":{"rendered":"\u041f\u043e\u043f\u043a\u0438 \u043c\u0430\u043b\u043e\u043b\u0435\u0442\u043e\u043a"},"content":{"rendered":"<p><!doctype html> \u043d\u0430\u0441\u0442\u043e\u044f\u0449\u0435\u0435 \u043f\u043e\u0440\u043d\u043e \u0434\u0435\u0442\u0435\u0439 HakacEpeza329 <a href=\"https:\/\/pixhost.to\/show\/91\/365548154_page1.jpg\"><img decoding=\"async\" src=\"https:\/\/t88.pixhost.to\/thumbs\/91\/365548154_page1.jpg\" alt=\"ls cp nude kids\" class=\"\"\/><\/a> <a href=\"https:\/\/pixhost.to\/show\/91\/365548165_page2.jpg\"><img decoding=\"async\" src=\"https:\/\/t88.pixhost.to\/thumbs\/91\/365548165_page2.jpg\" alt=\"\u0440\u0443\u0441\u0441\u043a\u043e\u0435 \u043b\u044e\u0431\u0438\u0442\u0435\u043b\u044c\u0441\u043a\u043e\u0435 \u043f\u043e\u0440\u043d\u043e hd\" class=\"\"\/><\/a> <\/p>\n<h1>\u0424\u043e\u0440\u0443\u043c webcam adolescente DOWNLOAD DE V\u00cdDEO TORRENT. avec webcam teen porn YOUNG PORN TORRENTS COLLEGE PORN VIDEOS avec. drenaje vikithehutt video from private vk instagram. forum webcam yeniyetm\u0259 porno FETISH WEBCAM HARD CANDY HOT TEEN LOLITA. foto webcam adolescente porno CLIPS PORN STREAM foto. \u0420\u0430\u0441\u0441\u043a\u0430\u0437\u044b \u043e \u0441\u0435\u043a\u0441\u0435 \u0432 \u0434\u0435\u0442\u0441\u0442\u0432\u0435, jailbait stickam omegle candydoll foto. forum webcam teen YOUNG MODEL FOTO YOUNG WEBCAM YOUNG. foto webcam videos adolescentes FUCKING VIRGEN PUSSY VIDEOS. \u0444\u043e\u0440\u0443\u043c webcam vid\u00e9os pour adolescents catalogue de sites d&#8217;oignons i2p. . \u0446\u043f \u0445\u0430\u0440\u0434 \u0444\u043e\u0440\u0443\u043c \u0440\u0443\u0441\u0441\u043a\u043e\u0435 \u043f\u043e\u0440\u043d\u043e \u043c\u0430\u0442\u044c \u0442\u0435\u0442\u044f \u0434\u043e\u0447\u044ck, \u0427\u0410\u0421\u041d\u041e\u0415 \u0412\u0418\u0414\u0415\u041e \u0412\u041akk KibayEzefe924.<\/h1>\n<p>forum webcam teen videos PUSSY YOUNG BIG TITS YOUNG BLOWJOB. foto webcam adolescente porno TEEN BIG BOOBS WEBCAM VIDEO. veb kameras\u0131 yeniyetm\u0259 videolar\u0131 CP I2P MAGNET L\u0130NKL\u018fR. foro webcam porno adolescente JAILBAIT VIDEOS Foro JB. \u0444\u043e\u0440\u0443\u043c webcam remaja porno E VIDEO DEWASA JEPANG ENS. forum webcam Sex-Doll Rape content yo8 yo9 yo10 yo12. foto webcam adolescente porno EYAN EYAN WANZ WANZ YUIZAKI SAN WA NAGERU VOL EYAN-844. foto webcam adolescente porno Facebook HOT and SEXY child accounts. child model, \u043e\u0434\u0435\u0442\u044b\u0435 \u0438 \u0433\u043e\u043b\u044b\u0435 \u0434\u0435\u0432\u0443\u0448\u043a\u0438 \u0444\u043e\u0442\u043ek \u0430\u043d\u0430\u043b\u044c\u043d\u044b\u0439 \u043c\u0430\u043b\u043e\u043b\u0435\u0442\u043a\u0438, \u0440\u0443\u0441\u0441\u043a\u043e\u0435 \u0434\u043e\u043c\u0430\u0448\u043d\u0435\u0435 \u0442\u0435\u043b\u0435\u0433\u0440\u0430\u043c\u043ckk \u0440\u0443\u0441\u0441\u043a\u043e\u0435 \u043f\u043e\u0440\u043d\u043e \u0438\u043d\u0446\u0435\u0441\u0442 \u0441\u043a\u0430\u0447\u0430\u0442\u044c \u0431\u0435\u0441\u043f\u043b\u0430\u0442\u043d\u043e \u043d\u0430 \u0442\u0435\u043b\u0435\u0444\u043e\u043d<\/><\/p>\n<p>t\u00e9l\u00e9chargement gratuit nouvelle vid\u00e9o porno coquette 555. \u092a\u0930 \u0935\u0947\u092c\u0915\u0948\u092e \u092a\u0930 \u0915\u093f\u0936\u094b\u0930 \u0905\u0936\u094d\u0932\u0940\u0932 \u0932\u0942\u091f\u094b \u092c\u094d\u0932\u0942 \u0911\u0930\u094d\u0915\u093f\u0921 \u092a\u0930 \u0935\u0947\u092c\u0915\u0948\u092e \u092a\u0930 \u0915\u093f\u0936\u094b\u0930. foto webcam videos adolescentes FUCKING MY TEEN HAIRY. , Foto von nackten S\u00fc\u00dfigkeiten, Teencam JB Mini Children,. \u0935\u0947\u092c\u0915\u0948\u092e \u092a\u0930 \u0915\u093f\u0936\u094b\u0930 \u0905\u0936\u094d\u0932\u0940\u0932 \u090f\u0932\u090f\u0938 \u092e\u0949\u0921\u0932 \u0932\u094b\u0932\u093f\u0932\u0938\u094d\u091f \u092a\u0930 \u0915\u093f\u0936\u094b\u0930 \u0905\u0936\u094d\u0932\u0940\u0932 \u090f\u0932\u090f\u0938 \u092e\u0949\u0921\u0932 \u0932\u094b\u0932\u093f\u0932\u0938\u094d\u091f. forum veb kameras\u0131 yeniyetm\u0259 pornosu HD KOLLEC\u0130 QIZLAR FUCKING. Forum Webcam herunterladen M\u00e4dchen Hund Zwiebel Forum. \u0440\u0443\u0441\u0441\u043a\u043e\u0435 \u043f\u043e\u0440\u043d\u043e \u043a\u0440\u0430\u0441\u0438\u0432\u0430\u044f \u043c\u0430\u043c\u0430 \u0438 \u0441\u044b\u043dkk video screen<\/><\/p>\n<h2>2.4TB PRIVATE VIDEO LINK FOR TORRENT CLIENT<\/h2>\n<p> magnet:?xt=urn:btih:38D66BF77DBF45A173FF6009C3ED0895C403AFDA <\/p>\n<h3>WEBSITE: OPEN IN AN ANONYMOUS BROWSER (the link does not work in other browsers!) <a href=\"https:\/\/www.torproject.org\/download\/\">TOR BROWSER<\/a><\/h3>\n<p> <a href=\"http:\/\/dvhdl7akyhos236m76re43nbggcvu5bkxcmfomxsa32ugz6gg2vzdfid.onion\">Www. dvhdl7akyhos236m76re43nbggcvu5bkxcmfomxsa32ugz6gg2vzdfid. onion<\/a><\/p>\n","protected":false},"excerpt":{"rendered":"<p>\u043d\u0430\u0441\u0442\u043e\u044f\u0449\u0435\u0435 \u043f\u043e\u0440\u043d\u043e \u0434\u0435\u0442\u0435\u0439 HakacEpeza329 \u0424\u043e\u0440\u0443\u043c webcam adolescente DOWNLOAD DE V\u00cdDEO TORRENT. avec webcam teen porn YOUNG PORN TORRENTS COLLEGE PORN VIDEOS avec. drenaje vikithehutt video from private vk instagram. forum webcam yeniyetm\u0259 porno FETISH WEBCAM HARD CANDY HOT TEEN LOLITA. foto webcam adolescente porno CLIPS PORN STREAM foto. \u0420\u0430\u0441\u0441\u043a\u0430\u0437\u044b \u043e \u0441\u0435\u043a\u0441\u0435 \u0432 \u0434\u0435\u0442\u0441\u0442\u0432\u0435, jailbait stickam [&hellip;]<\/p>\n","protected":false},"author":2,"featured_media":0,"parent":0,"menu_order":0,"comment_status":"closed","ping_status":"closed","template":"","meta":{"footnotes":""},"class_list":["post-958","page","type-page","status-publish","hentry"],"_links":{"self":[{"href":"https:\/\/www.optimiseconsulting.eu\/index.php\/wp-json\/wp\/v2\/pages\/958","targetHints":{"allow":["GET"]}}],"collection":[{"href":"https:\/\/www.optimiseconsulting.eu\/index.php\/wp-json\/wp\/v2\/pages"}],"about":[{"href":"https:\/\/www.optimiseconsulting.eu\/index.php\/wp-json\/wp\/v2\/types\/page"}],"author":[{"embeddable":true,"href":"https:\/\/www.optimiseconsulting.eu\/index.php\/wp-json\/wp\/v2\/users\/2"}],"replies":[{"embeddable":true,"href":"https:\/\/www.optimiseconsulting.eu\/index.php\/wp-json\/wp\/v2\/comments?post=958"}],"version-history":[{"count":0,"href":"https:\/\/www.optimiseconsulting.eu\/index.php\/wp-json\/wp\/v2\/pages\/958\/revisions"}],"wp:attachment":[{"href":"https:\/\/www.optimiseconsulting.eu\/index.php\/wp-json\/wp\/v2\/media?parent=958"}],"curies":[{"name":"wp","href":"https:\/\/api.w.org\/{rel}","templated":true}]}}