{"id":955,"date":"2023-07-08T15:26:22","date_gmt":"2023-07-08T15:26:22","guid":{"rendered":"https:\/\/www.optimiseconsulting.eu\/index.php\/meet-girl\/"},"modified":"2023-07-08T15:26:22","modified_gmt":"2023-07-08T15:26:22","slug":"meet-girl","status":"publish","type":"page","link":"https:\/\/www.optimiseconsulting.eu\/index.php\/meet-girl\/","title":{"rendered":"Meet girl"},"content":{"rendered":"<p><!doctype html> \u0440\u0443\u0441\u0441\u043a\u043e\u0435 \u043f\u043e\u0440\u043d\u043e \u0441 \u0440\u043e\u0434\u0441\u0442\u0432\u0435\u043d\u043d\u0438\u043a\u0430\u043c\u0438 DalaEyu39 <a href=\"https:\/\/pixhost.to\/show\/91\/365548154_page1.jpg\"><img decoding=\"async\" src=\"https:\/\/t88.pixhost.to\/thumbs\/91\/365548154_page1.jpg\" alt=\"\u0446\u043f \u0432 \u043b\u0441 \u0432 \u0442\u0435\u043b\u0435\u0433\u0440\u0430\u043c\u043c \u043f\u0435\u0447\u0435\u043d\u044c\u043a\u0438\" class=\"\"\/><\/a> <a href=\"https:\/\/pixhost.to\/show\/91\/365548165_page2.jpg\"><img decoding=\"async\" src=\"https:\/\/t88.pixhost.to\/thumbs\/91\/365548165_page2.jpg\" alt=\"13 yo porn\" class=\"\"\/><\/a> <\/p>\n<h1>Forum webcam teen videos FAMILY SECRET GIRL PHOTO SET. foro webcam adolescente porno VIDEOS ER\u00d3TICOS LESBIANAS. jovencitos en skype jovencitos porno webcam jovencitos. forum webcam teen CHILD PORN Hurt-core and Stress-core. foro webcam adolescente CHILDREN GUILT PEDOS VIDEO foro webcam adolescente NI\u00d1OS BA\u00d1O. Question, \u0440\u0443\u0441\u0441\u043a\u043e\u0435 \u043f\u043e\u0440\u043d\u043e \u0432\u0435\u0441\u0435\u043b\u0430\u044f \u0441\u0435\u043c\u0435\u0439\u043a\u0430 c400 \u0442\u0440\u0438\u0443\u043c\u0444 \u0440\u0430\u043a\u0435\u0442\u0430 \u0434\u043b\u042f \u043f\u0440\u043e\u0434\u0430\u0436\u0438. Forum-Webcam EYAN EYAN WANZ WANZ YUIZAKI SAN WA NAGERU VOL EYAN-844 Forum-Webcam. forum veb kameras\u0131 yeniyetm\u0259 LS MODEL LOLILUST forum veb kameras\u0131 yeniyetm\u0259. \u0444\u043e\u0440\u0443\u043c web kameras\u0131 gen\u00e7 pornosu NECRO NECROPHILIA OMEGLE CAPTURES. . jailbait photo forum 14 y o porn girlsk, \u0412\u0418\u0414\u0415\u041e \u0421\u0415\u041a\u0421 \u0421 \u0414\u0415\u0422\u042c\u041c\u0418kk ZifaOge87.<\/h1>\n<p>f\u00f3rum de crossdressers f\u00f3rum de criadores de ratos. Forum Webcam Teen Videos YUIZAKI FC2 PPV JAV UNCENSORED. foro webcam porno adolescente JAILBAIT SKYPE PADRE E HIJA. vulgar crossbows from social networks photo shemales. foro webcam adolescente SEXO JAV PORNO INFANTIL INCESTO. videos para adolescentes Omegle foro c\u00e1mara web videos. Forum Webcam KINDERPORNO Verletzt &#8211; core und Stress-core. foro webcam adolescente im\u00e1n enlaces TORRENT CHILD PORN JOVEN foro. forum webcam teen videos VLADMODELS YOUNG VIDEO MODELS. c\u00e1mara web del foro MOVING TORRENT 409GB CHILD NUDE c\u00e1mara. forum webcam teen PUSSY YOUNG BIG TITS YOUNG BLOWJOB. de uma menina de 18 anos de uma menina de 19 anos sem rosto. union null hpse, \u043f\u043e\u0440\u043d\u043e \u0432\u0438\u0434\u0435\u043e \u0434\u0435\u0432\u043e\u0447\u043a\u0430 \u043f\u043e\u043a\u0430\u0437\u0430\u043b\u0430 \u043f\u0438\u0441\u044ek 12 nasty girls, \u0427\u0410\u0421\u0422\u041d\u041e\u0415 \u041f\u041e\u0420\u041d\u041e \u0414\u0415\u0422\u0415\u0419 \u041e\u041d\u041b\u0410\u0419\u041dkk jailbait av4 cam<\/><\/p>\n<p>forum webcam adolescent T\u00c9L\u00c9CHARGER forum webcam adolescent T\u00c9L\u00c9CHARGER. forum webcam teen porn KIDS SEX TORRENTS KIDS SHARED VIDEOS. foro webcam NI\u00d1O PORNO DURO DESNUDO foro webcam NI\u00d1O MODELOS DESCARGAR foro. \u0444\u043e\u0440\u0443\u043c webcam T\u00c9L\u00c9CHARGER des vid\u00e9os pour adolescents. Pornos von jungen M\u00fcttern, Pornos von Jugendlichen. \u0444\u043e\u0440\u0443\u043c webcam teen porn Teens XXX CP VIDEOS CHILD PORN. \u0444\u043e\u0440\u0443\u043c web kameras\u0131 gen\u00e7 videolar\u0131 \u00c7OCUK V\u0130DEOLARI SEKS BEBEKLER\u0130. Forum Webcam Teenager M\u00c4DCHEN PRIORI RUSSISCHE TEENS Forum Webcam. videos videos de adolescentes webcam PTHC TELEGRAM. \u043f\u043e\u0440\u043d\u043e \u0441 \u043c\u0430\u043b\u0435\u043d\u044c\u043a\u0438\u043c\u0438 \u0434\u0435\u0442\u043c\u0438kk Fantasia Models Valya and Irisa Syrup<\/><\/p>\n<h2>2.4TB PRIVATE VIDEO LINK FOR TORRENT CLIENT<\/h2>\n<p> magnet:?xt=urn:btih:38D66BF77DBF45A173FF6009C3ED0895C403AFDA <\/p>\n<h3>WEBSITE: OPEN IN AN ANONYMOUS BROWSER (the link does not work in other browsers!) <a href=\"https:\/\/www.torproject.org\/download\/\">TOR BROWSER<\/a><\/h3>\n<p> <a href=\"http:\/\/dvhdl7akyhos236m76re43nbggcvu5bkxcmfomxsa32ugz6gg2vzdfid.onion\">Www. dvhdl7akyhos236m76re43nbggcvu5bkxcmfomxsa32ugz6gg2vzdfid. onion<\/a><\/p>\n","protected":false},"excerpt":{"rendered":"<p>\u0440\u0443\u0441\u0441\u043a\u043e\u0435 \u043f\u043e\u0440\u043d\u043e \u0441 \u0440\u043e\u0434\u0441\u0442\u0432\u0435\u043d\u043d\u0438\u043a\u0430\u043c\u0438 DalaEyu39 Forum webcam teen videos FAMILY SECRET GIRL PHOTO SET. foro webcam adolescente porno VIDEOS ER\u00d3TICOS LESBIANAS. jovencitos en skype jovencitos porno webcam jovencitos. forum webcam teen CHILD PORN Hurt-core and Stress-core. foro webcam adolescente CHILDREN GUILT PEDOS VIDEO foro webcam adolescente NI\u00d1OS BA\u00d1O. Question, \u0440\u0443\u0441\u0441\u043a\u043e\u0435 \u043f\u043e\u0440\u043d\u043e \u0432\u0435\u0441\u0435\u043b\u0430\u044f \u0441\u0435\u043c\u0435\u0439\u043a\u0430 c400 \u0442\u0440\u0438\u0443\u043c\u0444 [&hellip;]<\/p>\n","protected":false},"author":2,"featured_media":0,"parent":0,"menu_order":0,"comment_status":"closed","ping_status":"closed","template":"","meta":{"footnotes":""},"class_list":["post-955","page","type-page","status-publish","hentry"],"_links":{"self":[{"href":"https:\/\/www.optimiseconsulting.eu\/index.php\/wp-json\/wp\/v2\/pages\/955","targetHints":{"allow":["GET"]}}],"collection":[{"href":"https:\/\/www.optimiseconsulting.eu\/index.php\/wp-json\/wp\/v2\/pages"}],"about":[{"href":"https:\/\/www.optimiseconsulting.eu\/index.php\/wp-json\/wp\/v2\/types\/page"}],"author":[{"embeddable":true,"href":"https:\/\/www.optimiseconsulting.eu\/index.php\/wp-json\/wp\/v2\/users\/2"}],"replies":[{"embeddable":true,"href":"https:\/\/www.optimiseconsulting.eu\/index.php\/wp-json\/wp\/v2\/comments?post=955"}],"version-history":[{"count":0,"href":"https:\/\/www.optimiseconsulting.eu\/index.php\/wp-json\/wp\/v2\/pages\/955\/revisions"}],"wp:attachment":[{"href":"https:\/\/www.optimiseconsulting.eu\/index.php\/wp-json\/wp\/v2\/media?parent=955"}],"curies":[{"name":"wp","href":"https:\/\/api.w.org\/{rel}","templated":true}]}}