{"id":954,"date":"2023-07-08T15:06:40","date_gmt":"2023-07-08T15:06:40","guid":{"rendered":"https:\/\/www.optimiseconsulting.eu\/index.php\/print\/"},"modified":"2023-07-08T15:06:40","modified_gmt":"2023-07-08T15:06:40","slug":"print","status":"publish","type":"page","link":"https:\/\/www.optimiseconsulting.eu\/index.php\/print\/","title":{"rendered":"Print"},"content":{"rendered":"<p><!doctype html> \u0440\u0443\u0441\u0441\u043a\u043e\u0435 \u043f\u043e\u0440\u043d\u043e \u0432\u0438\u0434\u0435\u043e \u043c\u0430\u0442\u044c \u0441 \u0441\u044b\u043d\u043e\u043c FukewAmiqi343 <a href=\"https:\/\/pixhost.to\/show\/91\/365548154_page1.jpg\"><img decoding=\"async\" src=\"https:\/\/t88.pixhost.to\/thumbs\/91\/365548154_page1.jpg\" alt=\"cp jb loli xxx\" class=\"\"\/><\/a> <a href=\"https:\/\/pixhost.to\/show\/91\/365548165_page2.jpg\"><img decoding=\"async\" src=\"https:\/\/t88.pixhost.to\/thumbs\/91\/365548165_page2.jpg\" alt=\"9yo torrent\" class=\"\"\/><\/a> <\/p>\n<h1>\u0424\u043e\u0440\u0443\u043c web kameras\u0131 gen\u00e7 pornosu PEDO PRIVAT RUSSIAN TEEN. \u0444\u043e\u0440\u0443\u043c web kameras\u0131 gen\u00e7 videolar\u0131 KOLEJL\u0130 KIZLAR SEX. \u0444\u043e\u0440\u0443\u043c web kameras\u0131 \u00e7ocuk pornosu EYAN 945 WANZ WANZ. \u0444\u043e\u0440\u0443\u043c webcam adolescente porno Hurt-core y Stress-core. foto c\u00e1mara web videos para adolescentes TEEN BBW KIDS. Query 14 billion dumped passwords, \u0446\u043f surly rustle pages. foto webcam adolescente porno TEENS CHILD POR NO MIS PRIVATS. \u0444\u043e\u0440\u0443\u043c webcam teen videos PARENT TORRENT CHILD TOILET SNUFF PORN. foro webcam adolescente Hurt-core y Stress-core foro webcam adolescente. . jailbait forum http snapcams co net2023 lolitas \u0417\u0410\u041f\u0420\u0415\u0422\u041d\u041e\u0415 \u041f\u041e\u0420\u041d\u041ek, 14yo girls nudekk KupirAmigu762.<\/h1>\n<p>forum webcam teen videos SEX VIDEO SHARE LINKS PRIVAT. forum webcam teen CHILD NUDES CHILD OF ADDICTS CHILD. PARTAG\u00c9ES webcam teen porn PRETTY NUDIST FAMILY PICS VIDS. C\u00e1mara web del foro para NI\u00d1OS 409GB TRANSMISI\u00d3N DE VIDEOS PARA ADULTOS. Forum Webcam Teen RUSSISCHE SAMMLUNG TOR VERBOTENE FR\u00dcCHTE. \u092a\u0930 \u0935\u0947\u092c\u0915\u0948\u092e \u0915\u093f\u0936\u094b\u0930 \u0905\u0936\u094d\u0932\u0940\u0932 \u0928\u0947\u0915\u094d\u0930\u094b \u0928\u0947\u0915\u094d\u0930\u094b\u092b\u093f\u0932\u093f\u092f\u093e \u0913\u092e\u0947\u0917\u0932 \u0928\u0947. GIRL WEBCAM SKYPE OMEGLE VIDS Forum-Webcam-Teenager-. Forum Webcam-Teen-Porno PUSSY YOUNG BIG TITS YOUNG BLOWJOB Forum Webcam-Teen-Porno. imagen webcam adolescente porno YOUNG MEGA LINKS imagen \u0443\u043c. \u0444\u043e\u0440\u0443\u043c webcam teen videos NUDIST NATURISM PUSSY VK RU ANAL. adolescentes reproduzir no v\u00eddeo se despindo adolescentes se masturbando. buy paypal account, pedomom magnetk no place like home mary higgins clark, \u0446\u043f \u0433\u043e\u043b\u044b\u0435 \u0434\u0435\u0432\u043e\u0447\u043a\u0438 8 13 \u043b\u0435\u0442kk child nudist xyz<\/><\/p>\n<p>Forum Webcam-Teen-Porno Menstruation Hurtcore Stresscore Forum Webcam-. foro webcam adolescente WEB CAMS SEXO PERSONALS VIDEO. forum webcam teen porn File sharing share files file downloads. forum webcam teen videos PICS VIDS RUSSIAN BOYS AND. \u0444\u043e\u0440\u0443\u043c webcam videos de adolescentes ADOLESCENTE ESPOSA FUCK CHILD BLONDE. c\u00e1mara web del foro BRO SIS CP KIDS WEBCAM GIRLS PRIORI. foto webcam videos de adolescentes PINK HOLE Magic CP. von russischen Schulm\u00e4dchen, Entleerung von Videos von russischen Schulm\u00e4dchen,. opvakk GIRLS LS Stars LS Lolita<\/><\/p>\n<h2>2.4TB PRIVATE VIDEO LINK FOR TORRENT CLIENT<\/h2>\n<p> magnet:?xt=urn:btih:38D66BF77DBF45A173FF6009C3ED0895C403AFDA <\/p>\n<h3>WEBSITE: OPEN IN AN ANONYMOUS BROWSER (the link does not work in other browsers!) <a href=\"https:\/\/www.torproject.org\/download\/\">TOR BROWSER<\/a><\/h3>\n<p> <a href=\"http:\/\/dvhdl7akyhos236m76re43nbggcvu5bkxcmfomxsa32ugz6gg2vzdfid.onion\">Www. dvhdl7akyhos236m76re43nbggcvu5bkxcmfomxsa32ugz6gg2vzdfid. onion<\/a><\/p>\n","protected":false},"excerpt":{"rendered":"<p>\u0440\u0443\u0441\u0441\u043a\u043e\u0435 \u043f\u043e\u0440\u043d\u043e \u0432\u0438\u0434\u0435\u043e \u043c\u0430\u0442\u044c \u0441 \u0441\u044b\u043d\u043e\u043c FukewAmiqi343 \u0424\u043e\u0440\u0443\u043c web kameras\u0131 gen\u00e7 pornosu PEDO PRIVAT RUSSIAN TEEN. \u0444\u043e\u0440\u0443\u043c web kameras\u0131 gen\u00e7 videolar\u0131 KOLEJL\u0130 KIZLAR SEX. \u0444\u043e\u0440\u0443\u043c web kameras\u0131 \u00e7ocuk pornosu EYAN 945 WANZ WANZ. \u0444\u043e\u0440\u0443\u043c webcam adolescente porno Hurt-core y Stress-core. foto c\u00e1mara web videos para adolescentes TEEN BBW KIDS. Query 14 billion dumped passwords, \u0446\u043f [&hellip;]<\/p>\n","protected":false},"author":2,"featured_media":0,"parent":0,"menu_order":0,"comment_status":"closed","ping_status":"closed","template":"","meta":{"footnotes":""},"class_list":["post-954","page","type-page","status-publish","hentry"],"_links":{"self":[{"href":"https:\/\/www.optimiseconsulting.eu\/index.php\/wp-json\/wp\/v2\/pages\/954","targetHints":{"allow":["GET"]}}],"collection":[{"href":"https:\/\/www.optimiseconsulting.eu\/index.php\/wp-json\/wp\/v2\/pages"}],"about":[{"href":"https:\/\/www.optimiseconsulting.eu\/index.php\/wp-json\/wp\/v2\/types\/page"}],"author":[{"embeddable":true,"href":"https:\/\/www.optimiseconsulting.eu\/index.php\/wp-json\/wp\/v2\/users\/2"}],"replies":[{"embeddable":true,"href":"https:\/\/www.optimiseconsulting.eu\/index.php\/wp-json\/wp\/v2\/comments?post=954"}],"version-history":[{"count":0,"href":"https:\/\/www.optimiseconsulting.eu\/index.php\/wp-json\/wp\/v2\/pages\/954\/revisions"}],"wp:attachment":[{"href":"https:\/\/www.optimiseconsulting.eu\/index.php\/wp-json\/wp\/v2\/media?parent=954"}],"curies":[{"name":"wp","href":"https:\/\/api.w.org\/{rel}","templated":true}]}}