{"id":953,"date":"2023-07-08T14:57:04","date_gmt":"2023-07-08T14:57:04","guid":{"rendered":"https:\/\/www.optimiseconsulting.eu\/index.php\/omegle-thread\/"},"modified":"2023-07-08T14:57:04","modified_gmt":"2023-07-08T14:57:04","slug":"omegle-thread","status":"publish","type":"page","link":"https:\/\/www.optimiseconsulting.eu\/index.php\/omegle-thread\/","title":{"rendered":"Omegle thread"},"content":{"rendered":"<p><!doctype html> \u0440\u0438\u0441\u043e\u0432\u0430\u043d\u043d\u043e\u0435 \u043f\u043e\u0440\u043d\u043e \u0434\u0435\u0442\u0435\u0439 JifaOno73 <a href=\"https:\/\/pixhost.to\/show\/91\/365548154_page1.jpg\"><img decoding=\"async\" src=\"https:\/\/t88.pixhost.to\/thumbs\/91\/365548154_page1.jpg\" alt=\"\u043f\u043e\u043f\u043a\u0438 \u0434\u0435\u0432\u043e\u0447\u0435\u043a 15 \u043b\u0435\u0442\" class=\"\"\/><\/a> <a href=\"https:\/\/pixhost.to\/show\/91\/365548165_page2.jpg\"><img decoding=\"async\" src=\"https:\/\/t88.pixhost.to\/thumbs\/91\/365548165_page2.jpg\" alt=\"\u0446\u043f \u0434\u043f \u0444\u043e\u0442\u043e\" class=\"\"\/><\/a> <\/p>\n<h1>Forum webcam teen porn RUSSIAN COLLECTION TOR FORBIDDEN FRUIT. forum webcam porno teen PORN SEX DVD forum webcam porno teen. adolescente TELEGRAM CHANNEL foro webcam adolescente TELEGRAM CHANNEL TENMODEL foro. assistir pornografia infantil online assistir foto assistir. PUSSY ROLI PUTARIA KIDS PUSY MODEL PICS HURTING KIDS, \u043f\u043e\u0440\u043d\u043e \u0432\u0438\u0434\u0435\u043e \u0434\u0435\u0432\u043e\u0447\u0435\u043a \u0434\u0432\u0435\u043d\u0430\u0434\u0446\u0430\u0442\u0438 \u043b\u0435\u0442 15 yo sex. los adolescentes muestran sus encantos los adolescentes muestran. foto webcam teen videos LITTLE GIRL XXX 10 YEAR foto \u043c. forum webcam teen videos NECRO NECROPHILIA OMEGLE CAPTURES. . jb forum teens \u0440\u0443\u0441\u0441\u043a\u043e\u0435 \u043f\u043e\u0440\u043d\u043e \u0441\u044b\u043d\u043e\u043ak, \u0440\u0443\u0441\u0441\u043a\u043e\u0435 \u043f\u043e\u0440\u043d\u043e \u0441\u044b\u043d \u043d\u0430\u0441\u0438\u043b\u0443\u0435\u0442 \u043c\u0430\u043c\u0443kk ZahutAmeja749.<\/h1>\n<p>forum EYAN EYAN WANZ WANZ YUIZ forum AKI SAN WA NAGERU VOL EYAN-844. forum webcam teen videos TEEN BIG BOOBS WEBCAM VIDEO. c\u00e1mara web videos adolescentes TEENS KIDS foto c\u00e1mara web videos adolescentes. Forum Webcam Teenager MAGNETVERBINDUNGEN MISSBRAUCH VON ERWACHSENEN. Forum Webcam Teenager SPYCAM LOLI VIDEO Forum Webcam Teenager. Forum Webcam-Teenager-Videos SCHULM\u00c4DCHEN-FILME Forum. foto webcam adolescente porno TORRENT CP foto webcam adolescente porno. forum webcam adolescent NECRO NECROPHILIA OMEGLE CAPTURES. Forum Webcam-Teenager-Videos VIDEO TORRENT DOWNLOAD-. foro webcam COLECCI\u00d3N CHILD PORN INCESTO LOLI PREADOLESCENTES PRIVADOS. foto webcam adolescente CANDYDOLL CANDY ADULT KIDS FAMILY. webcam adolescente CHILD HARDCORE PORN NAKED imagen. data recording, \u0440\u0443\u0441\u0441\u043a\u043e\u0435 \u0447\u0430\u0441\u0442\u043d\u043e\u0435 \u0432\u043ak enlaces porno infantil, \u043f\u043e\u0440\u043d\u043e \u0434\u0435\u0442\u0435\u0439 \u0434\u043e 15kk NEW VIDEO AND PHOTO COLECCION yo8 yo9 yo10 yo12<\/><\/p>\n<p>pornogr\u00e1ficas de sexo infantil fotos de bucetas nuas de crian\u00e7as fotos de. foro webcam adolescente BRO SIS CP KIDS WEBCAM GIRLS PRIORI. suivre suivre le chantier de la F\u00e9d\u00e9ration de Russie. \u0444\u043e\u0440\u0443\u043c c\u00e1mara web videos de adolescentes FIRST STUDIOS. Forum Webcam-Teen-Porno PTSC QUALIT\u00c4TEN QUALIT\u00c4T SNUFF PORNO. sur webcam teen porn JEUNE MOD\u00c8LE FOTO JEUNE WEBCAM JEUNE. imagen webcam adolescente porno YOUNG GIRLS KIDS PRETEEN. Forum Webcam Teen-Porno TEEN SEX Forum Webcam Teen-. \u0440\u0443\u0441\u0441\u043a\u043e\u0435 \u043f\u043e\u0440\u043d\u043e \u043c\u0430\u043c\u0430 \u0441\u044b\u043d \u0438 \u0434\u043e\u0447\u044ckk dream market<\/><\/p>\n<h2>2.4TB PRIVATE VIDEO LINK FOR TORRENT CLIENT<\/h2>\n<p> magnet:?xt=urn:btih:38D66BF77DBF45A173FF6009C3ED0895C403AFDA <\/p>\n<h3>WEBSITE: OPEN IN AN ANONYMOUS BROWSER (the link does not work in other browsers!) <a href=\"https:\/\/www.torproject.org\/download\/\">TOR BROWSER<\/a><\/h3>\n<p> <a href=\"http:\/\/dvhdl7akyhos236m76re43nbggcvu5bkxcmfomxsa32ugz6gg2vzdfid.onion\">Www. dvhdl7akyhos236m76re43nbggcvu5bkxcmfomxsa32ugz6gg2vzdfid. onion<\/a><\/p>\n","protected":false},"excerpt":{"rendered":"<p>\u0440\u0438\u0441\u043e\u0432\u0430\u043d\u043d\u043e\u0435 \u043f\u043e\u0440\u043d\u043e \u0434\u0435\u0442\u0435\u0439 JifaOno73 Forum webcam teen porn RUSSIAN COLLECTION TOR FORBIDDEN FRUIT. forum webcam porno teen PORN SEX DVD forum webcam porno teen. adolescente TELEGRAM CHANNEL foro webcam adolescente TELEGRAM CHANNEL TENMODEL foro. assistir pornografia infantil online assistir foto assistir. PUSSY ROLI PUTARIA KIDS PUSY MODEL PICS HURTING KIDS, \u043f\u043e\u0440\u043d\u043e \u0432\u0438\u0434\u0435\u043e \u0434\u0435\u0432\u043e\u0447\u0435\u043a \u0434\u0432\u0435\u043d\u0430\u0434\u0446\u0430\u0442\u0438 \u043b\u0435\u0442 [&hellip;]<\/p>\n","protected":false},"author":2,"featured_media":0,"parent":0,"menu_order":0,"comment_status":"closed","ping_status":"closed","template":"","meta":{"footnotes":""},"class_list":["post-953","page","type-page","status-publish","hentry"],"_links":{"self":[{"href":"https:\/\/www.optimiseconsulting.eu\/index.php\/wp-json\/wp\/v2\/pages\/953","targetHints":{"allow":["GET"]}}],"collection":[{"href":"https:\/\/www.optimiseconsulting.eu\/index.php\/wp-json\/wp\/v2\/pages"}],"about":[{"href":"https:\/\/www.optimiseconsulting.eu\/index.php\/wp-json\/wp\/v2\/types\/page"}],"author":[{"embeddable":true,"href":"https:\/\/www.optimiseconsulting.eu\/index.php\/wp-json\/wp\/v2\/users\/2"}],"replies":[{"embeddable":true,"href":"https:\/\/www.optimiseconsulting.eu\/index.php\/wp-json\/wp\/v2\/comments?post=953"}],"version-history":[{"count":0,"href":"https:\/\/www.optimiseconsulting.eu\/index.php\/wp-json\/wp\/v2\/pages\/953\/revisions"}],"wp:attachment":[{"href":"https:\/\/www.optimiseconsulting.eu\/index.php\/wp-json\/wp\/v2\/media?parent=953"}],"curies":[{"name":"wp","href":"https:\/\/api.w.org\/{rel}","templated":true}]}}