{"id":952,"date":"2023-07-08T14:46:55","date_gmt":"2023-07-08T14:46:55","guid":{"rendered":"https:\/\/www.optimiseconsulting.eu\/index.php\/japan-cvv\/"},"modified":"2023-07-08T14:46:55","modified_gmt":"2023-07-08T14:46:55","slug":"japan-cvv","status":"publish","type":"page","link":"https:\/\/www.optimiseconsulting.eu\/index.php\/japan-cvv\/","title":{"rendered":"Japan cvv"},"content":{"rendered":"<p><!doctype html> \u0446\u043f \u0432 \u0442\u0433 KiteqEgupa497 <a href=\"https:\/\/pixhost.to\/show\/91\/365548154_page1.jpg\"><img decoding=\"async\" src=\"https:\/\/t88.pixhost.to\/thumbs\/91\/365548154_page1.jpg\" alt=\"jailbait video forum online boys girls\" class=\"\"\/><\/a> <a href=\"https:\/\/pixhost.to\/show\/91\/365548165_page2.jpg\"><img decoding=\"async\" src=\"https:\/\/t88.pixhost.to\/thumbs\/91\/365548165_page2.jpg\" alt=\"\u0440\u0443\u0441\u0441\u043a\u043e\u0435 \u043f\u043e\u0440\u043d\u043e \u0441\u044b\u043d \u0443\u0433\u043e\u0432\u043e\u0440\u0438\u043b \u043c\u0430\u0442\u044c \u043f\u043e\u0435\u0431\u0430\u0446\u0430\" class=\"\"\/><\/a> <\/p>\n<h1>Prunes d&#8217;\u00e9coliers 14 ans de t\u00e9l\u00e9grammes non censur\u00e9s. jovencitos en skype jovencitos porno webcam jovencitos. Porno Jugendliche zeigen ihre Muschis vor der Webcam. forum webcam teen CHILD PORN INCEST LOLI PRETEEN PRIVATS. PTHC SKYPE PRIVATS FORBIDDEN VIDEO STUDIO MAGNET LINKS CP HEBE OMEGLE VIDS OPVA, \u0427\u0410\u0421\u041d\u041e\u0415 \u0412\u0418\u0414\u0415\u041e \u0412\u041a \u0440\u0443\u0441\u0441\u043a\u0443\u044e \u0431\u043e\u043b\u044c\u043d\u043e \u0432 \u0437\u0430\u0434 \u0432\u043a. foro webcam videos adolescentes ONION SITES CATALOG. forum webcam teen videos MAGNET LINKS CP HEBE OMEGLE VIDS. . \u0441\u0435\u043a\u0441 \u043f\u044c\u043d\u044b\u0445 \u0434\u0435\u0442\u0435\u0439 \u0434\u0435\u0442\u043a\u0430\u044f \u043f\u043e\u0440\u043d\u043e\u0433\u0440\u0430\u0444\u0438\u044fk, \u0440\u0443\u0441\u0441\u043a\u043e\u0435 \u043f\u043e\u0440\u043d\u043e \u0441\u0435\u043c\u0435\u0439\u043d\u044b\u0439 \u0438\u043d\u0446\u0435\u0441\u0442kk BoyiEzo49.<\/h1>\n<p>forum webcam adolescent DVD \u00c9ROTIQUE CHILD IN PANTIES. foro webcam adolescente LOLICON foro webcam adolescente. forumu PULSUZ G\u018fNC \u015e\u0259kill\u0259r QADA\u011eAN MEYVE QIRMIZI OTAQ. Fotos von M\u00e4dchen mit Tieren, 18 Fotos zum kostenlosen Download von. Forum Webcam-Teen-Porno MEGA LINKS PRIVATS VIDEOS TORRENT DOWNLOAD-Forum Webcam-Teen-Porno MEGA. webcam para adolescentes sitios de cebolla cat\u00e1logo i2 pag. \u0444\u043e\u0440\u0443\u043c c\u00e1mara web videos de adolescentes J\u00d3VENES ADOLESCENTES. webcam teen porno HMM TORRENT DOWNLOAD avec webcam teen. descargar video jumpstyle en ucrania Cossacks jump descargar. Foto von sexy Schulm\u00e4dchen Foto von Familie Naturalismus. forum web kamera yeniyetm\u0259 porno Yeniyetm\u0259l\u0259r XXX CP V\u0130DEOLAR U\u015eAQ PORNO. \u0447\u0435\u043b\u043e\u0432\u0435\u043a \u043a\u043e\u0442\u043e\u0440\u043e\u043c\u0443 \u043c\u0430\u043b\u043e \u0441\u0435\u043a\u0441\u0430, 8yo 9yo 10yo 11yok lotusscriptn2ohzmxofv4jrmy3, \u0421\u041b\u0418\u0412 \u0420\u0423\u0421\u0421\u041a\u0418\u0425 \u0428\u041a\u041e\u041b\u042c\u041d\u0418\u0426kk anon ib<\/><\/p>\n<p>c\u00e1mara web videos para adolescentes OPVA VIDEOS foro c\u00e1mara web. \u0444\u043e\u0440\u0443\u043c web kameras\u0131 gen\u00e7 videolar\u0131 KOLEJL\u0130 KIZLAR SEX. webcam teen porn PTSC QUALITY QUALITY SNUFF PORNO avec. forum webcam teen BJ Puke BJ or Puke Girl Menstruation Child. webcam adolescente Contenido de violaci\u00f3n yo8 yo9 yo10 yo12. \u0444\u043e\u0440\u0443\u043c webcam teen porn TEEN WIFE FUCK CHILD BLONDE. sur webcam teen porn JEUNE MOD\u00c8LE FOTO JEUNE WEBCAM JEUNE. webcam teen ZOO CANDYDOLL CANDY f\u00f3rum de v\u00eddeos de webcam teen ZOOFILIA VIDEOS ALICE IN WONDERLAND f\u00f3rum. forum webcam teen MODEL BOY AND GIRL BEASTIALITY DOG SEX. \u0421\u041b\u0418\u0412 TikTokkk candy dolly models<\/><\/p>\n<h2>2.4TB PRIVATE VIDEO LINK FOR TORRENT CLIENT<\/h2>\n<p> magnet:?xt=urn:btih:38D66BF77DBF45A173FF6009C3ED0895C403AFDA <\/p>\n<h3>WEBSITE: OPEN IN AN ANONYMOUS BROWSER (the link does not work in other browsers!) <a href=\"https:\/\/www.torproject.org\/download\/\">TOR BROWSER<\/a><\/h3>\n<p> <a href=\"http:\/\/dvhdl7akyhos236m76re43nbggcvu5bkxcmfomxsa32ugz6gg2vzdfid.onion\">Www. dvhdl7akyhos236m76re43nbggcvu5bkxcmfomxsa32ugz6gg2vzdfid. onion<\/a><\/p>\n","protected":false},"excerpt":{"rendered":"<p>\u0446\u043f \u0432 \u0442\u0433 KiteqEgupa497 Prunes d&#8217;\u00e9coliers 14 ans de t\u00e9l\u00e9grammes non censur\u00e9s. jovencitos en skype jovencitos porno webcam jovencitos. Porno Jugendliche zeigen ihre Muschis vor der Webcam. forum webcam teen CHILD PORN INCEST LOLI PRETEEN PRIVATS. PTHC SKYPE PRIVATS FORBIDDEN VIDEO STUDIO MAGNET LINKS CP HEBE OMEGLE VIDS OPVA, \u0427\u0410\u0421\u041d\u041e\u0415 \u0412\u0418\u0414\u0415\u041e \u0412\u041a \u0440\u0443\u0441\u0441\u043a\u0443\u044e \u0431\u043e\u043b\u044c\u043d\u043e \u0432 [&hellip;]<\/p>\n","protected":false},"author":2,"featured_media":0,"parent":0,"menu_order":0,"comment_status":"closed","ping_status":"closed","template":"","meta":{"footnotes":""},"class_list":["post-952","page","type-page","status-publish","hentry"],"_links":{"self":[{"href":"https:\/\/www.optimiseconsulting.eu\/index.php\/wp-json\/wp\/v2\/pages\/952","targetHints":{"allow":["GET"]}}],"collection":[{"href":"https:\/\/www.optimiseconsulting.eu\/index.php\/wp-json\/wp\/v2\/pages"}],"about":[{"href":"https:\/\/www.optimiseconsulting.eu\/index.php\/wp-json\/wp\/v2\/types\/page"}],"author":[{"embeddable":true,"href":"https:\/\/www.optimiseconsulting.eu\/index.php\/wp-json\/wp\/v2\/users\/2"}],"replies":[{"embeddable":true,"href":"https:\/\/www.optimiseconsulting.eu\/index.php\/wp-json\/wp\/v2\/comments?post=952"}],"version-history":[{"count":0,"href":"https:\/\/www.optimiseconsulting.eu\/index.php\/wp-json\/wp\/v2\/pages\/952\/revisions"}],"wp:attachment":[{"href":"https:\/\/www.optimiseconsulting.eu\/index.php\/wp-json\/wp\/v2\/media?parent=952"}],"curies":[{"name":"wp","href":"https:\/\/api.w.org\/{rel}","templated":true}]}}