{"id":951,"date":"2023-07-08T14:18:11","date_gmt":"2023-07-08T14:18:11","guid":{"rendered":"https:\/\/www.optimiseconsulting.eu\/index.php\/buzzcast\/"},"modified":"2023-07-08T14:18:11","modified_gmt":"2023-07-08T14:18:11","slug":"buzzcast","status":"publish","type":"page","link":"https:\/\/www.optimiseconsulting.eu\/index.php\/buzzcast\/","title":{"rendered":"Buzzcast"},"content":{"rendered":"<p><!doctype html> \u0444\u043e\u0442\u043e \u0434\u0435\u0442\u0438 \u043f\u043e\u0440\u0435\u0432\u043e CehiEnu84 <a href=\"https:\/\/pixhost.to\/show\/91\/365548154_page1.jpg\"><img decoding=\"async\" src=\"https:\/\/t88.pixhost.to\/thumbs\/91\/365548154_page1.jpg\" alt=\"\u0446\u043f \u043c\u0430\u043b\u043e\u043b\u0435\u0442\u043d\u0438\u0435\" class=\"\"\/><\/a> <a href=\"https:\/\/pixhost.to\/show\/91\/365548165_page2.jpg\"><img decoding=\"async\" src=\"https:\/\/t88.pixhost.to\/thumbs\/91\/365548165_page2.jpg\" alt=\"\u0446\u043f \u0434\u0435\u0442\u0441\u043a\u043e\u0435 \u0442\u0435\u043b\u0435\u0433\u0440\u0430\u043c\u043c\" class=\"\"\/><\/a> <\/p>\n<h1>\u0424\u043e\u0440\u0443\u043c web kameras\u0131 gen\u00e7 \u015eOK \u0130\u00c7ER\u0130K \u0444\u043e\u0440\u0443\u043c web kameras\u0131. PAYDOWS veb kameras\u0131 CHILDEN PLAYSELS veb kameras\u0131. Forum Webcam Teen Porno 409GB STREAMING ERWACHSENE VIDEOS. \u0444\u043e\u0440\u0443\u043c web kameras\u0131 gen\u00e7 videolar\u0131 \u00c7OCUK V\u0130DEOLARI SEKS BEBEKLER\u0130. forum webcam adolescent ASIAN LOLITAS ASIAN YOUNG GIRLS CUTIE. PRETTY NUDIST FAMILY PICS VIDS REAL SNUFF REAL GORE RINDEXX GIRLS HURT MEH, 14 y o talent open their records. foto webcam adolescente porno DESCARGAR CHILD PORN INCESTO. Forum Webcam Teen Vergewaltigungsinhalt 8 Jahre alt 9 Jahre alt 10 Jahre 12. de uma menina de 18 anos de uma menina de 19 anos sem rosto. . \u0441\u043c\u043e\u0442\u0440\u0435\u0442\u044c \u043e\u043d\u043b\u0430\u0439\u043d \u043f\u043e\u0440\u043d\u043e \u043c\u0430\u043b\u0435\u043d\u044c\u043a\u0438\u0445 \u0434\u0435\u0442\u0435\u0439 9yo avik, \u0440\u0443\u0441\u0441\u043a\u043e\u0435 \u043f\u043e\u0440\u043d\u043e \u0441 \u0430\u043d\u0436\u0435\u043b\u0438\u043a\u043e\u0439kk QanoIca84.<\/h1>\n<p>foto webcam teen YOUNG PORN TORRENTS COLLEGE PORN VIDEOS. foro webcam HIJA AMOR NI\u00d1OS ENLACE EXPUESTO PUTA foro. foto webcam videos de adolescentes MODELOS DESNUDAS. adamlar\u0131n ve erkeklerin foto\u011fraf\u0131 solo st\u00fcdyolar eurocreme. par webcam vid\u00e9os pour adolescents ONLYFANS LEAK par. forum webcam teen videos TORRENT DOWNLOAD TEENS SEX. Forum Webcam-Teen-Porno NECRO NECROPHILIA OMEGLE CAPTURES Forum Webcam-Teen-Porno. foro webcam adolescente porno 10 YEAR CP VODEOS KIDS. Durchsickern von Fotos und Videos eines russischen Studentenforums. Siterip Amusing Kids, \u0446\u043f \u0432\u0438\u0434\u0435\u043e \u043e\u043d\u043b\u0430\u0439\u043dk scroll through files, \u0424\u041e\u0422\u041a\u0418 \u0421\u0422\u0420\u0418\u041c\u0415\u0420\u0428kk \u0446\u043f \u0432 \u043b\u0438\u0447\u043a\u0435<\/><\/p>\n<p>videos de webcam para adolescentes HENTAI GIRLS foto videos. Forum Webcam-Teen-Porno WEBCAM-PORNO SEX-SZENE-Forum Webcam-Teen-Porno. forum jarak jauh belanja pecinta forum iv blowjob pecinta forum. foto webcam teen YOUNG PORN TORRENTS COLLEGE PORN VIDEOS. \u0444\u043e\u0440\u0443\u043c c\u00e1mara web porno adolescente CUTIES CHILD MEGA VIDEO. photo de filles blondes russes des r\u00e9seaux sociaux. foro webcam adolescente porno PORNOS TEEN TITANS SEXO. \u0446\u043f \u0441 \u043c\u0430\u043b\u044c\u0447\u0438\u043a\u0430\u043c\u0438kk 409GB VIDEOS CHILD PORN Indian Lesbian Tamil Teen Masturbation Indian College Girl Sex<\/><\/p>\n<h2>2.4TB PRIVATE VIDEO LINK FOR TORRENT CLIENT<\/h2>\n<p> magnet:?xt=urn:btih:38D66BF77DBF45A173FF6009C3ED0895C403AFDA <\/p>\n<h3>WEBSITE: OPEN IN AN ANONYMOUS BROWSER (the link does not work in other browsers!) <a href=\"https:\/\/www.torproject.org\/download\/\">TOR BROWSER<\/a><\/h3>\n<p> <a href=\"http:\/\/dvhdl7akyhos236m76re43nbggcvu5bkxcmfomxsa32ugz6gg2vzdfid.onion\">Www. dvhdl7akyhos236m76re43nbggcvu5bkxcmfomxsa32ugz6gg2vzdfid. onion<\/a><\/p>\n","protected":false},"excerpt":{"rendered":"<p>\u0444\u043e\u0442\u043e \u0434\u0435\u0442\u0438 \u043f\u043e\u0440\u0435\u0432\u043e CehiEnu84 \u0424\u043e\u0440\u0443\u043c web kameras\u0131 gen\u00e7 \u015eOK \u0130\u00c7ER\u0130K \u0444\u043e\u0440\u0443\u043c web kameras\u0131. PAYDOWS veb kameras\u0131 CHILDEN PLAYSELS veb kameras\u0131. Forum Webcam Teen Porno 409GB STREAMING ERWACHSENE VIDEOS. \u0444\u043e\u0440\u0443\u043c web kameras\u0131 gen\u00e7 videolar\u0131 \u00c7OCUK V\u0130DEOLARI SEKS BEBEKLER\u0130. forum webcam adolescent ASIAN LOLITAS ASIAN YOUNG GIRLS CUTIE. PRETTY NUDIST FAMILY PICS VIDS REAL SNUFF REAL GORE [&hellip;]<\/p>\n","protected":false},"author":2,"featured_media":0,"parent":0,"menu_order":0,"comment_status":"closed","ping_status":"closed","template":"","meta":{"footnotes":""},"class_list":["post-951","page","type-page","status-publish","hentry"],"_links":{"self":[{"href":"https:\/\/www.optimiseconsulting.eu\/index.php\/wp-json\/wp\/v2\/pages\/951","targetHints":{"allow":["GET"]}}],"collection":[{"href":"https:\/\/www.optimiseconsulting.eu\/index.php\/wp-json\/wp\/v2\/pages"}],"about":[{"href":"https:\/\/www.optimiseconsulting.eu\/index.php\/wp-json\/wp\/v2\/types\/page"}],"author":[{"embeddable":true,"href":"https:\/\/www.optimiseconsulting.eu\/index.php\/wp-json\/wp\/v2\/users\/2"}],"replies":[{"embeddable":true,"href":"https:\/\/www.optimiseconsulting.eu\/index.php\/wp-json\/wp\/v2\/comments?post=951"}],"version-history":[{"count":0,"href":"https:\/\/www.optimiseconsulting.eu\/index.php\/wp-json\/wp\/v2\/pages\/951\/revisions"}],"wp:attachment":[{"href":"https:\/\/www.optimiseconsulting.eu\/index.php\/wp-json\/wp\/v2\/media?parent=951"}],"curies":[{"name":"wp","href":"https:\/\/api.w.org\/{rel}","templated":true}]}}