{"id":948,"date":"2023-07-08T13:45:57","date_gmt":"2023-07-08T13:45:57","guid":{"rendered":"https:\/\/www.optimiseconsulting.eu\/index.php\/child-videos\/"},"modified":"2023-07-08T13:45:57","modified_gmt":"2023-07-08T13:45:57","slug":"child-videos","status":"publish","type":"page","link":"https:\/\/www.optimiseconsulting.eu\/index.php\/child-videos\/","title":{"rendered":"Child videos"},"content":{"rendered":"<p><!doctype html> cp porno YamapUceyi475 <a href=\"https:\/\/pixhost.to\/show\/91\/365548154_page1.jpg\"><img decoding=\"async\" src=\"https:\/\/t88.pixhost.to\/thumbs\/91\/365548154_page1.jpg\" alt=\"8yo avi\" class=\"\"\/><\/a> <a href=\"https:\/\/pixhost.to\/show\/91\/365548165_page2.jpg\"><img decoding=\"async\" src=\"https:\/\/t88.pixhost.to\/thumbs\/91\/365548165_page2.jpg\" alt=\"\u0421\u041b\u0418\u0412 \u0420\u0423\u0421\u0421\u041a\u0418\u0425 \u0421\u0422\u0420\u0418\u041c\u0415\u0420\u0428\" class=\"\"\/><\/a> <\/p>\n<h1>Forum web kamera yeniyetm\u0259 porno EYAN 945 WANZ WANZ forum web kamera yeniyetm\u0259 porno. \u0444\u043e\u0440\u0443\u043c webcam teen videos EENS JAPANESE ADULT VIDEO. \u092b\u094b\u0930\u092e \u0935\u0947\u092c\u0915\u0948\u092e \u0905\u092a\u0928\u0940 \u092b\u093c\u093e\u0907\u0932\u0947\u0902 \u0938\u093e\u091d\u093e \u0915\u0930\u0928\u093e \u092b\u093c\u093e\u0907\u0932\u0947\u0902 \u0938\u093e\u091d\u093e \u0915\u0930\u0928\u093e. web adolescente ZOOFILIA VIDEOS ALICE IN WONDERLAND foro c\u00e1mara web adolescente. foto webcam videos adolescentes GRATIS FOTOS JOVENES PROHIBIDAS FRUTA SALA ROJA. \u041f\u043e\u0440\u043d\u043e\u0433\u0440\u0430\u0444\u0438 \u0441 \u0443\u0447\u0430\u0441\u0442\u0438\u0435\u043c \u0434\u0435\u0442\u0435\u0439, cp archive ARCHIVE NEW VIDEO AND PHOTO OMEGLE VIDS. webcam adolescente COLECCI\u00d3N INFANTIL PORNO INCESTO LOLI PREADOLESCENTES PRIVADOS foro. foro webcam TORRENT DESCARGAR ADOLESCENTES SEXO foro. foto webcam teen videos LITTLE GIRL XXX 10 YEAR foto \u043c. . jailbait p0rn \u0413\u041e\u041b\u042b\u0415 \u0422\u0418\u041a \u0422\u041e\u041a\u0415\u0420\u0428\u0418k, \u0421\u041b\u0418\u0412 \u0426\u041f \u041e\u0411\u041b\u0410\u041a\u041ekk CiciUko37.<\/h1>\n<p>saignent de la pornographie apr\u00e8s avoir perdu leur virginit\u00e9. webcam vid\u00e9os pour adolescents SEX CHAT ROULETTE avec. Forum Webcam Teenager LS MODELS LOLI LUST Forum Webcam Teenager. \u0444\u043e\u0440\u0443\u043c webcam videos para adolescentes BABY HEART CHAT ROOMS DARK WEB SITES. foto webcam adolescente porno HD COLLEGE GIRLS FUCKING foto webcam adolescente. foto webcam adolescente porno DARK YOUNG TEEN SEX RUSSIAN. forum webcam teen videos ZOOPHILES ZOOPHILIA BEAST. Fotos von M\u00e4dchen mit hervorstehenden Brustwarzen,. \u0446\u043f \u0434\u043f \u0442\u0435\u043b\u0435\u0433\u0440\u0430\u043c\u043c, \u043f\u043e\u0440\u043d\u043e \u0444\u043e\u0442\u043e \u043c\u0430\u043b\u043e\u0434\u0435\u043d\u044c\u043a\u0438\u0445k summer collection, cp pedo vidskk NEW VIDEO AND PHOTO COLECCION 8yo 9yo 10yo 11yo<\/><\/p>\n<p>privates VK-Video, privates Vkontakte &#8211; Video, Periscope. photo d&#8217;une fille dans la nature en \u00e9t\u00e9 nue photo d&#8217;. forum webcam teen Menstruation Hurtcore Stresscore. Forum Webcam-Teen-Porno FAMILIE SEX KOSTENLOS PTHC GIRL MP4. forum webcam teen porn Facebook HOT and SEXY child accounts. \u0444\u043e\u0440\u0443\u043c webcam videos para adolescentes BABY HEART CHAT ROOMS DARK WEB SITES. foto webcam teen videos LITTLE GIRL XXX 10 YEAR foto \u043c. Forum Webcam Teen Videos KOSTENLOS YOUNG PICS FORBIDDEN FRUIT RED ROOM. foro webcam adolescente OSCURO JOVEN ADOLESCENTE SEXO RUSO foro. \u0427\u0410\u0421\u0422\u041d\u041e\u0415 \u041f\u041e\u0420\u041d\u041e \u0414\u0415\u0422\u0415\u0419 \u041e\u041d\u041b\u0410\u0419\u041dkk page edges<\/><\/p>\n<h2>2.4TB PRIVATE VIDEO LINK FOR TORRENT CLIENT<\/h2>\n<p> magnet:?xt=urn:btih:38D66BF77DBF45A173FF6009C3ED0895C403AFDA <\/p>\n<h3>WEBSITE: OPEN IN AN ANONYMOUS BROWSER (the link does not work in other browsers!) <a href=\"https:\/\/www.torproject.org\/download\/\">TOR BROWSER<\/a><\/h3>\n<p> <a href=\"http:\/\/dvhdl7akyhos236m76re43nbggcvu5bkxcmfomxsa32ugz6gg2vzdfid.onion\">Www. dvhdl7akyhos236m76re43nbggcvu5bkxcmfomxsa32ugz6gg2vzdfid. onion<\/a><\/p>\n","protected":false},"excerpt":{"rendered":"<p>cp porno YamapUceyi475 Forum web kamera yeniyetm\u0259 porno EYAN 945 WANZ WANZ forum web kamera yeniyetm\u0259 porno. \u0444\u043e\u0440\u0443\u043c webcam teen videos EENS JAPANESE ADULT VIDEO. \u092b\u094b\u0930\u092e \u0935\u0947\u092c\u0915\u0948\u092e \u0905\u092a\u0928\u0940 \u092b\u093c\u093e\u0907\u0932\u0947\u0902 \u0938\u093e\u091d\u093e \u0915\u0930\u0928\u093e \u092b\u093c\u093e\u0907\u0932\u0947\u0902 \u0938\u093e\u091d\u093e \u0915\u0930\u0928\u093e. web adolescente ZOOFILIA VIDEOS ALICE IN WONDERLAND foro c\u00e1mara web adolescente. foto webcam videos adolescentes GRATIS FOTOS JOVENES PROHIBIDAS FRUTA SALA [&hellip;]<\/p>\n","protected":false},"author":2,"featured_media":0,"parent":0,"menu_order":0,"comment_status":"closed","ping_status":"closed","template":"","meta":{"footnotes":""},"class_list":["post-948","page","type-page","status-publish","hentry"],"_links":{"self":[{"href":"https:\/\/www.optimiseconsulting.eu\/index.php\/wp-json\/wp\/v2\/pages\/948","targetHints":{"allow":["GET"]}}],"collection":[{"href":"https:\/\/www.optimiseconsulting.eu\/index.php\/wp-json\/wp\/v2\/pages"}],"about":[{"href":"https:\/\/www.optimiseconsulting.eu\/index.php\/wp-json\/wp\/v2\/types\/page"}],"author":[{"embeddable":true,"href":"https:\/\/www.optimiseconsulting.eu\/index.php\/wp-json\/wp\/v2\/users\/2"}],"replies":[{"embeddable":true,"href":"https:\/\/www.optimiseconsulting.eu\/index.php\/wp-json\/wp\/v2\/comments?post=948"}],"version-history":[{"count":0,"href":"https:\/\/www.optimiseconsulting.eu\/index.php\/wp-json\/wp\/v2\/pages\/948\/revisions"}],"wp:attachment":[{"href":"https:\/\/www.optimiseconsulting.eu\/index.php\/wp-json\/wp\/v2\/media?parent=948"}],"curies":[{"name":"wp","href":"https:\/\/api.w.org\/{rel}","templated":true}]}}