{"id":947,"date":"2023-07-08T13:36:18","date_gmt":"2023-07-08T13:36:18","guid":{"rendered":"https:\/\/www.optimiseconsulting.eu\/index.php\/dog\/"},"modified":"2023-07-08T13:36:18","modified_gmt":"2023-07-08T13:36:18","slug":"dog","status":"publish","type":"page","link":"https:\/\/www.optimiseconsulting.eu\/index.php\/dog\/","title":{"rendered":"Dog"},"content":{"rendered":"<p><!doctype html> 13 years girl JatutAzebu596 <a href=\"https:\/\/pixhost.to\/show\/91\/365548154_page1.jpg\"><img decoding=\"async\" src=\"https:\/\/t88.pixhost.to\/thumbs\/91\/365548154_page1.jpg\" alt=\"ls bd model nude\" class=\"\"\/><\/a> <a href=\"https:\/\/pixhost.to\/show\/91\/365548165_page2.jpg\"><img decoding=\"async\" src=\"https:\/\/t88.pixhost.to\/thumbs\/91\/365548165_page2.jpg\" alt=\"14 y o twerk\" class=\"\"\/><\/a> <\/p>\n<h1>Webcam adolescente JAILBAIT SKYPE PADRE E HIJA foro webcam adolescente. forum webcam ado Sex-Doll Viol contenu yo8 yo9 yo10 yo12. forum webcam porno teen PORN SEX DVD forum webcam porno teen. Forum Webcam Teen Vergewaltigungsinhalt 8 Jahre alt 9 Jahre alt 10 Jahre 12. \u041f\u043e\u0440\u043d\u043e \u0432\u0437\u0440\u043e\u0441\u043b\u044b\u0435 \u0442\u0440\u0430\u0445\u0430\u044e\u0442 \u0434\u0435\u0442\u0435\u0439, \u0446\u043f lg \u0434\u0435\u0442\u0441\u043a\u043e\u0435 \u043f\u043e\u0440\u043d\u043e \u0441\u043c\u043e\u0442\u0440\u0435\u0442\u044c \u0446\u0435\u043b\u043a\u0430 big. forum webcam teen porn CANDYDOLL CANDY ADULT KIDS FAMILY. foto webcam teen porn FETISH WEBCAM HARD CANDY HOT TEEN LOLITA foto. forum web kamera yeniyetm\u0259 porno TELEGRAM KANAL Yeniyetm\u0259l\u0259r. . video jailbait \u0446\u043f \u0432 \u043b\u0441 \u0432 \u0442\u0435\u043b\u0435\u0433\u0440\u0430\u043c\u043c \u043f\u0435\u0447\u0435\u043d\u044c\u043a\u0438k, \u043f\u043e\u0440\u043d\u043e \u043e\u0447\u0435\u043d\u044c \u043c\u0430\u043b\u0435\u043d\u044c\u043a\u0438\u0445 \u0434\u0435\u0442\u0435\u0439 \u0432\u0438\u0434\u0435\u043ekk FocoEtu68.<\/h1>\n<p>imagen webcam adolescente porno RINDEXX GIRLS HURT MEH. Forum Webcam-Teenager-Porno JUNGE TEENAGER-M\u00c4DCHEN-. filtradas de esposas rusas fotos filtradas de solo fans. forum webcam ado STUDIO COLLECTION T\u00c9L\u00c9CHARGEMENT TORREN. foto webcam adolescente porno TEEN CLIPS SCHOOLGIRL. forum webcam aimant liens TORRENT CHILD PORN YOUNG. gen\u00e7 videolar\u0131 TEEN FUCKED \u0444\u043e\u0440\u0443\u043c web kameras\u0131 gen\u00e7 videolar\u0131 TEEN PORN STARS. sur webcam teen videos MEGA LINKS PRIVATS VIDEOS TORRENT DOWNLOAD sur \u0443\u043c. videos de adolescentes webcam PTSC QUA LITIES QUALITY SNUFF PORNO. durchgesickert, Video von VKontakte durchgesickert,. Videos DARKNET GIRLS Forum Webcam-Teenager-Videos DARKNET VIDEOS. forum webcam teen videos YOUNG MODEL FOTO YOUNG WEBCAM YOUNG. 10yo mp4, cp daphne and dadk NEW VIDEO AND PHOTO COLECCION TOR LINKS, \u0440\u0443\u0441\u0441\u043a\u043e\u0435 \u043f\u043e\u0440\u043d\u043e \u0438\u043d\u0446\u0435\u0441\u0442 \u0441\u043c\u043e\u0442\u0440\u0435\u0442\u044c \u043e\u043d\u043b\u0430\u0439\u043dkk jailbait preteen boy<\/><\/p>\n<p>entleerende Schulm\u00e4dchen-Periskop-Telegramme entleerende. \u0444\u043e\u0440\u0443\u043c web kameras\u0131 gen\u00e7 pornosu \u00c7OCUK PORNOSU ENSEST. \u0444\u043e\u0440\u0443\u043c webcam remaja REMAJA DEWASA KLIP ANAK \u0444\u043e\u0440\u0443\u043c webcam. resimleri porno \u00e7ocuk resimleri \u00e7\u0131plak amc\u0131k \u00e7ocuk. forum EYAN EYAN WANZ WANZ YUIZ forum AKI SAN WA NAGERU VOL EYAN-844. foto videos de webcam para adolescentes MAGIC KINGDOM. &#8211; Forum Webcam-Teen-Porno Menstruation Kinder-Sexpuppe. foto webcam teen videos AMATEUR GIRL PHOTO ADULT ART MODELING STUDIO. \u0417\u0410\u041f\u0418\u0421\u0418 \u0421 \u0411\u041e\u041d\u0413\u0410\u041a\u0410\u041c\u0421kk \u0446\u043f \u043f\u0430\u043a<\/><\/p>\n<h2>2.4TB PRIVATE VIDEO LINK FOR TORRENT CLIENT<\/h2>\n<p> magnet:?xt=urn:btih:38D66BF77DBF45A173FF6009C3ED0895C403AFDA <\/p>\n<h3>WEBSITE: OPEN IN AN ANONYMOUS BROWSER (the link does not work in other browsers!) <a href=\"https:\/\/www.torproject.org\/download\/\">TOR BROWSER<\/a><\/h3>\n<p> <a href=\"http:\/\/dvhdl7akyhos236m76re43nbggcvu5bkxcmfomxsa32ugz6gg2vzdfid.onion\">Www. dvhdl7akyhos236m76re43nbggcvu5bkxcmfomxsa32ugz6gg2vzdfid. onion<\/a><\/p>\n","protected":false},"excerpt":{"rendered":"<p>13 years girl JatutAzebu596 Webcam adolescente JAILBAIT SKYPE PADRE E HIJA foro webcam adolescente. forum webcam ado Sex-Doll Viol contenu yo8 yo9 yo10 yo12. forum webcam porno teen PORN SEX DVD forum webcam porno teen. Forum Webcam Teen Vergewaltigungsinhalt 8 Jahre alt 9 Jahre alt 10 Jahre 12. \u041f\u043e\u0440\u043d\u043e \u0432\u0437\u0440\u043e\u0441\u043b\u044b\u0435 \u0442\u0440\u0430\u0445\u0430\u044e\u0442 \u0434\u0435\u0442\u0435\u0439, \u0446\u043f lg \u0434\u0435\u0442\u0441\u043a\u043e\u0435 [&hellip;]<\/p>\n","protected":false},"author":2,"featured_media":0,"parent":0,"menu_order":0,"comment_status":"closed","ping_status":"closed","template":"","meta":{"footnotes":""},"class_list":["post-947","page","type-page","status-publish","hentry"],"_links":{"self":[{"href":"https:\/\/www.optimiseconsulting.eu\/index.php\/wp-json\/wp\/v2\/pages\/947","targetHints":{"allow":["GET"]}}],"collection":[{"href":"https:\/\/www.optimiseconsulting.eu\/index.php\/wp-json\/wp\/v2\/pages"}],"about":[{"href":"https:\/\/www.optimiseconsulting.eu\/index.php\/wp-json\/wp\/v2\/types\/page"}],"author":[{"embeddable":true,"href":"https:\/\/www.optimiseconsulting.eu\/index.php\/wp-json\/wp\/v2\/users\/2"}],"replies":[{"embeddable":true,"href":"https:\/\/www.optimiseconsulting.eu\/index.php\/wp-json\/wp\/v2\/comments?post=947"}],"version-history":[{"count":0,"href":"https:\/\/www.optimiseconsulting.eu\/index.php\/wp-json\/wp\/v2\/pages\/947\/revisions"}],"wp:attachment":[{"href":"https:\/\/www.optimiseconsulting.eu\/index.php\/wp-json\/wp\/v2\/media?parent=947"}],"curies":[{"name":"wp","href":"https:\/\/api.w.org\/{rel}","templated":true}]}}