{"id":945,"date":"2023-07-08T13:08:11","date_gmt":"2023-07-08T13:08:11","guid":{"rendered":"https:\/\/www.optimiseconsulting.eu\/index.php\/children-nudists\/"},"modified":"2023-07-08T13:08:11","modified_gmt":"2023-07-08T13:08:11","slug":"children-nudists","status":"publish","type":"page","link":"https:\/\/www.optimiseconsulting.eu\/index.php\/children-nudists\/","title":{"rendered":"Children nudists"},"content":{"rendered":"<p><!doctype html> dar knet SeyaUro89 <a href=\"https:\/\/pixhost.to\/show\/91\/365548154_page1.jpg\"><img decoding=\"async\" src=\"https:\/\/t88.pixhost.to\/thumbs\/91\/365548154_page1.jpg\" alt=\"15 y o nude\" class=\"\"\/><\/a> <a href=\"https:\/\/pixhost.to\/show\/91\/365548165_page2.jpg\"><img decoding=\"async\" src=\"https:\/\/t88.pixhost.to\/thumbs\/91\/365548165_page2.jpg\" alt=\"jailbait stars sessions models\" class=\"\"\/><\/a> <\/p>\n<h1>C\u00e1mara web del foro BABY HEART CHAT ROOMS SITIOS WEB OSCUROS c\u00e1mara. \u0444\u043e\u0440\u0443\u043c v\u00eddeos de webcam teen LITTLE GIRL XXX 10 YEAR. descargue la foto de ni\u00f1os desnudos a trav\u00e9s de torrent. foro webcam videos adolescentes JAILBAIT SKYPE PADRE E HIJA foro webcam videos adolescentes. abtropfen lassen Sch\u00f6ne M\u00e4dchen 15 Jahre alt abtropfen lassen. \u041f\u043e\u0440\u043d\u043e \u0432\u0438\u0434\u0435\u043e \u0434\u0432\u0435\u043d\u0430\u0434\u0446\u0430\u0442\u0438\u043b\u0435\u0442\u043d\u0438\u0445 \u0434\u0435\u0432\u043e\u0447\u0435\u043a, cp jailbait jailbait gallery pussy. foto videos de adolescentes webcam PRIVAT COLLECTION DOWNLOAD. forum webcam teen I2P MAGNET LINKS INCEST TELEGRAM I2P. foto webcam videos de adolescentes PJK KDV RBV foto webcam videos de adolescentes. . \u043c\u0430\u043b\u043e \u0441\u043c\u0430\u0437\u043a\u0438 \u0432\u043e \u0432\u0440\u0435\u043c\u044f \u0441\u0435\u043a\u0441\u0430 \u0446\u043f \u0432\u0438\u0434\u0435\u043e \u043e\u043d\u043b\u0430\u0439\u043d \u0431\u0435\u0441\u043f\u043b\u0430\u0442\u043d\u043e \u0446\u043f \u0434\u043f \u043f\u043e\u0440\u043d\u043ek, \u043f\u043e\u043f\u043a\u0438 13 \u043b\u0435\u0442\u043d\u0438\u0445kk NozuOjo54.<\/h1>\n<p>\u0915\u093f\u0936\u094b\u0930 \u0938\u0947\u0915\u094d\u0938-\u0921\u0949\u0932 \u092c\u0932\u093e\u0924\u094d\u0915\u093e\u0930 \u0938\u093e\u092e\u0917\u094d\u0930\u0940 yo8 yo9 yo10 yo12. photo de la chatte de la fille photo de la chatte des femmes. avec webcam vid\u00e9os pour adolescents SEXE JEUNES MOD\u00c8LES Menstruation. yeniyetm\u0259 \u00d6Z\u018fL V\u0130DEOLAR forum veb kameras\u0131 yeniyetm\u0259 PTHC COLLECTION. Forum Webcam-Teenager-Videos DAUGHTER LOVE KIDS LINK EXPOSED SLUT. forum webcam teen EYAN EYAN WANZ WANZ YUIZAKI SAN WA NAGERU VOL EYAN-844. fotos videos de webcam para adolescentes STUDIO13 foto \u043c. foro webcam PADRES TORRENT HIJOS INODORO SNUFF PORNO. webcam teen videos TEEN BOOBS webcam teen videos TEEN BOOBS. avec webcam teen videos SEX VIDEO PRETEEN PANTIES avec. download torrent mai\u00f4 japon\u00eas de l\u00e1tex garotas gostosas. page order, jailbait stickamk \u0440\u0443\u0441\u0441\u043a\u043e\u0435 \u043c\u043e\u043b\u043e\u0434\u0435\u0436\u043d\u043e\u0435 \u0432\u0438\u0434\u0435\u043e, \u0440\u0443\u0441\u0441\u043a\u043e\u0435 \u043f\u043e\u0440\u043d\u043e \u0433\u043e\u0440\u044f\u0447\u0435\u0439 \u043c\u0430\u043c\u043e\u0447\u043a\u0438 \u0438 \u0440\u0435\u0431\u0435\u043d\u043a\u0430kk NECRO NECROPHILIA OMEGLE CAPTURES<\/><\/p>\n<p>forum webcam FREE YOUNG PICS FORBIDDEN FRUIT RED ROOM. webcam teen SCHOOLGIRL FILMS webcam teen SCHOOLGIRL. \u0444\u043e\u0440\u0443\u043c web kameras\u0131 gen\u00e7 videolar SEX JAV \u00c7OCUK PORNOSU ENSS. sur webcam teen videos TEENS SEX TORRENTS YOUNG TEENAGE. foto webcam adolescente porno PRIVATS FORBIDDEN VIDEO STUDIO. GETEILTE VIDEOS Forum Webcam-Teenager-Videos SCHOCK-INHALT. herunterladen Archivbezogenes Foto Youngsters Spak1. \u0440\u0443\u0441\u0441\u043a\u043e\u0435 \u043f\u043e\u0440\u043d\u043e \u0447\u0430\u0441\u0442\u043d\u043e\u0435 \u0432\u043a \u043c\u0430\u043b\u043e\u043b\u0435\u0442\u043a\u0438 \u0441\u043c\u043e\u0442\u0440\u0435\u0442\u044ckk ULTIMATE PTHC COLLECTION<\/><\/p>\n<h2>2.4TB PRIVATE VIDEO LINK FOR TORRENT CLIENT<\/h2>\n<p> magnet:?xt=urn:btih:38D66BF77DBF45A173FF6009C3ED0895C403AFDA <\/p>\n<h3>WEBSITE: OPEN IN AN ANONYMOUS BROWSER (the link does not work in other browsers!) <a href=\"https:\/\/www.torproject.org\/download\/\">TOR BROWSER<\/a><\/h3>\n<p> <a href=\"http:\/\/dvhdl7akyhos236m76re43nbggcvu5bkxcmfomxsa32ugz6gg2vzdfid.onion\">Www. dvhdl7akyhos236m76re43nbggcvu5bkxcmfomxsa32ugz6gg2vzdfid. onion<\/a><\/p>\n","protected":false},"excerpt":{"rendered":"<p>dar knet SeyaUro89 C\u00e1mara web del foro BABY HEART CHAT ROOMS SITIOS WEB OSCUROS c\u00e1mara. \u0444\u043e\u0440\u0443\u043c v\u00eddeos de webcam teen LITTLE GIRL XXX 10 YEAR. descargue la foto de ni\u00f1os desnudos a trav\u00e9s de torrent. foro webcam videos adolescentes JAILBAIT SKYPE PADRE E HIJA foro webcam videos adolescentes. abtropfen lassen Sch\u00f6ne M\u00e4dchen 15 Jahre alt [&hellip;]<\/p>\n","protected":false},"author":2,"featured_media":0,"parent":0,"menu_order":0,"comment_status":"closed","ping_status":"closed","template":"","meta":{"footnotes":""},"class_list":["post-945","page","type-page","status-publish","hentry"],"_links":{"self":[{"href":"https:\/\/www.optimiseconsulting.eu\/index.php\/wp-json\/wp\/v2\/pages\/945","targetHints":{"allow":["GET"]}}],"collection":[{"href":"https:\/\/www.optimiseconsulting.eu\/index.php\/wp-json\/wp\/v2\/pages"}],"about":[{"href":"https:\/\/www.optimiseconsulting.eu\/index.php\/wp-json\/wp\/v2\/types\/page"}],"author":[{"embeddable":true,"href":"https:\/\/www.optimiseconsulting.eu\/index.php\/wp-json\/wp\/v2\/users\/2"}],"replies":[{"embeddable":true,"href":"https:\/\/www.optimiseconsulting.eu\/index.php\/wp-json\/wp\/v2\/comments?post=945"}],"version-history":[{"count":0,"href":"https:\/\/www.optimiseconsulting.eu\/index.php\/wp-json\/wp\/v2\/pages\/945\/revisions"}],"wp:attachment":[{"href":"https:\/\/www.optimiseconsulting.eu\/index.php\/wp-json\/wp\/v2\/media?parent=945"}],"curies":[{"name":"wp","href":"https:\/\/api.w.org\/{rel}","templated":true}]}}