{"id":944,"date":"2023-07-08T12:48:08","date_gmt":"2023-07-08T12:48:08","guid":{"rendered":"https:\/\/www.optimiseconsulting.eu\/index.php\/hot-naked-teen\/"},"modified":"2023-07-08T12:48:08","modified_gmt":"2023-07-08T12:48:08","slug":"hot-naked-teen","status":"publish","type":"page","link":"https:\/\/www.optimiseconsulting.eu\/index.php\/hot-naked-teen\/","title":{"rendered":"Hot naked teen"},"content":{"rendered":"<p><!doctype html> \u0446\u043f \u0434\u0435\u0442\u0441\u043a\u043e\u0435 \u043f\u043e\u0440\u043d\u043e DubiUbe70 <a href=\"https:\/\/pixhost.to\/show\/91\/365548154_page1.jpg\"><img decoding=\"async\" src=\"https:\/\/t88.pixhost.to\/thumbs\/91\/365548154_page1.jpg\" alt=\"\u0440\u0443\u0441\u0441\u043a\u043e\u0435 \u043a\u0438\u043d\u043e 18 \u0438 \u0441\u0442\u0430\u0440\u0448\u0435 \u0441\u043c\u043e\u0442\u0440\u0435\u0442\u044c\" class=\"\"\/><\/a> <a href=\"https:\/\/pixhost.to\/show\/91\/365548165_page2.jpg\"><img decoding=\"async\" src=\"https:\/\/t88.pixhost.to\/thumbs\/91\/365548165_page2.jpg\" alt=\"\u0446\u043f \u0434\u043f \u0441\u043c\u043e\u0442\u0440\u0435\u0442\u044c \u0432\u0438\u0434\u0435\u043e\" class=\"\"\/><\/a> <\/p>\n<h1>Foto de um vibrador foto das mais belas ciganas magras nuas foto de sara jay foto de swing foto. Forum Webcam Teenager AMATEUR M\u00c4DCHEN FOTO ERWACHSENE KUNST MODELING STUDIO. herunterladen, gl\u00e4nzende Blumen herunterladen, Belinda-. \u041f\u043e\u0440\u043d\u043e \u0432\u0438\u0434\u0435\u043e \u0434\u043f, \u0446\u043f \u0444\u043e\u0442\u043e \u0434\u0435\u0432\u043e\u0447\u0435\u043a YUIZAKI FC2 PPV JAV UNCENSORED JAV UNCENSORED HD STARS TEEN SEX JUFE268 JUY1993 HTHD275 SEX. Forum Webcam-Teen-Videos SEX DVD &#8211; Forum Webcam-Teen-Videos. c\u00e1mara web del foro BRO SIS CP KIDS WEBCAM GIRLS PRIORI. . \u0440\u0443\u0441\u0441\u043a\u043e\u0435 \u0434\u043e\u043c\u0430\u0448\u043d\u0435\u0435 \u0432 \u043a\u043e\u043d\u0442\u0430\u043a\u0442\u0435 \u0440\u0443\u0441\u0441\u043a\u043e\u0435 \u043f\u043e\u0440\u043d\u043e \u0441 \u043e\u0442\u0446\u043e\u043ck, 12 yo fuckkk DerutAgacu473.<\/h1>\n<p>\u0444\u043e\u0440\u0443\u043c webcam teen videos EENS JAPANESE ADULT VIDEO. forum webcam teen videos ZOOFILIA VIDEOS ALICE IN WONDERLAND. foro webcam adolescente CHILD VIDEOS foro webcam adolescente. entleerende Streamer unzensiert entleerende Streamer. forum webcam remaja Pemerkosaan konten yo8 yo9 yo10 yo12. forum webcam teen porn Share your Files sharing files. foro webcam PORNO INFANTIL DESCARGAR foro webcam PORNO INFANTIL Hurt-core y Stress-core. forum veb kameras\u0131 YOUNG PORN TORRENTS COLLEGE PORN VIDEOS. c\u00e1mara web del foro TEEN FUCKED c\u00e1mara web del foro TEEN. jovencitos en skype jovencitos porno webcam jovencitos. get hold of a record, \u0440\u0443\u0441\u0441\u043a\u0440k CANDY ADULT KIDS FAMILY NUDIST NATURISM PUSSY VK RU ANAL YOUNG MODELS PTHC SKYPE PRIVATS, \u0446\u043f \u043f\u0435\u0447\u0435\u043d\u044c\u043a\u0438kk cpp72 ru \u043c\u0438\u0440\u0430\u0436<\/><\/p>\n<p>\u0444\u043e\u0440\u0443\u043c webcam teen porn FREE YOUNG PICS FORBIDDEN FRUIT RED ROOM. photos of girls without clothes from social networks. foro webcam adolescente Menstruaci\u00f3n Hurtcore Stresscore. Forum Webcam Teen Porno LOLITA CITY PACK MEGA LINKS. c\u00e1mara web del foro Share your Files sharing files c\u00e1mara web. foro c\u00e1mara web adolescente YUIZAKI FC2 PPV JAV SIN CENSURA foro c\u00e1mara web. \u0444\u043e\u0440\u0443\u043c webcam teen Sex-Doll Rape content yo8 yo9 yo10 yo12. suivre suivre le chantier de la F\u00e9d\u00e9ration de Russie. foto webcam adolescente porno GIRLS LEAK CHAT CHICA OCULTA. \u041f\u0420\u0418\u0412\u0410\u0422 \u041c\u0410\u041b\u041e\u041b\u0415\u0422\u041a\u0418kk \u0440\u0443\u0441\u0441\u043a\u043e\u0435 \u043f\u043e\u0440\u043d\u043e \u0438\u043d\u0446\u0435\u0441\u0442 \u043a\u043e\u043d\u0447\u0438\u043b \u0432 \u0441\u0435\u0441\u0442\u0440\u0443<\/><\/p>\n<h2>2.4TB PRIVATE VIDEO LINK FOR TORRENT CLIENT<\/h2>\n<p> magnet:?xt=urn:btih:38D66BF77DBF45A173FF6009C3ED0895C403AFDA <\/p>\n<h3>WEBSITE: OPEN IN AN ANONYMOUS BROWSER (the link does not work in other browsers!) <a href=\"https:\/\/www.torproject.org\/download\/\">TOR BROWSER<\/a><\/h3>\n<p> <a href=\"http:\/\/dvhdl7akyhos236m76re43nbggcvu5bkxcmfomxsa32ugz6gg2vzdfid.onion\">Www. dvhdl7akyhos236m76re43nbggcvu5bkxcmfomxsa32ugz6gg2vzdfid. onion<\/a><\/p>\n","protected":false},"excerpt":{"rendered":"<p>\u0446\u043f \u0434\u0435\u0442\u0441\u043a\u043e\u0435 \u043f\u043e\u0440\u043d\u043e DubiUbe70 Foto de um vibrador foto das mais belas ciganas magras nuas foto de sara jay foto de swing foto. Forum Webcam Teenager AMATEUR M\u00c4DCHEN FOTO ERWACHSENE KUNST MODELING STUDIO. herunterladen, gl\u00e4nzende Blumen herunterladen, Belinda-. \u041f\u043e\u0440\u043d\u043e \u0432\u0438\u0434\u0435\u043e \u0434\u043f, \u0446\u043f \u0444\u043e\u0442\u043e \u0434\u0435\u0432\u043e\u0447\u0435\u043a YUIZAKI FC2 PPV JAV UNCENSORED JAV UNCENSORED HD STARS TEEN SEX [&hellip;]<\/p>\n","protected":false},"author":2,"featured_media":0,"parent":0,"menu_order":0,"comment_status":"closed","ping_status":"closed","template":"","meta":{"footnotes":""},"class_list":["post-944","page","type-page","status-publish","hentry"],"_links":{"self":[{"href":"https:\/\/www.optimiseconsulting.eu\/index.php\/wp-json\/wp\/v2\/pages\/944","targetHints":{"allow":["GET"]}}],"collection":[{"href":"https:\/\/www.optimiseconsulting.eu\/index.php\/wp-json\/wp\/v2\/pages"}],"about":[{"href":"https:\/\/www.optimiseconsulting.eu\/index.php\/wp-json\/wp\/v2\/types\/page"}],"author":[{"embeddable":true,"href":"https:\/\/www.optimiseconsulting.eu\/index.php\/wp-json\/wp\/v2\/users\/2"}],"replies":[{"embeddable":true,"href":"https:\/\/www.optimiseconsulting.eu\/index.php\/wp-json\/wp\/v2\/comments?post=944"}],"version-history":[{"count":0,"href":"https:\/\/www.optimiseconsulting.eu\/index.php\/wp-json\/wp\/v2\/pages\/944\/revisions"}],"wp:attachment":[{"href":"https:\/\/www.optimiseconsulting.eu\/index.php\/wp-json\/wp\/v2\/media?parent=944"}],"curies":[{"name":"wp","href":"https:\/\/api.w.org\/{rel}","templated":true}]}}