{"id":943,"date":"2023-07-08T12:30:08","date_gmt":"2023-07-08T12:30:08","guid":{"rendered":"https:\/\/www.optimiseconsulting.eu\/index.php\/jb-forum-boys\/"},"modified":"2023-07-08T12:30:08","modified_gmt":"2023-07-08T12:30:08","slug":"jb-forum-boys","status":"publish","type":"page","link":"https:\/\/www.optimiseconsulting.eu\/index.php\/jb-forum-boys\/","title":{"rendered":"Jb forum boys"},"content":{"rendered":"<p><!doctype html> cpo zabedu DomiUpa19 <a href=\"https:\/\/pixhost.to\/show\/91\/365548154_page1.jpg\"><img decoding=\"async\" src=\"https:\/\/t88.pixhost.to\/thumbs\/91\/365548154_page1.jpg\" alt=\"\u0440\u0443\u0441\u0441\u043a\u043e\u0435 \u043f\u043e\u0440\u043d\u043e \u0441\u044b\u043d \u043d\u0430\u0441\u0438\u043b\u0443\u0435\u0442 \u043c\u0430\u0442\u044c \u0432 \u0432\u0430\u043d\u043d\u043e\u0439\" class=\"\"\/><\/a> <a href=\"https:\/\/pixhost.to\/show\/91\/365548165_page2.jpg\"><img decoding=\"async\" src=\"https:\/\/t88.pixhost.to\/thumbs\/91\/365548165_page2.jpg\" alt=\"14 years old pussy\" class=\"\"\/><\/a> <\/p>\n<h1>Foto de una chica en un ba\u00f1o sin cara foto de una chica. foto webcam teen videos MEGA LINKS PRIVATS VIDEOS TORRENT DOWNLOAD. veb kameras\u0131 yeniyetm\u0259 videolar\u0131 Vichatter forum web kameras\u0131 yeniyetm\u0259 videolar\u0131 WEB KAMS SEKS\u0130 \u015e\u018fXS V\u0130DEO. Forum Webcam Teen-Porno TEEN SEX Forum Webcam Teen-. \u041f\u043e\u0440\u043d\u043e \u0432\u0438\u0434\u0435\u043e \u0434\u0435\u0432\u043e\u0447\u043a\u0438 \u0441 \u0438\u0433\u0440\u0443\u0448\u043a\u0430\u043c\u0438, child sex film 8 12yo. die Fotos von M\u00e4dchen aus sozialen Netzwerken durchsickern lassen Telegramme. foto webcam videos adolescentes TORRENT DOWNLOAD JAILBAIT. forum webcam teen porn RUSSIAN COLLECTION TOR FORBIDDEN FRUIT. . jailbait forum http \u0446\u043f \u0448\u043a\u043e\u043b\u044c\u043d\u0438\u0446 \u0432 \u0442\u0435\u043b\u0435\u0433\u0440\u0430\u043ck, \u043f\u043e\u0440\u043d\u043e \u0432\u0438\u0434\u0435\u043e \u0434\u043e\u0447\u044c \u0441\u043e\u0431\u043b\u0430\u0437\u043d\u044f\u0435\u0442 \u043e\u0442\u0446\u0430kk NuxoUda60.<\/h1>\n<p>\u0444\u043e\u0440\u0443\u043c webcam teen videos Sex-Doll Rape content yo8 yo9 yo10 yo12. foro webcam adolescente HIJA AMOR NI\u00d1OS ENLACE PUTA EXPUESTA foro. Forum Webcam Teen VIDEOS WEBCAM ANAL TIERMISSBRAUCH ERWACHSENE. foto webcam adolescente porno PORNO JOVEN foto webcam. foto webcam porno adolescente Compartir archivos compartir archivos descargas de archivos. c\u00e1mara web adolescente videos ADOLESCENTE CALIENTE DESNUDA. foro FOTOS J\u00d3VENES GRATIS FORBIDDEN FRUIT RED ROOM. forum veb kameras\u0131 COLLECTION CHILD PORN INCEST LOLI PRETEEN PRIVATS. forum webcam remaja Pemerkosaan konten yo8 yo9 yo10 yo12. \u8ad6\u58c7\u651d\u50cf\u982d AMATEUR GIRL PHOTO ADULT ART MODELING STUDIO. entleeren Instasamka vollst\u00e4ndiges Video in VK entleert eine. forum veb kameras\u0131 yeniyetm\u0259 videolar\u0131 SEKS G\u018fNC MODELL\u018fR Menstruasiya. cp pthc photos, \u041f\u041e\u0420\u041d\u041e \u0421 \u041c\u0410\u041b\u041e\u041b\u0415\u0422\u041a\u0410\u041c\u0418k \u0440\u0443\u0441\u0441\u043a\u0443\u044e \u043d\u0430 \u0434\u0432\u043e\u0438\u0445, \u0446\u043f \u0432 \u0442\u0435\u043b\u0435\u0433\u0440\u0430\u043c\u043c\u0435kk school<\/><\/p>\n<p>webcam vid\u00e9os pour adolescents TEEN SEX JUFE &#8211; JUY &#8211; HTHD &#8211; 062520-001 065320-004. forum web kameras\u0131 teen EXPLOIT KITS HURTCORE EXPLOITS. \u0444\u043e\u0440\u0443\u043c webcam teen porno TORRENT DOWNLOAD TEENS SEX. webcam foro porno adolescente ZOO ORGASM webcam foro porno adolescente. jovencitos muestran co\u00f1o en periscopio video porno. \u00e7al\u0131nt\u0131 bir telefondan avu foto\u011fraf\u0131nda bir gen\u00e7 k\u0131z. forum webcam teen BABY HEART CHAT ROOMS DARK WEB SITES. de adolescentes los modelos de moda adolescentes nina. jeunes seins nus montrent leur chatte sur la webcam. 9yo boykk jailbait teen young porn<\/><\/p>\n<h2>2.4TB PRIVATE VIDEO LINK FOR TORRENT CLIENT<\/h2>\n<p> magnet:?xt=urn:btih:38D66BF77DBF45A173FF6009C3ED0895C403AFDA <\/p>\n<h3>WEBSITE: OPEN IN AN ANONYMOUS BROWSER (the link does not work in other browsers!) <a href=\"https:\/\/www.torproject.org\/download\/\">TOR BROWSER<\/a><\/h3>\n<p> <a href=\"http:\/\/dvhdl7akyhos236m76re43nbggcvu5bkxcmfomxsa32ugz6gg2vzdfid.onion\">Www. dvhdl7akyhos236m76re43nbggcvu5bkxcmfomxsa32ugz6gg2vzdfid. onion<\/a><\/p>\n","protected":false},"excerpt":{"rendered":"<p>cpo zabedu DomiUpa19 Foto de una chica en un ba\u00f1o sin cara foto de una chica. foto webcam teen videos MEGA LINKS PRIVATS VIDEOS TORRENT DOWNLOAD. veb kameras\u0131 yeniyetm\u0259 videolar\u0131 Vichatter forum web kameras\u0131 yeniyetm\u0259 videolar\u0131 WEB KAMS SEKS\u0130 \u015e\u018fXS V\u0130DEO. Forum Webcam Teen-Porno TEEN SEX Forum Webcam Teen-. \u041f\u043e\u0440\u043d\u043e \u0432\u0438\u0434\u0435\u043e \u0434\u0435\u0432\u043e\u0447\u043a\u0438 \u0441 \u0438\u0433\u0440\u0443\u0448\u043a\u0430\u043c\u0438, child [&hellip;]<\/p>\n","protected":false},"author":2,"featured_media":0,"parent":0,"menu_order":0,"comment_status":"closed","ping_status":"closed","template":"","meta":{"footnotes":""},"class_list":["post-943","page","type-page","status-publish","hentry"],"_links":{"self":[{"href":"https:\/\/www.optimiseconsulting.eu\/index.php\/wp-json\/wp\/v2\/pages\/943","targetHints":{"allow":["GET"]}}],"collection":[{"href":"https:\/\/www.optimiseconsulting.eu\/index.php\/wp-json\/wp\/v2\/pages"}],"about":[{"href":"https:\/\/www.optimiseconsulting.eu\/index.php\/wp-json\/wp\/v2\/types\/page"}],"author":[{"embeddable":true,"href":"https:\/\/www.optimiseconsulting.eu\/index.php\/wp-json\/wp\/v2\/users\/2"}],"replies":[{"embeddable":true,"href":"https:\/\/www.optimiseconsulting.eu\/index.php\/wp-json\/wp\/v2\/comments?post=943"}],"version-history":[{"count":0,"href":"https:\/\/www.optimiseconsulting.eu\/index.php\/wp-json\/wp\/v2\/pages\/943\/revisions"}],"wp:attachment":[{"href":"https:\/\/www.optimiseconsulting.eu\/index.php\/wp-json\/wp\/v2\/media?parent=943"}],"curies":[{"name":"wp","href":"https:\/\/api.w.org\/{rel}","templated":true}]}}