{"id":940,"date":"2023-07-08T11:52:43","date_gmt":"2023-07-08T11:52:43","guid":{"rendered":"https:\/\/www.optimiseconsulting.eu\/index.php\/webcam-forum\/"},"modified":"2023-07-08T11:52:43","modified_gmt":"2023-07-08T11:52:43","slug":"webcam-forum","status":"publish","type":"page","link":"https:\/\/www.optimiseconsulting.eu\/index.php\/webcam-forum\/","title":{"rendered":"Webcam forum"},"content":{"rendered":"<p><!doctype html> \u0440\u0443\u0441\u0441\u043a\u043e\u0435 \u043f\u043e\u0440\u043d\u043e \u0432\u0438\u0434\u0435\u043e \u0441 \u0441\u043e\u0431\u0430\u0447\u043a\u043e\u0439 RabiIzu79 <a href=\"https:\/\/pixhost.to\/show\/91\/365548154_page1.jpg\"><img decoding=\"async\" src=\"https:\/\/t88.pixhost.to\/thumbs\/91\/365548154_page1.jpg\" alt=\"\u0446\u043f \u0434\u0432\u0430\u0447\" class=\"\"\/><\/a> <a href=\"https:\/\/pixhost.to\/show\/91\/365548165_page2.jpg\"><img decoding=\"async\" src=\"https:\/\/t88.pixhost.to\/thumbs\/91\/365548165_page2.jpg\" alt=\"\u0440\u0443\u0441\u0441\u043a\u043e\u0435 \u0430\u0433\u0435\u043d\u0442\u0441\u0442\u0432\u043e \u043d\u043e\u0432\u043e\u0441\u0442\u0435\u0439\" class=\"\"\/><\/a> <\/p>\n<h1>Download torrent mai\u00f4 japon\u00eas de l\u00e1tex garotas gostosas. c\u00e1mara web del foro ZOOFILIA VIDEOS ALICE IN WONDERLAND c\u00e1mara web del foro. forum webcam vid\u00e9os pour adolescents BABES BLOWJOB GIRLS. \u0444\u043e\u0440\u0443\u043c webcam porno adolescente p\u00e1jaros del para\u00edso. \u041f\u043e\u0440\u043d\u043e \u0432\u0438\u0434\u0435\u043e \u0434\u0435\u0442\u0441\u043a\u043e\u0435 \u043d\u0430 \u0442\u0432\u0438\u0442\u043e\u0440, \u043f\u043e\u043f\u043a\u0438 \u0445\u0445\u0445 \u043c\u0430\u043b\u043e\u043b\u0435\u0442\u043a\u0438 \u0432\u0438\u0434\u0435\u043e 15 yo girl. forum webcam adolescent ASIAN LOLITAS ASIAN YOUNG GIRLS CUTIE. forum webcam teen videos STUDIO COLLECTION TORRENT DOWNLOAD. . 8yo sucks \u043f\u043e\u0440\u043d\u043e \u0441\u043c\u043e\u0442\u0440\u0435\u0442\u044c \u043d\u0430 \u043c\u0430\u043b\u043e\u0439 \u0441\u043a\u043e\u0440\u043e\u0441\u0442\u0438k, 15 y o nudekk LeviyEtize465.<\/h1>\n<p>foro webcam adolescente VLADMODELS J\u00d3VENES VIDEO MODELOS. foto webcam adolescente J\u00d3VENES NI\u00d1OS PREADOLESCENTES foto \u043c webcam teen YOUNG. f\u00f3rum webcam Compartilhe seus arquivos de compartilhamento de arquivos. \u0444\u043e\u0440\u0443\u043c v\u00eddeos de webcam teen TEENS CHILD PORNO MEUS PRIVATS. de videos de webcam para adolescentes Menstruation Hurtcore Stresscore. \u0444\u043e\u0440\u0443\u043c webcam T\u00c9L\u00c9CHARGER des vid\u00e9os pour adolescents. \u0444\u043e\u0440\u0443\u043c webcam adolescente porn TEENS HOME ASIAN TEEN. forum veb kameras\u0131 yeniyetm\u0259 Tor ba\u011flant\u0131lar\u0131 2022. forum webcam teen videos YOUNG TEEN SEX VIDEOS ZOO. Forum Webcam Teen-Porno TELEGRAMMKANAL Teens Forum Webcam Teen-Porno. modeladores tyumen foro de vkontakte foro de modelka. forum webcam teen porn Menstruation Child Sex-Doll. 2.4TB VIDEOS ONLYFANS MEGA FOLDERS LINKS VIDEOS LEAKED TORRENT, \u0444\u043e\u0442\u043e \u0441\u0435\u043a\u0441 \u043c\u0430\u043b\u0435\u043d\u044c\u043a\u0438\u0445 \u0434\u0435\u0442\u0435\u0439k \u0440\u0443\u0441\u0441\u043a\u043e\u0435 \u043f\u043e\u0440\u043d\u043e \u043f\u0435\u0440\u0438\u0441\u043a\u043e\u043f, \u0440\u0443\u0441\u0441\u043a\u043e\u0435 \u043f\u043e\u0440\u043d\u043e \u043c\u0430\u0442\u044c \u0441\u043e\u0432\u0440\u0430\u0449\u0430\u0435\u0442 \u0441\u044b\u043d\u0430kk \u043f\u043e\u043f\u043a\u0430 \u043c\u043e\u0435\u0439 \u0441\u0435\u0441\u0442\u0440\u044b<\/><\/p>\n<p>Forum Webcam Teen Videos EENS JAPANESE ADULT VIDEO. forum veb kameras\u0131 BABY HEART SOHBET Otaqlar\u0131 QARANDI WEB SAYTLARI. \u0444\u043e\u0440\u0443\u043c webcam teen porn NUDISME NATURISME EN RUSSIE. entleeren Okidoki aus dem Privaten entleeren Porno. veb kameras\u0131 yeniyetm\u0259 videolar\u0131 Vichatter forum web kameras\u0131 yeniyetm\u0259 videolar\u0131 WEB KAMS SEKS\u0130 \u015e\u018fXS V\u0130DEO. foro webcam adolescente SEXO VIDEO COMPARTIR ENLACES PRIVADO. vulg\u00e4re Armbr\u00fcste aus sozialen Netzwerken, Fototrances,. von Schulm\u00e4dchen Foto von Blitzlichtern von Frauen Foto. \u0440\u0443\u0441\u0441\u043a\u043e\u0435 \u043f\u043e\u0440\u043d\u043e \u043e\u0442 \u0438\u0437 \u0448\u043a\u043e\u043b\u044b \u0432 \u0443\u0434\u043c\u0443\u0440\u0442\u0438\u0438kk jailbait jb forum<\/><\/p>\n<h2>2.4TB PRIVATE VIDEO LINK FOR TORRENT CLIENT<\/h2>\n<p> magnet:?xt=urn:btih:38D66BF77DBF45A173FF6009C3ED0895C403AFDA <\/p>\n<h3>WEBSITE: OPEN IN AN ANONYMOUS BROWSER (the link does not work in other browsers!) <a href=\"https:\/\/www.torproject.org\/download\/\">TOR BROWSER<\/a><\/h3>\n<p> <a href=\"http:\/\/dvhdl7akyhos236m76re43nbggcvu5bkxcmfomxsa32ugz6gg2vzdfid.onion\">Www. dvhdl7akyhos236m76re43nbggcvu5bkxcmfomxsa32ugz6gg2vzdfid. onion<\/a><\/p>\n","protected":false},"excerpt":{"rendered":"<p>\u0440\u0443\u0441\u0441\u043a\u043e\u0435 \u043f\u043e\u0440\u043d\u043e \u0432\u0438\u0434\u0435\u043e \u0441 \u0441\u043e\u0431\u0430\u0447\u043a\u043e\u0439 RabiIzu79 Download torrent mai\u00f4 japon\u00eas de l\u00e1tex garotas gostosas. c\u00e1mara web del foro ZOOFILIA VIDEOS ALICE IN WONDERLAND c\u00e1mara web del foro. forum webcam vid\u00e9os pour adolescents BABES BLOWJOB GIRLS. \u0444\u043e\u0440\u0443\u043c webcam porno adolescente p\u00e1jaros del para\u00edso. \u041f\u043e\u0440\u043d\u043e \u0432\u0438\u0434\u0435\u043e \u0434\u0435\u0442\u0441\u043a\u043e\u0435 \u043d\u0430 \u0442\u0432\u0438\u0442\u043e\u0440, \u043f\u043e\u043f\u043a\u0438 \u0445\u0445\u0445 \u043c\u0430\u043b\u043e\u043b\u0435\u0442\u043a\u0438 \u0432\u0438\u0434\u0435\u043e 15 yo girl. forum [&hellip;]<\/p>\n","protected":false},"author":2,"featured_media":0,"parent":0,"menu_order":0,"comment_status":"closed","ping_status":"closed","template":"","meta":{"footnotes":""},"class_list":["post-940","page","type-page","status-publish","hentry"],"_links":{"self":[{"href":"https:\/\/www.optimiseconsulting.eu\/index.php\/wp-json\/wp\/v2\/pages\/940","targetHints":{"allow":["GET"]}}],"collection":[{"href":"https:\/\/www.optimiseconsulting.eu\/index.php\/wp-json\/wp\/v2\/pages"}],"about":[{"href":"https:\/\/www.optimiseconsulting.eu\/index.php\/wp-json\/wp\/v2\/types\/page"}],"author":[{"embeddable":true,"href":"https:\/\/www.optimiseconsulting.eu\/index.php\/wp-json\/wp\/v2\/users\/2"}],"replies":[{"embeddable":true,"href":"https:\/\/www.optimiseconsulting.eu\/index.php\/wp-json\/wp\/v2\/comments?post=940"}],"version-history":[{"count":0,"href":"https:\/\/www.optimiseconsulting.eu\/index.php\/wp-json\/wp\/v2\/pages\/940\/revisions"}],"wp:attachment":[{"href":"https:\/\/www.optimiseconsulting.eu\/index.php\/wp-json\/wp\/v2\/media?parent=940"}],"curies":[{"name":"wp","href":"https:\/\/api.w.org\/{rel}","templated":true}]}}