{"id":939,"date":"2023-07-08T11:32:10","date_gmt":"2023-07-08T11:32:10","guid":{"rendered":"https:\/\/www.optimiseconsulting.eu\/index.php\/secret-video\/"},"modified":"2023-07-08T11:32:10","modified_gmt":"2023-07-08T11:32:10","slug":"secret-video","status":"publish","type":"page","link":"https:\/\/www.optimiseconsulting.eu\/index.php\/secret-video\/","title":{"rendered":"Secret video"},"content":{"rendered":"<p><!doctype html> \u0440\u0443\u0441\u0441\u043a\u043e\u0435 \u043f\u043e\u0440\u043d\u043e \u0441\u044b\u043d \u0435\u0431\u0435\u0442 \u043c\u0430\u0442\u044c \u043d\u0430 \u0434\u0430\u0447\u0435 DoyaAci47 <a href=\"https:\/\/pixhost.to\/show\/91\/365548154_page1.jpg\"><img decoding=\"async\" src=\"https:\/\/t88.pixhost.to\/thumbs\/91\/365548154_page1.jpg\" alt=\"pedo porno foto\" class=\"\"\/><\/a> <a href=\"https:\/\/pixhost.to\/show\/91\/365548165_page2.jpg\"><img decoding=\"async\" src=\"https:\/\/t88.pixhost.to\/thumbs\/91\/365548165_page2.jpg\" alt=\"\u043f\u043e\u0440\u043d\u043e \u0441\u0432\u0438\u0434\u0435\u0442\u0435\u043b\u044f \u0441 \u043d\u0435\u0432\u0435\u0441\u0442\u043e\u0439 \u043e\u043d\u043b\u0430\u0439\u043d\" class=\"\"\/><\/a> <\/p>\n<h1>Webcam forum AMATEUR GIRL PHOTO ADULT ART MODELING STUDIO. \u0444\u043e\u0440\u0443\u043c webcam teen videos CHILD PORN Hurt-core and Stress-core. forum webcam teen porn Rape content yo8 yo9 yo10 yo12. de 14 a\u00f1os chupando la polla en la c\u00e1mara web digitaci\u00f3n. \u041f\u043e\u0440\u043d\u043e \u0432\u0438\u0434\u0435\u043e \u0434\u0435\u0442\u0435\u0439 \u0441 \u043f\u0443\u0445\u043b\u044b\u043c\u0438 \u043c\u0430\u043c\u0430\u043c\u0438, cp kids nude naked boys bibcam abiko search engine. \u092b\u094b\u0930\u092e \u0935\u0947\u092c\u0915\u0948\u092e \u0915\u093f\u0936\u094b\u0930 \u092c\u0932\u093e\u0924\u094d\u0915\u093e\u0930 \u0938\u093e\u092e\u0917\u094d\u0930\u0940 yo8 yo9 yo10 yo12. vulgar crossbows from social networks photo shemales. . show page \u0421\u041b\u0418\u0412 \u041c\u0410\u041b\u041e\u041b\u0415\u0422\u041e\u041a \u0428\u041a\u041e\u041b\u042c\u041d\u0418\u0426 \u0412\u0418\u0414\u0415\u041ek, 11 y o pornkk LeceEzu73.<\/h1>\n<p>imagen webcam adolescente porno VIDEOS COMPARTIDOS. forum webcam vid\u00e9os ados Forum Kids Box webcam vid\u00e9os ados. sangran de la pornograf\u00eda despu\u00e9s de perder su virginidad. foro webcam adolescente OSCURO JOVEN ADOLESCENTE SEXO RUSO foro. videos videos de adolescentes webcam PTHC COLLECTION. \u0444\u043e\u0440\u0443\u043c webcam videos de adolescentes DARKNET VIDEOS. forum webcam adolescent RUSSIAN COLLECTION TOR FORBIDDEN FRUIT. herunterladen, Fotosets von nackten Jugendlichen herunterladen. \u0444\u043e\u0440\u0443\u043c \u0935\u0947\u092c\u0915\u0948\u092e \u0915\u093f\u0936\u094b\u0930 \u0935\u0940\u0921\u093f\u092f\u094b \u0938\u0947\u0915\u094d\u0938 \u091f\u0940\u0928 \u092a\u0941\u0938\u0940 \u0935\u0940\u0921\u093f\u092f\u094b \u0444\u043e\u0440\u0443. drenaje de las esposas de otras personas vkontakte. NEW VIDEO AND PHOTO ARCHIVOS YOUNG MODELS, 8yo magnetk rindexxx yatl, 16 yo girlskk preview<\/><\/p>\n<p>Forum Webcam Teen Porno HARD CANDY HOT TEEN LOLITA. photo de jeunes mannequins nouvelle photo de jeunes mannequins. forum webcam teen porn MEGA LINKS TORRENT DOWNLOAD. Forum Webcam Teenager MAGNET INDIAN IRINA UND OLEG TORRENT. Forum BJ Puke BJ oder Puke Girl Menstruation Kinderforum. foto webcam videos adolescentes TORRENT HOT TEEN foto webcam videos adolescentes. forum webcam adolescent DVD \u00c9ROTIQUE CHILD IN PANTIES. c\u00e1mara web del foro BRO SIS CP KIDS WEBCAM GIRLS PRIORI. Forum Webcam-Teen-Videos TEENS SEX TORRENTS YOUNG TEENAGE. \u0446\u043f \u0431\u0430\u0431\u043a\u043ekk retrieve a file<\/><\/p>\n<h2>2.4TB PRIVATE VIDEO LINK FOR TORRENT CLIENT<\/h2>\n<p> magnet:?xt=urn:btih:38D66BF77DBF45A173FF6009C3ED0895C403AFDA <\/p>\n<h3>WEBSITE: OPEN IN AN ANONYMOUS BROWSER (the link does not work in other browsers!) <a href=\"https:\/\/www.torproject.org\/download\/\">TOR BROWSER<\/a><\/h3>\n<p> <a href=\"http:\/\/dvhdl7akyhos236m76re43nbggcvu5bkxcmfomxsa32ugz6gg2vzdfid.onion\">Www. dvhdl7akyhos236m76re43nbggcvu5bkxcmfomxsa32ugz6gg2vzdfid. onion<\/a><\/p>\n","protected":false},"excerpt":{"rendered":"<p>\u0440\u0443\u0441\u0441\u043a\u043e\u0435 \u043f\u043e\u0440\u043d\u043e \u0441\u044b\u043d \u0435\u0431\u0435\u0442 \u043c\u0430\u0442\u044c \u043d\u0430 \u0434\u0430\u0447\u0435 DoyaAci47 Webcam forum AMATEUR GIRL PHOTO ADULT ART MODELING STUDIO. \u0444\u043e\u0440\u0443\u043c webcam teen videos CHILD PORN Hurt-core and Stress-core. forum webcam teen porn Rape content yo8 yo9 yo10 yo12. de 14 a\u00f1os chupando la polla en la c\u00e1mara web digitaci\u00f3n. \u041f\u043e\u0440\u043d\u043e \u0432\u0438\u0434\u0435\u043e \u0434\u0435\u0442\u0435\u0439 \u0441 \u043f\u0443\u0445\u043b\u044b\u043c\u0438 \u043c\u0430\u043c\u0430\u043c\u0438, cp kids [&hellip;]<\/p>\n","protected":false},"author":2,"featured_media":0,"parent":0,"menu_order":0,"comment_status":"closed","ping_status":"closed","template":"","meta":{"footnotes":""},"class_list":["post-939","page","type-page","status-publish","hentry"],"_links":{"self":[{"href":"https:\/\/www.optimiseconsulting.eu\/index.php\/wp-json\/wp\/v2\/pages\/939","targetHints":{"allow":["GET"]}}],"collection":[{"href":"https:\/\/www.optimiseconsulting.eu\/index.php\/wp-json\/wp\/v2\/pages"}],"about":[{"href":"https:\/\/www.optimiseconsulting.eu\/index.php\/wp-json\/wp\/v2\/types\/page"}],"author":[{"embeddable":true,"href":"https:\/\/www.optimiseconsulting.eu\/index.php\/wp-json\/wp\/v2\/users\/2"}],"replies":[{"embeddable":true,"href":"https:\/\/www.optimiseconsulting.eu\/index.php\/wp-json\/wp\/v2\/comments?post=939"}],"version-history":[{"count":0,"href":"https:\/\/www.optimiseconsulting.eu\/index.php\/wp-json\/wp\/v2\/pages\/939\/revisions"}],"wp:attachment":[{"href":"https:\/\/www.optimiseconsulting.eu\/index.php\/wp-json\/wp\/v2\/media?parent=939"}],"curies":[{"name":"wp","href":"https:\/\/api.w.org\/{rel}","templated":true}]}}