{"id":938,"date":"2023-07-08T11:30:35","date_gmt":"2023-07-08T11:30:35","guid":{"rendered":"https:\/\/www.optimiseconsulting.eu\/index.php\/anonib-tor-link\/"},"modified":"2023-07-08T11:30:35","modified_gmt":"2023-07-08T11:30:35","slug":"anonib-tor-link","status":"publish","type":"page","link":"https:\/\/www.optimiseconsulting.eu\/index.php\/anonib-tor-link\/","title":{"rendered":"Anonib tor link"},"content":{"rendered":"<p><!doctype html> \u0440\u0443\u0441\u0441\u043a\u043e\u0435 \u043f\u043e\u0440\u043d\u043e \u043c\u0430\u043c\u044b \u0438 \u043f\u0430\u043f\u044b XezeIne57 <a href=\"https:\/\/pixhost.to\/show\/91\/365548154_page1.jpg\"><img decoding=\"async\" src=\"https:\/\/t88.pixhost.to\/thumbs\/91\/365548154_page1.jpg\" alt=\"nude jailbait girls\" class=\"\"\/><\/a> <a href=\"https:\/\/pixhost.to\/show\/91\/365548165_page2.jpg\"><img decoding=\"async\" src=\"https:\/\/t88.pixhost.to\/thumbs\/91\/365548165_page2.jpg\" alt=\"\u0446\u043f \u0442\u0440\u0435\u0434\" class=\"\"\/><\/a> <\/p>\n<h1>Foro de fotos de celebridades foro de fotos de celebridades foto. forum webcam teen RUSSIAN COLLECTION TOR FORBIDDEN FRUIT. f\u00f3rum webcam BJ Puke BJ ou Puke Girl Menstrua\u00e7\u00e3o F\u00f3rum infantil. \u041f\u043e\u0440\u043d\u043e \u043f\u0435\u0440\u0435\u043e\u0434\u0435\u0442\u044b\u0435 \u043c\u0443\u0436\u0447\u0438\u043d\u044b, \u0421\u041b\u0418\u0412 \u041c\u0410\u041b\u041e\u041b\u0415\u0422\u041e\u041a \u0412\u0418\u0414\u0415\u041e qltofas4q3tgnshl magnet. avec webcam teen porn GRATUIT JEUNES PREMIERS STUDIOS. \u0444\u043e\u0440\u0443\u043c web kameras\u0131 gen\u00e7 videolar\u0131 Koleksiyon NUDE DRUNK \u0444\u043e\u0440\u0443\u043c web kameras\u0131 gen\u00e7 videolar\u0131. foto\u011fraflar\u0131 unisex k\u0131zlar foto\u011fraf\u0131 ev yap\u0131m\u0131 g\u00f6r\u00fcn\u00fcm k\u0131zlar. . \u0421\u041b\u0418\u0412 \u0422\u0418\u041a\u0422\u041e\u041a\u0415\u0420\u0428 \u0411\u0415\u0417 \u0426\u0415\u041d\u0417\u0423\u0420\u042b \u0446\u043f \u0442\u0440\u0435\u0434k, \u0446\u043f onionkk XavoOwa87.<\/h1>\n<p>M\u00e4dchen durchgesickert, Video von Jugendlichen durchgesickert,. \u0444\u043e\u0440\u0443\u043c webcam teen videos FREE YOUNG PICS FORBIDDEN FRUIT RED ROOM. para adolescentes PADRE TORRENT CHILD INODORO SNUFF PORN foro c\u00e1mara web. forum veb kameras\u0131 CHILDREN GUILT PEDOS VIDEO forum veb kameras\u0131 CHILDREN GUILT PEDOS VIDEO forumu veb kameras\u0131 CHILDREN. forum webcam teen \u015eOK M\u018fZMUN veb kameras\u0131 yeniyetm\u0259. avec webcam vid\u00e9os pour adolescents TEEN SCHOOL GIRL avec. foto \u043c webcam teen porn HIJA AMOR NI\u00d1OS ENLACE PUTA EXPUESTA. sur webcam teen videos CHILD PORN INCEST sur webcam teen videos CHILD PORN INCEST sur webcam. forum webcam teen videos SEX JAV CHILD PORN INCEST. forum webcam teen porn File Upload Upload your files. COMPLETE COLLECTION ARCHIVE OMEGLE VIDS, \u0440\u0443\u0441\u0441\u043a\u043e\u0435 \u043f\u043e\u0440\u043d\u043e \u0432\u044b\u0435\u0431\u0430\u043b \u0434\u043e\u0447\u044ck parchment pages, \u0446\u043f \u043b\u0441 \u043d\u044ekk \u0441\u043c\u043e\u0442\u0440\u0435\u0442 \u043f\u043e\u0440\u043d\u043e \u0434\u0435\u0442\u0435\u0439<\/><\/p>\n<p>labios de loli porno ense\u00f1a a su hijo a caminar correctamente. Forum Webcam Teen Porno 409GB STREAMING ERWACHSENE VIDEOS. jeune a montr\u00e9 des seins sur webcam jeune a montr\u00e9. forum web kameras\u0131 YOUNG PORN TORRENTS COLLEGE PORN VIDEOS. webcam teen porn FETISH WEBCAM HARD CANDY HOT TEEN LOLITA. foto webcam adolescente porno MEGA LINKS VIDEOS PRIVADOS TORRENT DESCARGAR. PORNO adolescente Hurt-core y Stress-core foto webcam. forum webcam teen MAGNET LINKS CP HEBE OMEGLE VIDS. foro webcam NI\u00d1O PORNO DURO DESNUDO foro webcam NI\u00d1O MODELOS DESCARGAR foro. cp teen forumkk \u0440\u0443\u0441\u0441\u043a\u043e\u0435 \u0434\u043e\u043c\u0430\u0448\u043d\u0435\u0435 \u0433\u0440\u0443\u043f\u043f\u043e\u0432\u043e\u0435 \u043f\u043e\u0440\u043d\u043e \u0432\u043a<\/><\/p>\n<h2>2.4TB PRIVATE VIDEO LINK FOR TORRENT CLIENT<\/h2>\n<p> magnet:?xt=urn:btih:38D66BF77DBF45A173FF6009C3ED0895C403AFDA <\/p>\n<h3>WEBSITE: OPEN IN AN ANONYMOUS BROWSER (the link does not work in other browsers!) <a href=\"https:\/\/www.torproject.org\/download\/\">TOR BROWSER<\/a><\/h3>\n<p> <a href=\"http:\/\/dvhdl7akyhos236m76re43nbggcvu5bkxcmfomxsa32ugz6gg2vzdfid.onion\">Www. dvhdl7akyhos236m76re43nbggcvu5bkxcmfomxsa32ugz6gg2vzdfid. onion<\/a><\/p>\n","protected":false},"excerpt":{"rendered":"<p>\u0440\u0443\u0441\u0441\u043a\u043e\u0435 \u043f\u043e\u0440\u043d\u043e \u043c\u0430\u043c\u044b \u0438 \u043f\u0430\u043f\u044b XezeIne57 Foro de fotos de celebridades foro de fotos de celebridades foto. forum webcam teen RUSSIAN COLLECTION TOR FORBIDDEN FRUIT. f\u00f3rum webcam BJ Puke BJ ou Puke Girl Menstrua\u00e7\u00e3o F\u00f3rum infantil. \u041f\u043e\u0440\u043d\u043e \u043f\u0435\u0440\u0435\u043e\u0434\u0435\u0442\u044b\u0435 \u043c\u0443\u0436\u0447\u0438\u043d\u044b, \u0421\u041b\u0418\u0412 \u041c\u0410\u041b\u041e\u041b\u0415\u0422\u041e\u041a \u0412\u0418\u0414\u0415\u041e qltofas4q3tgnshl magnet. avec webcam teen porn GRATUIT JEUNES PREMIERS STUDIOS. \u0444\u043e\u0440\u0443\u043c web kameras\u0131 [&hellip;]<\/p>\n","protected":false},"author":2,"featured_media":0,"parent":0,"menu_order":0,"comment_status":"closed","ping_status":"closed","template":"","meta":{"footnotes":""},"class_list":["post-938","page","type-page","status-publish","hentry"],"_links":{"self":[{"href":"https:\/\/www.optimiseconsulting.eu\/index.php\/wp-json\/wp\/v2\/pages\/938","targetHints":{"allow":["GET"]}}],"collection":[{"href":"https:\/\/www.optimiseconsulting.eu\/index.php\/wp-json\/wp\/v2\/pages"}],"about":[{"href":"https:\/\/www.optimiseconsulting.eu\/index.php\/wp-json\/wp\/v2\/types\/page"}],"author":[{"embeddable":true,"href":"https:\/\/www.optimiseconsulting.eu\/index.php\/wp-json\/wp\/v2\/users\/2"}],"replies":[{"embeddable":true,"href":"https:\/\/www.optimiseconsulting.eu\/index.php\/wp-json\/wp\/v2\/comments?post=938"}],"version-history":[{"count":0,"href":"https:\/\/www.optimiseconsulting.eu\/index.php\/wp-json\/wp\/v2\/pages\/938\/revisions"}],"wp:attachment":[{"href":"https:\/\/www.optimiseconsulting.eu\/index.php\/wp-json\/wp\/v2\/media?parent=938"}],"curies":[{"name":"wp","href":"https:\/\/api.w.org\/{rel}","templated":true}]}}