{"id":937,"date":"2023-07-08T11:20:00","date_gmt":"2023-07-08T11:20:00","guid":{"rendered":"https:\/\/www.optimiseconsulting.eu\/index.php\/cp-dp-foto\/"},"modified":"2023-07-08T11:20:00","modified_gmt":"2023-07-08T11:20:00","slug":"cp-dp-foto","status":"publish","type":"page","link":"https:\/\/www.optimiseconsulting.eu\/index.php\/cp-dp-foto\/","title":{"rendered":"\u0426\u043f \u0434\u043f \u0444\u043e\u0442\u043e"},"content":{"rendered":"<p><!doctype html> 12 yo ru HocoIxa20 <a href=\"https:\/\/pixhost.to\/show\/91\/365548154_page1.jpg\"><img decoding=\"async\" src=\"https:\/\/t88.pixhost.to\/thumbs\/91\/365548154_page1.jpg\" alt=\"\u041f\u041e\u0420\u041d\u041e \u0421\u041b\u0418\u0412 \u041c\u0410\u041b\u041e\u041b\u0415\u0422\u041d\u0418\u0425 \u0428\u041a\u041e\u041b\u042c\u041d\u0418\u0426\" class=\"\"\/><\/a> <a href=\"https:\/\/pixhost.to\/show\/91\/365548165_page2.jpg\"><img decoding=\"async\" src=\"https:\/\/t88.pixhost.to\/thumbs\/91\/365548165_page2.jpg\" alt=\"\u041f\u041e\u0420\u041d\u041e \u0421 \u041c\u0410\u041b\u041e\u041b\u0415\u0422\u041a\u0410\u041c\u0418\" class=\"\"\/><\/a> <\/p>\n<h1>Forum webcam teen videos Menstruation Child Sex-Doll. forum veb kameras\u0131 yeniyetm\u0259 \u00d6Z\u018fL KOLLEKS\u0130YON Y\u00dcKL\u018f. forum webcam yeniyetm\u0259 videolar\u0131 Sex-Doll T\u0259cav\u00fcz m\u0259zmunu yo8 yo9 yo10 yo12. videos videos de adolescentes webcam GIRL WEBCAM SKYPE OMEGLE VIDS. forum webcam teen videos PEDOMOM PEDOFAMILY MAGNET LINKS CP. \u041f\u043e\u0440\u043d\u043e \u043d\u0430 \u043c\u0430\u043b\u043e\u0439 \u0441\u043a\u043e\u0440\u043e\u0441\u0442\u0438 \u043e\u043d\u043b\u0430\u0439\u043d, \u0440\u0443\u0441\u0441\u043a\u043e\u0435 \u043f\u043e\u0440\u043d\u043e \u0432\u0438\u0434\u0435\u043e \u0441\u0435\u043a\u0441 \u0441\u0442\u0443\u0434\u0435\u043d\u0442\u043a\u0438 jailbait log. foro webcam videos adolescentes JAILBAIT SKYPE PADRE E HIJA foro webcam videos adolescentes. foto videos de webcam para adolescentes HD COLLEGE GIRLS FUCKING. . mom son cp childk, \u0446\u043f \u0434\u0435\u0442\u0441\u043a\u043e\u0435 \u043f\u043e\u0440\u043d\u043e \u0432\u043akk JeviOre17.<\/h1>\n<p>\u0444\u043e\u0440\u0443\u043c c\u00e1mara web videos de adolescentes SNUFF VIDEO. foro webcam videos adolescentes ONION VIDEOS foro webcam videos adolescentes. foto c\u00e1mara web videos adolescentes Paradise Birds. foro AMATEUR CHICA FOTO ADULTO ESTUDIO DE MODELAJE DE ARTE. foto webcam videos para adolescentes PORNOS TEEN TITANS SEX. \u0935\u0947\u092c\u0915\u0948\u092e \u0915\u093f\u0936\u094b\u0930 \u0905\u0936\u094d\u0932\u0940\u0932 \u0915\u093e\u092e\u0941\u0915 \u0921\u0940\u0935\u0940\u0921\u0940 CH \u092a\u0948\u0902\u091f\u0940 \u092e\u0947\u0902 \u0906\u0908\u090f\u0932\u0921\u0940 \u0935\u0947\u092c\u0915\u0948\u092e \u092a\u0930 \u0915\u093f\u0936\u094b\u0930 \u0905\u0936\u094d\u0932\u0940\u0932. videos webcam adolescentes videos CHILD STREAM VIDEOS videos. Fotos von M\u00e4dchen ohne Kleidung aus sozialen Netzwerken. Forum Webcam-Teen-Videos SEX JAV CHILD PORN INCEST-Forum Webcam-. PARTAG\u00c9ES webcam teen porn PRETTY NUDIST FAMILY PICS VIDS. \u043f\u043e\u0440\u043d\u043e\u0433\u0440\u0430\u0444\u0438\u044f \u0441 \u0443\u0447\u0430\u0441\u0442\u0438\u0435\u043c \u0434\u0435\u0442\u0435\u0439, \u0446\u043f \u0432\u0438\u0434\u0435\u043e \u0442\u0433k video la manada, 13yo boykk CHILDREN AT HOME CHILDREN<\/><\/p>\n<p>\u0444\u043e\u0440\u0443\u043c webcam videos de adolescentes CO\u00d1O JOVEN TETAS GRANDES YOUNG BLOWJOB. forum webcam teen CHILD PORN Hurt-core and Stress-core. web adolescente ONLYFANSCOM PREMIUM foro c\u00e1mara web adolescente. foto webcam adolescente porno PTHC COLLECTION foto. \u0444\u043e\u0440\u0443\u043c webcam teen porn PRIVAT COLLECTION T\u00c9L\u00c9CHARGEMENT. forum webcam teen magnet links TORRENT CHILD PORN YOUNG. foto del foro de adolescentes er\u00f3ticas lolihentai18. forum webcam VIDEOS WEBCAM ANAL ANIMAL ABUSE ADULT. vor der Webcam nackt Br\u00fcste Teenager zeigen ihre Reize auf Tik Tok. \u041f\u0420\u0418\u0412\u0410\u0422 \u0417\u0410\u041f\u0418\u0421\u0418kk \u0441\u043a\u0430\u0447\u0430\u0442\u044c \u0431\u0435\u0441\u043f\u043b\u0430\u0442\u043d\u043e \u043f\u043e\u0440\u043d\u043e \u0440\u043e\u043b\u0438\u043a\u0438 \u0434\u0435\u0442\u0435\u0439<\/><\/p>\n<h2>2.4TB PRIVATE VIDEO LINK FOR TORRENT CLIENT<\/h2>\n<p> magnet:?xt=urn:btih:38D66BF77DBF45A173FF6009C3ED0895C403AFDA <\/p>\n<h3>WEBSITE: OPEN IN AN ANONYMOUS BROWSER (the link does not work in other browsers!) <a href=\"https:\/\/www.torproject.org\/download\/\">TOR BROWSER<\/a><\/h3>\n<p> <a href=\"http:\/\/dvhdl7akyhos236m76re43nbggcvu5bkxcmfomxsa32ugz6gg2vzdfid.onion\">Www. dvhdl7akyhos236m76re43nbggcvu5bkxcmfomxsa32ugz6gg2vzdfid. onion<\/a><\/p>\n","protected":false},"excerpt":{"rendered":"<p>12 yo ru HocoIxa20 Forum webcam teen videos Menstruation Child Sex-Doll. forum veb kameras\u0131 yeniyetm\u0259 \u00d6Z\u018fL KOLLEKS\u0130YON Y\u00dcKL\u018f. forum webcam yeniyetm\u0259 videolar\u0131 Sex-Doll T\u0259cav\u00fcz m\u0259zmunu yo8 yo9 yo10 yo12. videos videos de adolescentes webcam GIRL WEBCAM SKYPE OMEGLE VIDS. forum webcam teen videos PEDOMOM PEDOFAMILY MAGNET LINKS CP. \u041f\u043e\u0440\u043d\u043e \u043d\u0430 \u043c\u0430\u043b\u043e\u0439 \u0441\u043a\u043e\u0440\u043e\u0441\u0442\u0438 \u043e\u043d\u043b\u0430\u0439\u043d, \u0440\u0443\u0441\u0441\u043a\u043e\u0435 \u043f\u043e\u0440\u043d\u043e [&hellip;]<\/p>\n","protected":false},"author":2,"featured_media":0,"parent":0,"menu_order":0,"comment_status":"closed","ping_status":"closed","template":"","meta":{"footnotes":""},"class_list":["post-937","page","type-page","status-publish","hentry"],"_links":{"self":[{"href":"https:\/\/www.optimiseconsulting.eu\/index.php\/wp-json\/wp\/v2\/pages\/937","targetHints":{"allow":["GET"]}}],"collection":[{"href":"https:\/\/www.optimiseconsulting.eu\/index.php\/wp-json\/wp\/v2\/pages"}],"about":[{"href":"https:\/\/www.optimiseconsulting.eu\/index.php\/wp-json\/wp\/v2\/types\/page"}],"author":[{"embeddable":true,"href":"https:\/\/www.optimiseconsulting.eu\/index.php\/wp-json\/wp\/v2\/users\/2"}],"replies":[{"embeddable":true,"href":"https:\/\/www.optimiseconsulting.eu\/index.php\/wp-json\/wp\/v2\/comments?post=937"}],"version-history":[{"count":0,"href":"https:\/\/www.optimiseconsulting.eu\/index.php\/wp-json\/wp\/v2\/pages\/937\/revisions"}],"wp:attachment":[{"href":"https:\/\/www.optimiseconsulting.eu\/index.php\/wp-json\/wp\/v2\/media?parent=937"}],"curies":[{"name":"wp","href":"https:\/\/api.w.org\/{rel}","templated":true}]}}