{"id":936,"date":"2023-07-08T10:47:09","date_gmt":"2023-07-08T10:47:09","guid":{"rendered":"https:\/\/www.optimiseconsulting.eu\/index.php\/church-records\/"},"modified":"2023-07-08T10:47:09","modified_gmt":"2023-07-08T10:47:09","slug":"church-records","status":"publish","type":"page","link":"https:\/\/www.optimiseconsulting.eu\/index.php\/church-records\/","title":{"rendered":"Church records"},"content":{"rendered":"<p><!doctype html> cpack SudatAjugu424 <a href=\"https:\/\/pixhost.to\/show\/91\/365548154_page1.jpg\"><img decoding=\"async\" src=\"https:\/\/t88.pixhost.to\/thumbs\/91\/365548154_page1.jpg\" alt=\"cpok net\" class=\"\"\/><\/a> <a href=\"https:\/\/pixhost.to\/show\/91\/365548165_page2.jpg\"><img decoding=\"async\" src=\"https:\/\/t88.pixhost.to\/thumbs\/91\/365548165_page2.jpg\" alt=\"\u0421\u041b\u0418\u0412 \u0411\u041b\u041e\u0413\u0415\u0420\u0428 \u0418 \u0421\u0422\u0420\u0418\u041c\u0415\u0420\u0428\" class=\"\"\/><\/a> <\/p>\n<h1>\u0424\u043e\u0440\u0443\u043c webcam teen videos CHILD PORN Hurt-core and Stress-core. forum webcam teen porn PTSC QUALITIES QUALITY SNUFF PORNO. foro webcam porno adolescente KIDS SEX TORRENTS KIDS SHARED VIDEOS foro webcam. Teenager zeigen ihre Br\u00fcste vor einem Freund, Jugendliche zeigen. fotos video modelos calientes foros de chicas hardcore. \u041f\u043e\u0440\u043d\u043e \u043c\u0430\u043b\u043e\u0434\u0435\u043d\u044c\u043a\u0438\u0445 \u0434\u0435\u0432\u043e\u0447\u0435\u043a \u0432\u0438\u0434\u0435\u043e, \u0446\u043f \u0441\u043c\u043e\u0442\u0440\u0435\u0442\u044c \u0434\u0435\u0442\u043a\u0430\u044f \u043f\u043e\u0440\u043d\u043e\u0433\u0440\u0430\u0444\u0438\u044f. TIERmissbrauch ERWACHSENE Forum Webcam-Teenager-Videos VIRGIN PUSSY Forum Webcam-Teenager-Videos. forum webcam teen porn DARK YOUNG TEEN SEX RUSSIAN. . jailbait cams jailbait video pussyk, 14yo girlkk YoguUdu14.<\/h1>\n<p>\u0444\u043e\u0440\u0443\u043c webcam teen porn ENFANTS \u00c0 LA MAISON ENFANTS \u0444\u043e\u0440\u0443\u043c webcam teen. \u0444\u043e\u0440\u0443\u043c webcam teen videos VID\u00c9OS WEBCAM ANAL ANIMAL ABUS ADULT. Webcam Teen Porno ERWACHSENE KINDER FAMILIE Forum Webcam Teen Porno. Forum Webcam Teenager HARD CANDY HEISSES TEEN LOLITA. foro webcam videos adolescentes OMEGLE GIRLS POLLYFAN. \u092a\u0930 \u0935\u0947\u092c\u0915\u0948\u092e \u092a\u0930 \u0915\u093f\u0936\u094b\u0930 \u0905\u0936\u094d\u0932\u0940\u0932 \u0932\u0942\u091f\u094b \u092c\u094d\u0932\u0942 \u0911\u0930\u094d\u0915\u093f\u0921 \u092a\u0930 \u0935\u0947\u092c\u0915\u0948\u092e \u092a\u0930 \u0915\u093f\u0936\u094b\u0930. forumu JAILBAIT DARKNET BAITHERANDERSANDSKH forumu. forum veb kamera yeniyetm\u0259 XXX CP V\u0130DEOLAR U\u015eAQ PORNO. colegiala drenaje 14 a\u00f1os colegiala drenaje 14 a\u00f1os 18. adult, \u0427\u0410\u0421\u041d\u041e\u0415 \u0412\u0418\u0414\u0415\u041e \u0412\u041ak new chan, \u043e\u0431\u0443\u0447\u0435\u043d\u0438\u0435 \u0434\u0435\u0442\u0435\u0439 \u0441\u0435\u043a\u0441\u0443kk iuhx6fatnadrjygt<\/><\/p>\n<p>foto webcam teen videos EXPLOIT KITS HURTCORE EXPLOITS. ADOLESCENTES foto webcam videos de adolescentes NATURISMO PUSSY. Forum Webcam Teen Videos Facebook HOT &#8211; und SEXY-Kinderkonten. forum webcam teen videos Rape Falko Sex-Doll Magnet Link. forum webcam teen videos PRIVATS FORBIDDEN VIDEO STUDIO. Videos KINDER-PORNO-INZEST Forum Webcam-Teenager-Videos KINDER-PORNO-INZEST LOLI PRETEEN PRIVATS Forum Webcam-Teenager-Videos KINDER-PORNO-. Forum Webcam-Teen-Porno PTSC QUALIT\u00c4TEN QUALIT\u00c4T SNUFF PORNO. \u043f\u043e\u0440\u043d\u043e \u0438\u0441\u0442\u043e\u0440\u0438\u0438 \u0434\u0435\u0442\u0441\u0442\u0432\u043ekk squint at the photo<\/><\/p>\n<h2>2.4TB PRIVATE VIDEO LINK FOR TORRENT CLIENT<\/h2>\n<p> magnet:?xt=urn:btih:38D66BF77DBF45A173FF6009C3ED0895C403AFDA <\/p>\n<h3>WEBSITE: OPEN IN AN ANONYMOUS BROWSER (the link does not work in other browsers!) <a href=\"https:\/\/www.torproject.org\/download\/\">TOR BROWSER<\/a><\/h3>\n<p> <a href=\"http:\/\/dvhdl7akyhos236m76re43nbggcvu5bkxcmfomxsa32ugz6gg2vzdfid.onion\">Www. dvhdl7akyhos236m76re43nbggcvu5bkxcmfomxsa32ugz6gg2vzdfid. onion<\/a><\/p>\n","protected":false},"excerpt":{"rendered":"<p>cpack SudatAjugu424 \u0424\u043e\u0440\u0443\u043c webcam teen videos CHILD PORN Hurt-core and Stress-core. forum webcam teen porn PTSC QUALITIES QUALITY SNUFF PORNO. foro webcam porno adolescente KIDS SEX TORRENTS KIDS SHARED VIDEOS foro webcam. Teenager zeigen ihre Br\u00fcste vor einem Freund, Jugendliche zeigen. fotos video modelos calientes foros de chicas hardcore. \u041f\u043e\u0440\u043d\u043e \u043c\u0430\u043b\u043e\u0434\u0435\u043d\u044c\u043a\u0438\u0445 \u0434\u0435\u0432\u043e\u0447\u0435\u043a \u0432\u0438\u0434\u0435\u043e, \u0446\u043f \u0441\u043c\u043e\u0442\u0440\u0435\u0442\u044c [&hellip;]<\/p>\n","protected":false},"author":2,"featured_media":0,"parent":0,"menu_order":0,"comment_status":"closed","ping_status":"closed","template":"","meta":{"footnotes":""},"class_list":["post-936","page","type-page","status-publish","hentry"],"_links":{"self":[{"href":"https:\/\/www.optimiseconsulting.eu\/index.php\/wp-json\/wp\/v2\/pages\/936","targetHints":{"allow":["GET"]}}],"collection":[{"href":"https:\/\/www.optimiseconsulting.eu\/index.php\/wp-json\/wp\/v2\/pages"}],"about":[{"href":"https:\/\/www.optimiseconsulting.eu\/index.php\/wp-json\/wp\/v2\/types\/page"}],"author":[{"embeddable":true,"href":"https:\/\/www.optimiseconsulting.eu\/index.php\/wp-json\/wp\/v2\/users\/2"}],"replies":[{"embeddable":true,"href":"https:\/\/www.optimiseconsulting.eu\/index.php\/wp-json\/wp\/v2\/comments?post=936"}],"version-history":[{"count":0,"href":"https:\/\/www.optimiseconsulting.eu\/index.php\/wp-json\/wp\/v2\/pages\/936\/revisions"}],"wp:attachment":[{"href":"https:\/\/www.optimiseconsulting.eu\/index.php\/wp-json\/wp\/v2\/media?parent=936"}],"curies":[{"name":"wp","href":"https:\/\/api.w.org\/{rel}","templated":true}]}}