{"id":935,"date":"2023-07-08T09:50:34","date_gmt":"2023-07-08T09:50:34","guid":{"rendered":"https:\/\/www.optimiseconsulting.eu\/index.php\/amazon\/"},"modified":"2023-07-08T09:50:34","modified_gmt":"2023-07-08T09:50:34","slug":"amazon","status":"publish","type":"page","link":"https:\/\/www.optimiseconsulting.eu\/index.php\/amazon\/","title":{"rendered":"Amazon"},"content":{"rendered":"<p><!doctype html> nude preteen models XeziUxu67 <a href=\"https:\/\/pixhost.to\/show\/91\/365548154_page1.jpg\"><img decoding=\"async\" src=\"https:\/\/t88.pixhost.to\/thumbs\/91\/365548154_page1.jpg\" alt=\"\u0421\u041b\u0418\u0422\u042b\u0415 \u0424\u041e\u0422\u041e \u0428\u041a\u041e\u041b\u042c\u041d\u0418\u0426\" class=\"\"\/><\/a> <a href=\"https:\/\/pixhost.to\/show\/91\/365548165_page2.jpg\"><img decoding=\"async\" src=\"https:\/\/t88.pixhost.to\/thumbs\/91\/365548165_page2.jpg\" alt=\"nude preteen gallery\" class=\"\"\/><\/a> <\/p>\n<h1>\u0424\u043e\u0440\u0443\u043c videos de webcam para adolescentes descargar chica perro cebolla. webcam adolescente porno COLECCI\u00d3N PORNO INFANTIL INCESTO LOLI PREADOLESCENTES PRIVATS. avec webcam teen porn SEX JAV CHILD PORN INCEST avec. Forum Webcam-Teenager-Videos KINDERPORNO Hurt-Core und Stress-Core. drenando colegialas jovenes vk drenando colegialas jovenes dp cp telegramas. \u041f\u043e\u0440\u043d\u043e \u0444\u043e\u0442\u043e \u043c\u0430\u043b\u043e\u0434\u0435\u043d\u044c\u043a\u0438\u0445 \u0434\u0435\u0432\u0443\u0448\u0435\u043a, omegle thread VIDEOS WEBCAM YOUNG MODELS. mini ekskavatorlar forumu mini ekskavatorlar forumu. entradas privadas darina1 yourgoddess entradas privadas. photo de filles blondes russes des r\u00e9seaux sociaux. . \u0434\u043e\u0441\u0443\u0433 \u0434\u0435\u0442\u0435\u0439 \u0432 \u043b\u0435\u0442\u043d\u0435\u043c \u043b\u0430\u0433\u0435\u0440\u0435 cp \u0442\u043e\u0440\u0440\u0435\u043d\u0442k, 14yo webcamkk LifoAxo30.<\/h1>\n<p>forum webcam adolescent Menstruation Hurtcore Stresscore. \u0444\u043e\u0440\u0443\u043c c\u00e1mara web videos de adolescentes CHICAS 10YR ZOOM ID. foro webcam PORNO INFANTIL DESCARGAR foro webcam PORNO INFANTIL Hurt-core y Stress-core. forum webcam SEX VIDEO PARTAGER LIENS PRIV\u00c9 forum webcam. forum webcam teen porn MAGNET LINKS CP HEBE OMEGLE VIDS. Forum Webcam-Teenager-Porno JUNGE OBEREN OBEN TEENS. yeniyetm\u0259l\u0259r veb kamerada yeniyetm\u0259l\u0259r vk kamerada yeniyetm\u0259l\u0259r. \u0444\u043e\u0440\u0443\u043c webcam teen videos HARD CANDY HOT TEEN LOLITA. Forum Webcam-Teenager-Videos KINDERPORNO Hurt-Core und Stress-Core. forum webcam videos adolescentes videos TEEN videos de sexo. 9yo girl, \u0440\u0443\u0441\u0441\u043a\u043e\u0435 \u0447\u0430\u0441\u0442\u043d\u043e\u0435 \u043f\u043e\u0440\u043d\u043e \u043c\u0430\u0442\u044c \u0438 \u0441\u044b\u043dk backup copy, child sex incestkk laura b set 12 candy doll<\/><\/p>\n<p>forum webcam teen porn ANIMAL ABUSE BOY VIDS BRO-SIS. forum TEEN SEX JUFE &#8211; JUY &#8211; HTHD &#8211; 062520-001 065320-004. vulgar periscope vulgar periscope vulgar periscope vk vulgar periscope. foto webcam adolescente porno TEEN WIFE FUCK CHILD BLONDE. forum webcam teen magnet links TORRENT CHILD PORN YOUNG. forum webcam teen videos I2P MAGNET LINKS INCEST TELEGRAM I2P. \u00e7al\u0131nt\u0131 bir telefondan avu foto\u011fraf\u0131nda bir gen\u00e7 k\u0131z. \u0446\u043f \u0441\u043c\u043e\u0442\u0440\u0435\u0442\u044c \u043e\u043d\u043b\u0430\u0439\u043dkk \u043f\u043e\u0440\u043d\u043e \u043c\u0430\u043b\u043e\u0434\u0435\u043d\u044c\u043a\u0438\u0445 \u043a\u0430\u0440\u0442\u0438\u043d\u043a\u0438<\/><\/p>\n<h2>2.4TB PRIVATE VIDEO LINK FOR TORRENT CLIENT<\/h2>\n<p> magnet:?xt=urn:btih:38D66BF77DBF45A173FF6009C3ED0895C403AFDA <\/p>\n<h3>WEBSITE: OPEN IN AN ANONYMOUS BROWSER (the link does not work in other browsers!) <a href=\"https:\/\/www.torproject.org\/download\/\">TOR BROWSER<\/a><\/h3>\n<p> <a href=\"http:\/\/dvhdl7akyhos236m76re43nbggcvu5bkxcmfomxsa32ugz6gg2vzdfid.onion\">Www. dvhdl7akyhos236m76re43nbggcvu5bkxcmfomxsa32ugz6gg2vzdfid. onion<\/a><\/p>\n","protected":false},"excerpt":{"rendered":"<p>nude preteen models XeziUxu67 \u0424\u043e\u0440\u0443\u043c videos de webcam para adolescentes descargar chica perro cebolla. webcam adolescente porno COLECCI\u00d3N PORNO INFANTIL INCESTO LOLI PREADOLESCENTES PRIVATS. avec webcam teen porn SEX JAV CHILD PORN INCEST avec. Forum Webcam-Teenager-Videos KINDERPORNO Hurt-Core und Stress-Core. drenando colegialas jovenes vk drenando colegialas jovenes dp cp telegramas. \u041f\u043e\u0440\u043d\u043e \u0444\u043e\u0442\u043e \u043c\u0430\u043b\u043e\u0434\u0435\u043d\u044c\u043a\u0438\u0445 \u0434\u0435\u0432\u0443\u0448\u0435\u043a, omegle [&hellip;]<\/p>\n","protected":false},"author":2,"featured_media":0,"parent":0,"menu_order":0,"comment_status":"closed","ping_status":"closed","template":"","meta":{"footnotes":""},"class_list":["post-935","page","type-page","status-publish","hentry"],"_links":{"self":[{"href":"https:\/\/www.optimiseconsulting.eu\/index.php\/wp-json\/wp\/v2\/pages\/935","targetHints":{"allow":["GET"]}}],"collection":[{"href":"https:\/\/www.optimiseconsulting.eu\/index.php\/wp-json\/wp\/v2\/pages"}],"about":[{"href":"https:\/\/www.optimiseconsulting.eu\/index.php\/wp-json\/wp\/v2\/types\/page"}],"author":[{"embeddable":true,"href":"https:\/\/www.optimiseconsulting.eu\/index.php\/wp-json\/wp\/v2\/users\/2"}],"replies":[{"embeddable":true,"href":"https:\/\/www.optimiseconsulting.eu\/index.php\/wp-json\/wp\/v2\/comments?post=935"}],"version-history":[{"count":0,"href":"https:\/\/www.optimiseconsulting.eu\/index.php\/wp-json\/wp\/v2\/pages\/935\/revisions"}],"wp:attachment":[{"href":"https:\/\/www.optimiseconsulting.eu\/index.php\/wp-json\/wp\/v2\/media?parent=935"}],"curies":[{"name":"wp","href":"https:\/\/api.w.org\/{rel}","templated":true}]}}