{"id":933,"date":"2023-07-08T09:36:17","date_gmt":"2023-07-08T09:36:17","guid":{"rendered":"https:\/\/www.optimiseconsulting.eu\/index.php\/teen-big-tits\/"},"modified":"2023-07-08T09:36:17","modified_gmt":"2023-07-08T09:36:17","slug":"teen-big-tits","status":"publish","type":"page","link":"https:\/\/www.optimiseconsulting.eu\/index.php\/teen-big-tits\/","title":{"rendered":"Teen big tits"},"content":{"rendered":"<p><!doctype html> \u0446\u043f \u0432 \u043b\u0441 \u0431\u0435\u0441\u043f\u043b\u0430\u0442\u043d\u043e ReduOta65 <a href=\"https:\/\/pixhost.to\/show\/91\/365548154_page1.jpg\"><img decoding=\"async\" src=\"https:\/\/t88.pixhost.to\/thumbs\/91\/365548154_page1.jpg\" alt=\"\u0440\u0443\u0441\u0441\u043a\u043e\u0435 \u043f\u043e\u0440\u043d\u043e \u043f\u0430\u043f\u0430 \u0438 \u0441\u044b\u043d\" class=\"\"\/><\/a> <a href=\"https:\/\/pixhost.to\/show\/91\/365548165_page2.jpg\"><img decoding=\"async\" src=\"https:\/\/t88.pixhost.to\/thumbs\/91\/365548165_page2.jpg\" alt=\"\u043f\u043e\u043f\u043a\u0438 \u0440\u0430\u043a\u043e\u043c \u0433\u0438\u0444\u043a\u0438\" class=\"\"\/><\/a> <\/p>\n<h1>Forum Webcam Teen BABY HEART CHAT ROOMS DARK WEBSITES. photo d&#8217;une fille dans la nature en \u00e9t\u00e9 nue photo d&#8217;. forum webcam teen videos CP LINKS INCEST LOLI PRETEEN KIDS. descargue la foto de ni\u00f1os desnudos a trav\u00e9s de torrent. \u041f\u043e\u0440\u043d\u043e \u0444\u043e\u0442\u043e \u0434\u0435\u0442\u0435\u0439 14, ls magazine \u0421\u041a\u0410\u0427\u0410\u0422\u042c \u0414\u0415\u0422\u0421\u041a\u041e\u0415 \u041f\u041e\u0420\u041d\u041e. fotos videos de adolescentes webcam TELEGRAM CHANNEL TEEMODEL fotos videos de adolescentes webcam. CHILD STREAMING foro webcam adolescente CHILD STREAMING. sur webcam teen porn ABUS ENFANTS ET FAMILLE VIDEOS. . cp pedo orgasm \u0440\u0443\u0441\u0441\u043a\u043e\u0435 \u043f\u043e\u0440\u043d\u043e \u0432 \u0442\u0435\u043b\u0435\u0433\u0440\u0430\u043c\u0435k, 15yo pthckk KisagAwagu797.<\/h1>\n<p>forum TEEN SEX JUFE &#8211; JUY &#8211; HTHD &#8211; 062520-001 065320-004. vulg\u00e4re Armbr\u00fcste aus sozialen Netzwerken, Fototrances,. photo de jeunes baisant pour la premi\u00e8re fois photo de chatte. foro webcam porno adolescente MAGNET LINKS CP HEBE OMEGLE VIDS. \u0935\u0947\u092c\u0915\u0948\u092e \u0915\u093f\u0936\u094b\u0930 \u0905\u0936\u094d\u0932\u0940\u0932 \u0915\u093e\u092e\u0941\u0915 \u0921\u0940\u0935\u0940\u0921\u0940 CH \u092a\u0948\u0902\u091f\u0940 \u092e\u0947\u0902 \u0906\u0908\u090f\u0932\u0921\u0940 \u0935\u0947\u092c\u0915\u0948\u092e \u092a\u0930 \u0915\u093f\u0936\u094b\u0930 \u0905\u0936\u094d\u0932\u0940\u0932. videos webcam adolescentes videos CHILD SEX TORRENTS. foto webcam teen videos GIRLS PRIORI HARD CANDY YOUNG TEEN SEX VIDEOS. forum webcam teen videos RUSSIAN COLLECTION TOR FORBIDDEN FRUIT. draining schoolchildren 14 years old uncensored periscope. foro webcam TORRENT DESCARGAR ADOLESCENTES SEXO foro. rindexx onion link, \u0440\u0443\u0441\u0441\u043a\u043e\u0435 \u043f\u043e\u0440\u043d\u043e \u043c\u0430\u043c\u044b \u0438 \u043f\u0430\u043f\u044bk child pussy 13 yo nudism, \u0446\u043f \u0430\u0431\u0431\u0440\u0435\u0432\u0438\u0430\u0442\u0443\u0440\u0430kk \u0440\u043e\u0434\u0438\u0442\u0435\u043b\u0438 \u0443\u0447\u0430\u0442 \u0434\u0435\u0442\u0435\u0439 \u0437\u0430\u043d\u0438\u043c\u0430\u0442\u044c\u0441 \u0441\u0435\u043a\u0441\u043e\u043c<\/><\/p>\n<p>Forum Webcam Teen Videos KINDER PERS\u00d6NLICHES VIDEO. \u0444\u043e\u0440\u0443\u043c webcam porno adolescente NUDIST NATURISM PUSSY VK RU ANAL. Forum Webcam Teen Porno AMATEUR M\u00c4DCHEN FOTO ERWACHSENE ART MODELING STUDIO. foro webcam adolescente PREADOLESCENTES PRIVADOS foro webcam. forum webcam teen File sharing share files file downloads. \u0444\u043e\u0440\u0443\u043c \u0935\u0947\u092c\u0915\u0948\u092e \u0915\u093f\u0936\u094b\u0930 \u0905\u0936\u094d\u0932\u0940\u0932 PEDOMOM PEDOFAMILY MAGNET LINKS CP. \u0444\u043e\u0440\u0443\u043c \u0935\u0947\u092c\u0915\u0948\u092e \u0915\u093f\u0936\u094b\u0930 \u0905\u0936\u094d\u0932\u0940\u0932 \u0921\u093e\u0909\u0928\u0932\u094b\u0921 \u092c\u093e\u0932 \u0905\u0936\u094d\u0932\u0940\u0932 \u0905\u0928\u093e\u091a\u093e\u0930. the youngster undressed to the goal in the periscope. \u0417\u0410\u041f\u0420\u0415\u0429\u0415\u041d\u041d\u041e\u0415 \u041f\u041e\u0420\u041d\u041e \u0412\u0418\u0414\u0415\u041ekk 14 years old girl pussy<\/><\/p>\n<h2>2.4TB PRIVATE VIDEO LINK FOR TORRENT CLIENT<\/h2>\n<p> magnet:?xt=urn:btih:38D66BF77DBF45A173FF6009C3ED0895C403AFDA <\/p>\n<h3>WEBSITE: OPEN IN AN ANONYMOUS BROWSER (the link does not work in other browsers!) <a href=\"https:\/\/www.torproject.org\/download\/\">TOR BROWSER<\/a><\/h3>\n<p> <a href=\"http:\/\/dvhdl7akyhos236m76re43nbggcvu5bkxcmfomxsa32ugz6gg2vzdfid.onion\">Www. dvhdl7akyhos236m76re43nbggcvu5bkxcmfomxsa32ugz6gg2vzdfid. onion<\/a><\/p>\n","protected":false},"excerpt":{"rendered":"<p>\u0446\u043f \u0432 \u043b\u0441 \u0431\u0435\u0441\u043f\u043b\u0430\u0442\u043d\u043e ReduOta65 Forum Webcam Teen BABY HEART CHAT ROOMS DARK WEBSITES. photo d&#8217;une fille dans la nature en \u00e9t\u00e9 nue photo d&#8217;. forum webcam teen videos CP LINKS INCEST LOLI PRETEEN KIDS. descargue la foto de ni\u00f1os desnudos a trav\u00e9s de torrent. \u041f\u043e\u0440\u043d\u043e \u0444\u043e\u0442\u043e \u0434\u0435\u0442\u0435\u0439 14, ls magazine \u0421\u041a\u0410\u0427\u0410\u0422\u042c \u0414\u0415\u0422\u0421\u041a\u041e\u0415 \u041f\u041e\u0420\u041d\u041e. fotos [&hellip;]<\/p>\n","protected":false},"author":2,"featured_media":0,"parent":0,"menu_order":0,"comment_status":"closed","ping_status":"closed","template":"","meta":{"footnotes":""},"class_list":["post-933","page","type-page","status-publish","hentry"],"_links":{"self":[{"href":"https:\/\/www.optimiseconsulting.eu\/index.php\/wp-json\/wp\/v2\/pages\/933","targetHints":{"allow":["GET"]}}],"collection":[{"href":"https:\/\/www.optimiseconsulting.eu\/index.php\/wp-json\/wp\/v2\/pages"}],"about":[{"href":"https:\/\/www.optimiseconsulting.eu\/index.php\/wp-json\/wp\/v2\/types\/page"}],"author":[{"embeddable":true,"href":"https:\/\/www.optimiseconsulting.eu\/index.php\/wp-json\/wp\/v2\/users\/2"}],"replies":[{"embeddable":true,"href":"https:\/\/www.optimiseconsulting.eu\/index.php\/wp-json\/wp\/v2\/comments?post=933"}],"version-history":[{"count":0,"href":"https:\/\/www.optimiseconsulting.eu\/index.php\/wp-json\/wp\/v2\/pages\/933\/revisions"}],"wp:attachment":[{"href":"https:\/\/www.optimiseconsulting.eu\/index.php\/wp-json\/wp\/v2\/media?parent=933"}],"curies":[{"name":"wp","href":"https:\/\/api.w.org\/{rel}","templated":true}]}}