{"id":932,"date":"2023-07-08T09:06:59","date_gmt":"2023-07-08T09:06:59","guid":{"rendered":"https:\/\/www.optimiseconsulting.eu\/index.php\/laura-b-set-12\/"},"modified":"2023-07-08T09:06:59","modified_gmt":"2023-07-08T09:06:59","slug":"laura-b-set-12","status":"publish","type":"page","link":"https:\/\/www.optimiseconsulting.eu\/index.php\/laura-b-set-12\/","title":{"rendered":"Laura b set 12"},"content":{"rendered":"<p><!doctype html> \u0440\u0443\u0441\u0441\u043a\u043e\u0435 \u043a\u0438\u043d\u043e \u043b\u043e\u043b\u0438\u0442\u0430 \u0441\u0435\u043a\u0441 \u043f\u043e\u0440\u043d\u043e RuweIho31 <a href=\"https:\/\/pixhost.to\/show\/91\/365548154_page1.jpg\"><img decoding=\"async\" src=\"https:\/\/t88.pixhost.to\/thumbs\/91\/365548154_page1.jpg\" alt=\"\u041f\u0420\u0418\u0412\u0410\u0422 \u0427\u0410\u0422 \u0417\u0410\u041f\u0418\u0421\u0418\" class=\"\"\/><\/a> <a href=\"https:\/\/pixhost.to\/show\/91\/365548165_page2.jpg\"><img decoding=\"async\" src=\"https:\/\/t88.pixhost.to\/thumbs\/91\/365548165_page2.jpg\" alt=\"\u043f\u043e\u0440\u043d\u043e \u0440\u043e\u043b\u0438\u043a\u0438 \u0434\u0435\u0442\u0435\u0439 \u0431\u0435\u0437 \u0441\u043c\u0441\" class=\"\"\/><\/a> <\/p>\n<h1>Entleerung von Bibern 18 unzensiert Entleerung von. imagen webcam porno adolescente SCHOOLGIRLPORN EROTIC. regarder du porno pour le sexe gratuit de les enfants. c\u00e1mara web del foro GIRLS PRIORI HARD CANDY YOUNG TEEN SEX VIDEOS c\u00e1mara web del foro. webcam MODELOS NI\u00d1O Y CHICA BESTIALIDAD SEXO DE PERROS. \u041f\u043e\u0440\u043d\u043e \u0434\u0435\u0442\u043a\u0438 \u0431\u0435\u0441\u043f\u043b\u0430\u0442\u043d\u043e \u0444\u043e\u0442\u043e, \u0446\u043f \u0444\u043e\u0442\u043e\u0430\u0440\u0445\u0438\u0432 notebook pages. Tropical Cuties forum web kamera yeniyetm\u0259 V\u0130DEO TORRENT Y\u00dcKL\u018f. forumu veb kameras\u0131 CHILDS POWER TOILET forumu veb kameras\u0131 CHILDS PAYYE forumu veb kameras\u0131 CHILDS PAYYE forumu veb kameras\u0131 CHILDS. ciruelas de escolares 14 a\u00f1os de telegramas sin censura ciruelas de. . young pre teen kiddie porn linksk, \u0446\u043f \u0445\u043e\u0440\u043e\u0448\u0438\u0439kk CuriEdu51.<\/h1>\n<p>avec webcam teen porn SCHOOLGIRL VIDEO CHILD avec webcam teen porn. c\u00e1mara web del foro CUTIES KIDS c\u00e1mara web del foro. forum webcam teen BRO SIS CP KIDS WEBCAM GIRLS PRIORI. forum webcam adolescent ENFANT HARDCORE PORN NAKED. Pornofotos von schwulen Kindern Pornofotos von schwulen Kindern. foro webcam adolescente SEXO VIDEO COMPARTIR ENLACES PRIVADO. forum webcam adolescent RUSSIAN COLLECTION TOR FORBIDDEN FRUIT. webcam teen porno ZOOFILIA VIDEOS ALICE AU PAYS DES MERVEILLES avec webcam. webcam adolescente JAILBAIT SKYPE PADRE E HIJA foro webcam adolescente. Forum Webcam Teenager LS MODELS LOLI LUST Forum Webcam Teenager. adolescente Violaci\u00f3n Falko Sex-Doll foro Magnet Link. teen babe, \u0440\u0443\u0441\u0441\u043a\u043e\u0435 \u0434\u043f \u043f\u043e\u0440\u043d\u043e \u0441\u043c\u043e\u0442\u0440\u0435\u0442\u044ck \u0440\u0443\u0441\u0441\u043a\u043e\u0435 \u043f\u043e\u0440\u043d\u043e \u0442\u0435\u0442\u044f \u043a\u0440\u0438\u0441\u0442\u0438\u043d\u0430, \u0444\u043e\u0442\u043e\u0433\u0430\u043b\u0435\u0440\u0435\u044f \u043f\u043e\u0440\u043d\u043e \u0434\u0435\u0442\u0435\u0439kk jailbait nude webcam<\/><\/p>\n<p>\u0444\u043e\u0440\u0443\u043c webcam teen videos TEENS CHILD PORNO MY PRIVATS. forum webcam teen porn RAPES BROTHER SISTER SCHOOLGIRL. foro webcam adolescente porno 409GB SEXO ADOLESCENTE ADOLESCENTES. foro c\u00e1mara web adolescente HARD CANDY HOT TEEN LOLITA. foro webcam adolescente CHILD VIDEOS foro webcam adolescente. Forum-Webcam-Videos f\u00fcr Teenager FUCKING VIRGIN PUSSY VIDEOS. \u0444\u043e\u0440\u0443\u043c \u0935\u0947\u092c\u0915\u0948\u092e \u0915\u093f\u0936\u094b\u0930 \u0935\u0940\u0921\u093f\u092f\u094b \u0938\u0947\u0915\u094d\u0938 \u0921\u0940\u0935\u0940\u0921\u0940 \u0444\u043e\u0440\u0443\u043c \u0935\u0947\u092c\u0915\u0948\u092e \u0915\u093f\u0936\u094b\u0930 \u0935\u0940\u0921\u093f\u092f\u094b. Lied herunterladen Ten Paint Me Naked Lied herunterladen. \u0446\u043f \u0440\u0443\u0441\u0441\u043a\u043e\u0435kk jailbait asian<\/><\/p>\n<h2>2.4TB PRIVATE VIDEO LINK FOR TORRENT CLIENT<\/h2>\n<p> magnet:?xt=urn:btih:38D66BF77DBF45A173FF6009C3ED0895C403AFDA <\/p>\n<h3>WEBSITE: OPEN IN AN ANONYMOUS BROWSER (the link does not work in other browsers!) <a href=\"https:\/\/www.torproject.org\/download\/\">TOR BROWSER<\/a><\/h3>\n<p> <a href=\"http:\/\/dvhdl7akyhos236m76re43nbggcvu5bkxcmfomxsa32ugz6gg2vzdfid.onion\">Www. dvhdl7akyhos236m76re43nbggcvu5bkxcmfomxsa32ugz6gg2vzdfid. onion<\/a><\/p>\n","protected":false},"excerpt":{"rendered":"<p>\u0440\u0443\u0441\u0441\u043a\u043e\u0435 \u043a\u0438\u043d\u043e \u043b\u043e\u043b\u0438\u0442\u0430 \u0441\u0435\u043a\u0441 \u043f\u043e\u0440\u043d\u043e RuweIho31 Entleerung von Bibern 18 unzensiert Entleerung von. imagen webcam porno adolescente SCHOOLGIRLPORN EROTIC. regarder du porno pour le sexe gratuit de les enfants. c\u00e1mara web del foro GIRLS PRIORI HARD CANDY YOUNG TEEN SEX VIDEOS c\u00e1mara web del foro. webcam MODELOS NI\u00d1O Y CHICA BESTIALIDAD SEXO DE PERROS. \u041f\u043e\u0440\u043d\u043e [&hellip;]<\/p>\n","protected":false},"author":2,"featured_media":0,"parent":0,"menu_order":0,"comment_status":"closed","ping_status":"closed","template":"","meta":{"footnotes":""},"class_list":["post-932","page","type-page","status-publish","hentry"],"_links":{"self":[{"href":"https:\/\/www.optimiseconsulting.eu\/index.php\/wp-json\/wp\/v2\/pages\/932","targetHints":{"allow":["GET"]}}],"collection":[{"href":"https:\/\/www.optimiseconsulting.eu\/index.php\/wp-json\/wp\/v2\/pages"}],"about":[{"href":"https:\/\/www.optimiseconsulting.eu\/index.php\/wp-json\/wp\/v2\/types\/page"}],"author":[{"embeddable":true,"href":"https:\/\/www.optimiseconsulting.eu\/index.php\/wp-json\/wp\/v2\/users\/2"}],"replies":[{"embeddable":true,"href":"https:\/\/www.optimiseconsulting.eu\/index.php\/wp-json\/wp\/v2\/comments?post=932"}],"version-history":[{"count":0,"href":"https:\/\/www.optimiseconsulting.eu\/index.php\/wp-json\/wp\/v2\/pages\/932\/revisions"}],"wp:attachment":[{"href":"https:\/\/www.optimiseconsulting.eu\/index.php\/wp-json\/wp\/v2\/media?parent=932"}],"curies":[{"name":"wp","href":"https:\/\/api.w.org\/{rel}","templated":true}]}}