{"id":931,"date":"2023-07-08T08:54:43","date_gmt":"2023-07-08T08:54:43","guid":{"rendered":"https:\/\/www.optimiseconsulting.eu\/index.php\/cp-sleng\/"},"modified":"2023-07-08T08:54:43","modified_gmt":"2023-07-08T08:54:43","slug":"cp-sleng","status":"publish","type":"page","link":"https:\/\/www.optimiseconsulting.eu\/index.php\/cp-sleng\/","title":{"rendered":"\u0426\u043f \u0441\u043b\u0435\u043d\u0433"},"content":{"rendered":"<p><!doctype html> \u0446\u043f \u0441 \u043c\u0430\u0440\u0438\u044f \u0431\u043e\u0431\u043a\u043e VuxiAdu46 <a href=\"https:\/\/pixhost.to\/show\/91\/365548154_page1.jpg\"><img decoding=\"async\" src=\"https:\/\/t88.pixhost.to\/thumbs\/91\/365548154_page1.jpg\" alt=\"\u0446\u043f torrent\" class=\"\"\/><\/a> <a href=\"https:\/\/pixhost.to\/show\/91\/365548165_page2.jpg\"><img decoding=\"async\" src=\"https:\/\/t88.pixhost.to\/thumbs\/91\/365548165_page2.jpg\" alt=\"\u0446\u043f \u043f\u043e\u0440\u043d\u043e \u0431\u0435\u0441\u043f\u043b\u0430\u0442\u043d\u043e\" class=\"\"\/><\/a> <\/p>\n<h1>Forum Webcam-Teen-Porno PEDOMOM PEDOFAMILY MAGNET LINKS CP. forum webcam adolescent MAGNET LINKS CP HEBE OMEGLE VIDS. foto videos de webcam para adolescentes HEBE OMEGLE VIDS. forum webcam teen porn LITTLE GIRL PEDOMOM PEDOFAMILY YOUNG GIRLS. foto webcam adolescente porno TEENS CHILD POR NO MIS PRIVATS. \u041f\u043e\u0440\u043d\u043e \u0434\u0435\u0442\u0435\u0439 \u0433\u0435\u0435\u0432 \u0431\u0435\u0441\u043f\u043b\u0430\u0442\u043d\u043e, \u0446\u043f \u0432 tor \u0434\u0435\u0442\u0441\u043a\u0438\u0439 \u0442\u0440\u0430\u0445. forum webcam teen porn TORRENT RUSSIAN WEBCAM BABES. de verano ciruelas 16 colegialas de verano ciruelas 18 ciruelas. . 9yo daughter dad \u0442\u0440\u0430\u0445\u0430\u044e\u0442 \u0434\u0435\u0442\u0435\u0439 \u0432\u0438\u0434\u0435\u043ek, \u043f\u043e\u0440\u043d\u043e \u0432\u0438\u0434\u0435\u043e \u0434\u0435\u0442\u0435\u0439 \u0434\u043e 15kk SebaIfa72.<\/h1>\n<p>Porno Teenager-Porno FAMILIENGEHEIMNIS-M\u00c4DCHEN-FOTO-SET. fotos de celebridades publicadas por piratas inform\u00e1ticos fotos originales. Forum Webcam-Teen-Porno ASIAN LOLITAS ASIATISCHE JUNGE M\u00c4DCHEN CUTIE-. forum webcam teen videos FUCKING VIRGIN PUSSY VIDEOS. forum webcam teen videos MODEL BOY AND GIRL BEASTIALITY DOG SEX. Forum Webcam-Teen-Porno JUNGES TEEN SEX-VIDEOS ZOO-. foro de fotos de celebridades foro de fotos de celebridades foto. foto webcam adolescente porno MOMS BANG TEENS PORN. foto webcam videos para adolescentes PORNOS TEEN TITANS SEX. torrent children nudists photos, cp \u0441\u043a\u0430\u0447\u0430\u0442\u044ck \u0438\u0437\u043d\u0430\u0441\u0438\u043b\u043e\u0432\u0430\u043d\u0438\u0435 \u0434\u0435\u0442\u0435\u0439 \u043f\u043e\u0440\u043d\u043e \u0440\u0430\u0441\u0441\u043a\u0430\u0437\u044b, \u0440\u0443\u0441\u0441\u043a\u043e\u0435 \u043f\u043e\u0440\u043d\u043e 1kk COLLECTION ARCHIVE TOR LINKS<\/><\/p>\n<p>Forum Webcam Teen Videos XXX CP VIDEOS KINDERPORNO. forum webcam teen porn Teens XXX CP VIDEOS CHILD PORN. foto videos de webcam para adolescentes MAGIC KINGDOM. veb kameras\u0131 yeniyetm\u0259 videolar\u0131 Vichatter forum web kameras\u0131 yeniyetm\u0259 videolar\u0131 WEB KAMS SEKS\u0130 \u015e\u018fXS V\u0130DEO. foto\u011fraflar\u0131 unisex k\u0131zlar foto\u011fraf\u0131 ev yap\u0131m\u0131 g\u00f6r\u00fcn\u00fcm k\u0131zlar. foto webcam videos adolescentes FUCKING MY TEEN HAIRY. \u0444\u043e\u0440\u0443\u043c v\u00eddeos de webcam teen LITTLE GIRL PEDOMOM PEDOFAMILY YOUNG GIRLS. \u0444\u043e\u0440\u0443\u043c \u0935\u0947\u092c\u0915\u0948\u092e \u0915\u093f\u0936\u094b\u0930 \u0935\u0940\u0921\u093f\u092f\u094b \u0938\u0947\u0915\u094d\u0938 \u0921\u0940\u0935\u0940\u0921\u0940 \u0444\u043e\u0440\u0443\u043c \u0935\u0947\u092c\u0915\u0948\u092e \u0915\u093f\u0936\u094b\u0930 \u0935\u0940\u0921\u093f\u092f\u094b. cpok netkk loli hot<\/><\/p>\n<h2>2.4TB PRIVATE VIDEO LINK FOR TORRENT CLIENT<\/h2>\n<p> magnet:?xt=urn:btih:38D66BF77DBF45A173FF6009C3ED0895C403AFDA <\/p>\n<h3>WEBSITE: OPEN IN AN ANONYMOUS BROWSER (the link does not work in other browsers!) <a href=\"https:\/\/www.torproject.org\/download\/\">TOR BROWSER<\/a><\/h3>\n<p> <a href=\"http:\/\/dvhdl7akyhos236m76re43nbggcvu5bkxcmfomxsa32ugz6gg2vzdfid.onion\">Www. dvhdl7akyhos236m76re43nbggcvu5bkxcmfomxsa32ugz6gg2vzdfid. onion<\/a><\/p>\n","protected":false},"excerpt":{"rendered":"<p>\u0446\u043f \u0441 \u043c\u0430\u0440\u0438\u044f \u0431\u043e\u0431\u043a\u043e VuxiAdu46 Forum Webcam-Teen-Porno PEDOMOM PEDOFAMILY MAGNET LINKS CP. forum webcam adolescent MAGNET LINKS CP HEBE OMEGLE VIDS. foto videos de webcam para adolescentes HEBE OMEGLE VIDS. forum webcam teen porn LITTLE GIRL PEDOMOM PEDOFAMILY YOUNG GIRLS. foto webcam adolescente porno TEENS CHILD POR NO MIS PRIVATS. \u041f\u043e\u0440\u043d\u043e \u0434\u0435\u0442\u0435\u0439 \u0433\u0435\u0435\u0432 \u0431\u0435\u0441\u043f\u043b\u0430\u0442\u043d\u043e, \u0446\u043f [&hellip;]<\/p>\n","protected":false},"author":2,"featured_media":0,"parent":0,"menu_order":0,"comment_status":"closed","ping_status":"closed","template":"","meta":{"footnotes":""},"class_list":["post-931","page","type-page","status-publish","hentry"],"_links":{"self":[{"href":"https:\/\/www.optimiseconsulting.eu\/index.php\/wp-json\/wp\/v2\/pages\/931","targetHints":{"allow":["GET"]}}],"collection":[{"href":"https:\/\/www.optimiseconsulting.eu\/index.php\/wp-json\/wp\/v2\/pages"}],"about":[{"href":"https:\/\/www.optimiseconsulting.eu\/index.php\/wp-json\/wp\/v2\/types\/page"}],"author":[{"embeddable":true,"href":"https:\/\/www.optimiseconsulting.eu\/index.php\/wp-json\/wp\/v2\/users\/2"}],"replies":[{"embeddable":true,"href":"https:\/\/www.optimiseconsulting.eu\/index.php\/wp-json\/wp\/v2\/comments?post=931"}],"version-history":[{"count":0,"href":"https:\/\/www.optimiseconsulting.eu\/index.php\/wp-json\/wp\/v2\/pages\/931\/revisions"}],"wp:attachment":[{"href":"https:\/\/www.optimiseconsulting.eu\/index.php\/wp-json\/wp\/v2\/media?parent=931"}],"curies":[{"name":"wp","href":"https:\/\/api.w.org\/{rel}","templated":true}]}}