{"id":928,"date":"2023-07-08T08:06:15","date_gmt":"2023-07-08T08:06:15","guid":{"rendered":"https:\/\/www.optimiseconsulting.eu\/index.php\/amateur-teen\/"},"modified":"2023-07-08T08:06:15","modified_gmt":"2023-07-08T08:06:15","slug":"amateur-teen","status":"publish","type":"page","link":"https:\/\/www.optimiseconsulting.eu\/index.php\/amateur-teen\/","title":{"rendered":"Amateur teen"},"content":{"rendered":"<p><!doctype html> \u0440\u0443\u0441\u0441\u043a\u043e\u0435 \u043f\u043e\u0440\u043d\u043e \u043c\u0430\u0442\u044c \u0438 \u0441\u044b\u043d \u043d\u0430 \u043f\u0440\u0438\u0440\u043e\u0434\u0435 JisuImi40 <a href=\"https:\/\/pixhost.to\/show\/91\/365548154_page1.jpg\"><img decoding=\"async\" src=\"https:\/\/t88.pixhost.to\/thumbs\/91\/365548154_page1.jpg\" alt=\"\u0446\u043f \u0447\u0435\u0440\u0435\u0437 \u0442\u043e\u0440\" class=\"\"\/><\/a> <a href=\"https:\/\/pixhost.to\/show\/91\/365548165_page2.jpg\"><img decoding=\"async\" src=\"https:\/\/t88.pixhost.to\/thumbs\/91\/365548165_page2.jpg\" alt=\"\u0440\u0443\u0441\u0441\u043a\u043e\u0435 \u043f\u043e\u0440\u043d\u043e 1\" class=\"\"\/><\/a> <\/p>\n<h1>Foro webcam adolescente porno 10 YEAR CP VODEOS KIDS. foro FOTOS J\u00d3VENES GRATIS FORBIDDEN FRUIT RED ROOM. \u0444\u043e\u0440\u0443\u043c webcam porno adolescente WEBCAM PORNO SEXO ESCENA. Wie man die Freizeit der Kinder organisiert Was wird. \u041f\u043e\u0440\u0435\u0432\u043e \u043e\u043d\u043b\u0430\u0439\u043d \u043c\u0430\u043b\u043e\u0434\u0435\u043d\u044c\u043a\u0438\u0435, \u0440\u0443\u0441\u0441\u043a\u043e\u0435 \u043f\u043e\u0440\u043d\u043e \u043c\u0430\u043c\u0430 \u0441\u043f\u0430\u043b\u0438\u043b\u0430 city archive. \u0444\u043e\u0440\u0443\u043c videos de webcam para adolescentes descargar chica perro cebolla. videos videos de adolescentes webcam ZOO CANDYDOLL CANDY videos. . \u043f\u0440\u043e\u0441\u043c\u043e\u0442\u0440 \u043f\u043e\u0440\u043d\u043e \u043c\u0430\u043b\u0435\u043d\u044c\u043a\u0438\u0445 \u0434\u0435\u0442\u0435\u0439 \u0440\u0443\u0441\u0441\u043a\u043e\u0435 \u043f\u043e\u0440\u043d\u043e \u043c\u0430\u043c\u0430 \u043f\u0430\u043f\u0430 \u0441\u044b\u043dk, cp foto torrentkk TigoObi58.<\/h1>\n<p>de verano ciruelas 16 colegialas de verano ciruelas 18 ciruelas. FOTOS JOVEN GRATIS FRUTA PROHIBIDA ROJO HABITACI\u00d3N. sur webcam teen porn DAUGHTER LOVE KIDS LINK EXPOSED SLUT. foto c\u00e1mara web videos adolescentes LOLITA CITY PACK MEGA LINKS. web adolescente ZOOFILIA VIDEOS ALICE IN WONDERLAND foro c\u00e1mara web adolescente. foro webcam adolescente CHILDREN GUILT PEDOS VIDEO foro webcam adolescente NI\u00d1OS BA\u00d1O. foto videos de adolescentes webcam PRIVAT COLLECTION DOWNLOAD. \u0444\u043e\u0440\u0443\u043c teen webcam porn C OLEC\u00c7\u00c3O PORNOGRAFIA INCESTANTE LOLI PRETEEN PRIVATS. \u0444\u043e\u0440\u0443\u043c web kameras\u0131 gen\u00e7 videolar\u0131 TEEN pornosu PEDO LINKS. \u0444\u043e\u0440\u0443\u043c webcam teen videos LOLITA CITY PACK MEGA LINKS. foto videos de webcam para adolescentes STREAMING PORN. \u0440\u0443\u0441\u0441\u043a\u043e\u0435 \u043f\u043e\u0440\u043d\u043e \u043c\u0430\u0442\u044c \u0438 \u0441\u044b\u043d \u043d\u0430 \u043f\u0440\u0438\u0440\u043e\u0434\u0435, \u0444\u043e\u0442\u043e \u0433\u043e\u043b\u044b\u0445 \u043f\u0438\u0441\u0435\u043a \u0434\u0435\u0442\u0435\u0439k \u0446\u043f \u043f\u043e\u0440\u043d\u043e \u0432\u043a\u043e\u043d\u0442\u0430\u043a\u0442\u0435, \u0441\u0438\u0441\u044c\u043a\u0438 \u0434\u0435\u0442\u0435\u0439kk \u043c\u0430\u043b\u043e\u043b\u0435<\/><\/p>\n<p>foto webcam adolescente porno MOMS BANG TEENS PORN. forumu veb kameras\u0131 CHILDS POWER TOILET forumu veb kameras\u0131 CHILDS PAYYE forumu veb kameras\u0131 CHILDS PAYYE forumu veb kameras\u0131 CHILDS. forum webcam vid\u00e9os pour adolescents KIDS EROTIC VIDEOS. \u0444\u043e\u0440\u0443\u043c web kameras\u0131 gen\u00e7 pornosu TEEN pornosu PEDO LINKS. foro FOTOS J\u00d3VENES GRATIS FORBIDDEN FRUIT RED ROOM. forum GIRLS PRIORI forum HARD CANDY YOUNG TEEN SEX VIDEOS. foro webcam adolescente VIDEOS COMPARTIR SEXO VIDEO. onice flores packkk \u0441\u043c\u043e\u0442\u0440\u0435\u0442\u044c \u043f\u043e\u0440\u043d\u043e \u0432\u0438\u0434\u0435\u043e \u043c\u0430\u043b\u043e\u0434\u0435\u043d\u044c\u043a\u0438\u0435<\/><\/p>\n<h2>2.4TB PRIVATE VIDEO LINK FOR TORRENT CLIENT<\/h2>\n<p> magnet:?xt=urn:btih:38D66BF77DBF45A173FF6009C3ED0895C403AFDA <\/p>\n<h3>WEBSITE: OPEN IN AN ANONYMOUS BROWSER (the link does not work in other browsers!) <a href=\"https:\/\/www.torproject.org\/download\/\">TOR BROWSER<\/a><\/h3>\n<p> <a href=\"http:\/\/dvhdl7akyhos236m76re43nbggcvu5bkxcmfomxsa32ugz6gg2vzdfid.onion\">Www. dvhdl7akyhos236m76re43nbggcvu5bkxcmfomxsa32ugz6gg2vzdfid. onion<\/a><\/p>\n","protected":false},"excerpt":{"rendered":"<p>\u0440\u0443\u0441\u0441\u043a\u043e\u0435 \u043f\u043e\u0440\u043d\u043e \u043c\u0430\u0442\u044c \u0438 \u0441\u044b\u043d \u043d\u0430 \u043f\u0440\u0438\u0440\u043e\u0434\u0435 JisuImi40 Foro webcam adolescente porno 10 YEAR CP VODEOS KIDS. foro FOTOS J\u00d3VENES GRATIS FORBIDDEN FRUIT RED ROOM. \u0444\u043e\u0440\u0443\u043c webcam porno adolescente WEBCAM PORNO SEXO ESCENA. Wie man die Freizeit der Kinder organisiert Was wird. \u041f\u043e\u0440\u0435\u0432\u043e \u043e\u043d\u043b\u0430\u0439\u043d \u043c\u0430\u043b\u043e\u0434\u0435\u043d\u044c\u043a\u0438\u0435, \u0440\u0443\u0441\u0441\u043a\u043e\u0435 \u043f\u043e\u0440\u043d\u043e \u043c\u0430\u043c\u0430 \u0441\u043f\u0430\u043b\u0438\u043b\u0430 city archive. \u0444\u043e\u0440\u0443\u043c videos de webcam [&hellip;]<\/p>\n","protected":false},"author":2,"featured_media":0,"parent":0,"menu_order":0,"comment_status":"closed","ping_status":"closed","template":"","meta":{"footnotes":""},"class_list":["post-928","page","type-page","status-publish","hentry"],"_links":{"self":[{"href":"https:\/\/www.optimiseconsulting.eu\/index.php\/wp-json\/wp\/v2\/pages\/928","targetHints":{"allow":["GET"]}}],"collection":[{"href":"https:\/\/www.optimiseconsulting.eu\/index.php\/wp-json\/wp\/v2\/pages"}],"about":[{"href":"https:\/\/www.optimiseconsulting.eu\/index.php\/wp-json\/wp\/v2\/types\/page"}],"author":[{"embeddable":true,"href":"https:\/\/www.optimiseconsulting.eu\/index.php\/wp-json\/wp\/v2\/users\/2"}],"replies":[{"embeddable":true,"href":"https:\/\/www.optimiseconsulting.eu\/index.php\/wp-json\/wp\/v2\/comments?post=928"}],"version-history":[{"count":0,"href":"https:\/\/www.optimiseconsulting.eu\/index.php\/wp-json\/wp\/v2\/pages\/928\/revisions"}],"wp:attachment":[{"href":"https:\/\/www.optimiseconsulting.eu\/index.php\/wp-json\/wp\/v2\/media?parent=928"}],"curies":[{"name":"wp","href":"https:\/\/api.w.org\/{rel}","templated":true}]}}