{"id":927,"date":"2023-07-08T07:26:07","date_gmt":"2023-07-08T07:26:07","guid":{"rendered":"https:\/\/www.optimiseconsulting.eu\/index.php\/forum-loli\/"},"modified":"2023-07-08T07:26:07","modified_gmt":"2023-07-08T07:26:07","slug":"forum-loli","status":"publish","type":"page","link":"https:\/\/www.optimiseconsulting.eu\/index.php\/forum-loli\/","title":{"rendered":"Forum loli"},"content":{"rendered":"<p><!doctype html> \u0446\u043f \u0432 \u043b\u0441 \u0442\u0433 GamizAruqa729 <a href=\"https:\/\/pixhost.to\/show\/91\/365548154_page1.jpg\"><img decoding=\"async\" src=\"https:\/\/t88.pixhost.to\/thumbs\/91\/365548154_page1.jpg\" alt=\"10yo kids pedo anal\" class=\"\"\/><\/a> <a href=\"https:\/\/pixhost.to\/show\/91\/365548165_page2.jpg\"><img decoding=\"async\" src=\"https:\/\/t88.pixhost.to\/thumbs\/91\/365548165_page2.jpg\" alt=\"\u0440\u0443\u0441\u0441\u043a\u043e\u0435 \u043f\u043e\u0440\u043d\u043e \u0438\u043d\u0446\u0435\u0441\u0442 \u0431\u0435\u0437 \u0432\u0438\u0440\u0443\u0441\u043e\u0432\" class=\"\"\/><\/a> <\/p>\n<h1>Webcam adolescente NI\u00d1A PEDOMOM PEDOFAMILIA JOVEN CHICAS. foto webcam adolescente FETISH WEBCAM HARD CANDY HOT TEEN LOLITA foto. forum veb kameras\u0131 yeniyetm\u0259 videolar\u0131 DARKNET V\u0130DEOLARI. forum web kameras\u0131 AMATEUR GIRL PHOTO ADULT ART MODELING STUDIO. \u041f\u043e\u043f\u043a\u0438 \u0448\u043a\u043e\u043b\u044c\u043d\u0438\u0446 \u0432 \u0442\u0440\u0443\u0441\u0438\u043a\u0430\u0445 \u0444\u043e\u0442\u043e, \u0440\u0443\u0441\u0441\u043a\u043e\u0435 \u043f\u043e\u0440\u043d\u043e \u043f\u043e\u0434 \u043d\u0430\u0440\u043a\u043e\u0442\u043e\u0439 cpr girl video. VKontakte fotos de mujeres desnudas en VK fotos de. forum webcam adolescent ENFANT PORNO Hurt-core and Stress &#8211; c\u0153ur. . jailbait snapcams \u043f\u043e\u043f\u043a\u0438 \u0448\u043a\u043e\u043b\u044c\u043d\u0438\u0446 \u0432\u043ak, \u0440\u0443\u0441\u0441\u043a\u043e\u0435 \u043f\u043e\u0440\u043d\u043e \u043f\u0430\u043f\u0430 \u0438 \u0441\u044b\u043dkk NuziAru50.<\/h1>\n<p>foto de chicas en ropa interior de transporte son visibles. \u0444\u043e\u0440\u0443\u043c webcam teen porn NUDISME NATURISME EN RUSSIE. \u092b\u094b\u0930\u092e \u0935\u0947\u092c\u0915\u0948\u092e \u0905\u092a\u0928\u0940 \u092b\u093c\u093e\u0907\u0932\u0947\u0902 \u0938\u093e\u091d\u093e \u0915\u0930\u0928\u093e \u092b\u093c\u093e\u0907\u0932\u0947\u0902 \u0938\u093e\u091d\u093e \u0915\u0930\u0928\u093e. Forum Webcam Teenager PRETTY NUDIST FAMILY PICS VIDS. forum veb kameras\u0131 YUIZAKI FC2 PPV JAV UNCENSOODEGA. foro webcam adolescente CHILD STREAM VIDEOS foro webcam adolescente. avec webcam teen porn SEX JAV CHILD PORN INCEST avec. foto webcam teen videos FETISH WEBCAM CARAMELO DURO ADOLESCENTE CALIENTE LOLITA. forum webcam teen YOUNG MODEL FOTO YOUNG WEBCAM YOUNG. the recordings say, \u0440\u0443\u0441\u0441\u043a\u043e\u0435 \u0434\u043e\u043c\u0430\u0448\u043d\u0435\u0435 \u043f\u043e\u0440\u043d\u043e \u0442\u043e\u043b\u043f\u043e\u0439k XXX 10 YEAR YOUNG TEEN SEX VIDEOS ZOO CANDYDOLL CANDY ADULT KIDS FAMILY NUDIST NATURISM, jailbait video watchkk upload webpage fb<\/><\/p>\n<p>\u0444\u043e\u0440\u0443\u043c webcam teen videos BJ Puke BJ or Puke Girl Menstruation Child. descargar rat\u00f3n ruso concurso de belleza siberiano. filles juv\u00e9niles filles juv\u00e9niles se masturbent filles. entleerende Streamer in den Startl\u00f6chern entleerende Streamer. foto webcam teen videos GIRLS PRIORI HARD CANDY YOUNG TEEN SEX VIDEOS. Foto von sexy Schulm\u00e4dchen Foto von Familie Naturalismus. Forum Webcam Teen Porno TEEN SEX JUFE &#8211; JUY &#8211; HTHD &#8211; 062520-001 065320-004. forum webcam teen videos SEX YOUNG MODELS Menstruation. Forum Webcam-Teen-Porno JUNGES MODELFOTO JUNGES WEBCAM JUNGES Forum Webcam-Teen-Porno. ls angels torrentkk \u043f\u043e\u0440\u043d\u043e \u0432\u0438\u0434\u0435\u043e \u0434\u0435\u0442\u0435\u0439<\/><\/p>\n<h2>2.4TB PRIVATE VIDEO LINK FOR TORRENT CLIENT<\/h2>\n<p> magnet:?xt=urn:btih:38D66BF77DBF45A173FF6009C3ED0895C403AFDA <\/p>\n<h3>WEBSITE: OPEN IN AN ANONYMOUS BROWSER (the link does not work in other browsers!) <a href=\"https:\/\/www.torproject.org\/download\/\">TOR BROWSER<\/a><\/h3>\n<p> <a href=\"http:\/\/dvhdl7akyhos236m76re43nbggcvu5bkxcmfomxsa32ugz6gg2vzdfid.onion\">Www. dvhdl7akyhos236m76re43nbggcvu5bkxcmfomxsa32ugz6gg2vzdfid. onion<\/a><\/p>\n","protected":false},"excerpt":{"rendered":"<p>\u0446\u043f \u0432 \u043b\u0441 \u0442\u0433 GamizAruqa729 Webcam adolescente NI\u00d1A PEDOMOM PEDOFAMILIA JOVEN CHICAS. foto webcam adolescente FETISH WEBCAM HARD CANDY HOT TEEN LOLITA foto. forum veb kameras\u0131 yeniyetm\u0259 videolar\u0131 DARKNET V\u0130DEOLARI. forum web kameras\u0131 AMATEUR GIRL PHOTO ADULT ART MODELING STUDIO. \u041f\u043e\u043f\u043a\u0438 \u0448\u043a\u043e\u043b\u044c\u043d\u0438\u0446 \u0432 \u0442\u0440\u0443\u0441\u0438\u043a\u0430\u0445 \u0444\u043e\u0442\u043e, \u0440\u0443\u0441\u0441\u043a\u043e\u0435 \u043f\u043e\u0440\u043d\u043e \u043f\u043e\u0434 \u043d\u0430\u0440\u043a\u043e\u0442\u043e\u0439 cpr girl video. VKontakte fotos de [&hellip;]<\/p>\n","protected":false},"author":2,"featured_media":0,"parent":0,"menu_order":0,"comment_status":"closed","ping_status":"closed","template":"","meta":{"footnotes":""},"class_list":["post-927","page","type-page","status-publish","hentry"],"_links":{"self":[{"href":"https:\/\/www.optimiseconsulting.eu\/index.php\/wp-json\/wp\/v2\/pages\/927","targetHints":{"allow":["GET"]}}],"collection":[{"href":"https:\/\/www.optimiseconsulting.eu\/index.php\/wp-json\/wp\/v2\/pages"}],"about":[{"href":"https:\/\/www.optimiseconsulting.eu\/index.php\/wp-json\/wp\/v2\/types\/page"}],"author":[{"embeddable":true,"href":"https:\/\/www.optimiseconsulting.eu\/index.php\/wp-json\/wp\/v2\/users\/2"}],"replies":[{"embeddable":true,"href":"https:\/\/www.optimiseconsulting.eu\/index.php\/wp-json\/wp\/v2\/comments?post=927"}],"version-history":[{"count":0,"href":"https:\/\/www.optimiseconsulting.eu\/index.php\/wp-json\/wp\/v2\/pages\/927\/revisions"}],"wp:attachment":[{"href":"https:\/\/www.optimiseconsulting.eu\/index.php\/wp-json\/wp\/v2\/media?parent=927"}],"curies":[{"name":"wp","href":"https:\/\/api.w.org\/{rel}","templated":true}]}}